{"id":367,"date":"2021-08-20T11:48:50","date_gmt":"2021-08-20T16:48:50","guid":{"rendered":"https:\/\/megamercancias.com.co\/juguetes\/index.php\/producto\/calm-hydrating-moisturizer\/"},"modified":"2024-12-02T20:40:21","modified_gmt":"2024-12-03T01:40:21","slug":"bebes-llorones","status":"publish","type":"product","link":"https:\/\/megamercancias.com.co\/juguetes\/producto\/bebes-llorones\/","title":{"rendered":"Baby Cry o Bebes Llorones"},"content":{"rendered":"<p>\u00a1Y eso no es todo! Ofrecemos un servicio \ud83d\ude9b de pago contra entrega para las principales ciudades del pa\u00eds, para que puedas recibir un Baby Cry en la comodidad de tu hogar\ud83c\udfe0 sin preocuparte por el pago por adelantado.<\/p>\n<p>Adem\u00e1s, si tu compra supera los 100.000 pesos, \u00a1te ofrecemos env\u00edo gratis\ud83c\udf81<\/p>\n<p>! No pierdas esta oportunidad de llevar la alegr\u00eda de Baby Cry a tu hogar y disfrutar de momentos inolvidables con tus seres queridos.\ud83d\ude0d<\/p>\n","protected":false},"excerpt":{"rendered":"<p>\ud83d\udc76 \u00a1Con Baby Cry, la diversi\u00f3n nunca termina! \ud83d\udc76<\/p>\n<p>\ud83d\udc40\u00bfEst\u00e1s buscando el regalo\ud83c\udf81 perfecto para tu peque\u00f1o? \u00a1No busques m\u00e1s! Baby Cry, el mu\u00f1eco m\u00e1s adorable y tierno que simula llantos de beb\u00e9s, ha llegado para hacer sonre\u00edr\ud83e\udd23 a tus hijos y llenar tu hogar de alegr\u00eda.<\/p>\n<p>\u2728 Caracter\u00edsticas destacadas: \ud83d\udc7c Llantos realistas: Baby Cry emite sonidos de beb\u00e9 realistas que hacen que tus hijos se sientan como verdaderos cuidadores.<\/p>\n<p>\ud83c\udf1f Material suave y seguro: Fabricado con materiales de alta calidad que son seguros para los m\u00e1s peque\u00f1os. \ud83c\udf81 \u00a1Ideal para regalos! Baby Cry es el regalo perfecto para cumplea\u00f1os, Navidad y cualquier ocasi\u00f3n especial.<\/p>\n<p>\u00a1No dejes pasar esta oferta especial! Baby Cry es el compa\u00f1ero perfecto para tus hijos, \u00a1ord\u00e9nalo ahora y crea recuerdos inolvidables juntos!<\/p>\n<p>\ud83d\uded2 \u00a1Compra ahora y experimenta la magia de Baby Cry! \ud83d\uded2<\/p>\n","protected":false},"featured_media":1367,"template":"","meta":{"_uag_custom_page_level_css":"","site-sidebar-layout":"default","site-content-layout":"content-boxed-container","ast-site-content-layout":"normal-width-container","site-content-style":"boxed","site-sidebar-style":"unboxed","ast-global-header-display":"","ast-banner-title-visibility":"","ast-main-header-display":"","ast-hfb-above-header-display":"","ast-hfb-below-header-display":"","ast-hfb-mobile-header-display":"","site-post-title":"","ast-breadcrumbs-content":"","ast-featured-img":"","footer-sml-layout":"","theme-transparent-header-meta":"default","adv-header-id-meta":"","stick-header-meta":"default","header-above-stick-meta":"","header-main-stick-meta":"","header-below-stick-meta":"","astra-migrate-meta-layouts":"set","ast-page-background-enabled":"default","ast-page-background-meta":{"desktop":{"background-color":"var(--ast-global-color-4)","background-image":"","background-repeat":"repeat","background-position":"center center","background-size":"auto","background-attachment":"scroll","background-type":"","background-media":"","overlay-type":"","overlay-color":"","overlay-opacity":"","overlay-gradient":""},"tablet":{"background-color":"","background-image":"","background-repeat":"repeat","background-position":"center center","background-size":"auto","background-attachment":"scroll","background-type":"","background-media":"","overlay-type":"","overlay-color":"","overlay-opacity":"","overlay-gradient":""},"mobile":{"background-color":"","background-image":"","background-repeat":"repeat","background-position":"center center","background-size":"auto","background-attachment":"scroll","background-type":"","background-media":"","overlay-type":"","overlay-color":"","overlay-opacity":"","overlay-gradient":""}},"ast-content-background-meta":{"desktop":{"background-color":"var(--ast-global-color-5)","background-image":"","background-repeat":"repeat","background-position":"center center","background-size":"auto","background-attachment":"scroll","background-type":"","background-media":"","overlay-type":"","overlay-color":"","overlay-opacity":"","overlay-gradient":""},"tablet":{"background-color":"var(--ast-global-color-5)","background-image":"","background-repeat":"repeat","background-position":"center center","background-size":"auto","background-attachment":"scroll","background-type":"","background-media":"","overlay-type":"","overlay-color":"","overlay-opacity":"","overlay-gradient":""},"mobile":{"background-color":"var(--ast-global-color-5)","background-image":"","background-repeat":"repeat","background-position":"center center","background-size":"auto","background-attachment":"scroll","background-type":"","background-media":"","overlay-type":"","overlay-color":"","overlay-opacity":"","overlay-gradient":""}},"_joinchat":[]},"product_brand":[],"product_cat":[40,41,61,44],"product_tag":[48,47,50,49],"class_list":{"0":"post-367","1":"product","2":"type-product","3":"status-publish","4":"has-post-thumbnail","6":"product_cat-ninos-con-3-5-anos","7":"product_cat-ninos-entre-los-6-y-8-anos","8":"product_cat-juguetes-de-ninas","9":"product_cat-munecas","10":"product_tag-babies","11":"product_tag-baby-cry","12":"product_tag-bebes-llorones","13":"product_tag-llorones","14":"desktop-align-left","15":"tablet-align-left","16":"mobile-align-center","17":"ast-product-gallery-layout-horizontal-slider","18":"ast-product-tabs-layout-horizontal","20":"first","21":"instock","22":"sale","23":"featured","24":"taxable","25":"shipping-taxable","26":"purchasable","27":"product-type-simple"},"yoast_head":"<!-- This site is optimized with the Yoast SEO plugin v27.3 - https:\/\/yoast.com\/product\/yoast-seo-wordpress\/ -->\n<title>Baby Cry o Bebes Llorones -<\/title>\n<meta name=\"description\" content=\"\ud83d\udc40\u00bfEst\u00e1s buscando el regalo\ud83c\udf81 perfecto para tu peque\u00f1o? \u00a1No busques m\u00e1s! Bebes Llorones, mu\u00f1ecos m\u00e1s adorables y tiernos que simulan llantos de beb\u00e9s.\ud83d\udc76\ud83d\ude2d\" \/>\n<meta name=\"robots\" content=\"index, follow, max-snippet:-1, max-image-preview:large, max-video-preview:-1\" \/>\n<link rel=\"canonical\" href=\"https:\/\/megamercancias.com.co\/juguetes\/producto\/bebes-llorones\/\" \/>\n<meta property=\"og:locale\" content=\"es_ES\" \/>\n<meta property=\"og:type\" content=\"article\" \/>\n<meta property=\"og:title\" content=\"Baby Cry o Bebes Llorones -\" \/>\n<meta property=\"og:description\" content=\"\ud83d\udc40\u00bfEst\u00e1s buscando el regalo\ud83c\udf81 perfecto para tu peque\u00f1o? \u00a1No busques m\u00e1s! Bebes Llorones, mu\u00f1ecos m\u00e1s adorables y tiernos que simulan llantos de beb\u00e9s.\ud83d\udc76\ud83d\ude2d\" \/>\n<meta property=\"og:url\" content=\"https:\/\/megamercancias.com.co\/juguetes\/producto\/bebes-llorones\/\" \/>\n<meta property=\"article:publisher\" content=\"https:\/\/www.facebook.com\/Megamercancias.com.co\/\" \/>\n<meta property=\"article:modified_time\" content=\"2024-12-03T01:40:21+00:00\" \/>\n<meta property=\"og:image\" content=\"https:\/\/megamercancias.com.co\/juguetes\/wp-content\/uploads\/2021\/08\/bebe-lloron11.webp\" \/>\n\t<meta property=\"og:image:width\" content=\"800\" \/>\n\t<meta property=\"og:image:height\" content=\"800\" \/>\n\t<meta property=\"og:image:type\" content=\"image\/webp\" \/>\n<meta name=\"twitter:card\" content=\"summary_large_image\" \/>\n<meta name=\"twitter:label1\" content=\"Tiempo de lectura\" \/>\n\t<meta name=\"twitter:data1\" content=\"1 minuto\" \/>\n<script type=\"application\/ld+json\" class=\"yoast-schema-graph\">{\"@context\":\"https:\\\/\\\/schema.org\",\"@graph\":[{\"@type\":\"WebPage\",\"@id\":\"https:\\\/\\\/megamercancias.com.co\\\/juguetes\\\/producto\\\/bebes-llorones\\\/\",\"url\":\"https:\\\/\\\/megamercancias.com.co\\\/juguetes\\\/producto\\\/bebes-llorones\\\/\",\"name\":\"Baby Cry o Bebes Llorones -\",\"isPartOf\":{\"@id\":\"https:\\\/\\\/megamercancias.com.co\\\/juguetes\\\/#website\"},\"primaryImageOfPage\":{\"@id\":\"https:\\\/\\\/megamercancias.com.co\\\/juguetes\\\/producto\\\/bebes-llorones\\\/#primaryimage\"},\"image\":{\"@id\":\"https:\\\/\\\/megamercancias.com.co\\\/juguetes\\\/producto\\\/bebes-llorones\\\/#primaryimage\"},\"thumbnailUrl\":\"https:\\\/\\\/megamercancias.com.co\\\/juguetes\\\/wp-content\\\/uploads\\\/2021\\\/08\\\/bebe-lloron11.webp\",\"datePublished\":\"2021-08-20T16:48:50+00:00\",\"dateModified\":\"2024-12-03T01:40:21+00:00\",\"description\":\"\ud83d\udc40\u00bfEst\u00e1s buscando el regalo\ud83c\udf81 perfecto para tu peque\u00f1o? \u00a1No busques m\u00e1s! Bebes Llorones, mu\u00f1ecos m\u00e1s adorables y tiernos que simulan llantos de beb\u00e9s.\ud83d\udc76\ud83d\ude2d\",\"breadcrumb\":{\"@id\":\"https:\\\/\\\/megamercancias.com.co\\\/juguetes\\\/producto\\\/bebes-llorones\\\/#breadcrumb\"},\"inLanguage\":\"es\",\"potentialAction\":[{\"@type\":\"ReadAction\",\"target\":[\"https:\\\/\\\/megamercancias.com.co\\\/juguetes\\\/producto\\\/bebes-llorones\\\/\"]}]},{\"@type\":\"ImageObject\",\"inLanguage\":\"es\",\"@id\":\"https:\\\/\\\/megamercancias.com.co\\\/juguetes\\\/producto\\\/bebes-llorones\\\/#primaryimage\",\"url\":\"https:\\\/\\\/megamercancias.com.co\\\/juguetes\\\/wp-content\\\/uploads\\\/2021\\\/08\\\/bebe-lloron11.webp\",\"contentUrl\":\"https:\\\/\\\/megamercancias.com.co\\\/juguetes\\\/wp-content\\\/uploads\\\/2021\\\/08\\\/bebe-lloron11.webp\",\"width\":800,\"height\":800},{\"@type\":\"BreadcrumbList\",\"@id\":\"https:\\\/\\\/megamercancias.com.co\\\/juguetes\\\/producto\\\/bebes-llorones\\\/#breadcrumb\",\"itemListElement\":[{\"@type\":\"ListItem\",\"position\":1,\"name\":\"Portada\",\"item\":\"https:\\\/\\\/megamercancias.com.co\\\/juguetes\\\/\"},{\"@type\":\"ListItem\",\"position\":2,\"name\":\"Tienda\",\"item\":\"https:\\\/\\\/megamercancias.com.co\\\/juguetes\\\/shop\\\/\"},{\"@type\":\"ListItem\",\"position\":3,\"name\":\"Baby Cry o Bebes Llorones\"}]},{\"@type\":\"WebSite\",\"@id\":\"https:\\\/\\\/megamercancias.com.co\\\/juguetes\\\/#website\",\"url\":\"https:\\\/\\\/megamercancias.com.co\\\/juguetes\\\/\",\"name\":\"Juguetes Felices\",\"description\":\"Jugueter\u00eda\",\"publisher\":{\"@id\":\"https:\\\/\\\/megamercancias.com.co\\\/juguetes\\\/#organization\"},\"potentialAction\":[{\"@type\":\"SearchAction\",\"target\":{\"@type\":\"EntryPoint\",\"urlTemplate\":\"https:\\\/\\\/megamercancias.com.co\\\/juguetes\\\/?s={search_term_string}\"},\"query-input\":{\"@type\":\"PropertyValueSpecification\",\"valueRequired\":true,\"valueName\":\"search_term_string\"}}],\"inLanguage\":\"es\"},{\"@type\":\"Organization\",\"@id\":\"https:\\\/\\\/megamercancias.com.co\\\/juguetes\\\/#organization\",\"name\":\"Megamercancias\",\"url\":\"https:\\\/\\\/megamercancias.com.co\\\/juguetes\\\/\",\"logo\":{\"@type\":\"ImageObject\",\"inLanguage\":\"es\",\"@id\":\"https:\\\/\\\/megamercancias.com.co\\\/juguetes\\\/#\\\/schema\\\/logo\\\/image\\\/\",\"url\":\"https:\\\/\\\/megamercancias.com.co\\\/juguetes\\\/wp-content\\\/uploads\\\/2023\\\/10\\\/Logo-Final.webp\",\"contentUrl\":\"https:\\\/\\\/megamercancias.com.co\\\/juguetes\\\/wp-content\\\/uploads\\\/2023\\\/10\\\/Logo-Final.webp\",\"width\":510,\"height\":250,\"caption\":\"Megamercancias\"},\"image\":{\"@id\":\"https:\\\/\\\/megamercancias.com.co\\\/juguetes\\\/#\\\/schema\\\/logo\\\/image\\\/\"},\"sameAs\":[\"https:\\\/\\\/www.facebook.com\\\/Megamercancias.com.co\\\/\",\"https:\\\/\\\/www.instagram.com\\\/naidu_megamercancias\\\/\"]}]}<\/script>\n<!-- \/ Yoast SEO plugin. -->","yoast_head_json":{"title":"Baby Cry o Bebes Llorones -","description":"\ud83d\udc40\u00bfEst\u00e1s buscando el regalo\ud83c\udf81 perfecto para tu peque\u00f1o? \u00a1No busques m\u00e1s! Bebes Llorones, mu\u00f1ecos m\u00e1s adorables y tiernos que simulan llantos de beb\u00e9s.\ud83d\udc76\ud83d\ude2d","robots":{"index":"index","follow":"follow","max-snippet":"max-snippet:-1","max-image-preview":"max-image-preview:large","max-video-preview":"max-video-preview:-1"},"canonical":"https:\/\/megamercancias.com.co\/juguetes\/producto\/bebes-llorones\/","og_locale":"es_ES","og_type":"article","og_title":"Baby Cry o Bebes Llorones -","og_description":"\ud83d\udc40\u00bfEst\u00e1s buscando el regalo\ud83c\udf81 perfecto para tu peque\u00f1o? \u00a1No busques m\u00e1s! Bebes Llorones, mu\u00f1ecos m\u00e1s adorables y tiernos que simulan llantos de beb\u00e9s.\ud83d\udc76\ud83d\ude2d","og_url":"https:\/\/megamercancias.com.co\/juguetes\/producto\/bebes-llorones\/","article_publisher":"https:\/\/www.facebook.com\/Megamercancias.com.co\/","article_modified_time":"2024-12-03T01:40:21+00:00","og_image":[{"width":800,"height":800,"url":"https:\/\/megamercancias.com.co\/juguetes\/wp-content\/uploads\/2021\/08\/bebe-lloron11.webp","type":"image\/webp"}],"twitter_card":"summary_large_image","twitter_misc":{"Tiempo de lectura":"1 minuto"},"schema":{"@context":"https:\/\/schema.org","@graph":[{"@type":"WebPage","@id":"https:\/\/megamercancias.com.co\/juguetes\/producto\/bebes-llorones\/","url":"https:\/\/megamercancias.com.co\/juguetes\/producto\/bebes-llorones\/","name":"Baby Cry o Bebes Llorones -","isPartOf":{"@id":"https:\/\/megamercancias.com.co\/juguetes\/#website"},"primaryImageOfPage":{"@id":"https:\/\/megamercancias.com.co\/juguetes\/producto\/bebes-llorones\/#primaryimage"},"image":{"@id":"https:\/\/megamercancias.com.co\/juguetes\/producto\/bebes-llorones\/#primaryimage"},"thumbnailUrl":"https:\/\/megamercancias.com.co\/juguetes\/wp-content\/uploads\/2021\/08\/bebe-lloron11.webp","datePublished":"2021-08-20T16:48:50+00:00","dateModified":"2024-12-03T01:40:21+00:00","description":"\ud83d\udc40\u00bfEst\u00e1s buscando el regalo\ud83c\udf81 perfecto para tu peque\u00f1o? \u00a1No busques m\u00e1s! Bebes Llorones, mu\u00f1ecos m\u00e1s adorables y tiernos que simulan llantos de beb\u00e9s.\ud83d\udc76\ud83d\ude2d","breadcrumb":{"@id":"https:\/\/megamercancias.com.co\/juguetes\/producto\/bebes-llorones\/#breadcrumb"},"inLanguage":"es","potentialAction":[{"@type":"ReadAction","target":["https:\/\/megamercancias.com.co\/juguetes\/producto\/bebes-llorones\/"]}]},{"@type":"ImageObject","inLanguage":"es","@id":"https:\/\/megamercancias.com.co\/juguetes\/producto\/bebes-llorones\/#primaryimage","url":"https:\/\/megamercancias.com.co\/juguetes\/wp-content\/uploads\/2021\/08\/bebe-lloron11.webp","contentUrl":"https:\/\/megamercancias.com.co\/juguetes\/wp-content\/uploads\/2021\/08\/bebe-lloron11.webp","width":800,"height":800},{"@type":"BreadcrumbList","@id":"https:\/\/megamercancias.com.co\/juguetes\/producto\/bebes-llorones\/#breadcrumb","itemListElement":[{"@type":"ListItem","position":1,"name":"Portada","item":"https:\/\/megamercancias.com.co\/juguetes\/"},{"@type":"ListItem","position":2,"name":"Tienda","item":"https:\/\/megamercancias.com.co\/juguetes\/shop\/"},{"@type":"ListItem","position":3,"name":"Baby Cry o Bebes Llorones"}]},{"@type":"WebSite","@id":"https:\/\/megamercancias.com.co\/juguetes\/#website","url":"https:\/\/megamercancias.com.co\/juguetes\/","name":"Juguetes Felices","description":"Jugueter\u00eda","publisher":{"@id":"https:\/\/megamercancias.com.co\/juguetes\/#organization"},"potentialAction":[{"@type":"SearchAction","target":{"@type":"EntryPoint","urlTemplate":"https:\/\/megamercancias.com.co\/juguetes\/?s={search_term_string}"},"query-input":{"@type":"PropertyValueSpecification","valueRequired":true,"valueName":"search_term_string"}}],"inLanguage":"es"},{"@type":"Organization","@id":"https:\/\/megamercancias.com.co\/juguetes\/#organization","name":"Megamercancias","url":"https:\/\/megamercancias.com.co\/juguetes\/","logo":{"@type":"ImageObject","inLanguage":"es","@id":"https:\/\/megamercancias.com.co\/juguetes\/#\/schema\/logo\/image\/","url":"https:\/\/megamercancias.com.co\/juguetes\/wp-content\/uploads\/2023\/10\/Logo-Final.webp","contentUrl":"https:\/\/megamercancias.com.co\/juguetes\/wp-content\/uploads\/2023\/10\/Logo-Final.webp","width":510,"height":250,"caption":"Megamercancias"},"image":{"@id":"https:\/\/megamercancias.com.co\/juguetes\/#\/schema\/logo\/image\/"},"sameAs":["https:\/\/www.facebook.com\/Megamercancias.com.co\/","https:\/\/www.instagram.com\/naidu_megamercancias\/"]}]}},"uagb_featured_image_src":{"full":["https:\/\/megamercancias.com.co\/juguetes\/wp-content\/uploads\/2021\/08\/bebe-lloron11.webp",800,800,false],"thumbnail":["https:\/\/megamercancias.com.co\/juguetes\/wp-content\/uploads\/2021\/08\/bebe-lloron11-150x150.webp",150,150,true],"medium":["https:\/\/megamercancias.com.co\/juguetes\/wp-content\/uploads\/2021\/08\/bebe-lloron11-300x300.webp",300,300,true],"medium_large":["https:\/\/megamercancias.com.co\/juguetes\/wp-content\/uploads\/2021\/08\/bebe-lloron11-768x768.webp",768,768,true],"large":["https:\/\/megamercancias.com.co\/juguetes\/wp-content\/uploads\/2021\/08\/bebe-lloron11.webp",800,800,false],"1536x1536":["https:\/\/megamercancias.com.co\/juguetes\/wp-content\/uploads\/2021\/08\/bebe-lloron11.webp",800,800,false],"2048x2048":["https:\/\/megamercancias.com.co\/juguetes\/wp-content\/uploads\/2021\/08\/bebe-lloron11.webp",800,800,false],"widget-thumbnail":["https:\/\/megamercancias.com.co\/juguetes\/wp-content\/uploads\/2021\/08\/bebe-lloron11.webp",75,75,false],"woocommerce_thumbnail":["https:\/\/megamercancias.com.co\/juguetes\/wp-content\/uploads\/2021\/08\/bebe-lloron11-300x300.webp",300,300,true],"woocommerce_single":["https:\/\/megamercancias.com.co\/juguetes\/wp-content\/uploads\/2021\/08\/bebe-lloron11-600x600.webp",600,600,true],"woocommerce_gallery_thumbnail":["https:\/\/megamercancias.com.co\/juguetes\/wp-content\/uploads\/2021\/08\/bebe-lloron11-100x100.webp",100,100,true],"dgwt-wcas-product-suggestion":["https:\/\/megamercancias.com.co\/juguetes\/wp-content\/uploads\/2021\/08\/bebe-lloron11-64x64.webp",64,64,true]},"uagb_author_info":{"display_name":"Megamercanc\u00edas","author_link":"https:\/\/megamercancias.com.co\/juguetes\/author\/"},"uagb_comment_info":0,"uagb_excerpt":"\ud83d\udc76 \u00a1Con Baby Cry, la diversi\u00f3n nunca termina! \ud83d\udc76 \ud83d\udc40\u00bfEst\u00e1s buscando el regalo\ud83c\udf81 perfecto para tu peque\u00f1o? \u00a1No busques m\u00e1s! Baby Cry, el mu\u00f1eco m\u00e1s adorable y tierno que simula llantos de beb\u00e9s, ha llegado para hacer sonre\u00edr\ud83e\udd23 a tus hijos y llenar tu hogar de alegr\u00eda. \u2728 Caracter\u00edsticas destacadas: \ud83d\udc7c Llantos realistas: Baby Cry&hellip;","_links":{"self":[{"href":"https:\/\/megamercancias.com.co\/juguetes\/wp-json\/wp\/v2\/product\/367","targetHints":{"allow":["GET"]}}],"collection":[{"href":"https:\/\/megamercancias.com.co\/juguetes\/wp-json\/wp\/v2\/product"}],"about":[{"href":"https:\/\/megamercancias.com.co\/juguetes\/wp-json\/wp\/v2\/types\/product"}],"wp:featuredmedia":[{"embeddable":true,"href":"https:\/\/megamercancias.com.co\/juguetes\/wp-json\/wp\/v2\/media\/1367"}],"wp:attachment":[{"href":"https:\/\/megamercancias.com.co\/juguetes\/wp-json\/wp\/v2\/media?parent=367"}],"wp:term":[{"taxonomy":"product_brand","embeddable":true,"href":"https:\/\/megamercancias.com.co\/juguetes\/wp-json\/wp\/v2\/product_brand?post=367"},{"taxonomy":"product_cat","embeddable":true,"href":"https:\/\/megamercancias.com.co\/juguetes\/wp-json\/wp\/v2\/product_cat?post=367"},{"taxonomy":"product_tag","embeddable":true,"href":"https:\/\/megamercancias.com.co\/juguetes\/wp-json\/wp\/v2\/product_tag?post=367"}],"curies":[{"name":"wp","href":"https:\/\/api.w.org\/{rel}","templated":true}]}}