{"id":366,"date":"2021-08-20T11:47:59","date_gmt":"2021-08-20T16:47:59","guid":{"rendered":"https:\/\/megamercancias.com.co\/juguetes\/index.php\/producto\/makeup-melting-cleanser\/"},"modified":"2023-11-12T15:05:12","modified_gmt":"2023-11-12T20:05:12","slug":"muneca-mirabel-encanto","status":"publish","type":"product","link":"https:\/\/megamercancias.com.co\/juguetes\/producto\/muneca-mirabel-encanto\/","title":{"rendered":"Mu\u00f1eca Mirabel Disney Encanto"},"content":{"rendered":"<p>\u2728 Caracter\u00edsticas: \ud83d\udc67 Mu\u00f1eca articulada Mirabel \ud83c\udf81 Accesorios incluidos \ud83d\udc76<\/p>\n<p>Recomendada para ni\u00f1os mayores de 3 a\u00f1os<\/p>\n<p>\u00a1No te pierdas nuestros beneficios exclusivos! \ud83d\udcb0 Pago contra entrega \ud83d\ude9a Env\u00edo GRATIS a las principales ciudades del pa\u00eds.<\/p>\n<p>\ud83c\udf08 \u00a1Deja que tus hijos vivan la magia de Encanto con Mirabel! \ud83c\udf08<\/p>\n<p>\u00a1Compra ahora y haz sonre\u00edr a tus peque\u00f1os! \ud83d\ude04<\/p>\n<p>Contacta con nosotros para ordenar la tuya. \ud83d\udcf2<\/p>\n<p>\u00a1Haz que la magia de Encanto cobre vida en tu hogar! \u2728\ud83c\udfe1\ud83d\udcab<\/p>\n","protected":false},"excerpt":{"rendered":"<p>\u2728\u00bfQuieres traer la magia de Encanto a tu hogar?\u2728<\/p>\n<p>\ud83c\udf1f \u00a1La Mu\u00f1eca Mirabel de Encanto ya est\u00e1 aqu\u00ed! \ud83c\udf1f<\/p>\n<p>\ud83c\udf8aCon nuestra mu\u00f1eca Mirabel, los sue\u00f1os se hacen realidad.\ud83c\udf8a<\/p>\n<p>Esta mu\u00f1eca m\u00e1gica\ud83d\udc96 canta las canciones m\u00e1s queridas de la pel\u00edcula y har\u00e1 que los corazones\ud83d\ude0d de tus peque\u00f1os se llenen de alegr\u00eda.<\/p>\n<p>Esta mu\u00f1eca es la compa\u00f1\u00eda perfecta para revivir las aventuras de Mirabel y su familia en Madrigal.<\/p>\n<p>\u00a1Deja que la m\u00fasica y la magia de Encanto llenen tu vida con esta mu\u00f1eca \u00fanica! \ud83c\udfb6\u2728\ud83c\udf1f<\/p>\n<p>\u00a1Compra ahora y haz sonre\u00edr a tus peque\u00f1os! \ud83d\ude04<\/p>\n","protected":false},"featured_media":1369,"template":"","meta":{"_uag_custom_page_level_css":"","site-sidebar-layout":"default","site-content-layout":"content-boxed-container","ast-site-content-layout":"normal-width-container","site-content-style":"boxed","site-sidebar-style":"unboxed","ast-global-header-display":"","ast-banner-title-visibility":"","ast-main-header-display":"","ast-hfb-above-header-display":"","ast-hfb-below-header-display":"","ast-hfb-mobile-header-display":"","site-post-title":"","ast-breadcrumbs-content":"","ast-featured-img":"","footer-sml-layout":"","theme-transparent-header-meta":"default","adv-header-id-meta":"","stick-header-meta":"default","header-above-stick-meta":"","header-main-stick-meta":"","header-below-stick-meta":"","astra-migrate-meta-layouts":"set","ast-page-background-enabled":"default","ast-page-background-meta":{"desktop":{"background-color":"var(--ast-global-color-4)","background-image":"","background-repeat":"repeat","background-position":"center center","background-size":"auto","background-attachment":"scroll","background-type":"","background-media":"","overlay-type":"","overlay-color":"","overlay-opacity":"","overlay-gradient":""},"tablet":{"background-color":"","background-image":"","background-repeat":"repeat","background-position":"center center","background-size":"auto","background-attachment":"scroll","background-type":"","background-media":"","overlay-type":"","overlay-color":"","overlay-opacity":"","overlay-gradient":""},"mobile":{"background-color":"","background-image":"","background-repeat":"repeat","background-position":"center center","background-size":"auto","background-attachment":"scroll","background-type":"","background-media":"","overlay-type":"","overlay-color":"","overlay-opacity":"","overlay-gradient":""}},"ast-content-background-meta":{"desktop":{"background-color":"var(--ast-global-color-5)","background-image":"","background-repeat":"repeat","background-position":"center center","background-size":"auto","background-attachment":"scroll","background-type":"","background-media":"","overlay-type":"","overlay-color":"","overlay-opacity":"","overlay-gradient":""},"tablet":{"background-color":"var(--ast-global-color-5)","background-image":"","background-repeat":"repeat","background-position":"center center","background-size":"auto","background-attachment":"scroll","background-type":"","background-media":"","overlay-type":"","overlay-color":"","overlay-opacity":"","overlay-gradient":""},"mobile":{"background-color":"var(--ast-global-color-5)","background-image":"","background-repeat":"repeat","background-position":"center center","background-size":"auto","background-attachment":"scroll","background-type":"","background-media":"","overlay-type":"","overlay-color":"","overlay-opacity":"","overlay-gradient":""}},"_joinchat":[]},"product_brand":[],"product_cat":[40,41,61,44],"product_tag":[52,53,51],"class_list":{"0":"post-366","1":"product","2":"type-product","3":"status-publish","4":"has-post-thumbnail","6":"product_cat-ninos-con-3-5-anos","7":"product_cat-ninos-entre-los-6-y-8-anos","8":"product_cat-juguetes-de-ninas","9":"product_cat-munecas","10":"product_tag-encanto","11":"product_tag-familia-madrigal","12":"product_tag-maribel","13":"desktop-align-left","14":"tablet-align-left","15":"mobile-align-center","16":"ast-product-gallery-layout-horizontal-slider","17":"ast-product-tabs-layout-horizontal","19":"first","20":"instock","21":"sale","22":"taxable","23":"shipping-taxable","24":"purchasable","25":"product-type-simple"},"yoast_head":"<!-- This site is optimized with the Yoast SEO plugin v27.3 - https:\/\/yoast.com\/product\/yoast-seo-wordpress\/ -->\n<title>Mu\u00f1eca Mirabel Disney Encanto -<\/title>\n<meta name=\"description\" content=\"\u2728\u00bfQuieres traer la magia de Encanto a tu hogar?\u2728\ud83c\udf1f \u00a1La Mu\u00f1eca Mirabel de Encanto ya est\u00e1 aqu\u00ed! \ud83c\udf1f\ud83c\udf8aCon nuestra mu\u00f1eca Mirabel, los sue\u00f1os se hacen realidad.\" \/>\n<meta name=\"robots\" content=\"index, follow, max-snippet:-1, max-image-preview:large, max-video-preview:-1\" \/>\n<link rel=\"canonical\" href=\"https:\/\/megamercancias.com.co\/juguetes\/producto\/muneca-mirabel-encanto\/\" \/>\n<meta property=\"og:locale\" content=\"es_ES\" \/>\n<meta property=\"og:type\" content=\"article\" \/>\n<meta property=\"og:title\" content=\"Mu\u00f1eca Mirabel Disney Encanto -\" \/>\n<meta property=\"og:description\" content=\"\u2728\u00bfQuieres traer la magia de Encanto a tu hogar?\u2728\ud83c\udf1f \u00a1La Mu\u00f1eca Mirabel de Encanto ya est\u00e1 aqu\u00ed! \ud83c\udf1f\ud83c\udf8aCon nuestra mu\u00f1eca Mirabel, los sue\u00f1os se hacen realidad.\" \/>\n<meta property=\"og:url\" content=\"https:\/\/megamercancias.com.co\/juguetes\/producto\/muneca-mirabel-encanto\/\" \/>\n<meta property=\"article:publisher\" content=\"https:\/\/www.facebook.com\/Megamercancias.com.co\/\" \/>\n<meta property=\"article:modified_time\" content=\"2023-11-12T20:05:12+00:00\" \/>\n<meta property=\"og:image\" content=\"https:\/\/megamercancias.com.co\/juguetes\/wp-content\/uploads\/2021\/08\/Encanto.webp\" \/>\n\t<meta property=\"og:image:width\" content=\"800\" \/>\n\t<meta property=\"og:image:height\" content=\"800\" \/>\n\t<meta property=\"og:image:type\" content=\"image\/webp\" \/>\n<meta name=\"twitter:card\" content=\"summary_large_image\" \/>\n<meta name=\"twitter:label1\" content=\"Tiempo de lectura\" \/>\n\t<meta name=\"twitter:data1\" content=\"1 minuto\" \/>\n<script type=\"application\/ld+json\" class=\"yoast-schema-graph\">{\"@context\":\"https:\\\/\\\/schema.org\",\"@graph\":[{\"@type\":\"WebPage\",\"@id\":\"https:\\\/\\\/megamercancias.com.co\\\/juguetes\\\/producto\\\/muneca-mirabel-encanto\\\/\",\"url\":\"https:\\\/\\\/megamercancias.com.co\\\/juguetes\\\/producto\\\/muneca-mirabel-encanto\\\/\",\"name\":\"Mu\u00f1eca Mirabel Disney Encanto -\",\"isPartOf\":{\"@id\":\"https:\\\/\\\/megamercancias.com.co\\\/juguetes\\\/#website\"},\"primaryImageOfPage\":{\"@id\":\"https:\\\/\\\/megamercancias.com.co\\\/juguetes\\\/producto\\\/muneca-mirabel-encanto\\\/#primaryimage\"},\"image\":{\"@id\":\"https:\\\/\\\/megamercancias.com.co\\\/juguetes\\\/producto\\\/muneca-mirabel-encanto\\\/#primaryimage\"},\"thumbnailUrl\":\"https:\\\/\\\/megamercancias.com.co\\\/juguetes\\\/wp-content\\\/uploads\\\/2021\\\/08\\\/Encanto.webp\",\"datePublished\":\"2021-08-20T16:47:59+00:00\",\"dateModified\":\"2023-11-12T20:05:12+00:00\",\"description\":\"\u2728\u00bfQuieres traer la magia de Encanto a tu hogar?\u2728\ud83c\udf1f \u00a1La Mu\u00f1eca Mirabel de Encanto ya est\u00e1 aqu\u00ed! \ud83c\udf1f\ud83c\udf8aCon nuestra mu\u00f1eca Mirabel, los sue\u00f1os se hacen realidad.\",\"breadcrumb\":{\"@id\":\"https:\\\/\\\/megamercancias.com.co\\\/juguetes\\\/producto\\\/muneca-mirabel-encanto\\\/#breadcrumb\"},\"inLanguage\":\"es\",\"potentialAction\":[{\"@type\":\"ReadAction\",\"target\":[\"https:\\\/\\\/megamercancias.com.co\\\/juguetes\\\/producto\\\/muneca-mirabel-encanto\\\/\"]}]},{\"@type\":\"ImageObject\",\"inLanguage\":\"es\",\"@id\":\"https:\\\/\\\/megamercancias.com.co\\\/juguetes\\\/producto\\\/muneca-mirabel-encanto\\\/#primaryimage\",\"url\":\"https:\\\/\\\/megamercancias.com.co\\\/juguetes\\\/wp-content\\\/uploads\\\/2021\\\/08\\\/Encanto.webp\",\"contentUrl\":\"https:\\\/\\\/megamercancias.com.co\\\/juguetes\\\/wp-content\\\/uploads\\\/2021\\\/08\\\/Encanto.webp\",\"width\":800,\"height\":800},{\"@type\":\"BreadcrumbList\",\"@id\":\"https:\\\/\\\/megamercancias.com.co\\\/juguetes\\\/producto\\\/muneca-mirabel-encanto\\\/#breadcrumb\",\"itemListElement\":[{\"@type\":\"ListItem\",\"position\":1,\"name\":\"Portada\",\"item\":\"https:\\\/\\\/megamercancias.com.co\\\/juguetes\\\/\"},{\"@type\":\"ListItem\",\"position\":2,\"name\":\"Tienda\",\"item\":\"https:\\\/\\\/megamercancias.com.co\\\/juguetes\\\/shop\\\/\"},{\"@type\":\"ListItem\",\"position\":3,\"name\":\"Mu\u00f1eca Mirabel Disney Encanto\"}]},{\"@type\":\"WebSite\",\"@id\":\"https:\\\/\\\/megamercancias.com.co\\\/juguetes\\\/#website\",\"url\":\"https:\\\/\\\/megamercancias.com.co\\\/juguetes\\\/\",\"name\":\"Juguetes Felices\",\"description\":\"Jugueter\u00eda\",\"publisher\":{\"@id\":\"https:\\\/\\\/megamercancias.com.co\\\/juguetes\\\/#organization\"},\"potentialAction\":[{\"@type\":\"SearchAction\",\"target\":{\"@type\":\"EntryPoint\",\"urlTemplate\":\"https:\\\/\\\/megamercancias.com.co\\\/juguetes\\\/?s={search_term_string}\"},\"query-input\":{\"@type\":\"PropertyValueSpecification\",\"valueRequired\":true,\"valueName\":\"search_term_string\"}}],\"inLanguage\":\"es\"},{\"@type\":\"Organization\",\"@id\":\"https:\\\/\\\/megamercancias.com.co\\\/juguetes\\\/#organization\",\"name\":\"Megamercancias\",\"url\":\"https:\\\/\\\/megamercancias.com.co\\\/juguetes\\\/\",\"logo\":{\"@type\":\"ImageObject\",\"inLanguage\":\"es\",\"@id\":\"https:\\\/\\\/megamercancias.com.co\\\/juguetes\\\/#\\\/schema\\\/logo\\\/image\\\/\",\"url\":\"https:\\\/\\\/megamercancias.com.co\\\/juguetes\\\/wp-content\\\/uploads\\\/2023\\\/10\\\/Logo-Final.webp\",\"contentUrl\":\"https:\\\/\\\/megamercancias.com.co\\\/juguetes\\\/wp-content\\\/uploads\\\/2023\\\/10\\\/Logo-Final.webp\",\"width\":510,\"height\":250,\"caption\":\"Megamercancias\"},\"image\":{\"@id\":\"https:\\\/\\\/megamercancias.com.co\\\/juguetes\\\/#\\\/schema\\\/logo\\\/image\\\/\"},\"sameAs\":[\"https:\\\/\\\/www.facebook.com\\\/Megamercancias.com.co\\\/\",\"https:\\\/\\\/www.instagram.com\\\/naidu_megamercancias\\\/\"]}]}<\/script>\n<!-- \/ Yoast SEO plugin. -->","yoast_head_json":{"title":"Mu\u00f1eca Mirabel Disney Encanto -","description":"\u2728\u00bfQuieres traer la magia de Encanto a tu hogar?\u2728\ud83c\udf1f \u00a1La Mu\u00f1eca Mirabel de Encanto ya est\u00e1 aqu\u00ed! \ud83c\udf1f\ud83c\udf8aCon nuestra mu\u00f1eca Mirabel, los sue\u00f1os se hacen realidad.","robots":{"index":"index","follow":"follow","max-snippet":"max-snippet:-1","max-image-preview":"max-image-preview:large","max-video-preview":"max-video-preview:-1"},"canonical":"https:\/\/megamercancias.com.co\/juguetes\/producto\/muneca-mirabel-encanto\/","og_locale":"es_ES","og_type":"article","og_title":"Mu\u00f1eca Mirabel Disney Encanto -","og_description":"\u2728\u00bfQuieres traer la magia de Encanto a tu hogar?\u2728\ud83c\udf1f \u00a1La Mu\u00f1eca Mirabel de Encanto ya est\u00e1 aqu\u00ed! \ud83c\udf1f\ud83c\udf8aCon nuestra mu\u00f1eca Mirabel, los sue\u00f1os se hacen realidad.","og_url":"https:\/\/megamercancias.com.co\/juguetes\/producto\/muneca-mirabel-encanto\/","article_publisher":"https:\/\/www.facebook.com\/Megamercancias.com.co\/","article_modified_time":"2023-11-12T20:05:12+00:00","og_image":[{"width":800,"height":800,"url":"https:\/\/megamercancias.com.co\/juguetes\/wp-content\/uploads\/2021\/08\/Encanto.webp","type":"image\/webp"}],"twitter_card":"summary_large_image","twitter_misc":{"Tiempo de lectura":"1 minuto"},"schema":{"@context":"https:\/\/schema.org","@graph":[{"@type":"WebPage","@id":"https:\/\/megamercancias.com.co\/juguetes\/producto\/muneca-mirabel-encanto\/","url":"https:\/\/megamercancias.com.co\/juguetes\/producto\/muneca-mirabel-encanto\/","name":"Mu\u00f1eca Mirabel Disney Encanto -","isPartOf":{"@id":"https:\/\/megamercancias.com.co\/juguetes\/#website"},"primaryImageOfPage":{"@id":"https:\/\/megamercancias.com.co\/juguetes\/producto\/muneca-mirabel-encanto\/#primaryimage"},"image":{"@id":"https:\/\/megamercancias.com.co\/juguetes\/producto\/muneca-mirabel-encanto\/#primaryimage"},"thumbnailUrl":"https:\/\/megamercancias.com.co\/juguetes\/wp-content\/uploads\/2021\/08\/Encanto.webp","datePublished":"2021-08-20T16:47:59+00:00","dateModified":"2023-11-12T20:05:12+00:00","description":"\u2728\u00bfQuieres traer la magia de Encanto a tu hogar?\u2728\ud83c\udf1f \u00a1La Mu\u00f1eca Mirabel de Encanto ya est\u00e1 aqu\u00ed! \ud83c\udf1f\ud83c\udf8aCon nuestra mu\u00f1eca Mirabel, los sue\u00f1os se hacen realidad.","breadcrumb":{"@id":"https:\/\/megamercancias.com.co\/juguetes\/producto\/muneca-mirabel-encanto\/#breadcrumb"},"inLanguage":"es","potentialAction":[{"@type":"ReadAction","target":["https:\/\/megamercancias.com.co\/juguetes\/producto\/muneca-mirabel-encanto\/"]}]},{"@type":"ImageObject","inLanguage":"es","@id":"https:\/\/megamercancias.com.co\/juguetes\/producto\/muneca-mirabel-encanto\/#primaryimage","url":"https:\/\/megamercancias.com.co\/juguetes\/wp-content\/uploads\/2021\/08\/Encanto.webp","contentUrl":"https:\/\/megamercancias.com.co\/juguetes\/wp-content\/uploads\/2021\/08\/Encanto.webp","width":800,"height":800},{"@type":"BreadcrumbList","@id":"https:\/\/megamercancias.com.co\/juguetes\/producto\/muneca-mirabel-encanto\/#breadcrumb","itemListElement":[{"@type":"ListItem","position":1,"name":"Portada","item":"https:\/\/megamercancias.com.co\/juguetes\/"},{"@type":"ListItem","position":2,"name":"Tienda","item":"https:\/\/megamercancias.com.co\/juguetes\/shop\/"},{"@type":"ListItem","position":3,"name":"Mu\u00f1eca Mirabel Disney Encanto"}]},{"@type":"WebSite","@id":"https:\/\/megamercancias.com.co\/juguetes\/#website","url":"https:\/\/megamercancias.com.co\/juguetes\/","name":"Juguetes Felices","description":"Jugueter\u00eda","publisher":{"@id":"https:\/\/megamercancias.com.co\/juguetes\/#organization"},"potentialAction":[{"@type":"SearchAction","target":{"@type":"EntryPoint","urlTemplate":"https:\/\/megamercancias.com.co\/juguetes\/?s={search_term_string}"},"query-input":{"@type":"PropertyValueSpecification","valueRequired":true,"valueName":"search_term_string"}}],"inLanguage":"es"},{"@type":"Organization","@id":"https:\/\/megamercancias.com.co\/juguetes\/#organization","name":"Megamercancias","url":"https:\/\/megamercancias.com.co\/juguetes\/","logo":{"@type":"ImageObject","inLanguage":"es","@id":"https:\/\/megamercancias.com.co\/juguetes\/#\/schema\/logo\/image\/","url":"https:\/\/megamercancias.com.co\/juguetes\/wp-content\/uploads\/2023\/10\/Logo-Final.webp","contentUrl":"https:\/\/megamercancias.com.co\/juguetes\/wp-content\/uploads\/2023\/10\/Logo-Final.webp","width":510,"height":250,"caption":"Megamercancias"},"image":{"@id":"https:\/\/megamercancias.com.co\/juguetes\/#\/schema\/logo\/image\/"},"sameAs":["https:\/\/www.facebook.com\/Megamercancias.com.co\/","https:\/\/www.instagram.com\/naidu_megamercancias\/"]}]}},"uagb_featured_image_src":{"full":["https:\/\/megamercancias.com.co\/juguetes\/wp-content\/uploads\/2021\/08\/Encanto.webp",800,800,false],"thumbnail":["https:\/\/megamercancias.com.co\/juguetes\/wp-content\/uploads\/2021\/08\/Encanto-150x150.webp",150,150,true],"medium":["https:\/\/megamercancias.com.co\/juguetes\/wp-content\/uploads\/2021\/08\/Encanto-300x300.webp",300,300,true],"medium_large":["https:\/\/megamercancias.com.co\/juguetes\/wp-content\/uploads\/2021\/08\/Encanto-768x768.webp",768,768,true],"large":["https:\/\/megamercancias.com.co\/juguetes\/wp-content\/uploads\/2021\/08\/Encanto.webp",800,800,false],"1536x1536":["https:\/\/megamercancias.com.co\/juguetes\/wp-content\/uploads\/2021\/08\/Encanto.webp",800,800,false],"2048x2048":["https:\/\/megamercancias.com.co\/juguetes\/wp-content\/uploads\/2021\/08\/Encanto.webp",800,800,false],"widget-thumbnail":["https:\/\/megamercancias.com.co\/juguetes\/wp-content\/uploads\/2021\/08\/Encanto.webp",75,75,false],"woocommerce_thumbnail":["https:\/\/megamercancias.com.co\/juguetes\/wp-content\/uploads\/2021\/08\/Encanto-300x300.webp",300,300,true],"woocommerce_single":["https:\/\/megamercancias.com.co\/juguetes\/wp-content\/uploads\/2021\/08\/Encanto-600x600.webp",600,600,true],"woocommerce_gallery_thumbnail":["https:\/\/megamercancias.com.co\/juguetes\/wp-content\/uploads\/2021\/08\/Encanto-100x100.webp",100,100,true],"dgwt-wcas-product-suggestion":["https:\/\/megamercancias.com.co\/juguetes\/wp-content\/uploads\/2021\/08\/Encanto-64x64.webp",64,64,true]},"uagb_author_info":{"display_name":"Megamercanc\u00edas","author_link":"https:\/\/megamercancias.com.co\/juguetes\/author\/"},"uagb_comment_info":0,"uagb_excerpt":"\u2728\u00bfQuieres traer la magia de Encanto a tu hogar?\u2728 \ud83c\udf1f \u00a1La Mu\u00f1eca Mirabel de Encanto ya est\u00e1 aqu\u00ed! \ud83c\udf1f \ud83c\udf8aCon nuestra mu\u00f1eca Mirabel, los sue\u00f1os se hacen realidad.\ud83c\udf8a Esta mu\u00f1eca m\u00e1gica\ud83d\udc96 canta las canciones m\u00e1s queridas de la pel\u00edcula y har\u00e1 que los corazones\ud83d\ude0d de tus peque\u00f1os se llenen de alegr\u00eda. Esta mu\u00f1eca es la&hellip;","_links":{"self":[{"href":"https:\/\/megamercancias.com.co\/juguetes\/wp-json\/wp\/v2\/product\/366","targetHints":{"allow":["GET"]}}],"collection":[{"href":"https:\/\/megamercancias.com.co\/juguetes\/wp-json\/wp\/v2\/product"}],"about":[{"href":"https:\/\/megamercancias.com.co\/juguetes\/wp-json\/wp\/v2\/types\/product"}],"wp:featuredmedia":[{"embeddable":true,"href":"https:\/\/megamercancias.com.co\/juguetes\/wp-json\/wp\/v2\/media\/1369"}],"wp:attachment":[{"href":"https:\/\/megamercancias.com.co\/juguetes\/wp-json\/wp\/v2\/media?parent=366"}],"wp:term":[{"taxonomy":"product_brand","embeddable":true,"href":"https:\/\/megamercancias.com.co\/juguetes\/wp-json\/wp\/v2\/product_brand?post=366"},{"taxonomy":"product_cat","embeddable":true,"href":"https:\/\/megamercancias.com.co\/juguetes\/wp-json\/wp\/v2\/product_cat?post=366"},{"taxonomy":"product_tag","embeddable":true,"href":"https:\/\/megamercancias.com.co\/juguetes\/wp-json\/wp\/v2\/product_tag?post=366"}],"curies":[{"name":"wp","href":"https:\/\/api.w.org\/{rel}","templated":true}]}}