{"id":342,"date":"2021-08-20T11:36:38","date_gmt":"2021-08-20T16:36:38","guid":{"rendered":"https:\/\/megamercancias.com.co\/juguetes\/index.php\/producto\/milky-gentle-cleanser\/"},"modified":"2023-12-21T18:20:05","modified_gmt":"2023-12-21T23:20:05","slug":"carro-todo-terreno","status":"publish","type":"product","link":"https:\/\/megamercancias.com.co\/juguetes\/producto\/carro-todo-terreno\/","title":{"rendered":"Jeep Cross 4&#215;4 Todo Terreno con control remoto"},"content":{"rendered":"<p>Ficha T\u00e9cnica:<br \/>\nDimensiones del carros : 9 cm x 12 cm x 9 cm<br \/>\nMaterial: Pl\u00e1stico ABS no toxico<br \/>\nEdad recomendada + 3 A\u00f1os<br \/>\nFuente de energ\u00eda del carro: Bater\u00edas internas que se pueden recargar al colocarlas en el cargador<br \/>\nDimensiones del control: 7 cm x 5 cm<\/p>\n<p>** _Para defectos de f\u00e1brica o retractos: \\_Por favor revise el producto apenas lo reciba y antes de usarlo. No aplican ley de retracto o defectos de f\u00e1brica luego de usar el producto. Se manejan m\u00e1ximo 5 d\u00edas para reportar defectos de f\u00e1brica (por ejemplo, producto funciona mal, piezas faltantes, rotas, etc). Para hacer efectiva la devoluci\u00f3n el producto debe devolverse con el empaque original, el cual debe estar en buen estado, incluir todos los documentos y las partes completas y sin da\u00f1os.<\/p>\n","protected":false},"excerpt":{"rendered":"<p>\ud83d\ude99 \u00a1Experimenta la emoci\u00f3n todoterreno con el Jeep Cross! \ud83c\udf04\ud83d\ude97<\/p>\n<p>\ud83c\udfae Control remoto para dirigirlo a trav\u00e9s de cualquier terreno \ud83c\udfaf\ud83d\udd79\ufe0f<\/p>\n<p>\ud83c\udfc1 Aventuras emocionantes y giros audaces \ud83c\udfc6\ud83c\udf00<\/p>\n<p>\ud83c\udf32 \u00a1Explora nuevos horizontes con tu propio Jeep Cross! \ud83c\udf32\ud83d\udd25<\/p>\n<p>\u00bfListo para embarcarte en una emocionante traves\u00eda? \u00a1Tu Jeep Cross te espera!<\/p>\n<p>\ud83d\uded2 \u00a1Compra ahora y lleva la diversi\u00f3n todoterreno a tu hogar!<\/p>\n<p>\u00a1Desaf\u00eda la aventura y conquista cualquier terreno con este incre\u00edble Jeep! \ud83c\udfde\ufe0f\ud83c\udf1f<\/p>\n","protected":false},"featured_media":2048,"template":"","meta":{"_uag_custom_page_level_css":"","site-sidebar-layout":"default","site-content-layout":"content-boxed-container","ast-site-content-layout":"normal-width-container","site-content-style":"boxed","site-sidebar-style":"unboxed","ast-global-header-display":"","ast-banner-title-visibility":"","ast-main-header-display":"","ast-hfb-above-header-display":"","ast-hfb-below-header-display":"","ast-hfb-mobile-header-display":"","site-post-title":"","ast-breadcrumbs-content":"","ast-featured-img":"","footer-sml-layout":"","theme-transparent-header-meta":"default","adv-header-id-meta":"","stick-header-meta":"default","header-above-stick-meta":"","header-main-stick-meta":"","header-below-stick-meta":"","astra-migrate-meta-layouts":"set","ast-page-background-enabled":"default","ast-page-background-meta":{"desktop":{"background-color":"var(--ast-global-color-4)","background-image":"","background-repeat":"repeat","background-position":"center center","background-size":"auto","background-attachment":"scroll","background-type":"","background-media":"","overlay-type":"","overlay-color":"","overlay-opacity":"","overlay-gradient":""},"tablet":{"background-color":"","background-image":"","background-repeat":"repeat","background-position":"center center","background-size":"auto","background-attachment":"scroll","background-type":"","background-media":"","overlay-type":"","overlay-color":"","overlay-opacity":"","overlay-gradient":""},"mobile":{"background-color":"","background-image":"","background-repeat":"repeat","background-position":"center center","background-size":"auto","background-attachment":"scroll","background-type":"","background-media":"","overlay-type":"","overlay-color":"","overlay-opacity":"","overlay-gradient":""}},"ast-content-background-meta":{"desktop":{"background-color":"var(--ast-global-color-5)","background-image":"","background-repeat":"repeat","background-position":"center center","background-size":"auto","background-attachment":"scroll","background-type":"","background-media":"","overlay-type":"","overlay-color":"","overlay-opacity":"","overlay-gradient":""},"tablet":{"background-color":"var(--ast-global-color-5)","background-image":"","background-repeat":"repeat","background-position":"center center","background-size":"auto","background-attachment":"scroll","background-type":"","background-media":"","overlay-type":"","overlay-color":"","overlay-opacity":"","overlay-gradient":""},"mobile":{"background-color":"var(--ast-global-color-5)","background-image":"","background-repeat":"repeat","background-position":"center center","background-size":"auto","background-attachment":"scroll","background-type":"","background-media":"","overlay-type":"","overlay-color":"","overlay-opacity":"","overlay-gradient":""}},"_joinchat":[]},"product_brand":[],"product_cat":[41,42,21,60],"product_tag":[68,69,72,70,71],"class_list":{"0":"post-342","1":"product","2":"type-product","3":"status-publish","4":"has-post-thumbnail","6":"product_cat-ninos-entre-los-6-y-8-anos","7":"product_cat-edades-entre-los-9-y-12","8":"product_cat-juguetes-de-bateria","9":"product_cat-juguetes-de-ninos","10":"product_tag-campero","11":"product_tag-carro-4x4","12":"product_tag-cross","13":"product_tag-jeep","14":"product_tag-todo-terreno","15":"desktop-align-left","16":"tablet-align-left","17":"mobile-align-center","18":"ast-product-gallery-layout-horizontal-slider","19":"ast-product-tabs-layout-horizontal","21":"first","22":"outofstock","23":"sale","24":"taxable","25":"shipping-taxable","26":"purchasable","27":"product-type-simple"},"yoast_head":"<!-- This site is optimized with the Yoast SEO plugin v27.3 - https:\/\/yoast.com\/product\/yoast-seo-wordpress\/ -->\n<title>Jeep Cross 4x4 Todo Terreno con control remoto -<\/title>\n<meta name=\"description\" content=\"\ud83d\ude99 \u00a1Experimenta la emoci\u00f3n todoterreno con el Jeep Cross! \ud83c\udf04\ud83d\ude97\ud83c\udfae Control remoto para dirigirlo a trav\u00e9s de cualquier terreno \ud83c\udfaf\ud83d\udd79\ufe0f\ud83c\udfc1 Aventuras emocionantes y giros audaces \ud83c\udfc6\ud83c\udf00\ud83c\udf32 \u00a1Explora nuevos horizontes con tu propio Jeep Cross! \ud83c\udf32\ud83d\udd25\" \/>\n<meta name=\"robots\" content=\"index, follow, max-snippet:-1, max-image-preview:large, max-video-preview:-1\" \/>\n<link rel=\"canonical\" href=\"https:\/\/megamercancias.com.co\/juguetes\/producto\/carro-todo-terreno\/\" \/>\n<meta property=\"og:locale\" content=\"es_ES\" \/>\n<meta property=\"og:type\" content=\"article\" \/>\n<meta property=\"og:title\" content=\"Jeep Cross 4x4 Todo Terreno con control remoto -\" \/>\n<meta property=\"og:description\" content=\"\ud83d\ude99 \u00a1Experimenta la emoci\u00f3n todoterreno con el Jeep Cross! \ud83c\udf04\ud83d\ude97\ud83c\udfae Control remoto para dirigirlo a trav\u00e9s de cualquier terreno \ud83c\udfaf\ud83d\udd79\ufe0f\ud83c\udfc1 Aventuras emocionantes y giros audaces \ud83c\udfc6\ud83c\udf00\ud83c\udf32 \u00a1Explora nuevos horizontes con tu propio Jeep Cross! \ud83c\udf32\ud83d\udd25\" \/>\n<meta property=\"og:url\" content=\"https:\/\/megamercancias.com.co\/juguetes\/producto\/carro-todo-terreno\/\" \/>\n<meta property=\"article:publisher\" content=\"https:\/\/www.facebook.com\/Megamercancias.com.co\/\" \/>\n<meta property=\"article:modified_time\" content=\"2023-12-21T23:20:05+00:00\" \/>\n<meta property=\"og:image\" content=\"https:\/\/megamercancias.com.co\/juguetes\/wp-content\/uploads\/2021\/08\/Carro_AGOTADO.jpg\" \/>\n\t<meta property=\"og:image:width\" content=\"500\" \/>\n\t<meta property=\"og:image:height\" content=\"446\" \/>\n\t<meta property=\"og:image:type\" content=\"image\/jpeg\" \/>\n<meta name=\"twitter:card\" content=\"summary_large_image\" \/>\n<meta name=\"twitter:label1\" content=\"Tiempo de lectura\" \/>\n\t<meta name=\"twitter:data1\" content=\"1 minuto\" \/>\n<script type=\"application\/ld+json\" class=\"yoast-schema-graph\">{\"@context\":\"https:\\\/\\\/schema.org\",\"@graph\":[{\"@type\":\"WebPage\",\"@id\":\"https:\\\/\\\/megamercancias.com.co\\\/juguetes\\\/producto\\\/carro-todo-terreno\\\/\",\"url\":\"https:\\\/\\\/megamercancias.com.co\\\/juguetes\\\/producto\\\/carro-todo-terreno\\\/\",\"name\":\"Jeep Cross 4x4 Todo Terreno con control remoto -\",\"isPartOf\":{\"@id\":\"https:\\\/\\\/megamercancias.com.co\\\/juguetes\\\/#website\"},\"primaryImageOfPage\":{\"@id\":\"https:\\\/\\\/megamercancias.com.co\\\/juguetes\\\/producto\\\/carro-todo-terreno\\\/#primaryimage\"},\"image\":{\"@id\":\"https:\\\/\\\/megamercancias.com.co\\\/juguetes\\\/producto\\\/carro-todo-terreno\\\/#primaryimage\"},\"thumbnailUrl\":\"https:\\\/\\\/megamercancias.com.co\\\/juguetes\\\/wp-content\\\/uploads\\\/2021\\\/08\\\/Carro_AGOTADO.jpg\",\"datePublished\":\"2021-08-20T16:36:38+00:00\",\"dateModified\":\"2023-12-21T23:20:05+00:00\",\"description\":\"\ud83d\ude99 \u00a1Experimenta la emoci\u00f3n todoterreno con el Jeep Cross! \ud83c\udf04\ud83d\ude97\ud83c\udfae Control remoto para dirigirlo a trav\u00e9s de cualquier terreno \ud83c\udfaf\ud83d\udd79\ufe0f\ud83c\udfc1 Aventuras emocionantes y giros audaces \ud83c\udfc6\ud83c\udf00\ud83c\udf32 \u00a1Explora nuevos horizontes con tu propio Jeep Cross! \ud83c\udf32\ud83d\udd25\",\"breadcrumb\":{\"@id\":\"https:\\\/\\\/megamercancias.com.co\\\/juguetes\\\/producto\\\/carro-todo-terreno\\\/#breadcrumb\"},\"inLanguage\":\"es\",\"potentialAction\":[{\"@type\":\"ReadAction\",\"target\":[\"https:\\\/\\\/megamercancias.com.co\\\/juguetes\\\/producto\\\/carro-todo-terreno\\\/\"]}]},{\"@type\":\"ImageObject\",\"inLanguage\":\"es\",\"@id\":\"https:\\\/\\\/megamercancias.com.co\\\/juguetes\\\/producto\\\/carro-todo-terreno\\\/#primaryimage\",\"url\":\"https:\\\/\\\/megamercancias.com.co\\\/juguetes\\\/wp-content\\\/uploads\\\/2021\\\/08\\\/Carro_AGOTADO.jpg\",\"contentUrl\":\"https:\\\/\\\/megamercancias.com.co\\\/juguetes\\\/wp-content\\\/uploads\\\/2021\\\/08\\\/Carro_AGOTADO.jpg\",\"width\":500,\"height\":446},{\"@type\":\"BreadcrumbList\",\"@id\":\"https:\\\/\\\/megamercancias.com.co\\\/juguetes\\\/producto\\\/carro-todo-terreno\\\/#breadcrumb\",\"itemListElement\":[{\"@type\":\"ListItem\",\"position\":1,\"name\":\"Portada\",\"item\":\"https:\\\/\\\/megamercancias.com.co\\\/juguetes\\\/\"},{\"@type\":\"ListItem\",\"position\":2,\"name\":\"Tienda\",\"item\":\"https:\\\/\\\/megamercancias.com.co\\\/juguetes\\\/shop\\\/\"},{\"@type\":\"ListItem\",\"position\":3,\"name\":\"Jeep Cross 4&#215;4 Todo Terreno con control remoto\"}]},{\"@type\":\"WebSite\",\"@id\":\"https:\\\/\\\/megamercancias.com.co\\\/juguetes\\\/#website\",\"url\":\"https:\\\/\\\/megamercancias.com.co\\\/juguetes\\\/\",\"name\":\"Juguetes Felices\",\"description\":\"Jugueter\u00eda\",\"publisher\":{\"@id\":\"https:\\\/\\\/megamercancias.com.co\\\/juguetes\\\/#organization\"},\"potentialAction\":[{\"@type\":\"SearchAction\",\"target\":{\"@type\":\"EntryPoint\",\"urlTemplate\":\"https:\\\/\\\/megamercancias.com.co\\\/juguetes\\\/?s={search_term_string}\"},\"query-input\":{\"@type\":\"PropertyValueSpecification\",\"valueRequired\":true,\"valueName\":\"search_term_string\"}}],\"inLanguage\":\"es\"},{\"@type\":\"Organization\",\"@id\":\"https:\\\/\\\/megamercancias.com.co\\\/juguetes\\\/#organization\",\"name\":\"Megamercancias\",\"url\":\"https:\\\/\\\/megamercancias.com.co\\\/juguetes\\\/\",\"logo\":{\"@type\":\"ImageObject\",\"inLanguage\":\"es\",\"@id\":\"https:\\\/\\\/megamercancias.com.co\\\/juguetes\\\/#\\\/schema\\\/logo\\\/image\\\/\",\"url\":\"https:\\\/\\\/megamercancias.com.co\\\/juguetes\\\/wp-content\\\/uploads\\\/2023\\\/10\\\/Logo-Final.webp\",\"contentUrl\":\"https:\\\/\\\/megamercancias.com.co\\\/juguetes\\\/wp-content\\\/uploads\\\/2023\\\/10\\\/Logo-Final.webp\",\"width\":510,\"height\":250,\"caption\":\"Megamercancias\"},\"image\":{\"@id\":\"https:\\\/\\\/megamercancias.com.co\\\/juguetes\\\/#\\\/schema\\\/logo\\\/image\\\/\"},\"sameAs\":[\"https:\\\/\\\/www.facebook.com\\\/Megamercancias.com.co\\\/\",\"https:\\\/\\\/www.instagram.com\\\/naidu_megamercancias\\\/\"]}]}<\/script>\n<!-- \/ Yoast SEO plugin. -->","yoast_head_json":{"title":"Jeep Cross 4x4 Todo Terreno con control remoto -","description":"\ud83d\ude99 \u00a1Experimenta la emoci\u00f3n todoterreno con el Jeep Cross! \ud83c\udf04\ud83d\ude97\ud83c\udfae Control remoto para dirigirlo a trav\u00e9s de cualquier terreno \ud83c\udfaf\ud83d\udd79\ufe0f\ud83c\udfc1 Aventuras emocionantes y giros audaces \ud83c\udfc6\ud83c\udf00\ud83c\udf32 \u00a1Explora nuevos horizontes con tu propio Jeep Cross! \ud83c\udf32\ud83d\udd25","robots":{"index":"index","follow":"follow","max-snippet":"max-snippet:-1","max-image-preview":"max-image-preview:large","max-video-preview":"max-video-preview:-1"},"canonical":"https:\/\/megamercancias.com.co\/juguetes\/producto\/carro-todo-terreno\/","og_locale":"es_ES","og_type":"article","og_title":"Jeep Cross 4x4 Todo Terreno con control remoto -","og_description":"\ud83d\ude99 \u00a1Experimenta la emoci\u00f3n todoterreno con el Jeep Cross! \ud83c\udf04\ud83d\ude97\ud83c\udfae Control remoto para dirigirlo a trav\u00e9s de cualquier terreno \ud83c\udfaf\ud83d\udd79\ufe0f\ud83c\udfc1 Aventuras emocionantes y giros audaces \ud83c\udfc6\ud83c\udf00\ud83c\udf32 \u00a1Explora nuevos horizontes con tu propio Jeep Cross! \ud83c\udf32\ud83d\udd25","og_url":"https:\/\/megamercancias.com.co\/juguetes\/producto\/carro-todo-terreno\/","article_publisher":"https:\/\/www.facebook.com\/Megamercancias.com.co\/","article_modified_time":"2023-12-21T23:20:05+00:00","og_image":[{"width":500,"height":446,"url":"https:\/\/megamercancias.com.co\/juguetes\/wp-content\/uploads\/2021\/08\/Carro_AGOTADO.jpg","type":"image\/jpeg"}],"twitter_card":"summary_large_image","twitter_misc":{"Tiempo de lectura":"1 minuto"},"schema":{"@context":"https:\/\/schema.org","@graph":[{"@type":"WebPage","@id":"https:\/\/megamercancias.com.co\/juguetes\/producto\/carro-todo-terreno\/","url":"https:\/\/megamercancias.com.co\/juguetes\/producto\/carro-todo-terreno\/","name":"Jeep Cross 4x4 Todo Terreno con control remoto -","isPartOf":{"@id":"https:\/\/megamercancias.com.co\/juguetes\/#website"},"primaryImageOfPage":{"@id":"https:\/\/megamercancias.com.co\/juguetes\/producto\/carro-todo-terreno\/#primaryimage"},"image":{"@id":"https:\/\/megamercancias.com.co\/juguetes\/producto\/carro-todo-terreno\/#primaryimage"},"thumbnailUrl":"https:\/\/megamercancias.com.co\/juguetes\/wp-content\/uploads\/2021\/08\/Carro_AGOTADO.jpg","datePublished":"2021-08-20T16:36:38+00:00","dateModified":"2023-12-21T23:20:05+00:00","description":"\ud83d\ude99 \u00a1Experimenta la emoci\u00f3n todoterreno con el Jeep Cross! \ud83c\udf04\ud83d\ude97\ud83c\udfae Control remoto para dirigirlo a trav\u00e9s de cualquier terreno \ud83c\udfaf\ud83d\udd79\ufe0f\ud83c\udfc1 Aventuras emocionantes y giros audaces \ud83c\udfc6\ud83c\udf00\ud83c\udf32 \u00a1Explora nuevos horizontes con tu propio Jeep Cross! \ud83c\udf32\ud83d\udd25","breadcrumb":{"@id":"https:\/\/megamercancias.com.co\/juguetes\/producto\/carro-todo-terreno\/#breadcrumb"},"inLanguage":"es","potentialAction":[{"@type":"ReadAction","target":["https:\/\/megamercancias.com.co\/juguetes\/producto\/carro-todo-terreno\/"]}]},{"@type":"ImageObject","inLanguage":"es","@id":"https:\/\/megamercancias.com.co\/juguetes\/producto\/carro-todo-terreno\/#primaryimage","url":"https:\/\/megamercancias.com.co\/juguetes\/wp-content\/uploads\/2021\/08\/Carro_AGOTADO.jpg","contentUrl":"https:\/\/megamercancias.com.co\/juguetes\/wp-content\/uploads\/2021\/08\/Carro_AGOTADO.jpg","width":500,"height":446},{"@type":"BreadcrumbList","@id":"https:\/\/megamercancias.com.co\/juguetes\/producto\/carro-todo-terreno\/#breadcrumb","itemListElement":[{"@type":"ListItem","position":1,"name":"Portada","item":"https:\/\/megamercancias.com.co\/juguetes\/"},{"@type":"ListItem","position":2,"name":"Tienda","item":"https:\/\/megamercancias.com.co\/juguetes\/shop\/"},{"@type":"ListItem","position":3,"name":"Jeep Cross 4&#215;4 Todo Terreno con control remoto"}]},{"@type":"WebSite","@id":"https:\/\/megamercancias.com.co\/juguetes\/#website","url":"https:\/\/megamercancias.com.co\/juguetes\/","name":"Juguetes Felices","description":"Jugueter\u00eda","publisher":{"@id":"https:\/\/megamercancias.com.co\/juguetes\/#organization"},"potentialAction":[{"@type":"SearchAction","target":{"@type":"EntryPoint","urlTemplate":"https:\/\/megamercancias.com.co\/juguetes\/?s={search_term_string}"},"query-input":{"@type":"PropertyValueSpecification","valueRequired":true,"valueName":"search_term_string"}}],"inLanguage":"es"},{"@type":"Organization","@id":"https:\/\/megamercancias.com.co\/juguetes\/#organization","name":"Megamercancias","url":"https:\/\/megamercancias.com.co\/juguetes\/","logo":{"@type":"ImageObject","inLanguage":"es","@id":"https:\/\/megamercancias.com.co\/juguetes\/#\/schema\/logo\/image\/","url":"https:\/\/megamercancias.com.co\/juguetes\/wp-content\/uploads\/2023\/10\/Logo-Final.webp","contentUrl":"https:\/\/megamercancias.com.co\/juguetes\/wp-content\/uploads\/2023\/10\/Logo-Final.webp","width":510,"height":250,"caption":"Megamercancias"},"image":{"@id":"https:\/\/megamercancias.com.co\/juguetes\/#\/schema\/logo\/image\/"},"sameAs":["https:\/\/www.facebook.com\/Megamercancias.com.co\/","https:\/\/www.instagram.com\/naidu_megamercancias\/"]}]}},"uagb_featured_image_src":{"full":["https:\/\/megamercancias.com.co\/juguetes\/wp-content\/uploads\/2021\/08\/Carro_AGOTADO.jpg",500,446,false],"thumbnail":["https:\/\/megamercancias.com.co\/juguetes\/wp-content\/uploads\/2021\/08\/Carro_AGOTADO-150x150.jpg",150,150,true],"medium":["https:\/\/megamercancias.com.co\/juguetes\/wp-content\/uploads\/2021\/08\/Carro_AGOTADO-300x268.jpg",300,268,true],"medium_large":["https:\/\/megamercancias.com.co\/juguetes\/wp-content\/uploads\/2021\/08\/Carro_AGOTADO.jpg",500,446,false],"large":["https:\/\/megamercancias.com.co\/juguetes\/wp-content\/uploads\/2021\/08\/Carro_AGOTADO.jpg",500,446,false],"1536x1536":["https:\/\/megamercancias.com.co\/juguetes\/wp-content\/uploads\/2021\/08\/Carro_AGOTADO.jpg",500,446,false],"2048x2048":["https:\/\/megamercancias.com.co\/juguetes\/wp-content\/uploads\/2021\/08\/Carro_AGOTADO.jpg",500,446,false],"widget-thumbnail":["https:\/\/megamercancias.com.co\/juguetes\/wp-content\/uploads\/2021\/08\/Carro_AGOTADO.jpg",75,67,false],"woocommerce_thumbnail":["https:\/\/megamercancias.com.co\/juguetes\/wp-content\/uploads\/2021\/08\/Carro_AGOTADO-300x300.jpg",300,300,true],"woocommerce_single":["https:\/\/megamercancias.com.co\/juguetes\/wp-content\/uploads\/2021\/08\/Carro_AGOTADO.jpg",500,446,false],"woocommerce_gallery_thumbnail":["https:\/\/megamercancias.com.co\/juguetes\/wp-content\/uploads\/2021\/08\/Carro_AGOTADO-100x100.jpg",100,100,true],"dgwt-wcas-product-suggestion":["https:\/\/megamercancias.com.co\/juguetes\/wp-content\/uploads\/2021\/08\/Carro_AGOTADO-64x57.jpg",64,57,true]},"uagb_author_info":{"display_name":"Megamercanc\u00edas","author_link":"https:\/\/megamercancias.com.co\/juguetes\/author\/"},"uagb_comment_info":0,"uagb_excerpt":"\ud83d\ude99 \u00a1Experimenta la emoci\u00f3n todoterreno con el Jeep Cross! \ud83c\udf04\ud83d\ude97 \ud83c\udfae Control remoto para dirigirlo a trav\u00e9s de cualquier terreno \ud83c\udfaf\ud83d\udd79\ufe0f \ud83c\udfc1 Aventuras emocionantes y giros audaces \ud83c\udfc6\ud83c\udf00 \ud83c\udf32 \u00a1Explora nuevos horizontes con tu propio Jeep Cross! \ud83c\udf32\ud83d\udd25 \u00bfListo para embarcarte en una emocionante traves\u00eda? \u00a1Tu Jeep Cross te espera! \ud83d\uded2 \u00a1Compra ahora y lleva&hellip;","_links":{"self":[{"href":"https:\/\/megamercancias.com.co\/juguetes\/wp-json\/wp\/v2\/product\/342","targetHints":{"allow":["GET"]}}],"collection":[{"href":"https:\/\/megamercancias.com.co\/juguetes\/wp-json\/wp\/v2\/product"}],"about":[{"href":"https:\/\/megamercancias.com.co\/juguetes\/wp-json\/wp\/v2\/types\/product"}],"wp:featuredmedia":[{"embeddable":true,"href":"https:\/\/megamercancias.com.co\/juguetes\/wp-json\/wp\/v2\/media\/2048"}],"wp:attachment":[{"href":"https:\/\/megamercancias.com.co\/juguetes\/wp-json\/wp\/v2\/media?parent=342"}],"wp:term":[{"taxonomy":"product_brand","embeddable":true,"href":"https:\/\/megamercancias.com.co\/juguetes\/wp-json\/wp\/v2\/product_brand?post=342"},{"taxonomy":"product_cat","embeddable":true,"href":"https:\/\/megamercancias.com.co\/juguetes\/wp-json\/wp\/v2\/product_cat?post=342"},{"taxonomy":"product_tag","embeddable":true,"href":"https:\/\/megamercancias.com.co\/juguetes\/wp-json\/wp\/v2\/product_tag?post=342"}],"curies":[{"name":"wp","href":"https:\/\/api.w.org\/{rel}","templated":true}]}}