{"id":340,"date":"2021-08-20T11:34:02","date_gmt":"2021-08-20T16:34:02","guid":{"rendered":"https:\/\/megamercancias.com.co\/juguetes\/index.php\/producto\/refreshing-cleansing-balm\/"},"modified":"2023-11-07T20:32:46","modified_gmt":"2023-11-08T01:32:46","slug":"dinosaurio-ponehuevos","status":"publish","type":"product","link":"https:\/\/megamercancias.com.co\/juguetes\/producto\/dinosaurio-ponehuevos\/","title":{"rendered":"Divertido Dinosaurio Pone Huevos"},"content":{"rendered":"<p>Ficha T\u00e9cnica:<br \/>\nDimensiones del Dinosaurio : 26 cm x 11 cm x 8 cm<br \/>\nLongitud del huevo: 2 cm<br \/>\nBater\u00eda: 2 pilas AA ( No incluidas).<br \/>\nMaterial: Pl\u00e1stico ABS ecol\u00f3gico, es seguro y divertido para que los ni\u00f1os jueguen.<\/p>\n<p>** _Para defectos de f\u00e1brica o retractos: \\_Por favor revise el producto apenas lo reciba y antes de usarlo. No aplican ley de retracto o defectos de f\u00e1brica luego de usar el producto. Se manejan m\u00e1ximo 5 d\u00edas para reportar defectos de f\u00e1brica (por ejemplo, producto funciona mal, piezas faltantes, rotas, etc). Para hacer efectiva la devoluci\u00f3n el producto debe devolverse con el empaque original, el cual debe estar en buen estado, incluir todos los documentos y las partes completas y sin da\u00f1os.<\/p>\n","protected":false},"excerpt":{"rendered":"<p>\ud83d\ude0dHermoso y divertido Dinosaurio\ud83e\udd96\u00a0pone huevos para ni\u00f1os, que camina, pone huevos, emite luces \u2728y sonido\ud83c\udfbc , con un dise\u00f1o bonito de animales, puede ayudar a estimular la visi\u00f3n \ud83d\udc41\ufe0fde su beb\u00e9, animar al beb\u00e9 a tocar y explorar, ayudar a desarrollar su capacidad cognitiva.\ud83d\udc76<\/p>\n","protected":false},"featured_media":1446,"template":"","meta":{"_uag_custom_page_level_css":"","site-sidebar-layout":"default","site-content-layout":"content-boxed-container","ast-site-content-layout":"normal-width-container","site-content-style":"boxed","site-sidebar-style":"unboxed","ast-global-header-display":"","ast-banner-title-visibility":"","ast-main-header-display":"","ast-hfb-above-header-display":"","ast-hfb-below-header-display":"","ast-hfb-mobile-header-display":"","site-post-title":"","ast-breadcrumbs-content":"","ast-featured-img":"","footer-sml-layout":"","theme-transparent-header-meta":"default","adv-header-id-meta":"","stick-header-meta":"default","header-above-stick-meta":"","header-main-stick-meta":"","header-below-stick-meta":"","astra-migrate-meta-layouts":"set","ast-page-background-enabled":"default","ast-page-background-meta":{"desktop":{"background-color":"var(--ast-global-color-4)","background-image":"","background-repeat":"repeat","background-position":"center center","background-size":"auto","background-attachment":"scroll","background-type":"","background-media":"","overlay-type":"","overlay-color":"","overlay-opacity":"","overlay-gradient":""},"tablet":{"background-color":"","background-image":"","background-repeat":"repeat","background-position":"center center","background-size":"auto","background-attachment":"scroll","background-type":"","background-media":"","overlay-type":"","overlay-color":"","overlay-opacity":"","overlay-gradient":""},"mobile":{"background-color":"","background-image":"","background-repeat":"repeat","background-position":"center center","background-size":"auto","background-attachment":"scroll","background-type":"","background-media":"","overlay-type":"","overlay-color":"","overlay-opacity":"","overlay-gradient":""}},"ast-content-background-meta":{"desktop":{"background-color":"var(--ast-global-color-5)","background-image":"","background-repeat":"repeat","background-position":"center center","background-size":"auto","background-attachment":"scroll","background-type":"","background-media":"","overlay-type":"","overlay-color":"","overlay-opacity":"","overlay-gradient":""},"tablet":{"background-color":"var(--ast-global-color-5)","background-image":"","background-repeat":"repeat","background-position":"center center","background-size":"auto","background-attachment":"scroll","background-type":"","background-media":"","overlay-type":"","overlay-color":"","overlay-opacity":"","overlay-gradient":""},"mobile":{"background-color":"var(--ast-global-color-5)","background-image":"","background-repeat":"repeat","background-position":"center center","background-size":"auto","background-attachment":"scroll","background-type":"","background-media":"","overlay-type":"","overlay-color":"","overlay-opacity":"","overlay-gradient":""}},"_joinchat":[]},"product_brand":[],"product_cat":[40,41,19,21,60],"product_tag":[],"class_list":{"0":"post-340","1":"product","2":"type-product","3":"status-publish","4":"has-post-thumbnail","6":"product_cat-ninos-con-3-5-anos","7":"product_cat-ninos-entre-los-6-y-8-anos","8":"product_cat-dinosaurios","9":"product_cat-juguetes-de-bateria","10":"product_cat-juguetes-de-ninos","11":"desktop-align-left","12":"tablet-align-left","13":"mobile-align-center","14":"ast-product-gallery-layout-horizontal-slider","15":"ast-product-tabs-layout-horizontal","17":"first","18":"instock","19":"sale","20":"taxable","21":"shipping-taxable","22":"purchasable","23":"product-type-simple"},"yoast_head":"<!-- This site is optimized with the Yoast SEO plugin v27.3 - https:\/\/yoast.com\/product\/yoast-seo-wordpress\/ -->\n<title>Divertido Dinosaurio Pone Huevos -<\/title>\n<meta name=\"description\" content=\"\ud83d\ude0dHermoso y divertido Dinosaurio para ni\u00f1os, que camina, pone huevos, emite \u2728luces y sonido\ud83c\udfbc ayuda a estimular la visi\u00f3n de su beb\u00e9, a tocar y explorar, ayudar a desarrollar su capacidad cognitiva.\ud83d\udc76\" \/>\n<meta name=\"robots\" content=\"index, follow, max-snippet:-1, max-image-preview:large, max-video-preview:-1\" \/>\n<link rel=\"canonical\" href=\"https:\/\/megamercancias.com.co\/juguetes\/producto\/dinosaurio-ponehuevos\/\" \/>\n<meta property=\"og:locale\" content=\"es_ES\" \/>\n<meta property=\"og:type\" content=\"article\" \/>\n<meta property=\"og:title\" content=\"Divertido Dinosaurio Pone Huevos -\" \/>\n<meta property=\"og:description\" content=\"\ud83d\ude0dHermoso y divertido Dinosaurio para ni\u00f1os, que camina, pone huevos, emite \u2728luces y sonido\ud83c\udfbc ayuda a estimular la visi\u00f3n de su beb\u00e9, a tocar y explorar, ayudar a desarrollar su capacidad cognitiva.\ud83d\udc76\" \/>\n<meta property=\"og:url\" content=\"https:\/\/megamercancias.com.co\/juguetes\/producto\/dinosaurio-ponehuevos\/\" \/>\n<meta property=\"article:publisher\" content=\"https:\/\/www.facebook.com\/Megamercancias.com.co\/\" \/>\n<meta property=\"article:modified_time\" content=\"2023-11-08T01:32:46+00:00\" \/>\n<meta property=\"og:image\" content=\"https:\/\/megamercancias.com.co\/juguetes\/wp-content\/uploads\/2021\/08\/juguete-dinosaurio.jpg\" \/>\n\t<meta property=\"og:image:width\" content=\"1000\" \/>\n\t<meta property=\"og:image:height\" content=\"1300\" \/>\n\t<meta property=\"og:image:type\" content=\"image\/jpeg\" \/>\n<meta name=\"twitter:card\" content=\"summary_large_image\" \/>\n<meta name=\"twitter:label1\" content=\"Tiempo de lectura\" \/>\n\t<meta name=\"twitter:data1\" content=\"1 minuto\" \/>\n<script type=\"application\/ld+json\" class=\"yoast-schema-graph\">{\"@context\":\"https:\\\/\\\/schema.org\",\"@graph\":[{\"@type\":\"WebPage\",\"@id\":\"https:\\\/\\\/megamercancias.com.co\\\/juguetes\\\/producto\\\/dinosaurio-ponehuevos\\\/\",\"url\":\"https:\\\/\\\/megamercancias.com.co\\\/juguetes\\\/producto\\\/dinosaurio-ponehuevos\\\/\",\"name\":\"Divertido Dinosaurio Pone Huevos -\",\"isPartOf\":{\"@id\":\"https:\\\/\\\/megamercancias.com.co\\\/juguetes\\\/#website\"},\"primaryImageOfPage\":{\"@id\":\"https:\\\/\\\/megamercancias.com.co\\\/juguetes\\\/producto\\\/dinosaurio-ponehuevos\\\/#primaryimage\"},\"image\":{\"@id\":\"https:\\\/\\\/megamercancias.com.co\\\/juguetes\\\/producto\\\/dinosaurio-ponehuevos\\\/#primaryimage\"},\"thumbnailUrl\":\"https:\\\/\\\/megamercancias.com.co\\\/juguetes\\\/wp-content\\\/uploads\\\/2021\\\/08\\\/juguete-dinosaurio.jpg\",\"datePublished\":\"2021-08-20T16:34:02+00:00\",\"dateModified\":\"2023-11-08T01:32:46+00:00\",\"description\":\"\ud83d\ude0dHermoso y divertido Dinosaurio para ni\u00f1os, que camina, pone huevos, emite \u2728luces y sonido\ud83c\udfbc ayuda a estimular la visi\u00f3n de su beb\u00e9, a tocar y explorar, ayudar a desarrollar su capacidad cognitiva.\ud83d\udc76\",\"breadcrumb\":{\"@id\":\"https:\\\/\\\/megamercancias.com.co\\\/juguetes\\\/producto\\\/dinosaurio-ponehuevos\\\/#breadcrumb\"},\"inLanguage\":\"es\",\"potentialAction\":[{\"@type\":\"ReadAction\",\"target\":[\"https:\\\/\\\/megamercancias.com.co\\\/juguetes\\\/producto\\\/dinosaurio-ponehuevos\\\/\"]}]},{\"@type\":\"ImageObject\",\"inLanguage\":\"es\",\"@id\":\"https:\\\/\\\/megamercancias.com.co\\\/juguetes\\\/producto\\\/dinosaurio-ponehuevos\\\/#primaryimage\",\"url\":\"https:\\\/\\\/megamercancias.com.co\\\/juguetes\\\/wp-content\\\/uploads\\\/2021\\\/08\\\/juguete-dinosaurio.jpg\",\"contentUrl\":\"https:\\\/\\\/megamercancias.com.co\\\/juguetes\\\/wp-content\\\/uploads\\\/2021\\\/08\\\/juguete-dinosaurio.jpg\",\"width\":1000,\"height\":1300},{\"@type\":\"BreadcrumbList\",\"@id\":\"https:\\\/\\\/megamercancias.com.co\\\/juguetes\\\/producto\\\/dinosaurio-ponehuevos\\\/#breadcrumb\",\"itemListElement\":[{\"@type\":\"ListItem\",\"position\":1,\"name\":\"Portada\",\"item\":\"https:\\\/\\\/megamercancias.com.co\\\/juguetes\\\/\"},{\"@type\":\"ListItem\",\"position\":2,\"name\":\"Tienda\",\"item\":\"https:\\\/\\\/megamercancias.com.co\\\/juguetes\\\/shop\\\/\"},{\"@type\":\"ListItem\",\"position\":3,\"name\":\"Divertido Dinosaurio Pone Huevos\"}]},{\"@type\":\"WebSite\",\"@id\":\"https:\\\/\\\/megamercancias.com.co\\\/juguetes\\\/#website\",\"url\":\"https:\\\/\\\/megamercancias.com.co\\\/juguetes\\\/\",\"name\":\"Juguetes Felices\",\"description\":\"Jugueter\u00eda\",\"publisher\":{\"@id\":\"https:\\\/\\\/megamercancias.com.co\\\/juguetes\\\/#organization\"},\"potentialAction\":[{\"@type\":\"SearchAction\",\"target\":{\"@type\":\"EntryPoint\",\"urlTemplate\":\"https:\\\/\\\/megamercancias.com.co\\\/juguetes\\\/?s={search_term_string}\"},\"query-input\":{\"@type\":\"PropertyValueSpecification\",\"valueRequired\":true,\"valueName\":\"search_term_string\"}}],\"inLanguage\":\"es\"},{\"@type\":\"Organization\",\"@id\":\"https:\\\/\\\/megamercancias.com.co\\\/juguetes\\\/#organization\",\"name\":\"Megamercancias\",\"url\":\"https:\\\/\\\/megamercancias.com.co\\\/juguetes\\\/\",\"logo\":{\"@type\":\"ImageObject\",\"inLanguage\":\"es\",\"@id\":\"https:\\\/\\\/megamercancias.com.co\\\/juguetes\\\/#\\\/schema\\\/logo\\\/image\\\/\",\"url\":\"https:\\\/\\\/megamercancias.com.co\\\/juguetes\\\/wp-content\\\/uploads\\\/2023\\\/10\\\/Logo-Final.webp\",\"contentUrl\":\"https:\\\/\\\/megamercancias.com.co\\\/juguetes\\\/wp-content\\\/uploads\\\/2023\\\/10\\\/Logo-Final.webp\",\"width\":510,\"height\":250,\"caption\":\"Megamercancias\"},\"image\":{\"@id\":\"https:\\\/\\\/megamercancias.com.co\\\/juguetes\\\/#\\\/schema\\\/logo\\\/image\\\/\"},\"sameAs\":[\"https:\\\/\\\/www.facebook.com\\\/Megamercancias.com.co\\\/\",\"https:\\\/\\\/www.instagram.com\\\/naidu_megamercancias\\\/\"]}]}<\/script>\n<!-- \/ Yoast SEO plugin. -->","yoast_head_json":{"title":"Divertido Dinosaurio Pone Huevos -","description":"\ud83d\ude0dHermoso y divertido Dinosaurio para ni\u00f1os, que camina, pone huevos, emite \u2728luces y sonido\ud83c\udfbc ayuda a estimular la visi\u00f3n de su beb\u00e9, a tocar y explorar, ayudar a desarrollar su capacidad cognitiva.\ud83d\udc76","robots":{"index":"index","follow":"follow","max-snippet":"max-snippet:-1","max-image-preview":"max-image-preview:large","max-video-preview":"max-video-preview:-1"},"canonical":"https:\/\/megamercancias.com.co\/juguetes\/producto\/dinosaurio-ponehuevos\/","og_locale":"es_ES","og_type":"article","og_title":"Divertido Dinosaurio Pone Huevos -","og_description":"\ud83d\ude0dHermoso y divertido Dinosaurio para ni\u00f1os, que camina, pone huevos, emite \u2728luces y sonido\ud83c\udfbc ayuda a estimular la visi\u00f3n de su beb\u00e9, a tocar y explorar, ayudar a desarrollar su capacidad cognitiva.\ud83d\udc76","og_url":"https:\/\/megamercancias.com.co\/juguetes\/producto\/dinosaurio-ponehuevos\/","article_publisher":"https:\/\/www.facebook.com\/Megamercancias.com.co\/","article_modified_time":"2023-11-08T01:32:46+00:00","og_image":[{"width":1000,"height":1300,"url":"https:\/\/megamercancias.com.co\/juguetes\/wp-content\/uploads\/2021\/08\/juguete-dinosaurio.jpg","type":"image\/jpeg"}],"twitter_card":"summary_large_image","twitter_misc":{"Tiempo de lectura":"1 minuto"},"schema":{"@context":"https:\/\/schema.org","@graph":[{"@type":"WebPage","@id":"https:\/\/megamercancias.com.co\/juguetes\/producto\/dinosaurio-ponehuevos\/","url":"https:\/\/megamercancias.com.co\/juguetes\/producto\/dinosaurio-ponehuevos\/","name":"Divertido Dinosaurio Pone Huevos -","isPartOf":{"@id":"https:\/\/megamercancias.com.co\/juguetes\/#website"},"primaryImageOfPage":{"@id":"https:\/\/megamercancias.com.co\/juguetes\/producto\/dinosaurio-ponehuevos\/#primaryimage"},"image":{"@id":"https:\/\/megamercancias.com.co\/juguetes\/producto\/dinosaurio-ponehuevos\/#primaryimage"},"thumbnailUrl":"https:\/\/megamercancias.com.co\/juguetes\/wp-content\/uploads\/2021\/08\/juguete-dinosaurio.jpg","datePublished":"2021-08-20T16:34:02+00:00","dateModified":"2023-11-08T01:32:46+00:00","description":"\ud83d\ude0dHermoso y divertido Dinosaurio para ni\u00f1os, que camina, pone huevos, emite \u2728luces y sonido\ud83c\udfbc ayuda a estimular la visi\u00f3n de su beb\u00e9, a tocar y explorar, ayudar a desarrollar su capacidad cognitiva.\ud83d\udc76","breadcrumb":{"@id":"https:\/\/megamercancias.com.co\/juguetes\/producto\/dinosaurio-ponehuevos\/#breadcrumb"},"inLanguage":"es","potentialAction":[{"@type":"ReadAction","target":["https:\/\/megamercancias.com.co\/juguetes\/producto\/dinosaurio-ponehuevos\/"]}]},{"@type":"ImageObject","inLanguage":"es","@id":"https:\/\/megamercancias.com.co\/juguetes\/producto\/dinosaurio-ponehuevos\/#primaryimage","url":"https:\/\/megamercancias.com.co\/juguetes\/wp-content\/uploads\/2021\/08\/juguete-dinosaurio.jpg","contentUrl":"https:\/\/megamercancias.com.co\/juguetes\/wp-content\/uploads\/2021\/08\/juguete-dinosaurio.jpg","width":1000,"height":1300},{"@type":"BreadcrumbList","@id":"https:\/\/megamercancias.com.co\/juguetes\/producto\/dinosaurio-ponehuevos\/#breadcrumb","itemListElement":[{"@type":"ListItem","position":1,"name":"Portada","item":"https:\/\/megamercancias.com.co\/juguetes\/"},{"@type":"ListItem","position":2,"name":"Tienda","item":"https:\/\/megamercancias.com.co\/juguetes\/shop\/"},{"@type":"ListItem","position":3,"name":"Divertido Dinosaurio Pone Huevos"}]},{"@type":"WebSite","@id":"https:\/\/megamercancias.com.co\/juguetes\/#website","url":"https:\/\/megamercancias.com.co\/juguetes\/","name":"Juguetes Felices","description":"Jugueter\u00eda","publisher":{"@id":"https:\/\/megamercancias.com.co\/juguetes\/#organization"},"potentialAction":[{"@type":"SearchAction","target":{"@type":"EntryPoint","urlTemplate":"https:\/\/megamercancias.com.co\/juguetes\/?s={search_term_string}"},"query-input":{"@type":"PropertyValueSpecification","valueRequired":true,"valueName":"search_term_string"}}],"inLanguage":"es"},{"@type":"Organization","@id":"https:\/\/megamercancias.com.co\/juguetes\/#organization","name":"Megamercancias","url":"https:\/\/megamercancias.com.co\/juguetes\/","logo":{"@type":"ImageObject","inLanguage":"es","@id":"https:\/\/megamercancias.com.co\/juguetes\/#\/schema\/logo\/image\/","url":"https:\/\/megamercancias.com.co\/juguetes\/wp-content\/uploads\/2023\/10\/Logo-Final.webp","contentUrl":"https:\/\/megamercancias.com.co\/juguetes\/wp-content\/uploads\/2023\/10\/Logo-Final.webp","width":510,"height":250,"caption":"Megamercancias"},"image":{"@id":"https:\/\/megamercancias.com.co\/juguetes\/#\/schema\/logo\/image\/"},"sameAs":["https:\/\/www.facebook.com\/Megamercancias.com.co\/","https:\/\/www.instagram.com\/naidu_megamercancias\/"]}]}},"uagb_featured_image_src":{"full":["https:\/\/megamercancias.com.co\/juguetes\/wp-content\/uploads\/2021\/08\/juguete-dinosaurio.jpg",1000,1300,false],"thumbnail":["https:\/\/megamercancias.com.co\/juguetes\/wp-content\/uploads\/2021\/08\/juguete-dinosaurio-150x150.jpg",150,150,true],"medium":["https:\/\/megamercancias.com.co\/juguetes\/wp-content\/uploads\/2021\/08\/juguete-dinosaurio-231x300.jpg",231,300,true],"medium_large":["https:\/\/megamercancias.com.co\/juguetes\/wp-content\/uploads\/2021\/08\/juguete-dinosaurio-768x998.jpg",768,998,true],"large":["https:\/\/megamercancias.com.co\/juguetes\/wp-content\/uploads\/2021\/08\/juguete-dinosaurio-788x1024.jpg",788,1024,true],"1536x1536":["https:\/\/megamercancias.com.co\/juguetes\/wp-content\/uploads\/2021\/08\/juguete-dinosaurio.jpg",1000,1300,false],"2048x2048":["https:\/\/megamercancias.com.co\/juguetes\/wp-content\/uploads\/2021\/08\/juguete-dinosaurio.jpg",1000,1300,false],"widget-thumbnail":["https:\/\/megamercancias.com.co\/juguetes\/wp-content\/uploads\/2021\/08\/juguete-dinosaurio.jpg",58,75,false],"woocommerce_thumbnail":["https:\/\/megamercancias.com.co\/juguetes\/wp-content\/uploads\/2021\/08\/juguete-dinosaurio-300x300.jpg",300,300,true],"woocommerce_single":["https:\/\/megamercancias.com.co\/juguetes\/wp-content\/uploads\/2021\/08\/juguete-dinosaurio-600x780.jpg",600,780,true],"woocommerce_gallery_thumbnail":["https:\/\/megamercancias.com.co\/juguetes\/wp-content\/uploads\/2021\/08\/juguete-dinosaurio-100x100.jpg",100,100,true],"dgwt-wcas-product-suggestion":["https:\/\/megamercancias.com.co\/juguetes\/wp-content\/uploads\/2021\/08\/juguete-dinosaurio-64x83.jpg",64,83,true]},"uagb_author_info":{"display_name":"Megamercanc\u00edas","author_link":"https:\/\/megamercancias.com.co\/juguetes\/author\/"},"uagb_comment_info":0,"uagb_excerpt":"\ud83d\ude0dHermoso y divertido Dinosaurio\ud83e\udd96\u00a0pone huevos para ni\u00f1os, que camina, pone huevos, emite luces \u2728y sonido\ud83c\udfbc , con un dise\u00f1o bonito de animales, puede ayudar a estimular la visi\u00f3n \ud83d\udc41\ufe0fde su beb\u00e9, animar al beb\u00e9 a tocar y explorar, ayudar a desarrollar su capacidad cognitiva.\ud83d\udc76","_links":{"self":[{"href":"https:\/\/megamercancias.com.co\/juguetes\/wp-json\/wp\/v2\/product\/340","targetHints":{"allow":["GET"]}}],"collection":[{"href":"https:\/\/megamercancias.com.co\/juguetes\/wp-json\/wp\/v2\/product"}],"about":[{"href":"https:\/\/megamercancias.com.co\/juguetes\/wp-json\/wp\/v2\/types\/product"}],"wp:featuredmedia":[{"embeddable":true,"href":"https:\/\/megamercancias.com.co\/juguetes\/wp-json\/wp\/v2\/media\/1446"}],"wp:attachment":[{"href":"https:\/\/megamercancias.com.co\/juguetes\/wp-json\/wp\/v2\/media?parent=340"}],"wp:term":[{"taxonomy":"product_brand","embeddable":true,"href":"https:\/\/megamercancias.com.co\/juguetes\/wp-json\/wp\/v2\/product_brand?post=340"},{"taxonomy":"product_cat","embeddable":true,"href":"https:\/\/megamercancias.com.co\/juguetes\/wp-json\/wp\/v2\/product_cat?post=340"},{"taxonomy":"product_tag","embeddable":true,"href":"https:\/\/megamercancias.com.co\/juguetes\/wp-json\/wp\/v2\/product_tag?post=340"}],"curies":[{"name":"wp","href":"https:\/\/api.w.org\/{rel}","templated":true}]}}