{"id":339,"date":"2021-08-20T11:32:48","date_gmt":"2021-08-20T16:32:48","guid":{"rendered":"https:\/\/megamercancias.com.co\/juguetes\/index.php\/producto\/almond-milk-lotion\/"},"modified":"2024-12-04T21:33:35","modified_gmt":"2024-12-05T02:33:35","slug":"carro-dinosaurio","status":"publish","type":"product","link":"https:\/\/megamercancias.com.co\/juguetes\/producto\/carro-dinosaurio\/","title":{"rendered":"Carro Cabeza Dinosaurio Monster"},"content":{"rendered":"<ul>\n<li>Ficha T\u00e9cnica:<\/li>\n<li>Material: Plastico libre de BPA<\/li>\n<li>Dimensiones : 12 cm x 11 cm x 8 cm<\/li>\n<li>Apto para bebes + 3 A\u00f1os<\/li>\n<li>Funcionamiento : Tres Bater\u00edas AA ( No Incluidas )<\/li>\n<\/ul>\n<p>&nbsp;<\/p>\n<ul>\n<li>ADVERTENCIA: \u00abEste producto puede contener piezas peque\u00f1as, por lo que pueden no ser adecuados para ni\u00f1os menores de 3 a\u00f1os por representar riesgo de asfixia.<\/li>\n<\/ul>\n<p>** _Para defectos de f\u00e1brica o retractos: \\_Por favor revise el producto apenas lo reciba y antes de usarlo. No aplican ley de retracto o defectos de f\u00e1brica luego de usar el producto. Se manejan m\u00e1ximo 5 d\u00edas para reportar defectos de f\u00e1brica (por ejemplo, producto funciona mal, piezas faltantes, rotas, etc). Para hacer efectiva la devoluci\u00f3n el producto debe devolverse con el empaque original, el cual debe estar en buen estado, incluir todos los documentos y las partes completas y sin da\u00f1os.<\/p>\n","protected":false},"excerpt":{"rendered":"<p>\ud83d\ude0dHermoso y divertido carro monster Dinosaurio para ni\u00f1os con luces, sonido y movimiento.<\/p>\n<p>Al encender el interruptor el auto enciende sus luces, emite sonidos y se mueve en diferentes direcciones autom\u00e1ticamente.\ud83d\ude97<\/p>\n<p>Este puede ser el primer auto para tu hijo, permiti\u00e9ndole que desarrolle la coordinaci\u00f3n de las manos y los ojos, la cognici\u00f3n y la capacidad de reconocimiento de sonidos de forma activa audici\u00f3n.\ud83d\ude0d<\/p>\n","protected":false},"featured_media":1448,"template":"","meta":{"_uag_custom_page_level_css":"","site-sidebar-layout":"default","site-content-layout":"content-boxed-container","ast-site-content-layout":"normal-width-container","site-content-style":"boxed","site-sidebar-style":"unboxed","ast-global-header-display":"","ast-banner-title-visibility":"","ast-main-header-display":"","ast-hfb-above-header-display":"","ast-hfb-below-header-display":"","ast-hfb-mobile-header-display":"","site-post-title":"","ast-breadcrumbs-content":"","ast-featured-img":"","footer-sml-layout":"","theme-transparent-header-meta":"default","adv-header-id-meta":"","stick-header-meta":"default","header-above-stick-meta":"","header-main-stick-meta":"","header-below-stick-meta":"","astra-migrate-meta-layouts":"set","ast-page-background-enabled":"default","ast-page-background-meta":{"desktop":{"background-color":"var(--ast-global-color-4)","background-image":"","background-repeat":"repeat","background-position":"center center","background-size":"auto","background-attachment":"scroll","background-type":"","background-media":"","overlay-type":"","overlay-color":"","overlay-opacity":"","overlay-gradient":""},"tablet":{"background-color":"","background-image":"","background-repeat":"repeat","background-position":"center center","background-size":"auto","background-attachment":"scroll","background-type":"","background-media":"","overlay-type":"","overlay-color":"","overlay-opacity":"","overlay-gradient":""},"mobile":{"background-color":"","background-image":"","background-repeat":"repeat","background-position":"center center","background-size":"auto","background-attachment":"scroll","background-type":"","background-media":"","overlay-type":"","overlay-color":"","overlay-opacity":"","overlay-gradient":""}},"ast-content-background-meta":{"desktop":{"background-color":"var(--ast-global-color-5)","background-image":"","background-repeat":"repeat","background-position":"center center","background-size":"auto","background-attachment":"scroll","background-type":"","background-media":"","overlay-type":"","overlay-color":"","overlay-opacity":"","overlay-gradient":""},"tablet":{"background-color":"var(--ast-global-color-5)","background-image":"","background-repeat":"repeat","background-position":"center center","background-size":"auto","background-attachment":"scroll","background-type":"","background-media":"","overlay-type":"","overlay-color":"","overlay-opacity":"","overlay-gradient":""},"mobile":{"background-color":"var(--ast-global-color-5)","background-image":"","background-repeat":"repeat","background-position":"center center","background-size":"auto","background-attachment":"scroll","background-type":"","background-media":"","overlay-type":"","overlay-color":"","overlay-opacity":"","overlay-gradient":""}},"_joinchat":[]},"product_brand":[],"product_cat":[40,41,19,21,60],"product_tag":[79,78,77],"class_list":{"0":"post-339","1":"product","2":"type-product","3":"status-publish","4":"has-post-thumbnail","6":"product_cat-ninos-con-3-5-anos","7":"product_cat-ninos-entre-los-6-y-8-anos","8":"product_cat-dinosaurios","9":"product_cat-juguetes-de-bateria","10":"product_cat-juguetes-de-ninos","11":"product_tag-carro-bateria","12":"product_tag-carro-cabeza-dinosaurio","13":"product_tag-dinosaurios","14":"desktop-align-left","15":"tablet-align-left","16":"mobile-align-center","17":"ast-product-gallery-layout-horizontal-slider","18":"ast-product-tabs-layout-horizontal","20":"first","21":"instock","22":"sale","23":"taxable","24":"shipping-taxable","25":"purchasable","26":"product-type-simple"},"yoast_head":"<!-- This site is optimized with the Yoast SEO plugin v27.3 - https:\/\/yoast.com\/product\/yoast-seo-wordpress\/ -->\n<title>Carro Cabeza Dinosaurio Monster -<\/title>\n<meta name=\"description\" content=\"\ud83d\ude0dHermoso y divertido carro monster Dinosaurio para ni\u00f1os con luces, sonido y movimiento. Al encender el auto enciende sus luces, emite sonidos y se mueve.\ud83d\ude97\" \/>\n<meta name=\"robots\" content=\"index, follow, max-snippet:-1, max-image-preview:large, max-video-preview:-1\" \/>\n<link rel=\"canonical\" href=\"https:\/\/megamercancias.com.co\/juguetes\/producto\/carro-dinosaurio\/\" \/>\n<meta property=\"og:locale\" content=\"es_ES\" \/>\n<meta property=\"og:type\" content=\"article\" \/>\n<meta property=\"og:title\" content=\"Carro Cabeza Dinosaurio Monster -\" \/>\n<meta property=\"og:description\" content=\"\ud83d\ude0dHermoso y divertido carro monster Dinosaurio para ni\u00f1os con luces, sonido y movimiento. Al encender el auto enciende sus luces, emite sonidos y se mueve.\ud83d\ude97\" \/>\n<meta property=\"og:url\" content=\"https:\/\/megamercancias.com.co\/juguetes\/producto\/carro-dinosaurio\/\" \/>\n<meta property=\"article:publisher\" content=\"https:\/\/www.facebook.com\/Megamercancias.com.co\/\" \/>\n<meta property=\"article:modified_time\" content=\"2024-12-05T02:33:35+00:00\" \/>\n<meta property=\"og:image\" content=\"https:\/\/megamercancias.com.co\/juguetes\/wp-content\/uploads\/2021\/08\/cabezadino1.webp\" \/>\n\t<meta property=\"og:image:width\" content=\"340\" \/>\n\t<meta property=\"og:image:height\" content=\"340\" \/>\n\t<meta property=\"og:image:type\" content=\"image\/webp\" \/>\n<meta name=\"twitter:card\" content=\"summary_large_image\" \/>\n<meta name=\"twitter:label1\" content=\"Tiempo de lectura\" \/>\n\t<meta name=\"twitter:data1\" content=\"1 minuto\" \/>\n<script type=\"application\/ld+json\" class=\"yoast-schema-graph\">{\"@context\":\"https:\\\/\\\/schema.org\",\"@graph\":[{\"@type\":\"WebPage\",\"@id\":\"https:\\\/\\\/megamercancias.com.co\\\/juguetes\\\/producto\\\/carro-dinosaurio\\\/\",\"url\":\"https:\\\/\\\/megamercancias.com.co\\\/juguetes\\\/producto\\\/carro-dinosaurio\\\/\",\"name\":\"Carro Cabeza Dinosaurio Monster -\",\"isPartOf\":{\"@id\":\"https:\\\/\\\/megamercancias.com.co\\\/juguetes\\\/#website\"},\"primaryImageOfPage\":{\"@id\":\"https:\\\/\\\/megamercancias.com.co\\\/juguetes\\\/producto\\\/carro-dinosaurio\\\/#primaryimage\"},\"image\":{\"@id\":\"https:\\\/\\\/megamercancias.com.co\\\/juguetes\\\/producto\\\/carro-dinosaurio\\\/#primaryimage\"},\"thumbnailUrl\":\"https:\\\/\\\/megamercancias.com.co\\\/juguetes\\\/wp-content\\\/uploads\\\/2021\\\/08\\\/cabezadino1.webp\",\"datePublished\":\"2021-08-20T16:32:48+00:00\",\"dateModified\":\"2024-12-05T02:33:35+00:00\",\"description\":\"\ud83d\ude0dHermoso y divertido carro monster Dinosaurio para ni\u00f1os con luces, sonido y movimiento. Al encender el auto enciende sus luces, emite sonidos y se mueve.\ud83d\ude97\",\"breadcrumb\":{\"@id\":\"https:\\\/\\\/megamercancias.com.co\\\/juguetes\\\/producto\\\/carro-dinosaurio\\\/#breadcrumb\"},\"inLanguage\":\"es\",\"potentialAction\":[{\"@type\":\"ReadAction\",\"target\":[\"https:\\\/\\\/megamercancias.com.co\\\/juguetes\\\/producto\\\/carro-dinosaurio\\\/\"]}]},{\"@type\":\"ImageObject\",\"inLanguage\":\"es\",\"@id\":\"https:\\\/\\\/megamercancias.com.co\\\/juguetes\\\/producto\\\/carro-dinosaurio\\\/#primaryimage\",\"url\":\"https:\\\/\\\/megamercancias.com.co\\\/juguetes\\\/wp-content\\\/uploads\\\/2021\\\/08\\\/cabezadino1.webp\",\"contentUrl\":\"https:\\\/\\\/megamercancias.com.co\\\/juguetes\\\/wp-content\\\/uploads\\\/2021\\\/08\\\/cabezadino1.webp\",\"width\":340,\"height\":340},{\"@type\":\"BreadcrumbList\",\"@id\":\"https:\\\/\\\/megamercancias.com.co\\\/juguetes\\\/producto\\\/carro-dinosaurio\\\/#breadcrumb\",\"itemListElement\":[{\"@type\":\"ListItem\",\"position\":1,\"name\":\"Portada\",\"item\":\"https:\\\/\\\/megamercancias.com.co\\\/juguetes\\\/\"},{\"@type\":\"ListItem\",\"position\":2,\"name\":\"Tienda\",\"item\":\"https:\\\/\\\/megamercancias.com.co\\\/juguetes\\\/shop\\\/\"},{\"@type\":\"ListItem\",\"position\":3,\"name\":\"Carro Cabeza Dinosaurio Monster\"}]},{\"@type\":\"WebSite\",\"@id\":\"https:\\\/\\\/megamercancias.com.co\\\/juguetes\\\/#website\",\"url\":\"https:\\\/\\\/megamercancias.com.co\\\/juguetes\\\/\",\"name\":\"Juguetes Felices\",\"description\":\"Jugueter\u00eda\",\"publisher\":{\"@id\":\"https:\\\/\\\/megamercancias.com.co\\\/juguetes\\\/#organization\"},\"potentialAction\":[{\"@type\":\"SearchAction\",\"target\":{\"@type\":\"EntryPoint\",\"urlTemplate\":\"https:\\\/\\\/megamercancias.com.co\\\/juguetes\\\/?s={search_term_string}\"},\"query-input\":{\"@type\":\"PropertyValueSpecification\",\"valueRequired\":true,\"valueName\":\"search_term_string\"}}],\"inLanguage\":\"es\"},{\"@type\":\"Organization\",\"@id\":\"https:\\\/\\\/megamercancias.com.co\\\/juguetes\\\/#organization\",\"name\":\"Megamercancias\",\"url\":\"https:\\\/\\\/megamercancias.com.co\\\/juguetes\\\/\",\"logo\":{\"@type\":\"ImageObject\",\"inLanguage\":\"es\",\"@id\":\"https:\\\/\\\/megamercancias.com.co\\\/juguetes\\\/#\\\/schema\\\/logo\\\/image\\\/\",\"url\":\"https:\\\/\\\/megamercancias.com.co\\\/juguetes\\\/wp-content\\\/uploads\\\/2023\\\/10\\\/Logo-Final.webp\",\"contentUrl\":\"https:\\\/\\\/megamercancias.com.co\\\/juguetes\\\/wp-content\\\/uploads\\\/2023\\\/10\\\/Logo-Final.webp\",\"width\":510,\"height\":250,\"caption\":\"Megamercancias\"},\"image\":{\"@id\":\"https:\\\/\\\/megamercancias.com.co\\\/juguetes\\\/#\\\/schema\\\/logo\\\/image\\\/\"},\"sameAs\":[\"https:\\\/\\\/www.facebook.com\\\/Megamercancias.com.co\\\/\",\"https:\\\/\\\/www.instagram.com\\\/naidu_megamercancias\\\/\"]}]}<\/script>\n<!-- \/ Yoast SEO plugin. -->","yoast_head_json":{"title":"Carro Cabeza Dinosaurio Monster -","description":"\ud83d\ude0dHermoso y divertido carro monster Dinosaurio para ni\u00f1os con luces, sonido y movimiento. Al encender el auto enciende sus luces, emite sonidos y se mueve.\ud83d\ude97","robots":{"index":"index","follow":"follow","max-snippet":"max-snippet:-1","max-image-preview":"max-image-preview:large","max-video-preview":"max-video-preview:-1"},"canonical":"https:\/\/megamercancias.com.co\/juguetes\/producto\/carro-dinosaurio\/","og_locale":"es_ES","og_type":"article","og_title":"Carro Cabeza Dinosaurio Monster -","og_description":"\ud83d\ude0dHermoso y divertido carro monster Dinosaurio para ni\u00f1os con luces, sonido y movimiento. Al encender el auto enciende sus luces, emite sonidos y se mueve.\ud83d\ude97","og_url":"https:\/\/megamercancias.com.co\/juguetes\/producto\/carro-dinosaurio\/","article_publisher":"https:\/\/www.facebook.com\/Megamercancias.com.co\/","article_modified_time":"2024-12-05T02:33:35+00:00","og_image":[{"width":340,"height":340,"url":"https:\/\/megamercancias.com.co\/juguetes\/wp-content\/uploads\/2021\/08\/cabezadino1.webp","type":"image\/webp"}],"twitter_card":"summary_large_image","twitter_misc":{"Tiempo de lectura":"1 minuto"},"schema":{"@context":"https:\/\/schema.org","@graph":[{"@type":"WebPage","@id":"https:\/\/megamercancias.com.co\/juguetes\/producto\/carro-dinosaurio\/","url":"https:\/\/megamercancias.com.co\/juguetes\/producto\/carro-dinosaurio\/","name":"Carro Cabeza Dinosaurio Monster -","isPartOf":{"@id":"https:\/\/megamercancias.com.co\/juguetes\/#website"},"primaryImageOfPage":{"@id":"https:\/\/megamercancias.com.co\/juguetes\/producto\/carro-dinosaurio\/#primaryimage"},"image":{"@id":"https:\/\/megamercancias.com.co\/juguetes\/producto\/carro-dinosaurio\/#primaryimage"},"thumbnailUrl":"https:\/\/megamercancias.com.co\/juguetes\/wp-content\/uploads\/2021\/08\/cabezadino1.webp","datePublished":"2021-08-20T16:32:48+00:00","dateModified":"2024-12-05T02:33:35+00:00","description":"\ud83d\ude0dHermoso y divertido carro monster Dinosaurio para ni\u00f1os con luces, sonido y movimiento. Al encender el auto enciende sus luces, emite sonidos y se mueve.\ud83d\ude97","breadcrumb":{"@id":"https:\/\/megamercancias.com.co\/juguetes\/producto\/carro-dinosaurio\/#breadcrumb"},"inLanguage":"es","potentialAction":[{"@type":"ReadAction","target":["https:\/\/megamercancias.com.co\/juguetes\/producto\/carro-dinosaurio\/"]}]},{"@type":"ImageObject","inLanguage":"es","@id":"https:\/\/megamercancias.com.co\/juguetes\/producto\/carro-dinosaurio\/#primaryimage","url":"https:\/\/megamercancias.com.co\/juguetes\/wp-content\/uploads\/2021\/08\/cabezadino1.webp","contentUrl":"https:\/\/megamercancias.com.co\/juguetes\/wp-content\/uploads\/2021\/08\/cabezadino1.webp","width":340,"height":340},{"@type":"BreadcrumbList","@id":"https:\/\/megamercancias.com.co\/juguetes\/producto\/carro-dinosaurio\/#breadcrumb","itemListElement":[{"@type":"ListItem","position":1,"name":"Portada","item":"https:\/\/megamercancias.com.co\/juguetes\/"},{"@type":"ListItem","position":2,"name":"Tienda","item":"https:\/\/megamercancias.com.co\/juguetes\/shop\/"},{"@type":"ListItem","position":3,"name":"Carro Cabeza Dinosaurio Monster"}]},{"@type":"WebSite","@id":"https:\/\/megamercancias.com.co\/juguetes\/#website","url":"https:\/\/megamercancias.com.co\/juguetes\/","name":"Juguetes Felices","description":"Jugueter\u00eda","publisher":{"@id":"https:\/\/megamercancias.com.co\/juguetes\/#organization"},"potentialAction":[{"@type":"SearchAction","target":{"@type":"EntryPoint","urlTemplate":"https:\/\/megamercancias.com.co\/juguetes\/?s={search_term_string}"},"query-input":{"@type":"PropertyValueSpecification","valueRequired":true,"valueName":"search_term_string"}}],"inLanguage":"es"},{"@type":"Organization","@id":"https:\/\/megamercancias.com.co\/juguetes\/#organization","name":"Megamercancias","url":"https:\/\/megamercancias.com.co\/juguetes\/","logo":{"@type":"ImageObject","inLanguage":"es","@id":"https:\/\/megamercancias.com.co\/juguetes\/#\/schema\/logo\/image\/","url":"https:\/\/megamercancias.com.co\/juguetes\/wp-content\/uploads\/2023\/10\/Logo-Final.webp","contentUrl":"https:\/\/megamercancias.com.co\/juguetes\/wp-content\/uploads\/2023\/10\/Logo-Final.webp","width":510,"height":250,"caption":"Megamercancias"},"image":{"@id":"https:\/\/megamercancias.com.co\/juguetes\/#\/schema\/logo\/image\/"},"sameAs":["https:\/\/www.facebook.com\/Megamercancias.com.co\/","https:\/\/www.instagram.com\/naidu_megamercancias\/"]}]}},"uagb_featured_image_src":{"full":["https:\/\/megamercancias.com.co\/juguetes\/wp-content\/uploads\/2021\/08\/cabezadino1.webp",340,340,false],"thumbnail":["https:\/\/megamercancias.com.co\/juguetes\/wp-content\/uploads\/2021\/08\/cabezadino1-150x150.webp",150,150,true],"medium":["https:\/\/megamercancias.com.co\/juguetes\/wp-content\/uploads\/2021\/08\/cabezadino1-300x300.webp",300,300,true],"medium_large":["https:\/\/megamercancias.com.co\/juguetes\/wp-content\/uploads\/2021\/08\/cabezadino1.webp",340,340,false],"large":["https:\/\/megamercancias.com.co\/juguetes\/wp-content\/uploads\/2021\/08\/cabezadino1.webp",340,340,false],"1536x1536":["https:\/\/megamercancias.com.co\/juguetes\/wp-content\/uploads\/2021\/08\/cabezadino1.webp",340,340,false],"2048x2048":["https:\/\/megamercancias.com.co\/juguetes\/wp-content\/uploads\/2021\/08\/cabezadino1.webp",340,340,false],"widget-thumbnail":["https:\/\/megamercancias.com.co\/juguetes\/wp-content\/uploads\/2021\/08\/cabezadino1.webp",75,75,false],"woocommerce_thumbnail":["https:\/\/megamercancias.com.co\/juguetes\/wp-content\/uploads\/2021\/08\/cabezadino1-300x300.webp",300,300,true],"woocommerce_single":["https:\/\/megamercancias.com.co\/juguetes\/wp-content\/uploads\/2021\/08\/cabezadino1.webp",340,340,false],"woocommerce_gallery_thumbnail":["https:\/\/megamercancias.com.co\/juguetes\/wp-content\/uploads\/2021\/08\/cabezadino1-100x100.webp",100,100,true],"dgwt-wcas-product-suggestion":["https:\/\/megamercancias.com.co\/juguetes\/wp-content\/uploads\/2021\/08\/cabezadino1-64x64.webp",64,64,true]},"uagb_author_info":{"display_name":"Megamercanc\u00edas","author_link":"https:\/\/megamercancias.com.co\/juguetes\/author\/"},"uagb_comment_info":0,"uagb_excerpt":"\ud83d\ude0dHermoso y divertido carro monster Dinosaurio para ni\u00f1os con luces, sonido y movimiento. Al encender el interruptor el auto enciende sus luces, emite sonidos y se mueve en diferentes direcciones autom\u00e1ticamente.\ud83d\ude97 Este puede ser el primer auto para tu hijo, permiti\u00e9ndole que desarrolle la coordinaci\u00f3n de las manos y los ojos, la cognici\u00f3n y la&hellip;","_links":{"self":[{"href":"https:\/\/megamercancias.com.co\/juguetes\/wp-json\/wp\/v2\/product\/339","targetHints":{"allow":["GET"]}}],"collection":[{"href":"https:\/\/megamercancias.com.co\/juguetes\/wp-json\/wp\/v2\/product"}],"about":[{"href":"https:\/\/megamercancias.com.co\/juguetes\/wp-json\/wp\/v2\/types\/product"}],"wp:featuredmedia":[{"embeddable":true,"href":"https:\/\/megamercancias.com.co\/juguetes\/wp-json\/wp\/v2\/media\/1448"}],"wp:attachment":[{"href":"https:\/\/megamercancias.com.co\/juguetes\/wp-json\/wp\/v2\/media?parent=339"}],"wp:term":[{"taxonomy":"product_brand","embeddable":true,"href":"https:\/\/megamercancias.com.co\/juguetes\/wp-json\/wp\/v2\/product_brand?post=339"},{"taxonomy":"product_cat","embeddable":true,"href":"https:\/\/megamercancias.com.co\/juguetes\/wp-json\/wp\/v2\/product_cat?post=339"},{"taxonomy":"product_tag","embeddable":true,"href":"https:\/\/megamercancias.com.co\/juguetes\/wp-json\/wp\/v2\/product_tag?post=339"}],"curies":[{"name":"wp","href":"https:\/\/api.w.org\/{rel}","templated":true}]}}