{"id":2354,"date":"2024-12-09T19:48:22","date_gmt":"2024-12-10T00:48:22","guid":{"rendered":"https:\/\/megamercancias.com.co\/juguetes\/?post_type=product&#038;p=2354"},"modified":"2024-12-23T17:17:56","modified_gmt":"2024-12-23T22:17:56","slug":"caja-registradora","status":"publish","type":"product","link":"https:\/\/megamercancias.com.co\/juguetes\/producto\/caja-registradora\/","title":{"rendered":"Caja Registradora De Juguete Para Ni\u00f1a Con Accesorios"},"content":{"rendered":"<p>La caja Contiene:<br \/>\n&#8211; 4 Billetes.<br \/>\n-1 Tarjeta Cr\u00e9dito.<br \/>\n-1 Moneda.<br \/>\n&#8211; 1 Caja registradora con un escaner simulado<br \/>\n&#8211; 1 Soporte de Escaner<\/p>\n<p>Ficha T\u00e9cnica:<br \/>\nDimensiones de la caja registradora : 23 cm largo x 12 cm ancho x 14.5 cm altura<br \/>\nAlimentaci\u00f3n: 3 Baterias AA ( Incluidas )<br \/>\nEdad Apta : + 3 a\u00f1os<\/p>\n<p>Largo: 23cm<br \/>\nAncho: 13cm<br \/>\nAltura: 13cm<\/p>\n","protected":false},"excerpt":{"rendered":"<p>\ud83d\ude0dHermosa y divertida caja Caja registradora para ni\u00f1as, con banda deslizable , para ense\u00f1ar a las ni\u00f1as la din\u00e1mica comercial donde podr\u00e1 (sumar, restar, conocer el valor de los billetes, el uso de t\u00e9rminos econ\u00f3micos como venta, precio producto, cliente, etc.) las funciones de la caja son las siguientes:<\/p>\n<p>1. Trae un pantalla LCD con una calculadora (donde se pueden hacer cuentas, y operaciones b\u00e1sicas de suma, resta, multiplicaci\u00f3n y dividisi\u00f3n).<br \/>\n2.. Tiene una ranura de tarjeta para cuando la pases saldar el valor que aparece en la pantalla.<br \/>\n3. Posee un peque\u00f1o escaner para simular escanear los billetes y los productos.<br \/>\n4. Trae una minibalanza donde puede simular el peso de los productos<br \/>\n6. Trae una compartimiento para incertar la tarjeta de credito\/ debito y un bot\u00f3n para encender las luces<br \/>\n7. La caja abre al pulsar el bot\u00f3 \u00abOpen\u00bb emitiendo otro sonido.<br \/>\n8. El compartimiento que abre, trae el espacio para guardar las monedas.<\/p>\n<p>\ud83d\ude9a <strong>Env\u00edo a las principales ciudades del pa\u00eds<\/strong><br \/>\n\ud83d\udcb3 <strong>Pago contra entrega<\/strong> \u2013 \u00a1Sin complicaciones!<\/p>\n","protected":false},"featured_media":2358,"template":"","meta":{"_uag_custom_page_level_css":"","site-sidebar-layout":"default","site-content-layout":"","ast-site-content-layout":"default","site-content-style":"default","site-sidebar-style":"default","ast-global-header-display":"","ast-banner-title-visibility":"","ast-main-header-display":"","ast-hfb-above-header-display":"","ast-hfb-below-header-display":"","ast-hfb-mobile-header-display":"","site-post-title":"","ast-breadcrumbs-content":"","ast-featured-img":"","footer-sml-layout":"","theme-transparent-header-meta":"default","adv-header-id-meta":"","stick-header-meta":"default","header-above-stick-meta":"","header-main-stick-meta":"","header-below-stick-meta":"","astra-migrate-meta-layouts":"set","ast-page-background-enabled":"default","ast-page-background-meta":{"desktop":{"background-color":"var(--ast-global-color-4)","background-image":"","background-repeat":"repeat","background-position":"center center","background-size":"auto","background-attachment":"scroll","background-type":"","background-media":"","overlay-type":"","overlay-color":"","overlay-opacity":"","overlay-gradient":""},"tablet":{"background-color":"","background-image":"","background-repeat":"repeat","background-position":"center center","background-size":"auto","background-attachment":"scroll","background-type":"","background-media":"","overlay-type":"","overlay-color":"","overlay-opacity":"","overlay-gradient":""},"mobile":{"background-color":"","background-image":"","background-repeat":"repeat","background-position":"center center","background-size":"auto","background-attachment":"scroll","background-type":"","background-media":"","overlay-type":"","overlay-color":"","overlay-opacity":"","overlay-gradient":""}},"ast-content-background-meta":{"desktop":{"background-color":"var(--ast-global-color-5)","background-image":"","background-repeat":"repeat","background-position":"center center","background-size":"auto","background-attachment":"scroll","background-type":"","background-media":"","overlay-type":"","overlay-color":"","overlay-opacity":"","overlay-gradient":""},"tablet":{"background-color":"var(--ast-global-color-5)","background-image":"","background-repeat":"repeat","background-position":"center center","background-size":"auto","background-attachment":"scroll","background-type":"","background-media":"","overlay-type":"","overlay-color":"","overlay-opacity":"","overlay-gradient":""},"mobile":{"background-color":"var(--ast-global-color-5)","background-image":"","background-repeat":"repeat","background-position":"center center","background-size":"auto","background-attachment":"scroll","background-type":"","background-media":"","overlay-type":"","overlay-color":"","overlay-opacity":"","overlay-gradient":""}},"_joinchat":[]},"product_brand":[],"product_cat":[40,41,42,61],"product_tag":[162,163,164],"class_list":{"0":"post-2354","1":"product","2":"type-product","3":"status-publish","4":"has-post-thumbnail","6":"product_cat-ninos-con-3-5-anos","7":"product_cat-ninos-entre-los-6-y-8-anos","8":"product_cat-edades-entre-los-9-y-12","9":"product_cat-juguetes-de-ninas","10":"product_tag-caja-registradora","11":"product_tag-juguete-caja-registradora","12":"product_tag-registradora-didactica","13":"desktop-align-left","14":"tablet-align-left","15":"mobile-align-center","16":"ast-product-gallery-layout-horizontal-slider","17":"ast-product-tabs-layout-horizontal","19":"first","20":"instock","21":"sale","22":"taxable","23":"shipping-taxable","24":"purchasable","25":"product-type-simple"},"yoast_head":"<!-- This site is optimized with the Yoast SEO plugin v27.3 - https:\/\/yoast.com\/product\/yoast-seo-wordpress\/ -->\n<title>Caja Registradora De Juguete Para Ni\u00f1a Con Accesorios -<\/title>\n<meta name=\"description\" content=\"\ud83d\ude0dHermosa y divertida Caja registradora para ni\u00f1as, con banda deslizable , para ense\u00f1ar a las ni\u00f1as la din\u00e1mica comercial para sumar, restar y vender\ud83e\udd29\" \/>\n<meta name=\"robots\" content=\"index, follow, max-snippet:-1, max-image-preview:large, max-video-preview:-1\" \/>\n<link rel=\"canonical\" href=\"https:\/\/megamercancias.com.co\/juguetes\/producto\/caja-registradora\/\" \/>\n<meta property=\"og:locale\" content=\"es_ES\" \/>\n<meta property=\"og:type\" content=\"article\" \/>\n<meta property=\"og:title\" content=\"Caja Registradora De Juguete Para Ni\u00f1a Con Accesorios -\" \/>\n<meta property=\"og:description\" content=\"\ud83d\ude0dHermosa y divertida Caja registradora para ni\u00f1as, con banda deslizable , para ense\u00f1ar a las ni\u00f1as la din\u00e1mica comercial para sumar, restar y vender\ud83e\udd29\" \/>\n<meta property=\"og:url\" content=\"https:\/\/megamercancias.com.co\/juguetes\/producto\/caja-registradora\/\" \/>\n<meta property=\"article:publisher\" content=\"https:\/\/www.facebook.com\/Megamercancias.com.co\/\" \/>\n<meta property=\"article:modified_time\" content=\"2024-12-23T22:17:56+00:00\" \/>\n<meta property=\"og:image\" content=\"https:\/\/megamercancias.com.co\/juguetes\/wp-content\/uploads\/2024\/12\/Caja-registradora4.webp\" \/>\n\t<meta property=\"og:image:width\" content=\"500\" \/>\n\t<meta property=\"og:image:height\" content=\"391\" \/>\n\t<meta property=\"og:image:type\" content=\"image\/webp\" \/>\n<meta name=\"twitter:card\" content=\"summary_large_image\" \/>\n<meta name=\"twitter:label1\" content=\"Tiempo de lectura\" \/>\n\t<meta name=\"twitter:data1\" content=\"1 minuto\" \/>\n<script type=\"application\/ld+json\" class=\"yoast-schema-graph\">{\"@context\":\"https:\\\/\\\/schema.org\",\"@graph\":[{\"@type\":\"WebPage\",\"@id\":\"https:\\\/\\\/megamercancias.com.co\\\/juguetes\\\/producto\\\/caja-registradora\\\/\",\"url\":\"https:\\\/\\\/megamercancias.com.co\\\/juguetes\\\/producto\\\/caja-registradora\\\/\",\"name\":\"Caja Registradora De Juguete Para Ni\u00f1a Con Accesorios -\",\"isPartOf\":{\"@id\":\"https:\\\/\\\/megamercancias.com.co\\\/juguetes\\\/#website\"},\"primaryImageOfPage\":{\"@id\":\"https:\\\/\\\/megamercancias.com.co\\\/juguetes\\\/producto\\\/caja-registradora\\\/#primaryimage\"},\"image\":{\"@id\":\"https:\\\/\\\/megamercancias.com.co\\\/juguetes\\\/producto\\\/caja-registradora\\\/#primaryimage\"},\"thumbnailUrl\":\"https:\\\/\\\/megamercancias.com.co\\\/juguetes\\\/wp-content\\\/uploads\\\/2024\\\/12\\\/Caja-registradora4.webp\",\"datePublished\":\"2024-12-10T00:48:22+00:00\",\"dateModified\":\"2024-12-23T22:17:56+00:00\",\"description\":\"\ud83d\ude0dHermosa y divertida Caja registradora para ni\u00f1as, con banda deslizable , para ense\u00f1ar a las ni\u00f1as la din\u00e1mica comercial para sumar, restar y vender\ud83e\udd29\",\"breadcrumb\":{\"@id\":\"https:\\\/\\\/megamercancias.com.co\\\/juguetes\\\/producto\\\/caja-registradora\\\/#breadcrumb\"},\"inLanguage\":\"es\",\"potentialAction\":[{\"@type\":\"ReadAction\",\"target\":[\"https:\\\/\\\/megamercancias.com.co\\\/juguetes\\\/producto\\\/caja-registradora\\\/\"]}]},{\"@type\":\"ImageObject\",\"inLanguage\":\"es\",\"@id\":\"https:\\\/\\\/megamercancias.com.co\\\/juguetes\\\/producto\\\/caja-registradora\\\/#primaryimage\",\"url\":\"https:\\\/\\\/megamercancias.com.co\\\/juguetes\\\/wp-content\\\/uploads\\\/2024\\\/12\\\/Caja-registradora4.webp\",\"contentUrl\":\"https:\\\/\\\/megamercancias.com.co\\\/juguetes\\\/wp-content\\\/uploads\\\/2024\\\/12\\\/Caja-registradora4.webp\",\"width\":500,\"height\":391},{\"@type\":\"BreadcrumbList\",\"@id\":\"https:\\\/\\\/megamercancias.com.co\\\/juguetes\\\/producto\\\/caja-registradora\\\/#breadcrumb\",\"itemListElement\":[{\"@type\":\"ListItem\",\"position\":1,\"name\":\"Portada\",\"item\":\"https:\\\/\\\/megamercancias.com.co\\\/juguetes\\\/\"},{\"@type\":\"ListItem\",\"position\":2,\"name\":\"Tienda\",\"item\":\"https:\\\/\\\/megamercancias.com.co\\\/juguetes\\\/shop\\\/\"},{\"@type\":\"ListItem\",\"position\":3,\"name\":\"Caja Registradora De Juguete Para Ni\u00f1a Con Accesorios\"}]},{\"@type\":\"WebSite\",\"@id\":\"https:\\\/\\\/megamercancias.com.co\\\/juguetes\\\/#website\",\"url\":\"https:\\\/\\\/megamercancias.com.co\\\/juguetes\\\/\",\"name\":\"Juguetes Felices\",\"description\":\"Jugueter\u00eda\",\"publisher\":{\"@id\":\"https:\\\/\\\/megamercancias.com.co\\\/juguetes\\\/#organization\"},\"potentialAction\":[{\"@type\":\"SearchAction\",\"target\":{\"@type\":\"EntryPoint\",\"urlTemplate\":\"https:\\\/\\\/megamercancias.com.co\\\/juguetes\\\/?s={search_term_string}\"},\"query-input\":{\"@type\":\"PropertyValueSpecification\",\"valueRequired\":true,\"valueName\":\"search_term_string\"}}],\"inLanguage\":\"es\"},{\"@type\":\"Organization\",\"@id\":\"https:\\\/\\\/megamercancias.com.co\\\/juguetes\\\/#organization\",\"name\":\"Megamercancias\",\"url\":\"https:\\\/\\\/megamercancias.com.co\\\/juguetes\\\/\",\"logo\":{\"@type\":\"ImageObject\",\"inLanguage\":\"es\",\"@id\":\"https:\\\/\\\/megamercancias.com.co\\\/juguetes\\\/#\\\/schema\\\/logo\\\/image\\\/\",\"url\":\"https:\\\/\\\/megamercancias.com.co\\\/juguetes\\\/wp-content\\\/uploads\\\/2023\\\/10\\\/Logo-Final.webp\",\"contentUrl\":\"https:\\\/\\\/megamercancias.com.co\\\/juguetes\\\/wp-content\\\/uploads\\\/2023\\\/10\\\/Logo-Final.webp\",\"width\":510,\"height\":250,\"caption\":\"Megamercancias\"},\"image\":{\"@id\":\"https:\\\/\\\/megamercancias.com.co\\\/juguetes\\\/#\\\/schema\\\/logo\\\/image\\\/\"},\"sameAs\":[\"https:\\\/\\\/www.facebook.com\\\/Megamercancias.com.co\\\/\",\"https:\\\/\\\/www.instagram.com\\\/naidu_megamercancias\\\/\"]}]}<\/script>\n<!-- \/ Yoast SEO plugin. -->","yoast_head_json":{"title":"Caja Registradora De Juguete Para Ni\u00f1a Con Accesorios -","description":"\ud83d\ude0dHermosa y divertida Caja registradora para ni\u00f1as, con banda deslizable , para ense\u00f1ar a las ni\u00f1as la din\u00e1mica comercial para sumar, restar y vender\ud83e\udd29","robots":{"index":"index","follow":"follow","max-snippet":"max-snippet:-1","max-image-preview":"max-image-preview:large","max-video-preview":"max-video-preview:-1"},"canonical":"https:\/\/megamercancias.com.co\/juguetes\/producto\/caja-registradora\/","og_locale":"es_ES","og_type":"article","og_title":"Caja Registradora De Juguete Para Ni\u00f1a Con Accesorios -","og_description":"\ud83d\ude0dHermosa y divertida Caja registradora para ni\u00f1as, con banda deslizable , para ense\u00f1ar a las ni\u00f1as la din\u00e1mica comercial para sumar, restar y vender\ud83e\udd29","og_url":"https:\/\/megamercancias.com.co\/juguetes\/producto\/caja-registradora\/","article_publisher":"https:\/\/www.facebook.com\/Megamercancias.com.co\/","article_modified_time":"2024-12-23T22:17:56+00:00","og_image":[{"width":500,"height":391,"url":"https:\/\/megamercancias.com.co\/juguetes\/wp-content\/uploads\/2024\/12\/Caja-registradora4.webp","type":"image\/webp"}],"twitter_card":"summary_large_image","twitter_misc":{"Tiempo de lectura":"1 minuto"},"schema":{"@context":"https:\/\/schema.org","@graph":[{"@type":"WebPage","@id":"https:\/\/megamercancias.com.co\/juguetes\/producto\/caja-registradora\/","url":"https:\/\/megamercancias.com.co\/juguetes\/producto\/caja-registradora\/","name":"Caja Registradora De Juguete Para Ni\u00f1a Con Accesorios -","isPartOf":{"@id":"https:\/\/megamercancias.com.co\/juguetes\/#website"},"primaryImageOfPage":{"@id":"https:\/\/megamercancias.com.co\/juguetes\/producto\/caja-registradora\/#primaryimage"},"image":{"@id":"https:\/\/megamercancias.com.co\/juguetes\/producto\/caja-registradora\/#primaryimage"},"thumbnailUrl":"https:\/\/megamercancias.com.co\/juguetes\/wp-content\/uploads\/2024\/12\/Caja-registradora4.webp","datePublished":"2024-12-10T00:48:22+00:00","dateModified":"2024-12-23T22:17:56+00:00","description":"\ud83d\ude0dHermosa y divertida Caja registradora para ni\u00f1as, con banda deslizable , para ense\u00f1ar a las ni\u00f1as la din\u00e1mica comercial para sumar, restar y vender\ud83e\udd29","breadcrumb":{"@id":"https:\/\/megamercancias.com.co\/juguetes\/producto\/caja-registradora\/#breadcrumb"},"inLanguage":"es","potentialAction":[{"@type":"ReadAction","target":["https:\/\/megamercancias.com.co\/juguetes\/producto\/caja-registradora\/"]}]},{"@type":"ImageObject","inLanguage":"es","@id":"https:\/\/megamercancias.com.co\/juguetes\/producto\/caja-registradora\/#primaryimage","url":"https:\/\/megamercancias.com.co\/juguetes\/wp-content\/uploads\/2024\/12\/Caja-registradora4.webp","contentUrl":"https:\/\/megamercancias.com.co\/juguetes\/wp-content\/uploads\/2024\/12\/Caja-registradora4.webp","width":500,"height":391},{"@type":"BreadcrumbList","@id":"https:\/\/megamercancias.com.co\/juguetes\/producto\/caja-registradora\/#breadcrumb","itemListElement":[{"@type":"ListItem","position":1,"name":"Portada","item":"https:\/\/megamercancias.com.co\/juguetes\/"},{"@type":"ListItem","position":2,"name":"Tienda","item":"https:\/\/megamercancias.com.co\/juguetes\/shop\/"},{"@type":"ListItem","position":3,"name":"Caja Registradora De Juguete Para Ni\u00f1a Con Accesorios"}]},{"@type":"WebSite","@id":"https:\/\/megamercancias.com.co\/juguetes\/#website","url":"https:\/\/megamercancias.com.co\/juguetes\/","name":"Juguetes Felices","description":"Jugueter\u00eda","publisher":{"@id":"https:\/\/megamercancias.com.co\/juguetes\/#organization"},"potentialAction":[{"@type":"SearchAction","target":{"@type":"EntryPoint","urlTemplate":"https:\/\/megamercancias.com.co\/juguetes\/?s={search_term_string}"},"query-input":{"@type":"PropertyValueSpecification","valueRequired":true,"valueName":"search_term_string"}}],"inLanguage":"es"},{"@type":"Organization","@id":"https:\/\/megamercancias.com.co\/juguetes\/#organization","name":"Megamercancias","url":"https:\/\/megamercancias.com.co\/juguetes\/","logo":{"@type":"ImageObject","inLanguage":"es","@id":"https:\/\/megamercancias.com.co\/juguetes\/#\/schema\/logo\/image\/","url":"https:\/\/megamercancias.com.co\/juguetes\/wp-content\/uploads\/2023\/10\/Logo-Final.webp","contentUrl":"https:\/\/megamercancias.com.co\/juguetes\/wp-content\/uploads\/2023\/10\/Logo-Final.webp","width":510,"height":250,"caption":"Megamercancias"},"image":{"@id":"https:\/\/megamercancias.com.co\/juguetes\/#\/schema\/logo\/image\/"},"sameAs":["https:\/\/www.facebook.com\/Megamercancias.com.co\/","https:\/\/www.instagram.com\/naidu_megamercancias\/"]}]}},"uagb_featured_image_src":{"full":["https:\/\/megamercancias.com.co\/juguetes\/wp-content\/uploads\/2024\/12\/Caja-registradora4.webp",500,391,false],"thumbnail":["https:\/\/megamercancias.com.co\/juguetes\/wp-content\/uploads\/2024\/12\/Caja-registradora4-150x150.webp",150,150,true],"medium":["https:\/\/megamercancias.com.co\/juguetes\/wp-content\/uploads\/2024\/12\/Caja-registradora4-300x235.webp",300,235,true],"medium_large":["https:\/\/megamercancias.com.co\/juguetes\/wp-content\/uploads\/2024\/12\/Caja-registradora4.webp",500,391,false],"large":["https:\/\/megamercancias.com.co\/juguetes\/wp-content\/uploads\/2024\/12\/Caja-registradora4.webp",500,391,false],"1536x1536":["https:\/\/megamercancias.com.co\/juguetes\/wp-content\/uploads\/2024\/12\/Caja-registradora4.webp",500,391,false],"2048x2048":["https:\/\/megamercancias.com.co\/juguetes\/wp-content\/uploads\/2024\/12\/Caja-registradora4.webp",500,391,false],"widget-thumbnail":["https:\/\/megamercancias.com.co\/juguetes\/wp-content\/uploads\/2024\/12\/Caja-registradora4-75x75.webp",75,75,true],"woocommerce_thumbnail":["https:\/\/megamercancias.com.co\/juguetes\/wp-content\/uploads\/2024\/12\/Caja-registradora4-300x300.webp",300,300,true],"woocommerce_single":["https:\/\/megamercancias.com.co\/juguetes\/wp-content\/uploads\/2024\/12\/Caja-registradora4.webp",500,391,false],"woocommerce_gallery_thumbnail":["https:\/\/megamercancias.com.co\/juguetes\/wp-content\/uploads\/2024\/12\/Caja-registradora4-100x100.webp",100,100,true],"dgwt-wcas-product-suggestion":["https:\/\/megamercancias.com.co\/juguetes\/wp-content\/uploads\/2024\/12\/Caja-registradora4-64x50.webp",64,50,true]},"uagb_author_info":{"display_name":"Megamercanc\u00edas","author_link":"https:\/\/megamercancias.com.co\/juguetes\/author\/"},"uagb_comment_info":0,"uagb_excerpt":"\ud83d\ude0dHermosa y divertida caja Caja registradora para ni\u00f1as, con banda deslizable , para ense\u00f1ar a las ni\u00f1as la din\u00e1mica comercial donde podr\u00e1 (sumar, restar, conocer el valor de los billetes, el uso de t\u00e9rminos econ\u00f3micos como venta, precio producto, cliente, etc.) las funciones de la caja son las siguientes: 1. Trae un pantalla LCD con&hellip;","_links":{"self":[{"href":"https:\/\/megamercancias.com.co\/juguetes\/wp-json\/wp\/v2\/product\/2354","targetHints":{"allow":["GET"]}}],"collection":[{"href":"https:\/\/megamercancias.com.co\/juguetes\/wp-json\/wp\/v2\/product"}],"about":[{"href":"https:\/\/megamercancias.com.co\/juguetes\/wp-json\/wp\/v2\/types\/product"}],"wp:featuredmedia":[{"embeddable":true,"href":"https:\/\/megamercancias.com.co\/juguetes\/wp-json\/wp\/v2\/media\/2358"}],"wp:attachment":[{"href":"https:\/\/megamercancias.com.co\/juguetes\/wp-json\/wp\/v2\/media?parent=2354"}],"wp:term":[{"taxonomy":"product_brand","embeddable":true,"href":"https:\/\/megamercancias.com.co\/juguetes\/wp-json\/wp\/v2\/product_brand?post=2354"},{"taxonomy":"product_cat","embeddable":true,"href":"https:\/\/megamercancias.com.co\/juguetes\/wp-json\/wp\/v2\/product_cat?post=2354"},{"taxonomy":"product_tag","embeddable":true,"href":"https:\/\/megamercancias.com.co\/juguetes\/wp-json\/wp\/v2\/product_tag?post=2354"}],"curies":[{"name":"wp","href":"https:\/\/api.w.org\/{rel}","templated":true}]}}