{"id":2338,"date":"2024-12-09T18:54:17","date_gmt":"2024-12-09T23:54:17","guid":{"rendered":"https:\/\/megamercancias.com.co\/juguetes\/?post_type=product&#038;p=2338"},"modified":"2024-12-09T19:25:43","modified_gmt":"2024-12-10T00:25:43","slug":"tractomula-vehiculos-armable","status":"publish","type":"product","link":"https:\/\/megamercancias.com.co\/juguetes\/producto\/tractomula-vehiculos-armable\/","title":{"rendered":"Cami\u00f3n Tractomula Ni\u00f1era Porta Veh\u00edculos Armables"},"content":{"rendered":"<p>Ficha T\u00e9cnica:<\/p>\n<p>Material : Pl\u00e1stico ABS no t\u00f3xico, inodoro e inofensivo<br \/>\nEdad Recomendada : + 3 A\u00f1os<br \/>\nMedidas del Cami\u00f3n : 40 cm x 10 cm<br \/>\nMedidas de los Veh\u00edculos : 10 cm x 8 cm<\/p>\n","protected":false},"excerpt":{"rendered":"<p>\ud83d\ude9b El Cami\u00f3n Ni\u00f1era Porta Veh\u00edculos con Herramientas de Ruedas Libres es perfecto para los peque\u00f1os constructores que quieren vivir grandes aventuras.\ud83d\ude9b<\/p>\n<p>\ud83e\uddb8Su misi\u00f3n ser\u00e1 transportar los veh\u00edculos hasta la obra y colaborar en la construcci\u00f3n, desarrollando su imaginaci\u00f3n y habilidades.\ud83e\uddb8<\/p>\n<p>\ud83d\udd27\ud83e\ude9bEl set incluye un destornillador con puntas intercambiables y una llave de pl\u00e1stico, que permiten desarmar y montar los camiones al quitar las ruedas y tornillos.\ud83d\udd27\ud83e\ude9b<\/p>\n<p>\u265f\ufe0fEste juguete de piezas armables ayuda a mejorar la memoria y la destreza manual de los ni\u00f1os mientras se divierten.\u265f\ufe0f<\/p>\n<p>\ud83c\udf81 Recomendado para mayores de 3 a\u00f1os, viene en una caja sellada y lista para regalar.<\/p>\n<p>\ud83d\ude9a <strong>Env\u00edo a las principales ciudades del pa\u00eds<\/strong><br \/>\n\ud83d\udcb3 <strong>Pago contra entrega<\/strong> \u2013 \u00a1Sin complicaciones!<\/p>\n","protected":false},"featured_media":2341,"template":"","meta":{"_uag_custom_page_level_css":"","site-sidebar-layout":"default","site-content-layout":"","ast-site-content-layout":"default","site-content-style":"default","site-sidebar-style":"default","ast-global-header-display":"","ast-banner-title-visibility":"","ast-main-header-display":"","ast-hfb-above-header-display":"","ast-hfb-below-header-display":"","ast-hfb-mobile-header-display":"","site-post-title":"","ast-breadcrumbs-content":"","ast-featured-img":"","footer-sml-layout":"","theme-transparent-header-meta":"default","adv-header-id-meta":"","stick-header-meta":"default","header-above-stick-meta":"","header-main-stick-meta":"","header-below-stick-meta":"","astra-migrate-meta-layouts":"set","ast-page-background-enabled":"default","ast-page-background-meta":{"desktop":{"background-color":"var(--ast-global-color-4)","background-image":"","background-repeat":"repeat","background-position":"center center","background-size":"auto","background-attachment":"scroll","background-type":"","background-media":"","overlay-type":"","overlay-color":"","overlay-opacity":"","overlay-gradient":""},"tablet":{"background-color":"","background-image":"","background-repeat":"repeat","background-position":"center center","background-size":"auto","background-attachment":"scroll","background-type":"","background-media":"","overlay-type":"","overlay-color":"","overlay-opacity":"","overlay-gradient":""},"mobile":{"background-color":"","background-image":"","background-repeat":"repeat","background-position":"center center","background-size":"auto","background-attachment":"scroll","background-type":"","background-media":"","overlay-type":"","overlay-color":"","overlay-opacity":"","overlay-gradient":""}},"ast-content-background-meta":{"desktop":{"background-color":"var(--ast-global-color-5)","background-image":"","background-repeat":"repeat","background-position":"center center","background-size":"auto","background-attachment":"scroll","background-type":"","background-media":"","overlay-type":"","overlay-color":"","overlay-opacity":"","overlay-gradient":""},"tablet":{"background-color":"var(--ast-global-color-5)","background-image":"","background-repeat":"repeat","background-position":"center center","background-size":"auto","background-attachment":"scroll","background-type":"","background-media":"","overlay-type":"","overlay-color":"","overlay-opacity":"","overlay-gradient":""},"mobile":{"background-color":"var(--ast-global-color-5)","background-image":"","background-repeat":"repeat","background-position":"center center","background-size":"auto","background-attachment":"scroll","background-type":"","background-media":"","overlay-type":"","overlay-color":"","overlay-opacity":"","overlay-gradient":""}},"_joinchat":[]},"product_brand":[],"product_cat":[40,41,42,60],"product_tag":[161,160],"class_list":{"0":"post-2338","1":"product","2":"type-product","3":"status-publish","4":"has-post-thumbnail","6":"product_cat-ninos-con-3-5-anos","7":"product_cat-ninos-entre-los-6-y-8-anos","8":"product_cat-edades-entre-los-9-y-12","9":"product_cat-juguetes-de-ninos","10":"product_tag-juguete-ninera-camiones","11":"product_tag-juguetes-tracto-mulas","12":"desktop-align-left","13":"tablet-align-left","14":"mobile-align-center","15":"ast-product-gallery-layout-horizontal-slider","16":"ast-product-tabs-layout-horizontal","18":"first","19":"instock","20":"sale","21":"taxable","22":"shipping-taxable","23":"purchasable","24":"product-type-simple"},"yoast_head":"<!-- This site is optimized with the Yoast SEO plugin v27.3 - https:\/\/yoast.com\/product\/yoast-seo-wordpress\/ -->\n<title>Cami\u00f3n Tractomula Ni\u00f1era Porta Veh\u00edculos Armables -<\/title>\n<meta name=\"description\" content=\"\ud83d\ude9b El Cami\u00f3n Ni\u00f1era Porta Veh\u00edculos con Herramientas de Ruedas Libres es perfecto para los peque\u00f1os constructores que quieren vivir grandes aventuras.\ud83d\ude9b\" \/>\n<meta name=\"robots\" content=\"index, follow, max-snippet:-1, max-image-preview:large, max-video-preview:-1\" \/>\n<link rel=\"canonical\" href=\"https:\/\/megamercancias.com.co\/juguetes\/producto\/tractomula-vehiculos-armable\/\" \/>\n<meta property=\"og:locale\" content=\"es_ES\" \/>\n<meta property=\"og:type\" content=\"article\" \/>\n<meta property=\"og:title\" content=\"Cami\u00f3n Tractomula Ni\u00f1era Porta Veh\u00edculos Armables -\" \/>\n<meta property=\"og:description\" content=\"\ud83d\ude9b El Cami\u00f3n Ni\u00f1era Porta Veh\u00edculos con Herramientas de Ruedas Libres es perfecto para los peque\u00f1os constructores que quieren vivir grandes aventuras.\ud83d\ude9b\" \/>\n<meta property=\"og:url\" content=\"https:\/\/megamercancias.com.co\/juguetes\/producto\/tractomula-vehiculos-armable\/\" \/>\n<meta property=\"article:publisher\" content=\"https:\/\/www.facebook.com\/Megamercancias.com.co\/\" \/>\n<meta property=\"article:modified_time\" content=\"2024-12-10T00:25:43+00:00\" \/>\n<meta property=\"og:image\" content=\"https:\/\/megamercancias.com.co\/juguetes\/wp-content\/uploads\/2024\/12\/ninera2.webp\" \/>\n\t<meta property=\"og:image:width\" content=\"459\" \/>\n\t<meta property=\"og:image:height\" content=\"500\" \/>\n\t<meta property=\"og:image:type\" content=\"image\/webp\" \/>\n<meta name=\"twitter:card\" content=\"summary_large_image\" \/>\n<meta name=\"twitter:label1\" content=\"Tiempo de lectura\" \/>\n\t<meta name=\"twitter:data1\" content=\"1 minuto\" \/>\n<script type=\"application\/ld+json\" class=\"yoast-schema-graph\">{\"@context\":\"https:\\\/\\\/schema.org\",\"@graph\":[{\"@type\":\"WebPage\",\"@id\":\"https:\\\/\\\/megamercancias.com.co\\\/juguetes\\\/producto\\\/tractomula-vehiculos-armable\\\/\",\"url\":\"https:\\\/\\\/megamercancias.com.co\\\/juguetes\\\/producto\\\/tractomula-vehiculos-armable\\\/\",\"name\":\"Cami\u00f3n Tractomula Ni\u00f1era Porta Veh\u00edculos Armables -\",\"isPartOf\":{\"@id\":\"https:\\\/\\\/megamercancias.com.co\\\/juguetes\\\/#website\"},\"primaryImageOfPage\":{\"@id\":\"https:\\\/\\\/megamercancias.com.co\\\/juguetes\\\/producto\\\/tractomula-vehiculos-armable\\\/#primaryimage\"},\"image\":{\"@id\":\"https:\\\/\\\/megamercancias.com.co\\\/juguetes\\\/producto\\\/tractomula-vehiculos-armable\\\/#primaryimage\"},\"thumbnailUrl\":\"https:\\\/\\\/megamercancias.com.co\\\/juguetes\\\/wp-content\\\/uploads\\\/2024\\\/12\\\/ninera2.webp\",\"datePublished\":\"2024-12-09T23:54:17+00:00\",\"dateModified\":\"2024-12-10T00:25:43+00:00\",\"description\":\"\ud83d\ude9b El Cami\u00f3n Ni\u00f1era Porta Veh\u00edculos con Herramientas de Ruedas Libres es perfecto para los peque\u00f1os constructores que quieren vivir grandes aventuras.\ud83d\ude9b\",\"breadcrumb\":{\"@id\":\"https:\\\/\\\/megamercancias.com.co\\\/juguetes\\\/producto\\\/tractomula-vehiculos-armable\\\/#breadcrumb\"},\"inLanguage\":\"es\",\"potentialAction\":[{\"@type\":\"ReadAction\",\"target\":[\"https:\\\/\\\/megamercancias.com.co\\\/juguetes\\\/producto\\\/tractomula-vehiculos-armable\\\/\"]}]},{\"@type\":\"ImageObject\",\"inLanguage\":\"es\",\"@id\":\"https:\\\/\\\/megamercancias.com.co\\\/juguetes\\\/producto\\\/tractomula-vehiculos-armable\\\/#primaryimage\",\"url\":\"https:\\\/\\\/megamercancias.com.co\\\/juguetes\\\/wp-content\\\/uploads\\\/2024\\\/12\\\/ninera2.webp\",\"contentUrl\":\"https:\\\/\\\/megamercancias.com.co\\\/juguetes\\\/wp-content\\\/uploads\\\/2024\\\/12\\\/ninera2.webp\",\"width\":459,\"height\":500},{\"@type\":\"BreadcrumbList\",\"@id\":\"https:\\\/\\\/megamercancias.com.co\\\/juguetes\\\/producto\\\/tractomula-vehiculos-armable\\\/#breadcrumb\",\"itemListElement\":[{\"@type\":\"ListItem\",\"position\":1,\"name\":\"Portada\",\"item\":\"https:\\\/\\\/megamercancias.com.co\\\/juguetes\\\/\"},{\"@type\":\"ListItem\",\"position\":2,\"name\":\"Tienda\",\"item\":\"https:\\\/\\\/megamercancias.com.co\\\/juguetes\\\/shop\\\/\"},{\"@type\":\"ListItem\",\"position\":3,\"name\":\"Cami\u00f3n Tractomula Ni\u00f1era Porta Veh\u00edculos Armables\"}]},{\"@type\":\"WebSite\",\"@id\":\"https:\\\/\\\/megamercancias.com.co\\\/juguetes\\\/#website\",\"url\":\"https:\\\/\\\/megamercancias.com.co\\\/juguetes\\\/\",\"name\":\"Juguetes Felices\",\"description\":\"Jugueter\u00eda\",\"publisher\":{\"@id\":\"https:\\\/\\\/megamercancias.com.co\\\/juguetes\\\/#organization\"},\"potentialAction\":[{\"@type\":\"SearchAction\",\"target\":{\"@type\":\"EntryPoint\",\"urlTemplate\":\"https:\\\/\\\/megamercancias.com.co\\\/juguetes\\\/?s={search_term_string}\"},\"query-input\":{\"@type\":\"PropertyValueSpecification\",\"valueRequired\":true,\"valueName\":\"search_term_string\"}}],\"inLanguage\":\"es\"},{\"@type\":\"Organization\",\"@id\":\"https:\\\/\\\/megamercancias.com.co\\\/juguetes\\\/#organization\",\"name\":\"Megamercancias\",\"url\":\"https:\\\/\\\/megamercancias.com.co\\\/juguetes\\\/\",\"logo\":{\"@type\":\"ImageObject\",\"inLanguage\":\"es\",\"@id\":\"https:\\\/\\\/megamercancias.com.co\\\/juguetes\\\/#\\\/schema\\\/logo\\\/image\\\/\",\"url\":\"https:\\\/\\\/megamercancias.com.co\\\/juguetes\\\/wp-content\\\/uploads\\\/2023\\\/10\\\/Logo-Final.webp\",\"contentUrl\":\"https:\\\/\\\/megamercancias.com.co\\\/juguetes\\\/wp-content\\\/uploads\\\/2023\\\/10\\\/Logo-Final.webp\",\"width\":510,\"height\":250,\"caption\":\"Megamercancias\"},\"image\":{\"@id\":\"https:\\\/\\\/megamercancias.com.co\\\/juguetes\\\/#\\\/schema\\\/logo\\\/image\\\/\"},\"sameAs\":[\"https:\\\/\\\/www.facebook.com\\\/Megamercancias.com.co\\\/\",\"https:\\\/\\\/www.instagram.com\\\/naidu_megamercancias\\\/\"]}]}<\/script>\n<!-- \/ Yoast SEO plugin. -->","yoast_head_json":{"title":"Cami\u00f3n Tractomula Ni\u00f1era Porta Veh\u00edculos Armables -","description":"\ud83d\ude9b El Cami\u00f3n Ni\u00f1era Porta Veh\u00edculos con Herramientas de Ruedas Libres es perfecto para los peque\u00f1os constructores que quieren vivir grandes aventuras.\ud83d\ude9b","robots":{"index":"index","follow":"follow","max-snippet":"max-snippet:-1","max-image-preview":"max-image-preview:large","max-video-preview":"max-video-preview:-1"},"canonical":"https:\/\/megamercancias.com.co\/juguetes\/producto\/tractomula-vehiculos-armable\/","og_locale":"es_ES","og_type":"article","og_title":"Cami\u00f3n Tractomula Ni\u00f1era Porta Veh\u00edculos Armables -","og_description":"\ud83d\ude9b El Cami\u00f3n Ni\u00f1era Porta Veh\u00edculos con Herramientas de Ruedas Libres es perfecto para los peque\u00f1os constructores que quieren vivir grandes aventuras.\ud83d\ude9b","og_url":"https:\/\/megamercancias.com.co\/juguetes\/producto\/tractomula-vehiculos-armable\/","article_publisher":"https:\/\/www.facebook.com\/Megamercancias.com.co\/","article_modified_time":"2024-12-10T00:25:43+00:00","og_image":[{"width":459,"height":500,"url":"https:\/\/megamercancias.com.co\/juguetes\/wp-content\/uploads\/2024\/12\/ninera2.webp","type":"image\/webp"}],"twitter_card":"summary_large_image","twitter_misc":{"Tiempo de lectura":"1 minuto"},"schema":{"@context":"https:\/\/schema.org","@graph":[{"@type":"WebPage","@id":"https:\/\/megamercancias.com.co\/juguetes\/producto\/tractomula-vehiculos-armable\/","url":"https:\/\/megamercancias.com.co\/juguetes\/producto\/tractomula-vehiculos-armable\/","name":"Cami\u00f3n Tractomula Ni\u00f1era Porta Veh\u00edculos Armables -","isPartOf":{"@id":"https:\/\/megamercancias.com.co\/juguetes\/#website"},"primaryImageOfPage":{"@id":"https:\/\/megamercancias.com.co\/juguetes\/producto\/tractomula-vehiculos-armable\/#primaryimage"},"image":{"@id":"https:\/\/megamercancias.com.co\/juguetes\/producto\/tractomula-vehiculos-armable\/#primaryimage"},"thumbnailUrl":"https:\/\/megamercancias.com.co\/juguetes\/wp-content\/uploads\/2024\/12\/ninera2.webp","datePublished":"2024-12-09T23:54:17+00:00","dateModified":"2024-12-10T00:25:43+00:00","description":"\ud83d\ude9b El Cami\u00f3n Ni\u00f1era Porta Veh\u00edculos con Herramientas de Ruedas Libres es perfecto para los peque\u00f1os constructores que quieren vivir grandes aventuras.\ud83d\ude9b","breadcrumb":{"@id":"https:\/\/megamercancias.com.co\/juguetes\/producto\/tractomula-vehiculos-armable\/#breadcrumb"},"inLanguage":"es","potentialAction":[{"@type":"ReadAction","target":["https:\/\/megamercancias.com.co\/juguetes\/producto\/tractomula-vehiculos-armable\/"]}]},{"@type":"ImageObject","inLanguage":"es","@id":"https:\/\/megamercancias.com.co\/juguetes\/producto\/tractomula-vehiculos-armable\/#primaryimage","url":"https:\/\/megamercancias.com.co\/juguetes\/wp-content\/uploads\/2024\/12\/ninera2.webp","contentUrl":"https:\/\/megamercancias.com.co\/juguetes\/wp-content\/uploads\/2024\/12\/ninera2.webp","width":459,"height":500},{"@type":"BreadcrumbList","@id":"https:\/\/megamercancias.com.co\/juguetes\/producto\/tractomula-vehiculos-armable\/#breadcrumb","itemListElement":[{"@type":"ListItem","position":1,"name":"Portada","item":"https:\/\/megamercancias.com.co\/juguetes\/"},{"@type":"ListItem","position":2,"name":"Tienda","item":"https:\/\/megamercancias.com.co\/juguetes\/shop\/"},{"@type":"ListItem","position":3,"name":"Cami\u00f3n Tractomula Ni\u00f1era Porta Veh\u00edculos Armables"}]},{"@type":"WebSite","@id":"https:\/\/megamercancias.com.co\/juguetes\/#website","url":"https:\/\/megamercancias.com.co\/juguetes\/","name":"Juguetes Felices","description":"Jugueter\u00eda","publisher":{"@id":"https:\/\/megamercancias.com.co\/juguetes\/#organization"},"potentialAction":[{"@type":"SearchAction","target":{"@type":"EntryPoint","urlTemplate":"https:\/\/megamercancias.com.co\/juguetes\/?s={search_term_string}"},"query-input":{"@type":"PropertyValueSpecification","valueRequired":true,"valueName":"search_term_string"}}],"inLanguage":"es"},{"@type":"Organization","@id":"https:\/\/megamercancias.com.co\/juguetes\/#organization","name":"Megamercancias","url":"https:\/\/megamercancias.com.co\/juguetes\/","logo":{"@type":"ImageObject","inLanguage":"es","@id":"https:\/\/megamercancias.com.co\/juguetes\/#\/schema\/logo\/image\/","url":"https:\/\/megamercancias.com.co\/juguetes\/wp-content\/uploads\/2023\/10\/Logo-Final.webp","contentUrl":"https:\/\/megamercancias.com.co\/juguetes\/wp-content\/uploads\/2023\/10\/Logo-Final.webp","width":510,"height":250,"caption":"Megamercancias"},"image":{"@id":"https:\/\/megamercancias.com.co\/juguetes\/#\/schema\/logo\/image\/"},"sameAs":["https:\/\/www.facebook.com\/Megamercancias.com.co\/","https:\/\/www.instagram.com\/naidu_megamercancias\/"]}]}},"uagb_featured_image_src":{"full":["https:\/\/megamercancias.com.co\/juguetes\/wp-content\/uploads\/2024\/12\/ninera2.webp",459,500,false],"thumbnail":["https:\/\/megamercancias.com.co\/juguetes\/wp-content\/uploads\/2024\/12\/ninera2-150x150.webp",150,150,true],"medium":["https:\/\/megamercancias.com.co\/juguetes\/wp-content\/uploads\/2024\/12\/ninera2-275x300.webp",275,300,true],"medium_large":["https:\/\/megamercancias.com.co\/juguetes\/wp-content\/uploads\/2024\/12\/ninera2.webp",459,500,false],"large":["https:\/\/megamercancias.com.co\/juguetes\/wp-content\/uploads\/2024\/12\/ninera2.webp",459,500,false],"1536x1536":["https:\/\/megamercancias.com.co\/juguetes\/wp-content\/uploads\/2024\/12\/ninera2.webp",459,500,false],"2048x2048":["https:\/\/megamercancias.com.co\/juguetes\/wp-content\/uploads\/2024\/12\/ninera2.webp",459,500,false],"widget-thumbnail":["https:\/\/megamercancias.com.co\/juguetes\/wp-content\/uploads\/2024\/12\/ninera2-75x75.webp",75,75,true],"woocommerce_thumbnail":["https:\/\/megamercancias.com.co\/juguetes\/wp-content\/uploads\/2024\/12\/ninera2-300x300.webp",300,300,true],"woocommerce_single":["https:\/\/megamercancias.com.co\/juguetes\/wp-content\/uploads\/2024\/12\/ninera2.webp",459,500,false],"woocommerce_gallery_thumbnail":["https:\/\/megamercancias.com.co\/juguetes\/wp-content\/uploads\/2024\/12\/ninera2-100x100.webp",100,100,true],"dgwt-wcas-product-suggestion":["https:\/\/megamercancias.com.co\/juguetes\/wp-content\/uploads\/2024\/12\/ninera2-64x70.webp",64,70,true]},"uagb_author_info":{"display_name":"Megamercanc\u00edas","author_link":"https:\/\/megamercancias.com.co\/juguetes\/author\/"},"uagb_comment_info":0,"uagb_excerpt":"\ud83d\ude9b El Cami\u00f3n Ni\u00f1era Porta Veh\u00edculos con Herramientas de Ruedas Libres es perfecto para los peque\u00f1os constructores que quieren vivir grandes aventuras.\ud83d\ude9b \ud83e\uddb8Su misi\u00f3n ser\u00e1 transportar los veh\u00edculos hasta la obra y colaborar en la construcci\u00f3n, desarrollando su imaginaci\u00f3n y habilidades.\ud83e\uddb8 \ud83d\udd27\ud83e\ude9bEl set incluye un destornillador con puntas intercambiables y una llave de pl\u00e1stico, que&hellip;","_links":{"self":[{"href":"https:\/\/megamercancias.com.co\/juguetes\/wp-json\/wp\/v2\/product\/2338","targetHints":{"allow":["GET"]}}],"collection":[{"href":"https:\/\/megamercancias.com.co\/juguetes\/wp-json\/wp\/v2\/product"}],"about":[{"href":"https:\/\/megamercancias.com.co\/juguetes\/wp-json\/wp\/v2\/types\/product"}],"wp:featuredmedia":[{"embeddable":true,"href":"https:\/\/megamercancias.com.co\/juguetes\/wp-json\/wp\/v2\/media\/2341"}],"wp:attachment":[{"href":"https:\/\/megamercancias.com.co\/juguetes\/wp-json\/wp\/v2\/media?parent=2338"}],"wp:term":[{"taxonomy":"product_brand","embeddable":true,"href":"https:\/\/megamercancias.com.co\/juguetes\/wp-json\/wp\/v2\/product_brand?post=2338"},{"taxonomy":"product_cat","embeddable":true,"href":"https:\/\/megamercancias.com.co\/juguetes\/wp-json\/wp\/v2\/product_cat?post=2338"},{"taxonomy":"product_tag","embeddable":true,"href":"https:\/\/megamercancias.com.co\/juguetes\/wp-json\/wp\/v2\/product_tag?post=2338"}],"curies":[{"name":"wp","href":"https:\/\/api.w.org\/{rel}","templated":true}]}}