{"id":2323,"date":"2024-12-05T19:49:50","date_gmt":"2024-12-06T00:49:50","guid":{"rendered":"https:\/\/megamercancias.com.co\/juguetes\/?post_type=product&#038;p=2323"},"modified":"2024-12-09T18:34:31","modified_gmt":"2024-12-09T23:34:31","slug":"set-esmalte-manicure","status":"publish","type":"product","link":"https:\/\/megamercancias.com.co\/juguetes\/producto\/set-esmalte-manicure\/","title":{"rendered":"Juguete Set de esmalte y de u\u00f1as para ni\u00f1as"},"content":{"rendered":"<p>CARACTERISTICAS:<\/p>\n<p>Dimensiones del empaque: 33 cm x20 cm x 4 cm<\/p>\n<p>Funciona con 1 pilas AAA (No Incluida)<\/p>\n<p>Edad Recomendada + 3 a\u00f1os.<\/p>\n","protected":false},"excerpt":{"rendered":"<p>Juguete Set de esmalte y u\u00f1as para ni\u00f1as + Pulidor de u\u00f1as<\/p>\n<p>Deja que tu hija se divierta disfrutando de este espectacular kit, sola, contigo o con sus amigas.<\/p>\n<p>Este incre\u00edble gel de u\u00f1as est\u00e1 dise\u00f1ado para alentar y promover la creatividad de las ni\u00f1as mientras disfrutan\u00a0 de un tiempo de diversi\u00f3n.<\/p>\n<p>\u2705No es t\u00f3xico, muy f\u00e1cil de manejar y dise\u00f1ar.<\/p>\n<p>\u2705 El esmalte de u\u00f1as es f\u00e1cil de aplicar, no requiere el uso de t\u00f3xicos o qu\u00edmicos para quitarlo.<\/p>\n<p>\u2705 te permite expresar tu creatividad en el arte de las u\u00f1as con 2 colores de esmalte vibrante! .<\/p>\n<p>\u2705 Pinte u\u00f1as hermosas y duraderas con esmalte profesional.<\/p>\n<p>\u2705Es f\u00e1cil crear dise\u00f1os de u\u00f1as A\u00f1adir u\u00f1as postizas con stikcers de u\u00f1as<\/p>\n","protected":false},"featured_media":2324,"template":"","meta":{"_uag_custom_page_level_css":"","site-sidebar-layout":"default","site-content-layout":"","ast-site-content-layout":"default","site-content-style":"default","site-sidebar-style":"default","ast-global-header-display":"","ast-banner-title-visibility":"","ast-main-header-display":"","ast-hfb-above-header-display":"","ast-hfb-below-header-display":"","ast-hfb-mobile-header-display":"","site-post-title":"","ast-breadcrumbs-content":"","ast-featured-img":"","footer-sml-layout":"","theme-transparent-header-meta":"default","adv-header-id-meta":"","stick-header-meta":"default","header-above-stick-meta":"","header-main-stick-meta":"","header-below-stick-meta":"","astra-migrate-meta-layouts":"set","ast-page-background-enabled":"default","ast-page-background-meta":{"desktop":{"background-color":"var(--ast-global-color-4)","background-image":"","background-repeat":"repeat","background-position":"center center","background-size":"auto","background-attachment":"scroll","background-type":"","background-media":"","overlay-type":"","overlay-color":"","overlay-opacity":"","overlay-gradient":""},"tablet":{"background-color":"","background-image":"","background-repeat":"repeat","background-position":"center center","background-size":"auto","background-attachment":"scroll","background-type":"","background-media":"","overlay-type":"","overlay-color":"","overlay-opacity":"","overlay-gradient":""},"mobile":{"background-color":"","background-image":"","background-repeat":"repeat","background-position":"center center","background-size":"auto","background-attachment":"scroll","background-type":"","background-media":"","overlay-type":"","overlay-color":"","overlay-opacity":"","overlay-gradient":""}},"ast-content-background-meta":{"desktop":{"background-color":"var(--ast-global-color-5)","background-image":"","background-repeat":"repeat","background-position":"center center","background-size":"auto","background-attachment":"scroll","background-type":"","background-media":"","overlay-type":"","overlay-color":"","overlay-opacity":"","overlay-gradient":""},"tablet":{"background-color":"var(--ast-global-color-5)","background-image":"","background-repeat":"repeat","background-position":"center center","background-size":"auto","background-attachment":"scroll","background-type":"","background-media":"","overlay-type":"","overlay-color":"","overlay-opacity":"","overlay-gradient":""},"mobile":{"background-color":"var(--ast-global-color-5)","background-image":"","background-repeat":"repeat","background-position":"center center","background-size":"auto","background-attachment":"scroll","background-type":"","background-media":"","overlay-type":"","overlay-color":"","overlay-opacity":"","overlay-gradient":""}},"_joinchat":[]},"product_brand":[],"product_cat":[40,41,61],"product_tag":[156,159,154,155],"class_list":{"0":"post-2323","1":"product","2":"type-product","3":"status-publish","4":"has-post-thumbnail","6":"product_cat-ninos-con-3-5-anos","7":"product_cat-ninos-entre-los-6-y-8-anos","8":"product_cat-juguetes-de-ninas","9":"product_tag-esmalta-ninas","10":"product_tag-juguete-set-de-esmalte","11":"product_tag-juguetes-unas","12":"product_tag-manicure-ninas","13":"desktop-align-left","14":"tablet-align-left","15":"mobile-align-center","16":"ast-product-gallery-layout-horizontal-slider","17":"ast-product-tabs-layout-horizontal","19":"first","20":"instock","21":"sale","22":"taxable","23":"shipping-taxable","24":"purchasable","25":"product-type-simple"},"yoast_head":"<!-- This site is optimized with the Yoast SEO plugin v27.3 - https:\/\/yoast.com\/product\/yoast-seo-wordpress\/ -->\n<title>Juguete Set de esmalte y de u\u00f1as para ni\u00f1as -<\/title>\n<meta name=\"description\" content=\"\u2728Juguete Set de esmalte\u00a0y u\u00f1as para ni\u00f1as\u00a0+ Pulidor. Deja que tu hija se divierta disfrutando de este espectacular kit, sola, contigo o con sus amigas.\ud83d\ude0d\" \/>\n<meta name=\"robots\" content=\"index, follow, max-snippet:-1, max-image-preview:large, max-video-preview:-1\" \/>\n<link rel=\"canonical\" href=\"https:\/\/megamercancias.com.co\/juguetes\/producto\/set-esmalte-manicure\/\" \/>\n<meta property=\"og:locale\" content=\"es_ES\" \/>\n<meta property=\"og:type\" content=\"article\" \/>\n<meta property=\"og:title\" content=\"Juguete Set de esmalte y de u\u00f1as para ni\u00f1as -\" \/>\n<meta property=\"og:description\" content=\"\u2728Juguete Set de esmalte\u00a0y u\u00f1as para ni\u00f1as\u00a0+ Pulidor. Deja que tu hija se divierta disfrutando de este espectacular kit, sola, contigo o con sus amigas.\ud83d\ude0d\" \/>\n<meta property=\"og:url\" content=\"https:\/\/megamercancias.com.co\/juguetes\/producto\/set-esmalte-manicure\/\" \/>\n<meta property=\"article:publisher\" content=\"https:\/\/www.facebook.com\/Megamercancias.com.co\/\" \/>\n<meta property=\"article:modified_time\" content=\"2024-12-09T23:34:31+00:00\" \/>\n<meta property=\"og:image\" content=\"https:\/\/megamercancias.com.co\/juguetes\/wp-content\/uploads\/2024\/12\/unas1.webp\" \/>\n\t<meta property=\"og:image:width\" content=\"800\" \/>\n\t<meta property=\"og:image:height\" content=\"800\" \/>\n\t<meta property=\"og:image:type\" content=\"image\/webp\" \/>\n<meta name=\"twitter:card\" content=\"summary_large_image\" \/>\n<meta name=\"twitter:label1\" content=\"Tiempo de lectura\" \/>\n\t<meta name=\"twitter:data1\" content=\"1 minuto\" \/>\n<script type=\"application\/ld+json\" class=\"yoast-schema-graph\">{\"@context\":\"https:\\\/\\\/schema.org\",\"@graph\":[{\"@type\":\"WebPage\",\"@id\":\"https:\\\/\\\/megamercancias.com.co\\\/juguetes\\\/producto\\\/set-esmalte-manicure\\\/\",\"url\":\"https:\\\/\\\/megamercancias.com.co\\\/juguetes\\\/producto\\\/set-esmalte-manicure\\\/\",\"name\":\"Juguete Set de esmalte y de u\u00f1as para ni\u00f1as -\",\"isPartOf\":{\"@id\":\"https:\\\/\\\/megamercancias.com.co\\\/juguetes\\\/#website\"},\"primaryImageOfPage\":{\"@id\":\"https:\\\/\\\/megamercancias.com.co\\\/juguetes\\\/producto\\\/set-esmalte-manicure\\\/#primaryimage\"},\"image\":{\"@id\":\"https:\\\/\\\/megamercancias.com.co\\\/juguetes\\\/producto\\\/set-esmalte-manicure\\\/#primaryimage\"},\"thumbnailUrl\":\"https:\\\/\\\/megamercancias.com.co\\\/juguetes\\\/wp-content\\\/uploads\\\/2024\\\/12\\\/unas1.webp\",\"datePublished\":\"2024-12-06T00:49:50+00:00\",\"dateModified\":\"2024-12-09T23:34:31+00:00\",\"description\":\"\u2728Juguete Set de esmalte\u00a0y u\u00f1as para ni\u00f1as\u00a0+ Pulidor. Deja que tu hija se divierta disfrutando de este espectacular kit, sola, contigo o con sus amigas.\ud83d\ude0d\",\"breadcrumb\":{\"@id\":\"https:\\\/\\\/megamercancias.com.co\\\/juguetes\\\/producto\\\/set-esmalte-manicure\\\/#breadcrumb\"},\"inLanguage\":\"es\",\"potentialAction\":[{\"@type\":\"ReadAction\",\"target\":[\"https:\\\/\\\/megamercancias.com.co\\\/juguetes\\\/producto\\\/set-esmalte-manicure\\\/\"]}]},{\"@type\":\"ImageObject\",\"inLanguage\":\"es\",\"@id\":\"https:\\\/\\\/megamercancias.com.co\\\/juguetes\\\/producto\\\/set-esmalte-manicure\\\/#primaryimage\",\"url\":\"https:\\\/\\\/megamercancias.com.co\\\/juguetes\\\/wp-content\\\/uploads\\\/2024\\\/12\\\/unas1.webp\",\"contentUrl\":\"https:\\\/\\\/megamercancias.com.co\\\/juguetes\\\/wp-content\\\/uploads\\\/2024\\\/12\\\/unas1.webp\",\"width\":800,\"height\":800},{\"@type\":\"BreadcrumbList\",\"@id\":\"https:\\\/\\\/megamercancias.com.co\\\/juguetes\\\/producto\\\/set-esmalte-manicure\\\/#breadcrumb\",\"itemListElement\":[{\"@type\":\"ListItem\",\"position\":1,\"name\":\"Portada\",\"item\":\"https:\\\/\\\/megamercancias.com.co\\\/juguetes\\\/\"},{\"@type\":\"ListItem\",\"position\":2,\"name\":\"Tienda\",\"item\":\"https:\\\/\\\/megamercancias.com.co\\\/juguetes\\\/shop\\\/\"},{\"@type\":\"ListItem\",\"position\":3,\"name\":\"Juguete Set de esmalte y de u\u00f1as para ni\u00f1as\"}]},{\"@type\":\"WebSite\",\"@id\":\"https:\\\/\\\/megamercancias.com.co\\\/juguetes\\\/#website\",\"url\":\"https:\\\/\\\/megamercancias.com.co\\\/juguetes\\\/\",\"name\":\"Juguetes Felices\",\"description\":\"Jugueter\u00eda\",\"publisher\":{\"@id\":\"https:\\\/\\\/megamercancias.com.co\\\/juguetes\\\/#organization\"},\"potentialAction\":[{\"@type\":\"SearchAction\",\"target\":{\"@type\":\"EntryPoint\",\"urlTemplate\":\"https:\\\/\\\/megamercancias.com.co\\\/juguetes\\\/?s={search_term_string}\"},\"query-input\":{\"@type\":\"PropertyValueSpecification\",\"valueRequired\":true,\"valueName\":\"search_term_string\"}}],\"inLanguage\":\"es\"},{\"@type\":\"Organization\",\"@id\":\"https:\\\/\\\/megamercancias.com.co\\\/juguetes\\\/#organization\",\"name\":\"Megamercancias\",\"url\":\"https:\\\/\\\/megamercancias.com.co\\\/juguetes\\\/\",\"logo\":{\"@type\":\"ImageObject\",\"inLanguage\":\"es\",\"@id\":\"https:\\\/\\\/megamercancias.com.co\\\/juguetes\\\/#\\\/schema\\\/logo\\\/image\\\/\",\"url\":\"https:\\\/\\\/megamercancias.com.co\\\/juguetes\\\/wp-content\\\/uploads\\\/2023\\\/10\\\/Logo-Final.webp\",\"contentUrl\":\"https:\\\/\\\/megamercancias.com.co\\\/juguetes\\\/wp-content\\\/uploads\\\/2023\\\/10\\\/Logo-Final.webp\",\"width\":510,\"height\":250,\"caption\":\"Megamercancias\"},\"image\":{\"@id\":\"https:\\\/\\\/megamercancias.com.co\\\/juguetes\\\/#\\\/schema\\\/logo\\\/image\\\/\"},\"sameAs\":[\"https:\\\/\\\/www.facebook.com\\\/Megamercancias.com.co\\\/\",\"https:\\\/\\\/www.instagram.com\\\/naidu_megamercancias\\\/\"]}]}<\/script>\n<!-- \/ Yoast SEO plugin. -->","yoast_head_json":{"title":"Juguete Set de esmalte y de u\u00f1as para ni\u00f1as -","description":"\u2728Juguete Set de esmalte\u00a0y u\u00f1as para ni\u00f1as\u00a0+ Pulidor. Deja que tu hija se divierta disfrutando de este espectacular kit, sola, contigo o con sus amigas.\ud83d\ude0d","robots":{"index":"index","follow":"follow","max-snippet":"max-snippet:-1","max-image-preview":"max-image-preview:large","max-video-preview":"max-video-preview:-1"},"canonical":"https:\/\/megamercancias.com.co\/juguetes\/producto\/set-esmalte-manicure\/","og_locale":"es_ES","og_type":"article","og_title":"Juguete Set de esmalte y de u\u00f1as para ni\u00f1as -","og_description":"\u2728Juguete Set de esmalte\u00a0y u\u00f1as para ni\u00f1as\u00a0+ Pulidor. Deja que tu hija se divierta disfrutando de este espectacular kit, sola, contigo o con sus amigas.\ud83d\ude0d","og_url":"https:\/\/megamercancias.com.co\/juguetes\/producto\/set-esmalte-manicure\/","article_publisher":"https:\/\/www.facebook.com\/Megamercancias.com.co\/","article_modified_time":"2024-12-09T23:34:31+00:00","og_image":[{"width":800,"height":800,"url":"https:\/\/megamercancias.com.co\/juguetes\/wp-content\/uploads\/2024\/12\/unas1.webp","type":"image\/webp"}],"twitter_card":"summary_large_image","twitter_misc":{"Tiempo de lectura":"1 minuto"},"schema":{"@context":"https:\/\/schema.org","@graph":[{"@type":"WebPage","@id":"https:\/\/megamercancias.com.co\/juguetes\/producto\/set-esmalte-manicure\/","url":"https:\/\/megamercancias.com.co\/juguetes\/producto\/set-esmalte-manicure\/","name":"Juguete Set de esmalte y de u\u00f1as para ni\u00f1as -","isPartOf":{"@id":"https:\/\/megamercancias.com.co\/juguetes\/#website"},"primaryImageOfPage":{"@id":"https:\/\/megamercancias.com.co\/juguetes\/producto\/set-esmalte-manicure\/#primaryimage"},"image":{"@id":"https:\/\/megamercancias.com.co\/juguetes\/producto\/set-esmalte-manicure\/#primaryimage"},"thumbnailUrl":"https:\/\/megamercancias.com.co\/juguetes\/wp-content\/uploads\/2024\/12\/unas1.webp","datePublished":"2024-12-06T00:49:50+00:00","dateModified":"2024-12-09T23:34:31+00:00","description":"\u2728Juguete Set de esmalte\u00a0y u\u00f1as para ni\u00f1as\u00a0+ Pulidor. Deja que tu hija se divierta disfrutando de este espectacular kit, sola, contigo o con sus amigas.\ud83d\ude0d","breadcrumb":{"@id":"https:\/\/megamercancias.com.co\/juguetes\/producto\/set-esmalte-manicure\/#breadcrumb"},"inLanguage":"es","potentialAction":[{"@type":"ReadAction","target":["https:\/\/megamercancias.com.co\/juguetes\/producto\/set-esmalte-manicure\/"]}]},{"@type":"ImageObject","inLanguage":"es","@id":"https:\/\/megamercancias.com.co\/juguetes\/producto\/set-esmalte-manicure\/#primaryimage","url":"https:\/\/megamercancias.com.co\/juguetes\/wp-content\/uploads\/2024\/12\/unas1.webp","contentUrl":"https:\/\/megamercancias.com.co\/juguetes\/wp-content\/uploads\/2024\/12\/unas1.webp","width":800,"height":800},{"@type":"BreadcrumbList","@id":"https:\/\/megamercancias.com.co\/juguetes\/producto\/set-esmalte-manicure\/#breadcrumb","itemListElement":[{"@type":"ListItem","position":1,"name":"Portada","item":"https:\/\/megamercancias.com.co\/juguetes\/"},{"@type":"ListItem","position":2,"name":"Tienda","item":"https:\/\/megamercancias.com.co\/juguetes\/shop\/"},{"@type":"ListItem","position":3,"name":"Juguete Set de esmalte y de u\u00f1as para ni\u00f1as"}]},{"@type":"WebSite","@id":"https:\/\/megamercancias.com.co\/juguetes\/#website","url":"https:\/\/megamercancias.com.co\/juguetes\/","name":"Juguetes Felices","description":"Jugueter\u00eda","publisher":{"@id":"https:\/\/megamercancias.com.co\/juguetes\/#organization"},"potentialAction":[{"@type":"SearchAction","target":{"@type":"EntryPoint","urlTemplate":"https:\/\/megamercancias.com.co\/juguetes\/?s={search_term_string}"},"query-input":{"@type":"PropertyValueSpecification","valueRequired":true,"valueName":"search_term_string"}}],"inLanguage":"es"},{"@type":"Organization","@id":"https:\/\/megamercancias.com.co\/juguetes\/#organization","name":"Megamercancias","url":"https:\/\/megamercancias.com.co\/juguetes\/","logo":{"@type":"ImageObject","inLanguage":"es","@id":"https:\/\/megamercancias.com.co\/juguetes\/#\/schema\/logo\/image\/","url":"https:\/\/megamercancias.com.co\/juguetes\/wp-content\/uploads\/2023\/10\/Logo-Final.webp","contentUrl":"https:\/\/megamercancias.com.co\/juguetes\/wp-content\/uploads\/2023\/10\/Logo-Final.webp","width":510,"height":250,"caption":"Megamercancias"},"image":{"@id":"https:\/\/megamercancias.com.co\/juguetes\/#\/schema\/logo\/image\/"},"sameAs":["https:\/\/www.facebook.com\/Megamercancias.com.co\/","https:\/\/www.instagram.com\/naidu_megamercancias\/"]}]}},"uagb_featured_image_src":{"full":["https:\/\/megamercancias.com.co\/juguetes\/wp-content\/uploads\/2024\/12\/unas1.webp",800,800,false],"thumbnail":["https:\/\/megamercancias.com.co\/juguetes\/wp-content\/uploads\/2024\/12\/unas1-150x150.webp",150,150,true],"medium":["https:\/\/megamercancias.com.co\/juguetes\/wp-content\/uploads\/2024\/12\/unas1-300x300.webp",300,300,true],"medium_large":["https:\/\/megamercancias.com.co\/juguetes\/wp-content\/uploads\/2024\/12\/unas1-768x768.webp",768,768,true],"large":["https:\/\/megamercancias.com.co\/juguetes\/wp-content\/uploads\/2024\/12\/unas1.webp",800,800,false],"1536x1536":["https:\/\/megamercancias.com.co\/juguetes\/wp-content\/uploads\/2024\/12\/unas1.webp",800,800,false],"2048x2048":["https:\/\/megamercancias.com.co\/juguetes\/wp-content\/uploads\/2024\/12\/unas1.webp",800,800,false],"widget-thumbnail":["https:\/\/megamercancias.com.co\/juguetes\/wp-content\/uploads\/2024\/12\/unas1-75x75.webp",75,75,true],"woocommerce_thumbnail":["https:\/\/megamercancias.com.co\/juguetes\/wp-content\/uploads\/2024\/12\/unas1-300x300.webp",300,300,true],"woocommerce_single":["https:\/\/megamercancias.com.co\/juguetes\/wp-content\/uploads\/2024\/12\/unas1-600x600.webp",600,600,true],"woocommerce_gallery_thumbnail":["https:\/\/megamercancias.com.co\/juguetes\/wp-content\/uploads\/2024\/12\/unas1-100x100.webp",100,100,true],"dgwt-wcas-product-suggestion":["https:\/\/megamercancias.com.co\/juguetes\/wp-content\/uploads\/2024\/12\/unas1-64x64.webp",64,64,true]},"uagb_author_info":{"display_name":"Megamercanc\u00edas","author_link":"https:\/\/megamercancias.com.co\/juguetes\/author\/"},"uagb_comment_info":0,"uagb_excerpt":"Juguete Set de esmalte y u\u00f1as para ni\u00f1as + Pulidor de u\u00f1as Deja que tu hija se divierta disfrutando de este espectacular kit, sola, contigo o con sus amigas. Este incre\u00edble gel de u\u00f1as est\u00e1 dise\u00f1ado para alentar y promover la creatividad de las ni\u00f1as mientras disfrutan\u00a0 de un tiempo de diversi\u00f3n. \u2705No es t\u00f3xico,&hellip;","_links":{"self":[{"href":"https:\/\/megamercancias.com.co\/juguetes\/wp-json\/wp\/v2\/product\/2323","targetHints":{"allow":["GET"]}}],"collection":[{"href":"https:\/\/megamercancias.com.co\/juguetes\/wp-json\/wp\/v2\/product"}],"about":[{"href":"https:\/\/megamercancias.com.co\/juguetes\/wp-json\/wp\/v2\/types\/product"}],"wp:featuredmedia":[{"embeddable":true,"href":"https:\/\/megamercancias.com.co\/juguetes\/wp-json\/wp\/v2\/media\/2324"}],"wp:attachment":[{"href":"https:\/\/megamercancias.com.co\/juguetes\/wp-json\/wp\/v2\/media?parent=2323"}],"wp:term":[{"taxonomy":"product_brand","embeddable":true,"href":"https:\/\/megamercancias.com.co\/juguetes\/wp-json\/wp\/v2\/product_brand?post=2323"},{"taxonomy":"product_cat","embeddable":true,"href":"https:\/\/megamercancias.com.co\/juguetes\/wp-json\/wp\/v2\/product_cat?post=2323"},{"taxonomy":"product_tag","embeddable":true,"href":"https:\/\/megamercancias.com.co\/juguetes\/wp-json\/wp\/v2\/product_tag?post=2323"}],"curies":[{"name":"wp","href":"https:\/\/api.w.org\/{rel}","templated":true}]}}