{"id":2232,"date":"2024-11-09T21:29:58","date_gmt":"2024-11-10T02:29:58","guid":{"rendered":"https:\/\/megamercancias.com.co\/juguetes\/?post_type=product&#038;p=2232"},"modified":"2024-11-09T21:29:58","modified_gmt":"2024-11-10T02:29:58","slug":"cuatrimoto-militar","status":"publish","type":"product","link":"https:\/\/megamercancias.com.co\/juguetes\/producto\/cuatrimoto-militar\/","title":{"rendered":"Cuatrimoto Militar Con Control Remoto"},"content":{"rendered":"<p>\u2705 Este Jeep cuatrimoto a control remoto es el juguete ideal para los ni\u00f1os amantes de la aventura.<\/p>\n<p>\u2705 Con su dise\u00f1o en tonos camuflados de estilo militar, ofrece una experiencia emocionante y realista al conducir por todo tipo de superficies.<\/p>\n<p>\u2705 F\u00e1cil de manejar gracias a su control remoto, es perfecta para explorar y divertirse al aire libre, fomentando la creatividad y el juego activo en los m\u00e1s peque\u00f1os.<\/p>\n<p><strong>Ficha T\u00e9cnica:<\/strong><br \/>\nDimensiones del vehicul\u00f3: 13 cm x 10 cm x 8 cm<br \/>\nMaterial: Pl\u00e1stico ABS no toxico<br \/>\nEdad recomendada + 6 A\u00f1os<br \/>\nFuente de energ\u00eda del carro: Bater\u00edas AA ( Incluidas)<br \/>\nDimensiones del control: 25 cm x 10 cm<br \/>\nFuente de energ\u00eda: Bater\u00edas AA ( Incluidas)<\/p>\n","protected":false},"excerpt":{"rendered":"<p>\ud83d\ude9c\ud83c\udf96\ufe0f <strong>\u00a1Aventura Todo Terreno en Modo Militar!<\/strong> \ud83c\udf96\ufe0f\ud83d\ude9c<\/p>\n<p>Presentamos la <strong>Cuatrimoto Militar con Control Remoto<\/strong>, el juguete perfecto para ni\u00f1os llenos de energ\u00eda y esp\u00edritu de aventura \ud83e\ude96\ud83c\udf1f.<\/p>\n<p>\u2728 <strong>Caracter\u00edsticas Geniales:<\/strong><br \/>\n\ud83c\udfae <strong>Control Remoto<\/strong> \u2013 F\u00e1cil de manejar y s\u00faper divertida<br \/>\n\ud83c\udf04 <strong>Dise\u00f1o Militar<\/strong> en tonos camo \u2013 \u00a1Para misiones secretas!<br \/>\n\ud83d\udd0b <strong>Incluye bater\u00edas<\/strong> para horas de juego (bater\u00edas para el control remoto no incluidas)<br \/>\n\ud83d\ude9a <strong>Pago contra entrega<\/strong> y <strong>env\u00edo a las principales ciudades del pa\u00eds<\/strong><\/p>\n<p>\u00a1Esta cuatrimoto militar est\u00e1 lista para conquistar cualquier terreno! \ud83d\udca5<\/p>\n<p>\ud83d\ude80 Haz tu pedido hoy y \u00a1d\u00e9jalos vivir su propia aventura!<\/p>\n","protected":false},"featured_media":2234,"template":"","meta":{"_uag_custom_page_level_css":"","site-sidebar-layout":"default","site-content-layout":"","ast-site-content-layout":"default","site-content-style":"default","site-sidebar-style":"default","ast-global-header-display":"","ast-banner-title-visibility":"","ast-main-header-display":"","ast-hfb-above-header-display":"","ast-hfb-below-header-display":"","ast-hfb-mobile-header-display":"","site-post-title":"","ast-breadcrumbs-content":"","ast-featured-img":"","footer-sml-layout":"","theme-transparent-header-meta":"default","adv-header-id-meta":"","stick-header-meta":"default","header-above-stick-meta":"","header-main-stick-meta":"","header-below-stick-meta":"","astra-migrate-meta-layouts":"set","ast-page-background-enabled":"default","ast-page-background-meta":{"desktop":{"background-color":"var(--ast-global-color-4)","background-image":"","background-repeat":"repeat","background-position":"center center","background-size":"auto","background-attachment":"scroll","background-type":"","background-media":"","overlay-type":"","overlay-color":"","overlay-opacity":"","overlay-gradient":""},"tablet":{"background-color":"","background-image":"","background-repeat":"repeat","background-position":"center center","background-size":"auto","background-attachment":"scroll","background-type":"","background-media":"","overlay-type":"","overlay-color":"","overlay-opacity":"","overlay-gradient":""},"mobile":{"background-color":"","background-image":"","background-repeat":"repeat","background-position":"center center","background-size":"auto","background-attachment":"scroll","background-type":"","background-media":"","overlay-type":"","overlay-color":"","overlay-opacity":"","overlay-gradient":""}},"ast-content-background-meta":{"desktop":{"background-color":"var(--ast-global-color-5)","background-image":"","background-repeat":"repeat","background-position":"center center","background-size":"auto","background-attachment":"scroll","background-type":"","background-media":"","overlay-type":"","overlay-color":"","overlay-opacity":"","overlay-gradient":""},"tablet":{"background-color":"var(--ast-global-color-5)","background-image":"","background-repeat":"repeat","background-position":"center center","background-size":"auto","background-attachment":"scroll","background-type":"","background-media":"","overlay-type":"","overlay-color":"","overlay-opacity":"","overlay-gradient":""},"mobile":{"background-color":"var(--ast-global-color-5)","background-image":"","background-repeat":"repeat","background-position":"center center","background-size":"auto","background-attachment":"scroll","background-type":"","background-media":"","overlay-type":"","overlay-color":"","overlay-opacity":"","overlay-gradient":""}},"_joinchat":[]},"product_brand":[],"product_cat":[41,42,21,60],"product_tag":[151,152,153],"class_list":{"0":"post-2232","1":"product","2":"type-product","3":"status-publish","4":"has-post-thumbnail","6":"product_cat-ninos-entre-los-6-y-8-anos","7":"product_cat-edades-entre-los-9-y-12","8":"product_cat-juguetes-de-bateria","9":"product_cat-juguetes-de-ninos","10":"product_tag-cuatrimoto-a-control-remoto","11":"product_tag-cuatrimoto-militar","12":"product_tag-juguete-cuatrimoto","13":"desktop-align-left","14":"tablet-align-left","15":"mobile-align-center","16":"ast-product-gallery-layout-horizontal-slider","17":"ast-product-tabs-layout-horizontal","19":"first","20":"instock","21":"sale","22":"taxable","23":"shipping-taxable","24":"purchasable","25":"product-type-simple"},"yoast_head":"<!-- This site is optimized with the Yoast SEO plugin v27.3 - https:\/\/yoast.com\/product\/yoast-seo-wordpress\/ -->\n<title>Cuatrimoto Militar Con Control Remoto -<\/title>\n<meta name=\"description\" content=\"\ud83d\ude9c Presentamos la Cuatrimoto Militar con Control Remoto, el juguete perfecto para ni\u00f1os llenos de energ\u00eda y esp\u00edritu de aventura \ud83e\ude96\ud83c\udf1f.\" \/>\n<meta name=\"robots\" content=\"index, follow, max-snippet:-1, max-image-preview:large, max-video-preview:-1\" \/>\n<link rel=\"canonical\" href=\"https:\/\/megamercancias.com.co\/juguetes\/producto\/cuatrimoto-militar\/\" \/>\n<meta property=\"og:locale\" content=\"es_ES\" \/>\n<meta property=\"og:type\" content=\"article\" \/>\n<meta property=\"og:title\" content=\"Cuatrimoto Militar Con Control Remoto -\" \/>\n<meta property=\"og:description\" content=\"\ud83d\ude9c Presentamos la Cuatrimoto Militar con Control Remoto, el juguete perfecto para ni\u00f1os llenos de energ\u00eda y esp\u00edritu de aventura \ud83e\ude96\ud83c\udf1f.\" \/>\n<meta property=\"og:url\" content=\"https:\/\/megamercancias.com.co\/juguetes\/producto\/cuatrimoto-militar\/\" \/>\n<meta property=\"article:publisher\" content=\"https:\/\/www.facebook.com\/Megamercancias.com.co\/\" \/>\n<meta property=\"og:image\" content=\"https:\/\/megamercancias.com.co\/juguetes\/wp-content\/uploads\/2024\/11\/Cuatrimoto2.webp\" \/>\n\t<meta property=\"og:image:width\" content=\"800\" \/>\n\t<meta property=\"og:image:height\" content=\"800\" \/>\n\t<meta property=\"og:image:type\" content=\"image\/webp\" \/>\n<meta name=\"twitter:card\" content=\"summary_large_image\" \/>\n<meta name=\"twitter:label1\" content=\"Tiempo de lectura\" \/>\n\t<meta name=\"twitter:data1\" content=\"1 minuto\" \/>\n<script type=\"application\/ld+json\" class=\"yoast-schema-graph\">{\"@context\":\"https:\\\/\\\/schema.org\",\"@graph\":[{\"@type\":\"WebPage\",\"@id\":\"https:\\\/\\\/megamercancias.com.co\\\/juguetes\\\/producto\\\/cuatrimoto-militar\\\/\",\"url\":\"https:\\\/\\\/megamercancias.com.co\\\/juguetes\\\/producto\\\/cuatrimoto-militar\\\/\",\"name\":\"Cuatrimoto Militar Con Control Remoto -\",\"isPartOf\":{\"@id\":\"https:\\\/\\\/megamercancias.com.co\\\/juguetes\\\/#website\"},\"primaryImageOfPage\":{\"@id\":\"https:\\\/\\\/megamercancias.com.co\\\/juguetes\\\/producto\\\/cuatrimoto-militar\\\/#primaryimage\"},\"image\":{\"@id\":\"https:\\\/\\\/megamercancias.com.co\\\/juguetes\\\/producto\\\/cuatrimoto-militar\\\/#primaryimage\"},\"thumbnailUrl\":\"https:\\\/\\\/megamercancias.com.co\\\/juguetes\\\/wp-content\\\/uploads\\\/2024\\\/11\\\/Cuatrimoto2.webp\",\"datePublished\":\"2024-11-10T02:29:58+00:00\",\"description\":\"\ud83d\ude9c Presentamos la Cuatrimoto Militar con Control Remoto, el juguete perfecto para ni\u00f1os llenos de energ\u00eda y esp\u00edritu de aventura \ud83e\ude96\ud83c\udf1f.\",\"breadcrumb\":{\"@id\":\"https:\\\/\\\/megamercancias.com.co\\\/juguetes\\\/producto\\\/cuatrimoto-militar\\\/#breadcrumb\"},\"inLanguage\":\"es\",\"potentialAction\":[{\"@type\":\"ReadAction\",\"target\":[\"https:\\\/\\\/megamercancias.com.co\\\/juguetes\\\/producto\\\/cuatrimoto-militar\\\/\"]}]},{\"@type\":\"ImageObject\",\"inLanguage\":\"es\",\"@id\":\"https:\\\/\\\/megamercancias.com.co\\\/juguetes\\\/producto\\\/cuatrimoto-militar\\\/#primaryimage\",\"url\":\"https:\\\/\\\/megamercancias.com.co\\\/juguetes\\\/wp-content\\\/uploads\\\/2024\\\/11\\\/Cuatrimoto2.webp\",\"contentUrl\":\"https:\\\/\\\/megamercancias.com.co\\\/juguetes\\\/wp-content\\\/uploads\\\/2024\\\/11\\\/Cuatrimoto2.webp\",\"width\":800,\"height\":800},{\"@type\":\"BreadcrumbList\",\"@id\":\"https:\\\/\\\/megamercancias.com.co\\\/juguetes\\\/producto\\\/cuatrimoto-militar\\\/#breadcrumb\",\"itemListElement\":[{\"@type\":\"ListItem\",\"position\":1,\"name\":\"Portada\",\"item\":\"https:\\\/\\\/megamercancias.com.co\\\/juguetes\\\/\"},{\"@type\":\"ListItem\",\"position\":2,\"name\":\"Tienda\",\"item\":\"https:\\\/\\\/megamercancias.com.co\\\/juguetes\\\/shop\\\/\"},{\"@type\":\"ListItem\",\"position\":3,\"name\":\"Cuatrimoto Militar Con Control Remoto\"}]},{\"@type\":\"WebSite\",\"@id\":\"https:\\\/\\\/megamercancias.com.co\\\/juguetes\\\/#website\",\"url\":\"https:\\\/\\\/megamercancias.com.co\\\/juguetes\\\/\",\"name\":\"Juguetes Felices\",\"description\":\"Jugueter\u00eda\",\"publisher\":{\"@id\":\"https:\\\/\\\/megamercancias.com.co\\\/juguetes\\\/#organization\"},\"potentialAction\":[{\"@type\":\"SearchAction\",\"target\":{\"@type\":\"EntryPoint\",\"urlTemplate\":\"https:\\\/\\\/megamercancias.com.co\\\/juguetes\\\/?s={search_term_string}\"},\"query-input\":{\"@type\":\"PropertyValueSpecification\",\"valueRequired\":true,\"valueName\":\"search_term_string\"}}],\"inLanguage\":\"es\"},{\"@type\":\"Organization\",\"@id\":\"https:\\\/\\\/megamercancias.com.co\\\/juguetes\\\/#organization\",\"name\":\"Megamercancias\",\"url\":\"https:\\\/\\\/megamercancias.com.co\\\/juguetes\\\/\",\"logo\":{\"@type\":\"ImageObject\",\"inLanguage\":\"es\",\"@id\":\"https:\\\/\\\/megamercancias.com.co\\\/juguetes\\\/#\\\/schema\\\/logo\\\/image\\\/\",\"url\":\"https:\\\/\\\/megamercancias.com.co\\\/juguetes\\\/wp-content\\\/uploads\\\/2023\\\/10\\\/Logo-Final.webp\",\"contentUrl\":\"https:\\\/\\\/megamercancias.com.co\\\/juguetes\\\/wp-content\\\/uploads\\\/2023\\\/10\\\/Logo-Final.webp\",\"width\":510,\"height\":250,\"caption\":\"Megamercancias\"},\"image\":{\"@id\":\"https:\\\/\\\/megamercancias.com.co\\\/juguetes\\\/#\\\/schema\\\/logo\\\/image\\\/\"},\"sameAs\":[\"https:\\\/\\\/www.facebook.com\\\/Megamercancias.com.co\\\/\",\"https:\\\/\\\/www.instagram.com\\\/naidu_megamercancias\\\/\"]}]}<\/script>\n<!-- \/ Yoast SEO plugin. -->","yoast_head_json":{"title":"Cuatrimoto Militar Con Control Remoto -","description":"\ud83d\ude9c Presentamos la Cuatrimoto Militar con Control Remoto, el juguete perfecto para ni\u00f1os llenos de energ\u00eda y esp\u00edritu de aventura \ud83e\ude96\ud83c\udf1f.","robots":{"index":"index","follow":"follow","max-snippet":"max-snippet:-1","max-image-preview":"max-image-preview:large","max-video-preview":"max-video-preview:-1"},"canonical":"https:\/\/megamercancias.com.co\/juguetes\/producto\/cuatrimoto-militar\/","og_locale":"es_ES","og_type":"article","og_title":"Cuatrimoto Militar Con Control Remoto -","og_description":"\ud83d\ude9c Presentamos la Cuatrimoto Militar con Control Remoto, el juguete perfecto para ni\u00f1os llenos de energ\u00eda y esp\u00edritu de aventura \ud83e\ude96\ud83c\udf1f.","og_url":"https:\/\/megamercancias.com.co\/juguetes\/producto\/cuatrimoto-militar\/","article_publisher":"https:\/\/www.facebook.com\/Megamercancias.com.co\/","og_image":[{"width":800,"height":800,"url":"https:\/\/megamercancias.com.co\/juguetes\/wp-content\/uploads\/2024\/11\/Cuatrimoto2.webp","type":"image\/webp"}],"twitter_card":"summary_large_image","twitter_misc":{"Tiempo de lectura":"1 minuto"},"schema":{"@context":"https:\/\/schema.org","@graph":[{"@type":"WebPage","@id":"https:\/\/megamercancias.com.co\/juguetes\/producto\/cuatrimoto-militar\/","url":"https:\/\/megamercancias.com.co\/juguetes\/producto\/cuatrimoto-militar\/","name":"Cuatrimoto Militar Con Control Remoto -","isPartOf":{"@id":"https:\/\/megamercancias.com.co\/juguetes\/#website"},"primaryImageOfPage":{"@id":"https:\/\/megamercancias.com.co\/juguetes\/producto\/cuatrimoto-militar\/#primaryimage"},"image":{"@id":"https:\/\/megamercancias.com.co\/juguetes\/producto\/cuatrimoto-militar\/#primaryimage"},"thumbnailUrl":"https:\/\/megamercancias.com.co\/juguetes\/wp-content\/uploads\/2024\/11\/Cuatrimoto2.webp","datePublished":"2024-11-10T02:29:58+00:00","description":"\ud83d\ude9c Presentamos la Cuatrimoto Militar con Control Remoto, el juguete perfecto para ni\u00f1os llenos de energ\u00eda y esp\u00edritu de aventura \ud83e\ude96\ud83c\udf1f.","breadcrumb":{"@id":"https:\/\/megamercancias.com.co\/juguetes\/producto\/cuatrimoto-militar\/#breadcrumb"},"inLanguage":"es","potentialAction":[{"@type":"ReadAction","target":["https:\/\/megamercancias.com.co\/juguetes\/producto\/cuatrimoto-militar\/"]}]},{"@type":"ImageObject","inLanguage":"es","@id":"https:\/\/megamercancias.com.co\/juguetes\/producto\/cuatrimoto-militar\/#primaryimage","url":"https:\/\/megamercancias.com.co\/juguetes\/wp-content\/uploads\/2024\/11\/Cuatrimoto2.webp","contentUrl":"https:\/\/megamercancias.com.co\/juguetes\/wp-content\/uploads\/2024\/11\/Cuatrimoto2.webp","width":800,"height":800},{"@type":"BreadcrumbList","@id":"https:\/\/megamercancias.com.co\/juguetes\/producto\/cuatrimoto-militar\/#breadcrumb","itemListElement":[{"@type":"ListItem","position":1,"name":"Portada","item":"https:\/\/megamercancias.com.co\/juguetes\/"},{"@type":"ListItem","position":2,"name":"Tienda","item":"https:\/\/megamercancias.com.co\/juguetes\/shop\/"},{"@type":"ListItem","position":3,"name":"Cuatrimoto Militar Con Control Remoto"}]},{"@type":"WebSite","@id":"https:\/\/megamercancias.com.co\/juguetes\/#website","url":"https:\/\/megamercancias.com.co\/juguetes\/","name":"Juguetes Felices","description":"Jugueter\u00eda","publisher":{"@id":"https:\/\/megamercancias.com.co\/juguetes\/#organization"},"potentialAction":[{"@type":"SearchAction","target":{"@type":"EntryPoint","urlTemplate":"https:\/\/megamercancias.com.co\/juguetes\/?s={search_term_string}"},"query-input":{"@type":"PropertyValueSpecification","valueRequired":true,"valueName":"search_term_string"}}],"inLanguage":"es"},{"@type":"Organization","@id":"https:\/\/megamercancias.com.co\/juguetes\/#organization","name":"Megamercancias","url":"https:\/\/megamercancias.com.co\/juguetes\/","logo":{"@type":"ImageObject","inLanguage":"es","@id":"https:\/\/megamercancias.com.co\/juguetes\/#\/schema\/logo\/image\/","url":"https:\/\/megamercancias.com.co\/juguetes\/wp-content\/uploads\/2023\/10\/Logo-Final.webp","contentUrl":"https:\/\/megamercancias.com.co\/juguetes\/wp-content\/uploads\/2023\/10\/Logo-Final.webp","width":510,"height":250,"caption":"Megamercancias"},"image":{"@id":"https:\/\/megamercancias.com.co\/juguetes\/#\/schema\/logo\/image\/"},"sameAs":["https:\/\/www.facebook.com\/Megamercancias.com.co\/","https:\/\/www.instagram.com\/naidu_megamercancias\/"]}]}},"uagb_featured_image_src":{"full":["https:\/\/megamercancias.com.co\/juguetes\/wp-content\/uploads\/2024\/11\/Cuatrimoto2.webp",800,800,false],"thumbnail":["https:\/\/megamercancias.com.co\/juguetes\/wp-content\/uploads\/2024\/11\/Cuatrimoto2-150x150.webp",150,150,true],"medium":["https:\/\/megamercancias.com.co\/juguetes\/wp-content\/uploads\/2024\/11\/Cuatrimoto2-300x300.webp",300,300,true],"medium_large":["https:\/\/megamercancias.com.co\/juguetes\/wp-content\/uploads\/2024\/11\/Cuatrimoto2-768x768.webp",768,768,true],"large":["https:\/\/megamercancias.com.co\/juguetes\/wp-content\/uploads\/2024\/11\/Cuatrimoto2.webp",800,800,false],"1536x1536":["https:\/\/megamercancias.com.co\/juguetes\/wp-content\/uploads\/2024\/11\/Cuatrimoto2.webp",800,800,false],"2048x2048":["https:\/\/megamercancias.com.co\/juguetes\/wp-content\/uploads\/2024\/11\/Cuatrimoto2.webp",800,800,false],"widget-thumbnail":["https:\/\/megamercancias.com.co\/juguetes\/wp-content\/uploads\/2024\/11\/Cuatrimoto2-75x75.webp",75,75,true],"woocommerce_thumbnail":["https:\/\/megamercancias.com.co\/juguetes\/wp-content\/uploads\/2024\/11\/Cuatrimoto2-300x300.webp",300,300,true],"woocommerce_single":["https:\/\/megamercancias.com.co\/juguetes\/wp-content\/uploads\/2024\/11\/Cuatrimoto2-600x600.webp",600,600,true],"woocommerce_gallery_thumbnail":["https:\/\/megamercancias.com.co\/juguetes\/wp-content\/uploads\/2024\/11\/Cuatrimoto2-100x100.webp",100,100,true],"dgwt-wcas-product-suggestion":["https:\/\/megamercancias.com.co\/juguetes\/wp-content\/uploads\/2024\/11\/Cuatrimoto2-64x64.webp",64,64,true]},"uagb_author_info":{"display_name":"Megamercanc\u00edas","author_link":"https:\/\/megamercancias.com.co\/juguetes\/author\/"},"uagb_comment_info":0,"uagb_excerpt":"\ud83d\ude9c\ud83c\udf96\ufe0f \u00a1Aventura Todo Terreno en Modo Militar! \ud83c\udf96\ufe0f\ud83d\ude9c Presentamos la Cuatrimoto Militar con Control Remoto, el juguete perfecto para ni\u00f1os llenos de energ\u00eda y esp\u00edritu de aventura \ud83e\ude96\ud83c\udf1f. \u2728 Caracter\u00edsticas Geniales: \ud83c\udfae Control Remoto \u2013 F\u00e1cil de manejar y s\u00faper divertida \ud83c\udf04 Dise\u00f1o Militar en tonos camo \u2013 \u00a1Para misiones secretas! \ud83d\udd0b Incluye bater\u00edas para&hellip;","_links":{"self":[{"href":"https:\/\/megamercancias.com.co\/juguetes\/wp-json\/wp\/v2\/product\/2232","targetHints":{"allow":["GET"]}}],"collection":[{"href":"https:\/\/megamercancias.com.co\/juguetes\/wp-json\/wp\/v2\/product"}],"about":[{"href":"https:\/\/megamercancias.com.co\/juguetes\/wp-json\/wp\/v2\/types\/product"}],"wp:featuredmedia":[{"embeddable":true,"href":"https:\/\/megamercancias.com.co\/juguetes\/wp-json\/wp\/v2\/media\/2234"}],"wp:attachment":[{"href":"https:\/\/megamercancias.com.co\/juguetes\/wp-json\/wp\/v2\/media?parent=2232"}],"wp:term":[{"taxonomy":"product_brand","embeddable":true,"href":"https:\/\/megamercancias.com.co\/juguetes\/wp-json\/wp\/v2\/product_brand?post=2232"},{"taxonomy":"product_cat","embeddable":true,"href":"https:\/\/megamercancias.com.co\/juguetes\/wp-json\/wp\/v2\/product_cat?post=2232"},{"taxonomy":"product_tag","embeddable":true,"href":"https:\/\/megamercancias.com.co\/juguetes\/wp-json\/wp\/v2\/product_tag?post=2232"}],"curies":[{"name":"wp","href":"https:\/\/api.w.org\/{rel}","templated":true}]}}