{"id":2216,"date":"2024-11-06T22:02:51","date_gmt":"2024-11-07T03:02:51","guid":{"rendered":"https:\/\/megamercancias.com.co\/juguetes\/?post_type=product&#038;p=2216"},"modified":"2024-12-02T20:37:03","modified_gmt":"2024-12-03T01:37:03","slug":"maleta-de-maquillaje-sirena","status":"publish","type":"product","link":"https:\/\/megamercancias.com.co\/juguetes\/producto\/maleta-de-maquillaje-sirena\/","title":{"rendered":"Maleta De Maquillaje Sirena Para Ni\u00f1as Juguete Esmaltes"},"content":{"rendered":"<ul class=\"a-unordered-list a-vertical a-spacing-mini\">\n<li class=\"a-spacing-mini\"><span class=\"a-list-item\"><strong>Cosm\u00e9ticos no t\u00f3xicos, lavables y reales<\/strong>: hecho de materiales de alta calidad, sin parabenos y no t\u00f3xicos.<\/span><\/li>\n<li class=\"a-spacing-mini\"><span class=\"a-list-item\">Este kit de maquillaje para ni\u00f1as utiliza f\u00f3rmula soluble en agua, sin conservantes a\u00f1adidos, suave y no irritante, sin carga para la piel. F\u00e1cilmente lavable, 100% seguro. <\/span><\/li>\n<li class=\"a-spacing-mini\"><span class=\"a-list-item\">Este juego de maquillaje para ni\u00f1as ha sido probado para cumplir con todas las normas de seguridad de juguetes de Colombia, lo que garantiza que tus hijos jueguen con seguridad.<\/span><\/li>\n<li class=\"a-spacing-mini\"><span class=\"a-list-item\"><strong>Con un estuche de cosm\u00e9ticos port\u00e1til de viaje brillante<\/strong>: Ense\u00f1a a tus hijos a poner todo el accesorio de maquillaje en \u00e9l, aprende qu\u00e9 tan bien organizado. <\/span><\/li>\n<li class=\"a-spacing-mini\"><span class=\"a-list-item\">Deja que sea el primer kit de maquillaje para tu princesa. <\/span><\/li>\n<li class=\"a-spacing-mini\"><span class=\"a-list-item\">\u00a1<strong>Un peque\u00f1o espejo<\/strong> dentro! Un regalo ideal para ni\u00f1as de 3, 4, 5, 6, 7, 8 a\u00f1os.<\/span><\/li>\n<li class=\"a-spacing-mini\"><span class=\"a-list-item\"><strong>Divertido juego de simulaci\u00f3n para ni\u00f1as peque\u00f1as<\/strong>: a la ni\u00f1a le encanta imitar a su madre. Incluye todo lo que su hija o sobrina quieren tener en su primera bolsa de maquillaje. <\/span><\/li>\n<li class=\"a-spacing-mini\"><span class=\"a-list-item\">D\u00e9jalos jugar al juego de maquillaje con mam\u00e1s u otros amigas. Disfruta de la diversi\u00f3n del juego de rol.<\/span><\/li>\n<li class=\"a-spacing-mini\"><span class=\"a-list-item\"><strong>Es un regalo incre\u00edble para ni\u00f1as peque\u00f1as<\/strong>: tus ni\u00f1as estar\u00e1n encantadas con este juego completo de maquillaje para ni\u00f1as.<\/span><\/li>\n<li class=\"a-spacing-mini\"><span class=\"a-list-item\">Este juego de maquillaje de princesa es un regalo ideal para ni\u00f1as de 3, 4, 5, 6, 7, 8, 9 y 10 a\u00f1os, nieta en cumplea\u00f1os, Navidad, Halloween, juego de simulaci\u00f3n.<\/span><\/li>\n<\/ul>\n","protected":false},"excerpt":{"rendered":"<p>\ud83d\udc85\u2728 \u00a1El set de maquillaje perfecto para peque\u00f1as princesas! \u2728\ud83d\udc85<\/p>\n<p>\ud83d\ude0d Este hermoso set de maquillaje para ni\u00f1a, presentado en una maleta con forma de sirena, es perfecto para llevar y guardar f\u00e1cilmente, ideal para jugar en casa, el jard\u00edn o incluso en el autom\u00f3vil durante viajes.<\/p>\n<p>\ud83d\udc96 Incluye sombras, esmaltes, stickers para personalizar las u\u00f1as y m\u00e1s, cultivando la capacidad pr\u00e1ctica, el inter\u00e9s y la habilidad visual de las ni\u00f1as.<\/p>\n<p>\ud83c\udfa8 Con colores m\u00e1gicos y brillantes, es perfecto para decorar el rostro o el cuerpo en fiestas, cumplea\u00f1os, carnavales o Halloween\ud83d\udc7b. Dise\u00f1ado para simular el maquillaje adulto, a\u00f1ade diversi\u00f3n y fomenta la interacci\u00f3n social.<\/p>\n<p>\ud83d\udca6 Adem\u00e1s, el maquillaje se puede retirar f\u00e1cilmente con agua y jab\u00f3n o con algod\u00f3n y loci\u00f3n limpiadora.<\/p>\n<p>\ud83d\ude9a <strong>Pago contra entrega y env\u00edos a todas las ciudades principales del pa\u00eds<\/strong>.<\/p>\n<p>\ud83e\udd29 \u00a1Haz que cada juego sea una sesi\u00f3n de belleza! \ud83c\udf1f\ud83d\udc67<\/p>\n","protected":false},"featured_media":2218,"template":"","meta":{"_uag_custom_page_level_css":"","site-sidebar-layout":"default","site-content-layout":"","ast-site-content-layout":"default","site-content-style":"default","site-sidebar-style":"default","ast-global-header-display":"","ast-banner-title-visibility":"","ast-main-header-display":"","ast-hfb-above-header-display":"","ast-hfb-below-header-display":"","ast-hfb-mobile-header-display":"","site-post-title":"","ast-breadcrumbs-content":"","ast-featured-img":"","footer-sml-layout":"","theme-transparent-header-meta":"default","adv-header-id-meta":"","stick-header-meta":"default","header-above-stick-meta":"","header-main-stick-meta":"","header-below-stick-meta":"","astra-migrate-meta-layouts":"set","ast-page-background-enabled":"default","ast-page-background-meta":{"desktop":{"background-color":"var(--ast-global-color-4)","background-image":"","background-repeat":"repeat","background-position":"center center","background-size":"auto","background-attachment":"scroll","background-type":"","background-media":"","overlay-type":"","overlay-color":"","overlay-opacity":"","overlay-gradient":""},"tablet":{"background-color":"","background-image":"","background-repeat":"repeat","background-position":"center center","background-size":"auto","background-attachment":"scroll","background-type":"","background-media":"","overlay-type":"","overlay-color":"","overlay-opacity":"","overlay-gradient":""},"mobile":{"background-color":"","background-image":"","background-repeat":"repeat","background-position":"center center","background-size":"auto","background-attachment":"scroll","background-type":"","background-media":"","overlay-type":"","overlay-color":"","overlay-opacity":"","overlay-gradient":""}},"ast-content-background-meta":{"desktop":{"background-color":"var(--ast-global-color-5)","background-image":"","background-repeat":"repeat","background-position":"center center","background-size":"auto","background-attachment":"scroll","background-type":"","background-media":"","overlay-type":"","overlay-color":"","overlay-opacity":"","overlay-gradient":""},"tablet":{"background-color":"var(--ast-global-color-5)","background-image":"","background-repeat":"repeat","background-position":"center center","background-size":"auto","background-attachment":"scroll","background-type":"","background-media":"","overlay-type":"","overlay-color":"","overlay-opacity":"","overlay-gradient":""},"mobile":{"background-color":"var(--ast-global-color-5)","background-image":"","background-repeat":"repeat","background-position":"center center","background-size":"auto","background-attachment":"scroll","background-type":"","background-media":"","overlay-type":"","overlay-color":"","overlay-opacity":"","overlay-gradient":""}},"_joinchat":[]},"product_brand":[],"product_cat":[40,41,42,61],"product_tag":[149,147,148,146],"class_list":{"0":"post-2216","1":"product","2":"type-product","3":"status-publish","4":"has-post-thumbnail","6":"product_cat-ninos-con-3-5-anos","7":"product_cat-ninos-entre-los-6-y-8-anos","8":"product_cat-edades-entre-los-9-y-12","9":"product_cat-juguetes-de-ninas","10":"product_tag-juguete-de-maquillaje","11":"product_tag-maletin-de-maquillaje-sirenita","12":"product_tag-maquillaje-sirenita","13":"product_tag-set-de-maquillaje-para-ninas","14":"desktop-align-left","15":"tablet-align-left","16":"mobile-align-center","17":"ast-product-gallery-layout-horizontal-slider","18":"ast-product-tabs-layout-horizontal","20":"first","21":"instock","22":"sale","23":"taxable","24":"shipping-taxable","25":"purchasable","26":"product-type-simple"},"yoast_head":"<!-- This site is optimized with the Yoast SEO plugin v27.3 - https:\/\/yoast.com\/product\/yoast-seo-wordpress\/ -->\n<title>Maleta De Maquillaje Sirena Para Ni\u00f1as Juguete Esmaltes -<\/title>\n<meta name=\"description\" content=\"\u2728 \u00a1El set de maquillaje perfecto para peque\u00f1as princesas! \u2728\ud83d\udc85Este hermoso set de maquillaje para ni\u00f1a, presentado en una maleta con forma de sirena.\" \/>\n<meta name=\"robots\" content=\"index, follow, max-snippet:-1, max-image-preview:large, max-video-preview:-1\" \/>\n<link rel=\"canonical\" href=\"https:\/\/megamercancias.com.co\/juguetes\/producto\/maleta-de-maquillaje-sirena\/\" \/>\n<meta property=\"og:locale\" content=\"es_ES\" \/>\n<meta property=\"og:type\" content=\"article\" \/>\n<meta property=\"og:title\" content=\"Maleta De Maquillaje Sirena Para Ni\u00f1as Juguete Esmaltes -\" \/>\n<meta property=\"og:description\" content=\"\u2728 \u00a1El set de maquillaje perfecto para peque\u00f1as princesas! \u2728\ud83d\udc85Este hermoso set de maquillaje para ni\u00f1a, presentado en una maleta con forma de sirena.\" \/>\n<meta property=\"og:url\" content=\"https:\/\/megamercancias.com.co\/juguetes\/producto\/maleta-de-maquillaje-sirena\/\" \/>\n<meta property=\"article:publisher\" content=\"https:\/\/www.facebook.com\/Megamercancias.com.co\/\" \/>\n<meta property=\"article:modified_time\" content=\"2024-12-03T01:37:03+00:00\" \/>\n<meta property=\"og:image\" content=\"https:\/\/megamercancias.com.co\/juguetes\/wp-content\/uploads\/2024\/11\/maletin_sirena1.webp\" \/>\n\t<meta property=\"og:image:width\" content=\"500\" \/>\n\t<meta property=\"og:image:height\" content=\"438\" \/>\n\t<meta property=\"og:image:type\" content=\"image\/webp\" \/>\n<meta name=\"twitter:card\" content=\"summary_large_image\" \/>\n<meta name=\"twitter:label1\" content=\"Tiempo de lectura\" \/>\n\t<meta name=\"twitter:data1\" content=\"2 minutos\" \/>\n<script type=\"application\/ld+json\" class=\"yoast-schema-graph\">{\"@context\":\"https:\\\/\\\/schema.org\",\"@graph\":[{\"@type\":\"WebPage\",\"@id\":\"https:\\\/\\\/megamercancias.com.co\\\/juguetes\\\/producto\\\/maleta-de-maquillaje-sirena\\\/\",\"url\":\"https:\\\/\\\/megamercancias.com.co\\\/juguetes\\\/producto\\\/maleta-de-maquillaje-sirena\\\/\",\"name\":\"Maleta De Maquillaje Sirena Para Ni\u00f1as Juguete Esmaltes -\",\"isPartOf\":{\"@id\":\"https:\\\/\\\/megamercancias.com.co\\\/juguetes\\\/#website\"},\"primaryImageOfPage\":{\"@id\":\"https:\\\/\\\/megamercancias.com.co\\\/juguetes\\\/producto\\\/maleta-de-maquillaje-sirena\\\/#primaryimage\"},\"image\":{\"@id\":\"https:\\\/\\\/megamercancias.com.co\\\/juguetes\\\/producto\\\/maleta-de-maquillaje-sirena\\\/#primaryimage\"},\"thumbnailUrl\":\"https:\\\/\\\/megamercancias.com.co\\\/juguetes\\\/wp-content\\\/uploads\\\/2024\\\/11\\\/maletin_sirena1.webp\",\"datePublished\":\"2024-11-07T03:02:51+00:00\",\"dateModified\":\"2024-12-03T01:37:03+00:00\",\"description\":\"\u2728 \u00a1El set de maquillaje perfecto para peque\u00f1as princesas! \u2728\ud83d\udc85Este hermoso set de maquillaje para ni\u00f1a, presentado en una maleta con forma de sirena.\",\"breadcrumb\":{\"@id\":\"https:\\\/\\\/megamercancias.com.co\\\/juguetes\\\/producto\\\/maleta-de-maquillaje-sirena\\\/#breadcrumb\"},\"inLanguage\":\"es\",\"potentialAction\":[{\"@type\":\"ReadAction\",\"target\":[\"https:\\\/\\\/megamercancias.com.co\\\/juguetes\\\/producto\\\/maleta-de-maquillaje-sirena\\\/\"]}]},{\"@type\":\"ImageObject\",\"inLanguage\":\"es\",\"@id\":\"https:\\\/\\\/megamercancias.com.co\\\/juguetes\\\/producto\\\/maleta-de-maquillaje-sirena\\\/#primaryimage\",\"url\":\"https:\\\/\\\/megamercancias.com.co\\\/juguetes\\\/wp-content\\\/uploads\\\/2024\\\/11\\\/maletin_sirena1.webp\",\"contentUrl\":\"https:\\\/\\\/megamercancias.com.co\\\/juguetes\\\/wp-content\\\/uploads\\\/2024\\\/11\\\/maletin_sirena1.webp\",\"width\":500,\"height\":438},{\"@type\":\"BreadcrumbList\",\"@id\":\"https:\\\/\\\/megamercancias.com.co\\\/juguetes\\\/producto\\\/maleta-de-maquillaje-sirena\\\/#breadcrumb\",\"itemListElement\":[{\"@type\":\"ListItem\",\"position\":1,\"name\":\"Portada\",\"item\":\"https:\\\/\\\/megamercancias.com.co\\\/juguetes\\\/\"},{\"@type\":\"ListItem\",\"position\":2,\"name\":\"Tienda\",\"item\":\"https:\\\/\\\/megamercancias.com.co\\\/juguetes\\\/shop\\\/\"},{\"@type\":\"ListItem\",\"position\":3,\"name\":\"Maleta De Maquillaje Sirena Para Ni\u00f1as Juguete Esmaltes\"}]},{\"@type\":\"WebSite\",\"@id\":\"https:\\\/\\\/megamercancias.com.co\\\/juguetes\\\/#website\",\"url\":\"https:\\\/\\\/megamercancias.com.co\\\/juguetes\\\/\",\"name\":\"Juguetes Felices\",\"description\":\"Jugueter\u00eda\",\"publisher\":{\"@id\":\"https:\\\/\\\/megamercancias.com.co\\\/juguetes\\\/#organization\"},\"potentialAction\":[{\"@type\":\"SearchAction\",\"target\":{\"@type\":\"EntryPoint\",\"urlTemplate\":\"https:\\\/\\\/megamercancias.com.co\\\/juguetes\\\/?s={search_term_string}\"},\"query-input\":{\"@type\":\"PropertyValueSpecification\",\"valueRequired\":true,\"valueName\":\"search_term_string\"}}],\"inLanguage\":\"es\"},{\"@type\":\"Organization\",\"@id\":\"https:\\\/\\\/megamercancias.com.co\\\/juguetes\\\/#organization\",\"name\":\"Megamercancias\",\"url\":\"https:\\\/\\\/megamercancias.com.co\\\/juguetes\\\/\",\"logo\":{\"@type\":\"ImageObject\",\"inLanguage\":\"es\",\"@id\":\"https:\\\/\\\/megamercancias.com.co\\\/juguetes\\\/#\\\/schema\\\/logo\\\/image\\\/\",\"url\":\"https:\\\/\\\/megamercancias.com.co\\\/juguetes\\\/wp-content\\\/uploads\\\/2023\\\/10\\\/Logo-Final.webp\",\"contentUrl\":\"https:\\\/\\\/megamercancias.com.co\\\/juguetes\\\/wp-content\\\/uploads\\\/2023\\\/10\\\/Logo-Final.webp\",\"width\":510,\"height\":250,\"caption\":\"Megamercancias\"},\"image\":{\"@id\":\"https:\\\/\\\/megamercancias.com.co\\\/juguetes\\\/#\\\/schema\\\/logo\\\/image\\\/\"},\"sameAs\":[\"https:\\\/\\\/www.facebook.com\\\/Megamercancias.com.co\\\/\",\"https:\\\/\\\/www.instagram.com\\\/naidu_megamercancias\\\/\"]}]}<\/script>\n<!-- \/ Yoast SEO plugin. -->","yoast_head_json":{"title":"Maleta De Maquillaje Sirena Para Ni\u00f1as Juguete Esmaltes -","description":"\u2728 \u00a1El set de maquillaje perfecto para peque\u00f1as princesas! \u2728\ud83d\udc85Este hermoso set de maquillaje para ni\u00f1a, presentado en una maleta con forma de sirena.","robots":{"index":"index","follow":"follow","max-snippet":"max-snippet:-1","max-image-preview":"max-image-preview:large","max-video-preview":"max-video-preview:-1"},"canonical":"https:\/\/megamercancias.com.co\/juguetes\/producto\/maleta-de-maquillaje-sirena\/","og_locale":"es_ES","og_type":"article","og_title":"Maleta De Maquillaje Sirena Para Ni\u00f1as Juguete Esmaltes -","og_description":"\u2728 \u00a1El set de maquillaje perfecto para peque\u00f1as princesas! \u2728\ud83d\udc85Este hermoso set de maquillaje para ni\u00f1a, presentado en una maleta con forma de sirena.","og_url":"https:\/\/megamercancias.com.co\/juguetes\/producto\/maleta-de-maquillaje-sirena\/","article_publisher":"https:\/\/www.facebook.com\/Megamercancias.com.co\/","article_modified_time":"2024-12-03T01:37:03+00:00","og_image":[{"width":500,"height":438,"url":"https:\/\/megamercancias.com.co\/juguetes\/wp-content\/uploads\/2024\/11\/maletin_sirena1.webp","type":"image\/webp"}],"twitter_card":"summary_large_image","twitter_misc":{"Tiempo de lectura":"2 minutos"},"schema":{"@context":"https:\/\/schema.org","@graph":[{"@type":"WebPage","@id":"https:\/\/megamercancias.com.co\/juguetes\/producto\/maleta-de-maquillaje-sirena\/","url":"https:\/\/megamercancias.com.co\/juguetes\/producto\/maleta-de-maquillaje-sirena\/","name":"Maleta De Maquillaje Sirena Para Ni\u00f1as Juguete Esmaltes -","isPartOf":{"@id":"https:\/\/megamercancias.com.co\/juguetes\/#website"},"primaryImageOfPage":{"@id":"https:\/\/megamercancias.com.co\/juguetes\/producto\/maleta-de-maquillaje-sirena\/#primaryimage"},"image":{"@id":"https:\/\/megamercancias.com.co\/juguetes\/producto\/maleta-de-maquillaje-sirena\/#primaryimage"},"thumbnailUrl":"https:\/\/megamercancias.com.co\/juguetes\/wp-content\/uploads\/2024\/11\/maletin_sirena1.webp","datePublished":"2024-11-07T03:02:51+00:00","dateModified":"2024-12-03T01:37:03+00:00","description":"\u2728 \u00a1El set de maquillaje perfecto para peque\u00f1as princesas! \u2728\ud83d\udc85Este hermoso set de maquillaje para ni\u00f1a, presentado en una maleta con forma de sirena.","breadcrumb":{"@id":"https:\/\/megamercancias.com.co\/juguetes\/producto\/maleta-de-maquillaje-sirena\/#breadcrumb"},"inLanguage":"es","potentialAction":[{"@type":"ReadAction","target":["https:\/\/megamercancias.com.co\/juguetes\/producto\/maleta-de-maquillaje-sirena\/"]}]},{"@type":"ImageObject","inLanguage":"es","@id":"https:\/\/megamercancias.com.co\/juguetes\/producto\/maleta-de-maquillaje-sirena\/#primaryimage","url":"https:\/\/megamercancias.com.co\/juguetes\/wp-content\/uploads\/2024\/11\/maletin_sirena1.webp","contentUrl":"https:\/\/megamercancias.com.co\/juguetes\/wp-content\/uploads\/2024\/11\/maletin_sirena1.webp","width":500,"height":438},{"@type":"BreadcrumbList","@id":"https:\/\/megamercancias.com.co\/juguetes\/producto\/maleta-de-maquillaje-sirena\/#breadcrumb","itemListElement":[{"@type":"ListItem","position":1,"name":"Portada","item":"https:\/\/megamercancias.com.co\/juguetes\/"},{"@type":"ListItem","position":2,"name":"Tienda","item":"https:\/\/megamercancias.com.co\/juguetes\/shop\/"},{"@type":"ListItem","position":3,"name":"Maleta De Maquillaje Sirena Para Ni\u00f1as Juguete Esmaltes"}]},{"@type":"WebSite","@id":"https:\/\/megamercancias.com.co\/juguetes\/#website","url":"https:\/\/megamercancias.com.co\/juguetes\/","name":"Juguetes Felices","description":"Jugueter\u00eda","publisher":{"@id":"https:\/\/megamercancias.com.co\/juguetes\/#organization"},"potentialAction":[{"@type":"SearchAction","target":{"@type":"EntryPoint","urlTemplate":"https:\/\/megamercancias.com.co\/juguetes\/?s={search_term_string}"},"query-input":{"@type":"PropertyValueSpecification","valueRequired":true,"valueName":"search_term_string"}}],"inLanguage":"es"},{"@type":"Organization","@id":"https:\/\/megamercancias.com.co\/juguetes\/#organization","name":"Megamercancias","url":"https:\/\/megamercancias.com.co\/juguetes\/","logo":{"@type":"ImageObject","inLanguage":"es","@id":"https:\/\/megamercancias.com.co\/juguetes\/#\/schema\/logo\/image\/","url":"https:\/\/megamercancias.com.co\/juguetes\/wp-content\/uploads\/2023\/10\/Logo-Final.webp","contentUrl":"https:\/\/megamercancias.com.co\/juguetes\/wp-content\/uploads\/2023\/10\/Logo-Final.webp","width":510,"height":250,"caption":"Megamercancias"},"image":{"@id":"https:\/\/megamercancias.com.co\/juguetes\/#\/schema\/logo\/image\/"},"sameAs":["https:\/\/www.facebook.com\/Megamercancias.com.co\/","https:\/\/www.instagram.com\/naidu_megamercancias\/"]}]}},"uagb_featured_image_src":{"full":["https:\/\/megamercancias.com.co\/juguetes\/wp-content\/uploads\/2024\/11\/maletin_sirena1.webp",500,438,false],"thumbnail":["https:\/\/megamercancias.com.co\/juguetes\/wp-content\/uploads\/2024\/11\/maletin_sirena1-150x150.webp",150,150,true],"medium":["https:\/\/megamercancias.com.co\/juguetes\/wp-content\/uploads\/2024\/11\/maletin_sirena1-300x263.webp",300,263,true],"medium_large":["https:\/\/megamercancias.com.co\/juguetes\/wp-content\/uploads\/2024\/11\/maletin_sirena1.webp",500,438,false],"large":["https:\/\/megamercancias.com.co\/juguetes\/wp-content\/uploads\/2024\/11\/maletin_sirena1.webp",500,438,false],"1536x1536":["https:\/\/megamercancias.com.co\/juguetes\/wp-content\/uploads\/2024\/11\/maletin_sirena1.webp",500,438,false],"2048x2048":["https:\/\/megamercancias.com.co\/juguetes\/wp-content\/uploads\/2024\/11\/maletin_sirena1.webp",500,438,false],"widget-thumbnail":["https:\/\/megamercancias.com.co\/juguetes\/wp-content\/uploads\/2024\/11\/maletin_sirena1-75x75.webp",75,75,true],"woocommerce_thumbnail":["https:\/\/megamercancias.com.co\/juguetes\/wp-content\/uploads\/2024\/11\/maletin_sirena1-300x300.webp",300,300,true],"woocommerce_single":["https:\/\/megamercancias.com.co\/juguetes\/wp-content\/uploads\/2024\/11\/maletin_sirena1.webp",500,438,false],"woocommerce_gallery_thumbnail":["https:\/\/megamercancias.com.co\/juguetes\/wp-content\/uploads\/2024\/11\/maletin_sirena1-100x100.webp",100,100,true],"dgwt-wcas-product-suggestion":["https:\/\/megamercancias.com.co\/juguetes\/wp-content\/uploads\/2024\/11\/maletin_sirena1-64x56.webp",64,56,true]},"uagb_author_info":{"display_name":"Megamercanc\u00edas","author_link":"https:\/\/megamercancias.com.co\/juguetes\/author\/"},"uagb_comment_info":0,"uagb_excerpt":"\ud83d\udc85\u2728 \u00a1El set de maquillaje perfecto para peque\u00f1as princesas! \u2728\ud83d\udc85 \ud83d\ude0d Este hermoso set de maquillaje para ni\u00f1a, presentado en una maleta con forma de sirena, es perfecto para llevar y guardar f\u00e1cilmente, ideal para jugar en casa, el jard\u00edn o incluso en el autom\u00f3vil durante viajes. \ud83d\udc96 Incluye sombras, esmaltes, stickers para personalizar las&hellip;","_links":{"self":[{"href":"https:\/\/megamercancias.com.co\/juguetes\/wp-json\/wp\/v2\/product\/2216","targetHints":{"allow":["GET"]}}],"collection":[{"href":"https:\/\/megamercancias.com.co\/juguetes\/wp-json\/wp\/v2\/product"}],"about":[{"href":"https:\/\/megamercancias.com.co\/juguetes\/wp-json\/wp\/v2\/types\/product"}],"wp:featuredmedia":[{"embeddable":true,"href":"https:\/\/megamercancias.com.co\/juguetes\/wp-json\/wp\/v2\/media\/2218"}],"wp:attachment":[{"href":"https:\/\/megamercancias.com.co\/juguetes\/wp-json\/wp\/v2\/media?parent=2216"}],"wp:term":[{"taxonomy":"product_brand","embeddable":true,"href":"https:\/\/megamercancias.com.co\/juguetes\/wp-json\/wp\/v2\/product_brand?post=2216"},{"taxonomy":"product_cat","embeddable":true,"href":"https:\/\/megamercancias.com.co\/juguetes\/wp-json\/wp\/v2\/product_cat?post=2216"},{"taxonomy":"product_tag","embeddable":true,"href":"https:\/\/megamercancias.com.co\/juguetes\/wp-json\/wp\/v2\/product_tag?post=2216"}],"curies":[{"name":"wp","href":"https:\/\/api.w.org\/{rel}","templated":true}]}}