{"id":2211,"date":"2024-11-06T21:04:32","date_gmt":"2024-11-07T02:04:32","guid":{"rendered":"https:\/\/megamercancias.com.co\/juguetes\/?post_type=product&#038;p=2211"},"modified":"2024-12-09T18:32:49","modified_gmt":"2024-12-09T23:32:49","slug":"juego-unas-ninas","status":"publish","type":"product","link":"https:\/\/megamercancias.com.co\/juguetes\/producto\/juego-unas-ninas\/","title":{"rendered":"Juego de esmaltes de u\u00f1as para ni\u00f1as con secador de u\u00f1as"},"content":{"rendered":"<ul class=\"a-unordered-list a-vertical a-spacing-mini\">\n<li class=\"a-spacing-mini\"><span class=\"a-list-item\"><strong>Sal\u00f3n de u\u00f1as para ni\u00f1as<\/strong>: el kit de arte de u\u00f1as est\u00e1 dise\u00f1ado para ni\u00f1as de 5 a 12 a\u00f1os. Las ni\u00f1as pueden disfrutar de ser hermosas como mam\u00e1. <\/span><\/li>\n<li class=\"a-spacing-mini\"><span class=\"a-list-item\">No solo satisfacen el amor por la belleza en cada ni\u00f1a, sino que tambi\u00e9n ejercitan las habilidades pr\u00e1cticas y la concentraci\u00f3n de tu hija.<\/span><\/li>\n<li class=\"a-spacing-mini\"><span class=\"a-list-item\"><strong>Esmalte de u\u00f1as y productos de decoraci\u00f3n<\/strong>: el juego de esmaltes de u\u00f1as para ni\u00f1as contiene secador de u\u00f1as, arte de u\u00f1as, separador de dedos, calcoman\u00edas de u\u00f1as de dise\u00f1o,\u00a0 esmaltes de u\u00f1as. Las ni\u00f1as pueden usar su imaginaci\u00f3n y creatividad para dise\u00f1ar m\u00e1s de 200 tipos de arte de u\u00f1as de moda.<\/span><\/li>\n<li class=\"a-spacing-mini\"><span class=\"a-list-item\"><strong>Esmalte de u\u00f1as lavable seguro y no t\u00f3xico<\/strong>: hecho de material BAP de una mayor calidad. Seguro y no t\u00f3xico, f\u00e1cil de lavar con agua y jab\u00f3n, inofensivo para la piel y seguro para que tu hija juegue. El esmalte de u\u00f1as despegable es m\u00e1s conveniente que el esmalte de u\u00f1as tradicional para uso infantil.<\/span><\/li>\n<li class=\"a-spacing-mini\"><span class=\"a-list-item\"><strong>Juego de manicura mejorado para ni\u00f1as<\/strong>: Pinta tus u\u00f1as, luego pon tus manos en un secador de u\u00f1as con ventilador para secar. Haz que los kits de arte de u\u00f1as sean m\u00e1s divertidos y f\u00e1ciles. (Requiere 2 pilas AAA, no incluidas)<\/span><\/li>\n<li class=\"a-spacing-mini\"><span class=\"a-list-item\">Perfecto para ni\u00f1as peque\u00f1as: ser hermosa es el sue\u00f1o de todas las ni\u00f1as que nunca dejar\u00e1 que se cansen.<\/span><\/li>\n<\/ul>\n","protected":false},"excerpt":{"rendered":"<p>\ud83d\udc85\u2728 \u00a1El set de u\u00f1as perfecto para peque\u00f1as dise\u00f1adoras! \u2728\ud83d\udc85<\/p>\n<p>\u00a1Deja que tus ni\u00f1as se diviertan creando su propio estilo! \ud83c\udf08\ud83d\udc96 Nuestro <strong>Set de Juego de U\u00f1as<\/strong> trae todo lo que necesitan para brillar:<\/p>\n<p>\ud83c\udfa8 <strong>3 colores b\u00e1sicos<\/strong> para hacer dise\u00f1os \u00fanicos<br \/>\n\ud83d\udca8 <strong>Mini secador de u\u00f1as<\/strong> \u2013 \u00a1Secado r\u00e1pido y seguro!<br \/>\n\ud83d\udc85 <strong>U\u00f1as desprendibles<\/strong> \u2013 \u00a1F\u00e1ciles de aplicar y quitar!<br \/>\n\ud83c\udf31 <strong>Materiales no t\u00f3xicos<\/strong> \u2013 Seguro y saludable para jugar<\/p>\n<p>\ud83d\ude9a <strong>Pago contra entrega y env\u00edos a todas las ciudades principales del pa\u00eds<\/strong>.<\/p>\n<p>\u00a1Haz que cada juego sea una sesi\u00f3n de belleza! \ud83c\udf1f\ud83d\udc67<\/p>\n","protected":false},"featured_media":2212,"template":"","meta":{"_uag_custom_page_level_css":"","site-sidebar-layout":"default","site-content-layout":"","ast-site-content-layout":"default","site-content-style":"default","site-sidebar-style":"default","ast-global-header-display":"","ast-banner-title-visibility":"","ast-main-header-display":"","ast-hfb-above-header-display":"","ast-hfb-below-header-display":"","ast-hfb-mobile-header-display":"","site-post-title":"","ast-breadcrumbs-content":"","ast-featured-img":"","footer-sml-layout":"","theme-transparent-header-meta":"default","adv-header-id-meta":"","stick-header-meta":"default","header-above-stick-meta":"","header-main-stick-meta":"","header-below-stick-meta":"","astra-migrate-meta-layouts":"set","ast-page-background-enabled":"default","ast-page-background-meta":{"desktop":{"background-color":"var(--ast-global-color-4)","background-image":"","background-repeat":"repeat","background-position":"center center","background-size":"auto","background-attachment":"scroll","background-type":"","background-media":"","overlay-type":"","overlay-color":"","overlay-opacity":"","overlay-gradient":""},"tablet":{"background-color":"","background-image":"","background-repeat":"repeat","background-position":"center center","background-size":"auto","background-attachment":"scroll","background-type":"","background-media":"","overlay-type":"","overlay-color":"","overlay-opacity":"","overlay-gradient":""},"mobile":{"background-color":"","background-image":"","background-repeat":"repeat","background-position":"center center","background-size":"auto","background-attachment":"scroll","background-type":"","background-media":"","overlay-type":"","overlay-color":"","overlay-opacity":"","overlay-gradient":""}},"ast-content-background-meta":{"desktop":{"background-color":"var(--ast-global-color-5)","background-image":"","background-repeat":"repeat","background-position":"center center","background-size":"auto","background-attachment":"scroll","background-type":"","background-media":"","overlay-type":"","overlay-color":"","overlay-opacity":"","overlay-gradient":""},"tablet":{"background-color":"var(--ast-global-color-5)","background-image":"","background-repeat":"repeat","background-position":"center center","background-size":"auto","background-attachment":"scroll","background-type":"","background-media":"","overlay-type":"","overlay-color":"","overlay-opacity":"","overlay-gradient":""},"mobile":{"background-color":"var(--ast-global-color-5)","background-image":"","background-repeat":"repeat","background-position":"center center","background-size":"auto","background-attachment":"scroll","background-type":"","background-media":"","overlay-type":"","overlay-color":"","overlay-opacity":"","overlay-gradient":""}},"_joinchat":[]},"product_brand":[],"product_cat":[41,42,61],"product_tag":[145,143,144],"class_list":{"0":"post-2211","1":"product","2":"type-product","3":"status-publish","4":"has-post-thumbnail","6":"product_cat-ninos-entre-los-6-y-8-anos","7":"product_cat-edades-entre-los-9-y-12","8":"product_cat-juguetes-de-ninas","9":"product_tag-juego-de-esmalte-de-unas-para-ninas","10":"product_tag-juego-de-unas","11":"product_tag-salon-de-unas","12":"desktop-align-left","13":"tablet-align-left","14":"mobile-align-center","15":"ast-product-gallery-layout-horizontal-slider","16":"ast-product-tabs-layout-horizontal","18":"first","19":"instock","20":"sale","21":"taxable","22":"shipping-taxable","23":"purchasable","24":"product-type-simple"},"yoast_head":"<!-- This site is optimized with the Yoast SEO plugin v27.3 - https:\/\/yoast.com\/product\/yoast-seo-wordpress\/ -->\n<title>Juego de esmaltes de u\u00f1as para ni\u00f1as con secador de u\u00f1as -<\/title>\n<meta name=\"description\" content=\"\u2728 \u00a1El set de u\u00f1as perfecto para peque\u00f1as dise\u00f1adoras! \u2728\ud83d\udc85\u00a1Deja que tus ni\u00f1as se diviertan creando su propio estilo! \ud83c\udf08\ud83d\udc96 Nuestro Set de U\u00f1as trae todo.\" \/>\n<meta name=\"robots\" content=\"index, follow, max-snippet:-1, max-image-preview:large, max-video-preview:-1\" \/>\n<link rel=\"canonical\" href=\"https:\/\/megamercancias.com.co\/juguetes\/producto\/juego-unas-ninas\/\" \/>\n<meta property=\"og:locale\" content=\"es_ES\" \/>\n<meta property=\"og:type\" content=\"article\" \/>\n<meta property=\"og:title\" content=\"Juego de esmaltes de u\u00f1as para ni\u00f1as con secador de u\u00f1as -\" \/>\n<meta property=\"og:description\" content=\"\u2728 \u00a1El set de u\u00f1as perfecto para peque\u00f1as dise\u00f1adoras! \u2728\ud83d\udc85\u00a1Deja que tus ni\u00f1as se diviertan creando su propio estilo! \ud83c\udf08\ud83d\udc96 Nuestro Set de U\u00f1as trae todo.\" \/>\n<meta property=\"og:url\" content=\"https:\/\/megamercancias.com.co\/juguetes\/producto\/juego-unas-ninas\/\" \/>\n<meta property=\"article:publisher\" content=\"https:\/\/www.facebook.com\/Megamercancias.com.co\/\" \/>\n<meta property=\"article:modified_time\" content=\"2024-12-09T23:32:49+00:00\" \/>\n<meta property=\"og:image\" content=\"https:\/\/megamercancias.com.co\/juguetes\/wp-content\/uploads\/2024\/11\/UNAS1.webp\" \/>\n\t<meta property=\"og:image:width\" content=\"800\" \/>\n\t<meta property=\"og:image:height\" content=\"800\" \/>\n\t<meta property=\"og:image:type\" content=\"image\/webp\" \/>\n<meta name=\"twitter:card\" content=\"summary_large_image\" \/>\n<meta name=\"twitter:label1\" content=\"Tiempo de lectura\" \/>\n\t<meta name=\"twitter:data1\" content=\"2 minutos\" \/>\n<script type=\"application\/ld+json\" class=\"yoast-schema-graph\">{\"@context\":\"https:\\\/\\\/schema.org\",\"@graph\":[{\"@type\":\"WebPage\",\"@id\":\"https:\\\/\\\/megamercancias.com.co\\\/juguetes\\\/producto\\\/juego-unas-ninas\\\/\",\"url\":\"https:\\\/\\\/megamercancias.com.co\\\/juguetes\\\/producto\\\/juego-unas-ninas\\\/\",\"name\":\"Juego de esmaltes de u\u00f1as para ni\u00f1as con secador de u\u00f1as -\",\"isPartOf\":{\"@id\":\"https:\\\/\\\/megamercancias.com.co\\\/juguetes\\\/#website\"},\"primaryImageOfPage\":{\"@id\":\"https:\\\/\\\/megamercancias.com.co\\\/juguetes\\\/producto\\\/juego-unas-ninas\\\/#primaryimage\"},\"image\":{\"@id\":\"https:\\\/\\\/megamercancias.com.co\\\/juguetes\\\/producto\\\/juego-unas-ninas\\\/#primaryimage\"},\"thumbnailUrl\":\"https:\\\/\\\/megamercancias.com.co\\\/juguetes\\\/wp-content\\\/uploads\\\/2024\\\/11\\\/UNAS1.webp\",\"datePublished\":\"2024-11-07T02:04:32+00:00\",\"dateModified\":\"2024-12-09T23:32:49+00:00\",\"description\":\"\u2728 \u00a1El set de u\u00f1as perfecto para peque\u00f1as dise\u00f1adoras! \u2728\ud83d\udc85\u00a1Deja que tus ni\u00f1as se diviertan creando su propio estilo! \ud83c\udf08\ud83d\udc96 Nuestro Set de U\u00f1as trae todo.\",\"breadcrumb\":{\"@id\":\"https:\\\/\\\/megamercancias.com.co\\\/juguetes\\\/producto\\\/juego-unas-ninas\\\/#breadcrumb\"},\"inLanguage\":\"es\",\"potentialAction\":[{\"@type\":\"ReadAction\",\"target\":[\"https:\\\/\\\/megamercancias.com.co\\\/juguetes\\\/producto\\\/juego-unas-ninas\\\/\"]}]},{\"@type\":\"ImageObject\",\"inLanguage\":\"es\",\"@id\":\"https:\\\/\\\/megamercancias.com.co\\\/juguetes\\\/producto\\\/juego-unas-ninas\\\/#primaryimage\",\"url\":\"https:\\\/\\\/megamercancias.com.co\\\/juguetes\\\/wp-content\\\/uploads\\\/2024\\\/11\\\/UNAS1.webp\",\"contentUrl\":\"https:\\\/\\\/megamercancias.com.co\\\/juguetes\\\/wp-content\\\/uploads\\\/2024\\\/11\\\/UNAS1.webp\",\"width\":800,\"height\":800},{\"@type\":\"BreadcrumbList\",\"@id\":\"https:\\\/\\\/megamercancias.com.co\\\/juguetes\\\/producto\\\/juego-unas-ninas\\\/#breadcrumb\",\"itemListElement\":[{\"@type\":\"ListItem\",\"position\":1,\"name\":\"Portada\",\"item\":\"https:\\\/\\\/megamercancias.com.co\\\/juguetes\\\/\"},{\"@type\":\"ListItem\",\"position\":2,\"name\":\"Tienda\",\"item\":\"https:\\\/\\\/megamercancias.com.co\\\/juguetes\\\/shop\\\/\"},{\"@type\":\"ListItem\",\"position\":3,\"name\":\"Juego de esmaltes de u\u00f1as para ni\u00f1as con secador de u\u00f1as\"}]},{\"@type\":\"WebSite\",\"@id\":\"https:\\\/\\\/megamercancias.com.co\\\/juguetes\\\/#website\",\"url\":\"https:\\\/\\\/megamercancias.com.co\\\/juguetes\\\/\",\"name\":\"Juguetes Felices\",\"description\":\"Jugueter\u00eda\",\"publisher\":{\"@id\":\"https:\\\/\\\/megamercancias.com.co\\\/juguetes\\\/#organization\"},\"potentialAction\":[{\"@type\":\"SearchAction\",\"target\":{\"@type\":\"EntryPoint\",\"urlTemplate\":\"https:\\\/\\\/megamercancias.com.co\\\/juguetes\\\/?s={search_term_string}\"},\"query-input\":{\"@type\":\"PropertyValueSpecification\",\"valueRequired\":true,\"valueName\":\"search_term_string\"}}],\"inLanguage\":\"es\"},{\"@type\":\"Organization\",\"@id\":\"https:\\\/\\\/megamercancias.com.co\\\/juguetes\\\/#organization\",\"name\":\"Megamercancias\",\"url\":\"https:\\\/\\\/megamercancias.com.co\\\/juguetes\\\/\",\"logo\":{\"@type\":\"ImageObject\",\"inLanguage\":\"es\",\"@id\":\"https:\\\/\\\/megamercancias.com.co\\\/juguetes\\\/#\\\/schema\\\/logo\\\/image\\\/\",\"url\":\"https:\\\/\\\/megamercancias.com.co\\\/juguetes\\\/wp-content\\\/uploads\\\/2023\\\/10\\\/Logo-Final.webp\",\"contentUrl\":\"https:\\\/\\\/megamercancias.com.co\\\/juguetes\\\/wp-content\\\/uploads\\\/2023\\\/10\\\/Logo-Final.webp\",\"width\":510,\"height\":250,\"caption\":\"Megamercancias\"},\"image\":{\"@id\":\"https:\\\/\\\/megamercancias.com.co\\\/juguetes\\\/#\\\/schema\\\/logo\\\/image\\\/\"},\"sameAs\":[\"https:\\\/\\\/www.facebook.com\\\/Megamercancias.com.co\\\/\",\"https:\\\/\\\/www.instagram.com\\\/naidu_megamercancias\\\/\"]}]}<\/script>\n<!-- \/ Yoast SEO plugin. -->","yoast_head_json":{"title":"Juego de esmaltes de u\u00f1as para ni\u00f1as con secador de u\u00f1as -","description":"\u2728 \u00a1El set de u\u00f1as perfecto para peque\u00f1as dise\u00f1adoras! \u2728\ud83d\udc85\u00a1Deja que tus ni\u00f1as se diviertan creando su propio estilo! \ud83c\udf08\ud83d\udc96 Nuestro Set de U\u00f1as trae todo.","robots":{"index":"index","follow":"follow","max-snippet":"max-snippet:-1","max-image-preview":"max-image-preview:large","max-video-preview":"max-video-preview:-1"},"canonical":"https:\/\/megamercancias.com.co\/juguetes\/producto\/juego-unas-ninas\/","og_locale":"es_ES","og_type":"article","og_title":"Juego de esmaltes de u\u00f1as para ni\u00f1as con secador de u\u00f1as -","og_description":"\u2728 \u00a1El set de u\u00f1as perfecto para peque\u00f1as dise\u00f1adoras! \u2728\ud83d\udc85\u00a1Deja que tus ni\u00f1as se diviertan creando su propio estilo! \ud83c\udf08\ud83d\udc96 Nuestro Set de U\u00f1as trae todo.","og_url":"https:\/\/megamercancias.com.co\/juguetes\/producto\/juego-unas-ninas\/","article_publisher":"https:\/\/www.facebook.com\/Megamercancias.com.co\/","article_modified_time":"2024-12-09T23:32:49+00:00","og_image":[{"width":800,"height":800,"url":"https:\/\/megamercancias.com.co\/juguetes\/wp-content\/uploads\/2024\/11\/UNAS1.webp","type":"image\/webp"}],"twitter_card":"summary_large_image","twitter_misc":{"Tiempo de lectura":"2 minutos"},"schema":{"@context":"https:\/\/schema.org","@graph":[{"@type":"WebPage","@id":"https:\/\/megamercancias.com.co\/juguetes\/producto\/juego-unas-ninas\/","url":"https:\/\/megamercancias.com.co\/juguetes\/producto\/juego-unas-ninas\/","name":"Juego de esmaltes de u\u00f1as para ni\u00f1as con secador de u\u00f1as -","isPartOf":{"@id":"https:\/\/megamercancias.com.co\/juguetes\/#website"},"primaryImageOfPage":{"@id":"https:\/\/megamercancias.com.co\/juguetes\/producto\/juego-unas-ninas\/#primaryimage"},"image":{"@id":"https:\/\/megamercancias.com.co\/juguetes\/producto\/juego-unas-ninas\/#primaryimage"},"thumbnailUrl":"https:\/\/megamercancias.com.co\/juguetes\/wp-content\/uploads\/2024\/11\/UNAS1.webp","datePublished":"2024-11-07T02:04:32+00:00","dateModified":"2024-12-09T23:32:49+00:00","description":"\u2728 \u00a1El set de u\u00f1as perfecto para peque\u00f1as dise\u00f1adoras! \u2728\ud83d\udc85\u00a1Deja que tus ni\u00f1as se diviertan creando su propio estilo! \ud83c\udf08\ud83d\udc96 Nuestro Set de U\u00f1as trae todo.","breadcrumb":{"@id":"https:\/\/megamercancias.com.co\/juguetes\/producto\/juego-unas-ninas\/#breadcrumb"},"inLanguage":"es","potentialAction":[{"@type":"ReadAction","target":["https:\/\/megamercancias.com.co\/juguetes\/producto\/juego-unas-ninas\/"]}]},{"@type":"ImageObject","inLanguage":"es","@id":"https:\/\/megamercancias.com.co\/juguetes\/producto\/juego-unas-ninas\/#primaryimage","url":"https:\/\/megamercancias.com.co\/juguetes\/wp-content\/uploads\/2024\/11\/UNAS1.webp","contentUrl":"https:\/\/megamercancias.com.co\/juguetes\/wp-content\/uploads\/2024\/11\/UNAS1.webp","width":800,"height":800},{"@type":"BreadcrumbList","@id":"https:\/\/megamercancias.com.co\/juguetes\/producto\/juego-unas-ninas\/#breadcrumb","itemListElement":[{"@type":"ListItem","position":1,"name":"Portada","item":"https:\/\/megamercancias.com.co\/juguetes\/"},{"@type":"ListItem","position":2,"name":"Tienda","item":"https:\/\/megamercancias.com.co\/juguetes\/shop\/"},{"@type":"ListItem","position":3,"name":"Juego de esmaltes de u\u00f1as para ni\u00f1as con secador de u\u00f1as"}]},{"@type":"WebSite","@id":"https:\/\/megamercancias.com.co\/juguetes\/#website","url":"https:\/\/megamercancias.com.co\/juguetes\/","name":"Juguetes Felices","description":"Jugueter\u00eda","publisher":{"@id":"https:\/\/megamercancias.com.co\/juguetes\/#organization"},"potentialAction":[{"@type":"SearchAction","target":{"@type":"EntryPoint","urlTemplate":"https:\/\/megamercancias.com.co\/juguetes\/?s={search_term_string}"},"query-input":{"@type":"PropertyValueSpecification","valueRequired":true,"valueName":"search_term_string"}}],"inLanguage":"es"},{"@type":"Organization","@id":"https:\/\/megamercancias.com.co\/juguetes\/#organization","name":"Megamercancias","url":"https:\/\/megamercancias.com.co\/juguetes\/","logo":{"@type":"ImageObject","inLanguage":"es","@id":"https:\/\/megamercancias.com.co\/juguetes\/#\/schema\/logo\/image\/","url":"https:\/\/megamercancias.com.co\/juguetes\/wp-content\/uploads\/2023\/10\/Logo-Final.webp","contentUrl":"https:\/\/megamercancias.com.co\/juguetes\/wp-content\/uploads\/2023\/10\/Logo-Final.webp","width":510,"height":250,"caption":"Megamercancias"},"image":{"@id":"https:\/\/megamercancias.com.co\/juguetes\/#\/schema\/logo\/image\/"},"sameAs":["https:\/\/www.facebook.com\/Megamercancias.com.co\/","https:\/\/www.instagram.com\/naidu_megamercancias\/"]}]}},"uagb_featured_image_src":{"full":["https:\/\/megamercancias.com.co\/juguetes\/wp-content\/uploads\/2024\/11\/UNAS1.webp",800,800,false],"thumbnail":["https:\/\/megamercancias.com.co\/juguetes\/wp-content\/uploads\/2024\/11\/UNAS1-150x150.webp",150,150,true],"medium":["https:\/\/megamercancias.com.co\/juguetes\/wp-content\/uploads\/2024\/11\/UNAS1-300x300.webp",300,300,true],"medium_large":["https:\/\/megamercancias.com.co\/juguetes\/wp-content\/uploads\/2024\/11\/UNAS1-768x768.webp",768,768,true],"large":["https:\/\/megamercancias.com.co\/juguetes\/wp-content\/uploads\/2024\/11\/UNAS1.webp",800,800,false],"1536x1536":["https:\/\/megamercancias.com.co\/juguetes\/wp-content\/uploads\/2024\/11\/UNAS1.webp",800,800,false],"2048x2048":["https:\/\/megamercancias.com.co\/juguetes\/wp-content\/uploads\/2024\/11\/UNAS1.webp",800,800,false],"widget-thumbnail":["https:\/\/megamercancias.com.co\/juguetes\/wp-content\/uploads\/2024\/11\/UNAS1-75x75.webp",75,75,true],"woocommerce_thumbnail":["https:\/\/megamercancias.com.co\/juguetes\/wp-content\/uploads\/2024\/11\/UNAS1-300x300.webp",300,300,true],"woocommerce_single":["https:\/\/megamercancias.com.co\/juguetes\/wp-content\/uploads\/2024\/11\/UNAS1-600x600.webp",600,600,true],"woocommerce_gallery_thumbnail":["https:\/\/megamercancias.com.co\/juguetes\/wp-content\/uploads\/2024\/11\/UNAS1-100x100.webp",100,100,true],"dgwt-wcas-product-suggestion":["https:\/\/megamercancias.com.co\/juguetes\/wp-content\/uploads\/2024\/11\/UNAS1-64x64.webp",64,64,true]},"uagb_author_info":{"display_name":"Megamercanc\u00edas","author_link":"https:\/\/megamercancias.com.co\/juguetes\/author\/"},"uagb_comment_info":0,"uagb_excerpt":"\ud83d\udc85\u2728 \u00a1El set de u\u00f1as perfecto para peque\u00f1as dise\u00f1adoras! \u2728\ud83d\udc85 \u00a1Deja que tus ni\u00f1as se diviertan creando su propio estilo! \ud83c\udf08\ud83d\udc96 Nuestro Set de Juego de U\u00f1as trae todo lo que necesitan para brillar: \ud83c\udfa8 3 colores b\u00e1sicos para hacer dise\u00f1os \u00fanicos \ud83d\udca8 Mini secador de u\u00f1as \u2013 \u00a1Secado r\u00e1pido y seguro! \ud83d\udc85 U\u00f1as desprendibles&hellip;","_links":{"self":[{"href":"https:\/\/megamercancias.com.co\/juguetes\/wp-json\/wp\/v2\/product\/2211","targetHints":{"allow":["GET"]}}],"collection":[{"href":"https:\/\/megamercancias.com.co\/juguetes\/wp-json\/wp\/v2\/product"}],"about":[{"href":"https:\/\/megamercancias.com.co\/juguetes\/wp-json\/wp\/v2\/types\/product"}],"wp:featuredmedia":[{"embeddable":true,"href":"https:\/\/megamercancias.com.co\/juguetes\/wp-json\/wp\/v2\/media\/2212"}],"wp:attachment":[{"href":"https:\/\/megamercancias.com.co\/juguetes\/wp-json\/wp\/v2\/media?parent=2211"}],"wp:term":[{"taxonomy":"product_brand","embeddable":true,"href":"https:\/\/megamercancias.com.co\/juguetes\/wp-json\/wp\/v2\/product_brand?post=2211"},{"taxonomy":"product_cat","embeddable":true,"href":"https:\/\/megamercancias.com.co\/juguetes\/wp-json\/wp\/v2\/product_cat?post=2211"},{"taxonomy":"product_tag","embeddable":true,"href":"https:\/\/megamercancias.com.co\/juguetes\/wp-json\/wp\/v2\/product_tag?post=2211"}],"curies":[{"name":"wp","href":"https:\/\/api.w.org\/{rel}","templated":true}]}}