{"id":2152,"date":"2024-11-03T21:43:56","date_gmt":"2024-11-04T02:43:56","guid":{"rendered":"https:\/\/megamercancias.com.co\/juguetes\/?post_type=product&#038;p=2152"},"modified":"2024-12-02T20:39:06","modified_gmt":"2024-12-03T01:39:06","slug":"auto-super-heroes","status":"publish","type":"product","link":"https:\/\/megamercancias.com.co\/juguetes\/producto\/auto-super-heroes\/","title":{"rendered":"Auto Control remoto Super H\u00e9roes"},"content":{"rendered":"<p align=\"start\"><strong data-spm-anchor-id=\"a2g0o.detail.1000023.i0.3a020Kzg0KzgLc\">\u2705Juguete el\u00e9ctrico inal\u00e1mbrico: <\/strong>Como juguete el\u00e9ctrico inal\u00e1mbrico, garantiza un funcionamiento suave sin la molestia de los cables enredados, lo que mejora el tiempo de juego.<\/p>\n<p align=\"start\"><strong>\u2705Material pl\u00e1stico: <\/strong>Hecho de pl\u00e1stico duradero, este autom\u00f3vil est\u00e1 dise\u00f1ado para resistir el juego brusco y el uso frecuente.<\/p>\n<p align=\"start\"><strong>\u2705Tema de carreras de grafitis: <\/strong>Con un tema de carreras de graffiti, este coche agrega un toque \u00fanico y elegante a los juguetes de carreras tradicionales.<\/p>\n<p align=\"start\"><strong>\u2705<\/strong>Modelo a escala<\/p>\n<p align=\"start\"><strong>\u2705Control remoto de cuatro direcciones: <\/strong>El coche viene con un mando a distancia de cuatro direcciones, que proporciona maniobrabilidad y control precisos sobre los movimientos del veh\u00edculo.<\/p>\n","protected":false},"excerpt":{"rendered":"<p>\ud83d\ude97Este incre\u00edble Auto de juguete con un dise\u00f1o vibrante de <strong>Super h\u00e9roes<\/strong> en toda su superficie es perfecto para que los chicos se diviertan al m\u00e1ximo.<\/p>\n<p>\ud83d\udcaaEquipado con una bater\u00eda recargable, para que juegues sin parar.<\/p>\n<p>\ud83d\udc49 se controla a distancia mediante un control remoto, ofreciendo una experiencia de juego din\u00e1mica y emocionante.<\/p>\n<p>\ud83d\ude0dIdeal para horas de diversi\u00f3n, este carro abre las puertas con el control remoto, haciendo que tu auto sea una aventura.<\/p>\n<p align=\"start\">\ud83d\udd0b <strong>Bater\u00eda recargable<\/strong> y cable USB para carga \u2013 \u00a1Listo para jugar!<br \/>\n\ud83d\udca1 <strong>Luces y Sonido<\/strong> \u2013 Emoci\u00f3n en cada movimiento.<\/p>\n<p>\u00a1Pero eso no es todo! \ud83c\udf81 Ofrecemos un servicio especial para que tu experiencia de compra sea a\u00fan m\u00e1s emocionante<\/p>\n<p>\ud83d\udcb0 Pago contra entrega: Paga cuando recibas tu Auto de Super H\u00e9roes en la puerta de tu hogar.<\/p>\n<p>\ud83d\ude9a Env\u00edo <strong>GRATIS<\/strong> a las principales ciudades del pa\u00eds.<\/p>\n<p align=\"start\">\u00a1No pierdas esta oportunidad de sorprender! \ud83c\udf89<\/p>\n","protected":false},"featured_media":2157,"template":"","meta":{"_uag_custom_page_level_css":"","site-sidebar-layout":"default","site-content-layout":"","ast-site-content-layout":"default","site-content-style":"default","site-sidebar-style":"default","ast-global-header-display":"","ast-banner-title-visibility":"","ast-main-header-display":"","ast-hfb-above-header-display":"","ast-hfb-below-header-display":"","ast-hfb-mobile-header-display":"","site-post-title":"","ast-breadcrumbs-content":"","ast-featured-img":"","footer-sml-layout":"","theme-transparent-header-meta":"default","adv-header-id-meta":"","stick-header-meta":"default","header-above-stick-meta":"","header-main-stick-meta":"","header-below-stick-meta":"","astra-migrate-meta-layouts":"set","ast-page-background-enabled":"default","ast-page-background-meta":{"desktop":{"background-color":"var(--ast-global-color-4)","background-image":"","background-repeat":"repeat","background-position":"center center","background-size":"auto","background-attachment":"scroll","background-type":"","background-media":"","overlay-type":"","overlay-color":"","overlay-opacity":"","overlay-gradient":""},"tablet":{"background-color":"","background-image":"","background-repeat":"repeat","background-position":"center center","background-size":"auto","background-attachment":"scroll","background-type":"","background-media":"","overlay-type":"","overlay-color":"","overlay-opacity":"","overlay-gradient":""},"mobile":{"background-color":"","background-image":"","background-repeat":"repeat","background-position":"center center","background-size":"auto","background-attachment":"scroll","background-type":"","background-media":"","overlay-type":"","overlay-color":"","overlay-opacity":"","overlay-gradient":""}},"ast-content-background-meta":{"desktop":{"background-color":"var(--ast-global-color-5)","background-image":"","background-repeat":"repeat","background-position":"center center","background-size":"auto","background-attachment":"scroll","background-type":"","background-media":"","overlay-type":"","overlay-color":"","overlay-opacity":"","overlay-gradient":""},"tablet":{"background-color":"var(--ast-global-color-5)","background-image":"","background-repeat":"repeat","background-position":"center center","background-size":"auto","background-attachment":"scroll","background-type":"","background-media":"","overlay-type":"","overlay-color":"","overlay-opacity":"","overlay-gradient":""},"mobile":{"background-color":"var(--ast-global-color-5)","background-image":"","background-repeat":"repeat","background-position":"center center","background-size":"auto","background-attachment":"scroll","background-type":"","background-media":"","overlay-type":"","overlay-color":"","overlay-opacity":"","overlay-gradient":""}},"_joinchat":[]},"product_brand":[],"product_cat":[43,40,41,42,21,60],"product_tag":[131,132,130,129],"class_list":{"0":"post-2152","1":"product","2":"type-product","3":"status-publish","4":"has-post-thumbnail","6":"product_cat-ninos-mayores-de-13-anos","7":"product_cat-ninos-con-3-5-anos","8":"product_cat-ninos-entre-los-6-y-8-anos","9":"product_cat-edades-entre-los-9-y-12","10":"product_cat-juguetes-de-bateria","11":"product_cat-juguetes-de-ninos","12":"product_tag-auto-de-control-remoto","13":"product_tag-auto-de-graffiti","14":"product_tag-auto-de-juguete","15":"product_tag-super-heroes","16":"desktop-align-left","17":"tablet-align-left","18":"mobile-align-center","19":"ast-product-gallery-layout-horizontal-slider","20":"ast-product-tabs-layout-horizontal","22":"first","23":"instock","24":"sale","25":"taxable","26":"shipping-taxable","27":"purchasable","28":"product-type-simple"},"yoast_head":"<!-- This site is optimized with the Yoast SEO plugin v27.3 - https:\/\/yoast.com\/product\/yoast-seo-wordpress\/ -->\n<title>Auto Control remoto Super H\u00e9roes -<\/title>\n<meta name=\"description\" content=\"\ud83d\ude9c\ud83d\udca5 \u00a1Diversi\u00f3n y potencia en tus manos! \ud83d\udca5\ud83d\ude9c Este incre\u00edble Auto de Super h\u00e9roes en toda su superficie es perfecto para que los chicos se diviertan.\" \/>\n<meta name=\"robots\" content=\"index, follow, max-snippet:-1, max-image-preview:large, max-video-preview:-1\" \/>\n<link rel=\"canonical\" href=\"https:\/\/megamercancias.com.co\/juguetes\/producto\/auto-super-heroes\/\" \/>\n<meta property=\"og:locale\" content=\"es_ES\" \/>\n<meta property=\"og:type\" content=\"article\" \/>\n<meta property=\"og:title\" content=\"Auto Control remoto Super H\u00e9roes -\" \/>\n<meta property=\"og:description\" content=\"\ud83d\ude9c\ud83d\udca5 \u00a1Diversi\u00f3n y potencia en tus manos! \ud83d\udca5\ud83d\ude9c Este incre\u00edble Auto de Super h\u00e9roes en toda su superficie es perfecto para que los chicos se diviertan.\" \/>\n<meta property=\"og:url\" content=\"https:\/\/megamercancias.com.co\/juguetes\/producto\/auto-super-heroes\/\" \/>\n<meta property=\"article:publisher\" content=\"https:\/\/www.facebook.com\/Megamercancias.com.co\/\" \/>\n<meta property=\"article:modified_time\" content=\"2024-12-03T01:39:06+00:00\" \/>\n<meta property=\"og:image\" content=\"https:\/\/megamercancias.com.co\/juguetes\/wp-content\/uploads\/2024\/11\/Auto_Graffiti5.webp\" \/>\n\t<meta property=\"og:image:width\" content=\"720\" \/>\n\t<meta property=\"og:image:height\" content=\"720\" \/>\n\t<meta property=\"og:image:type\" content=\"image\/webp\" \/>\n<meta name=\"twitter:card\" content=\"summary_large_image\" \/>\n<meta name=\"twitter:label1\" content=\"Tiempo de lectura\" \/>\n\t<meta name=\"twitter:data1\" content=\"1 minuto\" \/>\n<script type=\"application\/ld+json\" class=\"yoast-schema-graph\">{\"@context\":\"https:\\\/\\\/schema.org\",\"@graph\":[{\"@type\":\"WebPage\",\"@id\":\"https:\\\/\\\/megamercancias.com.co\\\/juguetes\\\/producto\\\/auto-super-heroes\\\/\",\"url\":\"https:\\\/\\\/megamercancias.com.co\\\/juguetes\\\/producto\\\/auto-super-heroes\\\/\",\"name\":\"Auto Control remoto Super H\u00e9roes -\",\"isPartOf\":{\"@id\":\"https:\\\/\\\/megamercancias.com.co\\\/juguetes\\\/#website\"},\"primaryImageOfPage\":{\"@id\":\"https:\\\/\\\/megamercancias.com.co\\\/juguetes\\\/producto\\\/auto-super-heroes\\\/#primaryimage\"},\"image\":{\"@id\":\"https:\\\/\\\/megamercancias.com.co\\\/juguetes\\\/producto\\\/auto-super-heroes\\\/#primaryimage\"},\"thumbnailUrl\":\"https:\\\/\\\/megamercancias.com.co\\\/juguetes\\\/wp-content\\\/uploads\\\/2024\\\/11\\\/Auto_Graffiti5.webp\",\"datePublished\":\"2024-11-04T02:43:56+00:00\",\"dateModified\":\"2024-12-03T01:39:06+00:00\",\"description\":\"\ud83d\ude9c\ud83d\udca5 \u00a1Diversi\u00f3n y potencia en tus manos! \ud83d\udca5\ud83d\ude9c Este incre\u00edble Auto de Super h\u00e9roes en toda su superficie es perfecto para que los chicos se diviertan.\",\"breadcrumb\":{\"@id\":\"https:\\\/\\\/megamercancias.com.co\\\/juguetes\\\/producto\\\/auto-super-heroes\\\/#breadcrumb\"},\"inLanguage\":\"es\",\"potentialAction\":[{\"@type\":\"ReadAction\",\"target\":[\"https:\\\/\\\/megamercancias.com.co\\\/juguetes\\\/producto\\\/auto-super-heroes\\\/\"]}]},{\"@type\":\"ImageObject\",\"inLanguage\":\"es\",\"@id\":\"https:\\\/\\\/megamercancias.com.co\\\/juguetes\\\/producto\\\/auto-super-heroes\\\/#primaryimage\",\"url\":\"https:\\\/\\\/megamercancias.com.co\\\/juguetes\\\/wp-content\\\/uploads\\\/2024\\\/11\\\/Auto_Graffiti5.webp\",\"contentUrl\":\"https:\\\/\\\/megamercancias.com.co\\\/juguetes\\\/wp-content\\\/uploads\\\/2024\\\/11\\\/Auto_Graffiti5.webp\",\"width\":720,\"height\":720},{\"@type\":\"BreadcrumbList\",\"@id\":\"https:\\\/\\\/megamercancias.com.co\\\/juguetes\\\/producto\\\/auto-super-heroes\\\/#breadcrumb\",\"itemListElement\":[{\"@type\":\"ListItem\",\"position\":1,\"name\":\"Portada\",\"item\":\"https:\\\/\\\/megamercancias.com.co\\\/juguetes\\\/\"},{\"@type\":\"ListItem\",\"position\":2,\"name\":\"Tienda\",\"item\":\"https:\\\/\\\/megamercancias.com.co\\\/juguetes\\\/shop\\\/\"},{\"@type\":\"ListItem\",\"position\":3,\"name\":\"Auto Control remoto Super H\u00e9roes\"}]},{\"@type\":\"WebSite\",\"@id\":\"https:\\\/\\\/megamercancias.com.co\\\/juguetes\\\/#website\",\"url\":\"https:\\\/\\\/megamercancias.com.co\\\/juguetes\\\/\",\"name\":\"Juguetes Felices\",\"description\":\"Jugueter\u00eda\",\"publisher\":{\"@id\":\"https:\\\/\\\/megamercancias.com.co\\\/juguetes\\\/#organization\"},\"potentialAction\":[{\"@type\":\"SearchAction\",\"target\":{\"@type\":\"EntryPoint\",\"urlTemplate\":\"https:\\\/\\\/megamercancias.com.co\\\/juguetes\\\/?s={search_term_string}\"},\"query-input\":{\"@type\":\"PropertyValueSpecification\",\"valueRequired\":true,\"valueName\":\"search_term_string\"}}],\"inLanguage\":\"es\"},{\"@type\":\"Organization\",\"@id\":\"https:\\\/\\\/megamercancias.com.co\\\/juguetes\\\/#organization\",\"name\":\"Megamercancias\",\"url\":\"https:\\\/\\\/megamercancias.com.co\\\/juguetes\\\/\",\"logo\":{\"@type\":\"ImageObject\",\"inLanguage\":\"es\",\"@id\":\"https:\\\/\\\/megamercancias.com.co\\\/juguetes\\\/#\\\/schema\\\/logo\\\/image\\\/\",\"url\":\"https:\\\/\\\/megamercancias.com.co\\\/juguetes\\\/wp-content\\\/uploads\\\/2023\\\/10\\\/Logo-Final.webp\",\"contentUrl\":\"https:\\\/\\\/megamercancias.com.co\\\/juguetes\\\/wp-content\\\/uploads\\\/2023\\\/10\\\/Logo-Final.webp\",\"width\":510,\"height\":250,\"caption\":\"Megamercancias\"},\"image\":{\"@id\":\"https:\\\/\\\/megamercancias.com.co\\\/juguetes\\\/#\\\/schema\\\/logo\\\/image\\\/\"},\"sameAs\":[\"https:\\\/\\\/www.facebook.com\\\/Megamercancias.com.co\\\/\",\"https:\\\/\\\/www.instagram.com\\\/naidu_megamercancias\\\/\"]}]}<\/script>\n<!-- \/ Yoast SEO plugin. -->","yoast_head_json":{"title":"Auto Control remoto Super H\u00e9roes -","description":"\ud83d\ude9c\ud83d\udca5 \u00a1Diversi\u00f3n y potencia en tus manos! \ud83d\udca5\ud83d\ude9c Este incre\u00edble Auto de Super h\u00e9roes en toda su superficie es perfecto para que los chicos se diviertan.","robots":{"index":"index","follow":"follow","max-snippet":"max-snippet:-1","max-image-preview":"max-image-preview:large","max-video-preview":"max-video-preview:-1"},"canonical":"https:\/\/megamercancias.com.co\/juguetes\/producto\/auto-super-heroes\/","og_locale":"es_ES","og_type":"article","og_title":"Auto Control remoto Super H\u00e9roes -","og_description":"\ud83d\ude9c\ud83d\udca5 \u00a1Diversi\u00f3n y potencia en tus manos! \ud83d\udca5\ud83d\ude9c Este incre\u00edble Auto de Super h\u00e9roes en toda su superficie es perfecto para que los chicos se diviertan.","og_url":"https:\/\/megamercancias.com.co\/juguetes\/producto\/auto-super-heroes\/","article_publisher":"https:\/\/www.facebook.com\/Megamercancias.com.co\/","article_modified_time":"2024-12-03T01:39:06+00:00","og_image":[{"width":720,"height":720,"url":"https:\/\/megamercancias.com.co\/juguetes\/wp-content\/uploads\/2024\/11\/Auto_Graffiti5.webp","type":"image\/webp"}],"twitter_card":"summary_large_image","twitter_misc":{"Tiempo de lectura":"1 minuto"},"schema":{"@context":"https:\/\/schema.org","@graph":[{"@type":"WebPage","@id":"https:\/\/megamercancias.com.co\/juguetes\/producto\/auto-super-heroes\/","url":"https:\/\/megamercancias.com.co\/juguetes\/producto\/auto-super-heroes\/","name":"Auto Control remoto Super H\u00e9roes -","isPartOf":{"@id":"https:\/\/megamercancias.com.co\/juguetes\/#website"},"primaryImageOfPage":{"@id":"https:\/\/megamercancias.com.co\/juguetes\/producto\/auto-super-heroes\/#primaryimage"},"image":{"@id":"https:\/\/megamercancias.com.co\/juguetes\/producto\/auto-super-heroes\/#primaryimage"},"thumbnailUrl":"https:\/\/megamercancias.com.co\/juguetes\/wp-content\/uploads\/2024\/11\/Auto_Graffiti5.webp","datePublished":"2024-11-04T02:43:56+00:00","dateModified":"2024-12-03T01:39:06+00:00","description":"\ud83d\ude9c\ud83d\udca5 \u00a1Diversi\u00f3n y potencia en tus manos! \ud83d\udca5\ud83d\ude9c Este incre\u00edble Auto de Super h\u00e9roes en toda su superficie es perfecto para que los chicos se diviertan.","breadcrumb":{"@id":"https:\/\/megamercancias.com.co\/juguetes\/producto\/auto-super-heroes\/#breadcrumb"},"inLanguage":"es","potentialAction":[{"@type":"ReadAction","target":["https:\/\/megamercancias.com.co\/juguetes\/producto\/auto-super-heroes\/"]}]},{"@type":"ImageObject","inLanguage":"es","@id":"https:\/\/megamercancias.com.co\/juguetes\/producto\/auto-super-heroes\/#primaryimage","url":"https:\/\/megamercancias.com.co\/juguetes\/wp-content\/uploads\/2024\/11\/Auto_Graffiti5.webp","contentUrl":"https:\/\/megamercancias.com.co\/juguetes\/wp-content\/uploads\/2024\/11\/Auto_Graffiti5.webp","width":720,"height":720},{"@type":"BreadcrumbList","@id":"https:\/\/megamercancias.com.co\/juguetes\/producto\/auto-super-heroes\/#breadcrumb","itemListElement":[{"@type":"ListItem","position":1,"name":"Portada","item":"https:\/\/megamercancias.com.co\/juguetes\/"},{"@type":"ListItem","position":2,"name":"Tienda","item":"https:\/\/megamercancias.com.co\/juguetes\/shop\/"},{"@type":"ListItem","position":3,"name":"Auto Control remoto Super H\u00e9roes"}]},{"@type":"WebSite","@id":"https:\/\/megamercancias.com.co\/juguetes\/#website","url":"https:\/\/megamercancias.com.co\/juguetes\/","name":"Juguetes Felices","description":"Jugueter\u00eda","publisher":{"@id":"https:\/\/megamercancias.com.co\/juguetes\/#organization"},"potentialAction":[{"@type":"SearchAction","target":{"@type":"EntryPoint","urlTemplate":"https:\/\/megamercancias.com.co\/juguetes\/?s={search_term_string}"},"query-input":{"@type":"PropertyValueSpecification","valueRequired":true,"valueName":"search_term_string"}}],"inLanguage":"es"},{"@type":"Organization","@id":"https:\/\/megamercancias.com.co\/juguetes\/#organization","name":"Megamercancias","url":"https:\/\/megamercancias.com.co\/juguetes\/","logo":{"@type":"ImageObject","inLanguage":"es","@id":"https:\/\/megamercancias.com.co\/juguetes\/#\/schema\/logo\/image\/","url":"https:\/\/megamercancias.com.co\/juguetes\/wp-content\/uploads\/2023\/10\/Logo-Final.webp","contentUrl":"https:\/\/megamercancias.com.co\/juguetes\/wp-content\/uploads\/2023\/10\/Logo-Final.webp","width":510,"height":250,"caption":"Megamercancias"},"image":{"@id":"https:\/\/megamercancias.com.co\/juguetes\/#\/schema\/logo\/image\/"},"sameAs":["https:\/\/www.facebook.com\/Megamercancias.com.co\/","https:\/\/www.instagram.com\/naidu_megamercancias\/"]}]}},"uagb_featured_image_src":{"full":["https:\/\/megamercancias.com.co\/juguetes\/wp-content\/uploads\/2024\/11\/Auto_Graffiti5.webp",720,720,false],"thumbnail":["https:\/\/megamercancias.com.co\/juguetes\/wp-content\/uploads\/2024\/11\/Auto_Graffiti5-150x150.webp",150,150,true],"medium":["https:\/\/megamercancias.com.co\/juguetes\/wp-content\/uploads\/2024\/11\/Auto_Graffiti5-300x300.webp",300,300,true],"medium_large":["https:\/\/megamercancias.com.co\/juguetes\/wp-content\/uploads\/2024\/11\/Auto_Graffiti5.webp",720,720,false],"large":["https:\/\/megamercancias.com.co\/juguetes\/wp-content\/uploads\/2024\/11\/Auto_Graffiti5.webp",720,720,false],"1536x1536":["https:\/\/megamercancias.com.co\/juguetes\/wp-content\/uploads\/2024\/11\/Auto_Graffiti5.webp",720,720,false],"2048x2048":["https:\/\/megamercancias.com.co\/juguetes\/wp-content\/uploads\/2024\/11\/Auto_Graffiti5.webp",720,720,false],"widget-thumbnail":["https:\/\/megamercancias.com.co\/juguetes\/wp-content\/uploads\/2024\/11\/Auto_Graffiti5-75x75.webp",75,75,true],"woocommerce_thumbnail":["https:\/\/megamercancias.com.co\/juguetes\/wp-content\/uploads\/2024\/11\/Auto_Graffiti5-300x300.webp",300,300,true],"woocommerce_single":["https:\/\/megamercancias.com.co\/juguetes\/wp-content\/uploads\/2024\/11\/Auto_Graffiti5-600x600.webp",600,600,true],"woocommerce_gallery_thumbnail":["https:\/\/megamercancias.com.co\/juguetes\/wp-content\/uploads\/2024\/11\/Auto_Graffiti5-100x100.webp",100,100,true],"dgwt-wcas-product-suggestion":["https:\/\/megamercancias.com.co\/juguetes\/wp-content\/uploads\/2024\/11\/Auto_Graffiti5-64x64.webp",64,64,true]},"uagb_author_info":{"display_name":"Megamercanc\u00edas","author_link":"https:\/\/megamercancias.com.co\/juguetes\/author\/"},"uagb_comment_info":0,"uagb_excerpt":"\ud83d\ude97Este incre\u00edble Auto de juguete con un dise\u00f1o vibrante de Super h\u00e9roes en toda su superficie es perfecto para que los chicos se diviertan al m\u00e1ximo. \ud83d\udcaaEquipado con una bater\u00eda recargable, para que juegues sin parar. \ud83d\udc49 se controla a distancia mediante un control remoto, ofreciendo una experiencia de juego din\u00e1mica y emocionante. \ud83d\ude0dIdeal para&hellip;","_links":{"self":[{"href":"https:\/\/megamercancias.com.co\/juguetes\/wp-json\/wp\/v2\/product\/2152","targetHints":{"allow":["GET"]}}],"collection":[{"href":"https:\/\/megamercancias.com.co\/juguetes\/wp-json\/wp\/v2\/product"}],"about":[{"href":"https:\/\/megamercancias.com.co\/juguetes\/wp-json\/wp\/v2\/types\/product"}],"wp:featuredmedia":[{"embeddable":true,"href":"https:\/\/megamercancias.com.co\/juguetes\/wp-json\/wp\/v2\/media\/2157"}],"wp:attachment":[{"href":"https:\/\/megamercancias.com.co\/juguetes\/wp-json\/wp\/v2\/media?parent=2152"}],"wp:term":[{"taxonomy":"product_brand","embeddable":true,"href":"https:\/\/megamercancias.com.co\/juguetes\/wp-json\/wp\/v2\/product_brand?post=2152"},{"taxonomy":"product_cat","embeddable":true,"href":"https:\/\/megamercancias.com.co\/juguetes\/wp-json\/wp\/v2\/product_cat?post=2152"},{"taxonomy":"product_tag","embeddable":true,"href":"https:\/\/megamercancias.com.co\/juguetes\/wp-json\/wp\/v2\/product_tag?post=2152"}],"curies":[{"name":"wp","href":"https:\/\/api.w.org\/{rel}","templated":true}]}}