{"id":1632,"date":"2023-11-11T21:15:00","date_gmt":"2023-11-12T02:15:00","guid":{"rendered":"https:\/\/megamercancias.com.co\/juguetes\/?post_type=product&#038;p=1632"},"modified":"2023-11-12T17:24:39","modified_gmt":"2023-11-12T22:24:39","slug":"pista-dinosaurio","status":"publish","type":"product","link":"https:\/\/megamercancias.com.co\/juguetes\/producto\/pista-dinosaurio\/","title":{"rendered":"Pista Lanzador Carros Dinosaurio"},"content":{"rendered":"<p>\u00a1Deja que la imaginaci\u00f3n de tus peque\u00f1os se desborde mientras los carritos recorren la pista emocionante con tem\u00e1tica de los Dinosaurios! \ud83e\udd96\ud83c\udf1f<\/p>\n<p>\ud83c\udfc3\u00a1No te pierdas esta oportunidad de proporcionarles horas de diversi\u00f3n segura y emocionante!<\/p>\n<p>\ud83d\udd25\u00a1No te pierdas la oportunidad de regalarle a tu peque\u00f1o una experiencia \u00fanica! Con nuestro servicio de pago contra entrega, puedes recibir el juguete directamente en tu puerta y pagar al momento de la entrega.<\/p>\n<p>\u00a1As\u00ed de f\u00e1cil y conveniente! \ud83c\udfe0\ud83d\udcb0<\/p>\n","protected":false},"excerpt":{"rendered":"<p>\ud83d\udd25Dale vida a la emoci\u00f3n con nuestra incre\u00edble Pista de Carrera de Dinosaurio! \ud83e\udd96\ud83c\udfce\ufe0f<\/p>\n<p>\u00a1Prep\u00e1rate para la aventura con nuestro Carro Track Lanzador de Carrito! \ud83d\ude97\ud83d\udca8<\/p>\n<p>Incluye 2 carros\ud83d\ude97 y pista para una experiencia de juego completa.\ud83d\ude02<\/p>\n<p>\ud83c\udf81\u00a1Compra ahora y experimenta la adrenalina de la Pista de Carrera de Dinosaurio en la comodidad de tu hogar! \ud83c\udf89\ud83c\udfc1 \u00a1Hace que la diversi\u00f3n llegue a toda velocidad! \ud83d\ude80<\/p>\n<ul>\n<li>\u00a1Env\u00edo gratis para que la diversi\u00f3n llegue directamente a tu puerta! \ud83d\ude9a\ud83c\udf81<\/li>\n<li>Pago contra entrega disponible en las principales ciudades del pa\u00eds. \ud83d\udcb3\ud83d\udcbc<\/li>\n<\/ul>\n","protected":false},"featured_media":1633,"template":"","meta":{"_uag_custom_page_level_css":"","site-sidebar-layout":"default","site-content-layout":"","ast-site-content-layout":"default","site-content-style":"default","site-sidebar-style":"default","ast-global-header-display":"","ast-banner-title-visibility":"","ast-main-header-display":"","ast-hfb-above-header-display":"","ast-hfb-below-header-display":"","ast-hfb-mobile-header-display":"","site-post-title":"","ast-breadcrumbs-content":"","ast-featured-img":"","footer-sml-layout":"","theme-transparent-header-meta":"default","adv-header-id-meta":"","stick-header-meta":"default","header-above-stick-meta":"","header-main-stick-meta":"","header-below-stick-meta":"","astra-migrate-meta-layouts":"set","ast-page-background-enabled":"default","ast-page-background-meta":{"desktop":{"background-color":"var(--ast-global-color-4)","background-image":"","background-repeat":"repeat","background-position":"center center","background-size":"auto","background-attachment":"scroll","background-type":"","background-media":"","overlay-type":"","overlay-color":"","overlay-opacity":"","overlay-gradient":""},"tablet":{"background-color":"","background-image":"","background-repeat":"repeat","background-position":"center center","background-size":"auto","background-attachment":"scroll","background-type":"","background-media":"","overlay-type":"","overlay-color":"","overlay-opacity":"","overlay-gradient":""},"mobile":{"background-color":"","background-image":"","background-repeat":"repeat","background-position":"center center","background-size":"auto","background-attachment":"scroll","background-type":"","background-media":"","overlay-type":"","overlay-color":"","overlay-opacity":"","overlay-gradient":""}},"ast-content-background-meta":{"desktop":{"background-color":"var(--ast-global-color-5)","background-image":"","background-repeat":"repeat","background-position":"center center","background-size":"auto","background-attachment":"scroll","background-type":"","background-media":"","overlay-type":"","overlay-color":"","overlay-opacity":"","overlay-gradient":""},"tablet":{"background-color":"var(--ast-global-color-5)","background-image":"","background-repeat":"repeat","background-position":"center center","background-size":"auto","background-attachment":"scroll","background-type":"","background-media":"","overlay-type":"","overlay-color":"","overlay-opacity":"","overlay-gradient":""},"mobile":{"background-color":"var(--ast-global-color-5)","background-image":"","background-repeat":"repeat","background-position":"center center","background-size":"auto","background-attachment":"scroll","background-type":"","background-media":"","overlay-type":"","overlay-color":"","overlay-opacity":"","overlay-gradient":""}},"_joinchat":[]},"product_brand":[],"product_cat":[40,41,42,19,60],"product_tag":[109,110,104,112],"class_list":{"0":"post-1632","1":"product","2":"type-product","3":"status-publish","4":"has-post-thumbnail","6":"product_cat-ninos-con-3-5-anos","7":"product_cat-ninos-entre-los-6-y-8-anos","8":"product_cat-edades-entre-los-9-y-12","9":"product_cat-dinosaurios","10":"product_cat-juguetes-de-ninos","11":"product_tag-pista-360","12":"product_tag-pista-de-carreras","13":"product_tag-pista-de-carros","14":"product_tag-pista-dinosaurio","15":"desktop-align-left","16":"tablet-align-left","17":"mobile-align-center","18":"ast-product-gallery-layout-horizontal-slider","19":"ast-product-tabs-layout-horizontal","21":"first","22":"instock","23":"sale","24":"taxable","25":"shipping-taxable","26":"purchasable","27":"product-type-simple"},"yoast_head":"<!-- This site is optimized with the Yoast SEO plugin v27.3 - https:\/\/yoast.com\/product\/yoast-seo-wordpress\/ -->\n<title>Pista Lanzador Carros Dinosaurio -<\/title>\n<meta name=\"description\" content=\"\ud83d\udd25Dale vida a la emoci\u00f3n con nuestra incre\u00edble Pista Lanzador Carros de Dinosaurio! \ud83e\udd96\ud83c\udfce\ufe0f\u00a1Prep\u00e1rate para la aventura con nuestro Lanzador de Carrito! \ud83d\ude97\ud83d\udca8\" \/>\n<meta name=\"robots\" content=\"index, follow, max-snippet:-1, max-image-preview:large, max-video-preview:-1\" \/>\n<link rel=\"canonical\" href=\"https:\/\/megamercancias.com.co\/juguetes\/producto\/pista-dinosaurio\/\" \/>\n<meta property=\"og:locale\" content=\"es_ES\" \/>\n<meta property=\"og:type\" content=\"article\" \/>\n<meta property=\"og:title\" content=\"Pista Lanzador Carros Dinosaurio -\" \/>\n<meta property=\"og:description\" content=\"\ud83d\udd25Dale vida a la emoci\u00f3n con nuestra incre\u00edble Pista Lanzador Carros de Dinosaurio! \ud83e\udd96\ud83c\udfce\ufe0f\u00a1Prep\u00e1rate para la aventura con nuestro Lanzador de Carrito! \ud83d\ude97\ud83d\udca8\" \/>\n<meta property=\"og:url\" content=\"https:\/\/megamercancias.com.co\/juguetes\/producto\/pista-dinosaurio\/\" \/>\n<meta property=\"article:publisher\" content=\"https:\/\/www.facebook.com\/Megamercancias.com.co\/\" \/>\n<meta property=\"article:modified_time\" content=\"2023-11-12T22:24:39+00:00\" \/>\n<meta property=\"og:image\" content=\"https:\/\/megamercancias.com.co\/juguetes\/wp-content\/uploads\/2023\/11\/Dinosaurio1.webp\" \/>\n\t<meta property=\"og:image:width\" content=\"600\" \/>\n\t<meta property=\"og:image:height\" content=\"600\" \/>\n\t<meta property=\"og:image:type\" content=\"image\/webp\" \/>\n<meta name=\"twitter:card\" content=\"summary_large_image\" \/>\n<meta name=\"twitter:label1\" content=\"Tiempo de lectura\" \/>\n\t<meta name=\"twitter:data1\" content=\"1 minuto\" \/>\n<script type=\"application\/ld+json\" class=\"yoast-schema-graph\">{\"@context\":\"https:\\\/\\\/schema.org\",\"@graph\":[{\"@type\":\"WebPage\",\"@id\":\"https:\\\/\\\/megamercancias.com.co\\\/juguetes\\\/producto\\\/pista-dinosaurio\\\/\",\"url\":\"https:\\\/\\\/megamercancias.com.co\\\/juguetes\\\/producto\\\/pista-dinosaurio\\\/\",\"name\":\"Pista Lanzador Carros Dinosaurio -\",\"isPartOf\":{\"@id\":\"https:\\\/\\\/megamercancias.com.co\\\/juguetes\\\/#website\"},\"primaryImageOfPage\":{\"@id\":\"https:\\\/\\\/megamercancias.com.co\\\/juguetes\\\/producto\\\/pista-dinosaurio\\\/#primaryimage\"},\"image\":{\"@id\":\"https:\\\/\\\/megamercancias.com.co\\\/juguetes\\\/producto\\\/pista-dinosaurio\\\/#primaryimage\"},\"thumbnailUrl\":\"https:\\\/\\\/megamercancias.com.co\\\/juguetes\\\/wp-content\\\/uploads\\\/2023\\\/11\\\/Dinosaurio1.webp\",\"datePublished\":\"2023-11-12T02:15:00+00:00\",\"dateModified\":\"2023-11-12T22:24:39+00:00\",\"description\":\"\ud83d\udd25Dale vida a la emoci\u00f3n con nuestra incre\u00edble Pista Lanzador Carros de Dinosaurio! \ud83e\udd96\ud83c\udfce\ufe0f\u00a1Prep\u00e1rate para la aventura con nuestro Lanzador de Carrito! \ud83d\ude97\ud83d\udca8\",\"breadcrumb\":{\"@id\":\"https:\\\/\\\/megamercancias.com.co\\\/juguetes\\\/producto\\\/pista-dinosaurio\\\/#breadcrumb\"},\"inLanguage\":\"es\",\"potentialAction\":[{\"@type\":\"ReadAction\",\"target\":[\"https:\\\/\\\/megamercancias.com.co\\\/juguetes\\\/producto\\\/pista-dinosaurio\\\/\"]}]},{\"@type\":\"ImageObject\",\"inLanguage\":\"es\",\"@id\":\"https:\\\/\\\/megamercancias.com.co\\\/juguetes\\\/producto\\\/pista-dinosaurio\\\/#primaryimage\",\"url\":\"https:\\\/\\\/megamercancias.com.co\\\/juguetes\\\/wp-content\\\/uploads\\\/2023\\\/11\\\/Dinosaurio1.webp\",\"contentUrl\":\"https:\\\/\\\/megamercancias.com.co\\\/juguetes\\\/wp-content\\\/uploads\\\/2023\\\/11\\\/Dinosaurio1.webp\",\"width\":600,\"height\":600},{\"@type\":\"BreadcrumbList\",\"@id\":\"https:\\\/\\\/megamercancias.com.co\\\/juguetes\\\/producto\\\/pista-dinosaurio\\\/#breadcrumb\",\"itemListElement\":[{\"@type\":\"ListItem\",\"position\":1,\"name\":\"Portada\",\"item\":\"https:\\\/\\\/megamercancias.com.co\\\/juguetes\\\/\"},{\"@type\":\"ListItem\",\"position\":2,\"name\":\"Tienda\",\"item\":\"https:\\\/\\\/megamercancias.com.co\\\/juguetes\\\/shop\\\/\"},{\"@type\":\"ListItem\",\"position\":3,\"name\":\"Pista Lanzador Carros Dinosaurio\"}]},{\"@type\":\"WebSite\",\"@id\":\"https:\\\/\\\/megamercancias.com.co\\\/juguetes\\\/#website\",\"url\":\"https:\\\/\\\/megamercancias.com.co\\\/juguetes\\\/\",\"name\":\"Juguetes Felices\",\"description\":\"Jugueter\u00eda\",\"publisher\":{\"@id\":\"https:\\\/\\\/megamercancias.com.co\\\/juguetes\\\/#organization\"},\"potentialAction\":[{\"@type\":\"SearchAction\",\"target\":{\"@type\":\"EntryPoint\",\"urlTemplate\":\"https:\\\/\\\/megamercancias.com.co\\\/juguetes\\\/?s={search_term_string}\"},\"query-input\":{\"@type\":\"PropertyValueSpecification\",\"valueRequired\":true,\"valueName\":\"search_term_string\"}}],\"inLanguage\":\"es\"},{\"@type\":\"Organization\",\"@id\":\"https:\\\/\\\/megamercancias.com.co\\\/juguetes\\\/#organization\",\"name\":\"Megamercancias\",\"url\":\"https:\\\/\\\/megamercancias.com.co\\\/juguetes\\\/\",\"logo\":{\"@type\":\"ImageObject\",\"inLanguage\":\"es\",\"@id\":\"https:\\\/\\\/megamercancias.com.co\\\/juguetes\\\/#\\\/schema\\\/logo\\\/image\\\/\",\"url\":\"https:\\\/\\\/megamercancias.com.co\\\/juguetes\\\/wp-content\\\/uploads\\\/2023\\\/10\\\/Logo-Final.webp\",\"contentUrl\":\"https:\\\/\\\/megamercancias.com.co\\\/juguetes\\\/wp-content\\\/uploads\\\/2023\\\/10\\\/Logo-Final.webp\",\"width\":510,\"height\":250,\"caption\":\"Megamercancias\"},\"image\":{\"@id\":\"https:\\\/\\\/megamercancias.com.co\\\/juguetes\\\/#\\\/schema\\\/logo\\\/image\\\/\"},\"sameAs\":[\"https:\\\/\\\/www.facebook.com\\\/Megamercancias.com.co\\\/\",\"https:\\\/\\\/www.instagram.com\\\/naidu_megamercancias\\\/\"]}]}<\/script>\n<!-- \/ Yoast SEO plugin. -->","yoast_head_json":{"title":"Pista Lanzador Carros Dinosaurio -","description":"\ud83d\udd25Dale vida a la emoci\u00f3n con nuestra incre\u00edble Pista Lanzador Carros de Dinosaurio! \ud83e\udd96\ud83c\udfce\ufe0f\u00a1Prep\u00e1rate para la aventura con nuestro Lanzador de Carrito! \ud83d\ude97\ud83d\udca8","robots":{"index":"index","follow":"follow","max-snippet":"max-snippet:-1","max-image-preview":"max-image-preview:large","max-video-preview":"max-video-preview:-1"},"canonical":"https:\/\/megamercancias.com.co\/juguetes\/producto\/pista-dinosaurio\/","og_locale":"es_ES","og_type":"article","og_title":"Pista Lanzador Carros Dinosaurio -","og_description":"\ud83d\udd25Dale vida a la emoci\u00f3n con nuestra incre\u00edble Pista Lanzador Carros de Dinosaurio! \ud83e\udd96\ud83c\udfce\ufe0f\u00a1Prep\u00e1rate para la aventura con nuestro Lanzador de Carrito! \ud83d\ude97\ud83d\udca8","og_url":"https:\/\/megamercancias.com.co\/juguetes\/producto\/pista-dinosaurio\/","article_publisher":"https:\/\/www.facebook.com\/Megamercancias.com.co\/","article_modified_time":"2023-11-12T22:24:39+00:00","og_image":[{"width":600,"height":600,"url":"https:\/\/megamercancias.com.co\/juguetes\/wp-content\/uploads\/2023\/11\/Dinosaurio1.webp","type":"image\/webp"}],"twitter_card":"summary_large_image","twitter_misc":{"Tiempo de lectura":"1 minuto"},"schema":{"@context":"https:\/\/schema.org","@graph":[{"@type":"WebPage","@id":"https:\/\/megamercancias.com.co\/juguetes\/producto\/pista-dinosaurio\/","url":"https:\/\/megamercancias.com.co\/juguetes\/producto\/pista-dinosaurio\/","name":"Pista Lanzador Carros Dinosaurio -","isPartOf":{"@id":"https:\/\/megamercancias.com.co\/juguetes\/#website"},"primaryImageOfPage":{"@id":"https:\/\/megamercancias.com.co\/juguetes\/producto\/pista-dinosaurio\/#primaryimage"},"image":{"@id":"https:\/\/megamercancias.com.co\/juguetes\/producto\/pista-dinosaurio\/#primaryimage"},"thumbnailUrl":"https:\/\/megamercancias.com.co\/juguetes\/wp-content\/uploads\/2023\/11\/Dinosaurio1.webp","datePublished":"2023-11-12T02:15:00+00:00","dateModified":"2023-11-12T22:24:39+00:00","description":"\ud83d\udd25Dale vida a la emoci\u00f3n con nuestra incre\u00edble Pista Lanzador Carros de Dinosaurio! \ud83e\udd96\ud83c\udfce\ufe0f\u00a1Prep\u00e1rate para la aventura con nuestro Lanzador de Carrito! \ud83d\ude97\ud83d\udca8","breadcrumb":{"@id":"https:\/\/megamercancias.com.co\/juguetes\/producto\/pista-dinosaurio\/#breadcrumb"},"inLanguage":"es","potentialAction":[{"@type":"ReadAction","target":["https:\/\/megamercancias.com.co\/juguetes\/producto\/pista-dinosaurio\/"]}]},{"@type":"ImageObject","inLanguage":"es","@id":"https:\/\/megamercancias.com.co\/juguetes\/producto\/pista-dinosaurio\/#primaryimage","url":"https:\/\/megamercancias.com.co\/juguetes\/wp-content\/uploads\/2023\/11\/Dinosaurio1.webp","contentUrl":"https:\/\/megamercancias.com.co\/juguetes\/wp-content\/uploads\/2023\/11\/Dinosaurio1.webp","width":600,"height":600},{"@type":"BreadcrumbList","@id":"https:\/\/megamercancias.com.co\/juguetes\/producto\/pista-dinosaurio\/#breadcrumb","itemListElement":[{"@type":"ListItem","position":1,"name":"Portada","item":"https:\/\/megamercancias.com.co\/juguetes\/"},{"@type":"ListItem","position":2,"name":"Tienda","item":"https:\/\/megamercancias.com.co\/juguetes\/shop\/"},{"@type":"ListItem","position":3,"name":"Pista Lanzador Carros Dinosaurio"}]},{"@type":"WebSite","@id":"https:\/\/megamercancias.com.co\/juguetes\/#website","url":"https:\/\/megamercancias.com.co\/juguetes\/","name":"Juguetes Felices","description":"Jugueter\u00eda","publisher":{"@id":"https:\/\/megamercancias.com.co\/juguetes\/#organization"},"potentialAction":[{"@type":"SearchAction","target":{"@type":"EntryPoint","urlTemplate":"https:\/\/megamercancias.com.co\/juguetes\/?s={search_term_string}"},"query-input":{"@type":"PropertyValueSpecification","valueRequired":true,"valueName":"search_term_string"}}],"inLanguage":"es"},{"@type":"Organization","@id":"https:\/\/megamercancias.com.co\/juguetes\/#organization","name":"Megamercancias","url":"https:\/\/megamercancias.com.co\/juguetes\/","logo":{"@type":"ImageObject","inLanguage":"es","@id":"https:\/\/megamercancias.com.co\/juguetes\/#\/schema\/logo\/image\/","url":"https:\/\/megamercancias.com.co\/juguetes\/wp-content\/uploads\/2023\/10\/Logo-Final.webp","contentUrl":"https:\/\/megamercancias.com.co\/juguetes\/wp-content\/uploads\/2023\/10\/Logo-Final.webp","width":510,"height":250,"caption":"Megamercancias"},"image":{"@id":"https:\/\/megamercancias.com.co\/juguetes\/#\/schema\/logo\/image\/"},"sameAs":["https:\/\/www.facebook.com\/Megamercancias.com.co\/","https:\/\/www.instagram.com\/naidu_megamercancias\/"]}]}},"uagb_featured_image_src":{"full":["https:\/\/megamercancias.com.co\/juguetes\/wp-content\/uploads\/2023\/11\/Dinosaurio1.webp",600,600,false],"thumbnail":["https:\/\/megamercancias.com.co\/juguetes\/wp-content\/uploads\/2023\/11\/Dinosaurio1-150x150.webp",150,150,true],"medium":["https:\/\/megamercancias.com.co\/juguetes\/wp-content\/uploads\/2023\/11\/Dinosaurio1-300x300.webp",300,300,true],"medium_large":["https:\/\/megamercancias.com.co\/juguetes\/wp-content\/uploads\/2023\/11\/Dinosaurio1.webp",600,600,false],"large":["https:\/\/megamercancias.com.co\/juguetes\/wp-content\/uploads\/2023\/11\/Dinosaurio1.webp",600,600,false],"1536x1536":["https:\/\/megamercancias.com.co\/juguetes\/wp-content\/uploads\/2023\/11\/Dinosaurio1.webp",600,600,false],"2048x2048":["https:\/\/megamercancias.com.co\/juguetes\/wp-content\/uploads\/2023\/11\/Dinosaurio1.webp",600,600,false],"widget-thumbnail":["https:\/\/megamercancias.com.co\/juguetes\/wp-content\/uploads\/2023\/11\/Dinosaurio1.webp",75,75,false],"woocommerce_thumbnail":["https:\/\/megamercancias.com.co\/juguetes\/wp-content\/uploads\/2023\/11\/Dinosaurio1-300x300.webp",300,300,true],"woocommerce_single":["https:\/\/megamercancias.com.co\/juguetes\/wp-content\/uploads\/2023\/11\/Dinosaurio1.webp",600,600,false],"woocommerce_gallery_thumbnail":["https:\/\/megamercancias.com.co\/juguetes\/wp-content\/uploads\/2023\/11\/Dinosaurio1-100x100.webp",100,100,true],"dgwt-wcas-product-suggestion":["https:\/\/megamercancias.com.co\/juguetes\/wp-content\/uploads\/2023\/11\/Dinosaurio1-64x64.webp",64,64,true]},"uagb_author_info":{"display_name":"Megamercanc\u00edas","author_link":"https:\/\/megamercancias.com.co\/juguetes\/author\/"},"uagb_comment_info":0,"uagb_excerpt":"\ud83d\udd25Dale vida a la emoci\u00f3n con nuestra incre\u00edble Pista de Carrera de Dinosaurio! \ud83e\udd96\ud83c\udfce\ufe0f \u00a1Prep\u00e1rate para la aventura con nuestro Carro Track Lanzador de Carrito! \ud83d\ude97\ud83d\udca8 Incluye 2 carros\ud83d\ude97 y pista para una experiencia de juego completa.\ud83d\ude02 \ud83c\udf81\u00a1Compra ahora y experimenta la adrenalina de la Pista de Carrera de Dinosaurio en la comodidad de tu&hellip;","_links":{"self":[{"href":"https:\/\/megamercancias.com.co\/juguetes\/wp-json\/wp\/v2\/product\/1632","targetHints":{"allow":["GET"]}}],"collection":[{"href":"https:\/\/megamercancias.com.co\/juguetes\/wp-json\/wp\/v2\/product"}],"about":[{"href":"https:\/\/megamercancias.com.co\/juguetes\/wp-json\/wp\/v2\/types\/product"}],"wp:featuredmedia":[{"embeddable":true,"href":"https:\/\/megamercancias.com.co\/juguetes\/wp-json\/wp\/v2\/media\/1633"}],"wp:attachment":[{"href":"https:\/\/megamercancias.com.co\/juguetes\/wp-json\/wp\/v2\/media?parent=1632"}],"wp:term":[{"taxonomy":"product_brand","embeddable":true,"href":"https:\/\/megamercancias.com.co\/juguetes\/wp-json\/wp\/v2\/product_brand?post=1632"},{"taxonomy":"product_cat","embeddable":true,"href":"https:\/\/megamercancias.com.co\/juguetes\/wp-json\/wp\/v2\/product_cat?post=1632"},{"taxonomy":"product_tag","embeddable":true,"href":"https:\/\/megamercancias.com.co\/juguetes\/wp-json\/wp\/v2\/product_tag?post=1632"}],"curies":[{"name":"wp","href":"https:\/\/api.w.org\/{rel}","templated":true}]}}