{"id":1612,"date":"2023-11-11T19:27:16","date_gmt":"2023-11-12T00:27:16","guid":{"rendered":"https:\/\/megamercancias.com.co\/juguetes\/?post_type=product&#038;p=1612"},"modified":"2023-11-12T17:28:31","modified_gmt":"2023-11-12T22:28:31","slug":"pista-montana-rusa","status":"publish","type":"product","link":"https:\/\/megamercancias.com.co\/juguetes\/producto\/pista-montana-rusa\/","title":{"rendered":"Pista de Carreras Monta\u00f1a Rusa Giros Hot 360\u00b0"},"content":{"rendered":"<div>\n<p>\ud83e\udd23Disfruta con las carreras m\u00e1s espectaculares con los dos coches incluidos en el kit, podr\u00e1s jugar con los dos a la vez o invitar a un amigo\ud83d\udc76 para crear competiciones estratosf\u00e9ricas, \u00bfser\u00e1s el ganador?.\ud83c\udfc6<\/p>\n<p>\ud83d\ude0e\u00a1Emoci\u00f3nate con las caracter\u00edsticas de los coches!, tienen un s\u00faper mecanismo de retroceso y capacidad de adaptaci\u00f3n del morro para no volcar en la pista, \u00a1diversi\u00f3n sin l\u00edmites!, \u00a1alcanzar\u00e1s velocidades alucinantes!.\ud83c\udfce\ud83d\udca8<\/p>\n<p>No sufras m\u00e1s y adquiere ya la pista de Monta\u00f1a Rusa que est\u00e1 dise\u00f1ada especialmente para ti, \u00a1te encantar\u00e1!.<\/p>\n<p>Edad recomendada: 3-9 a\u00f1os<br \/>\nContenido: 39 piezas de montaje y 2 coches (1 rojo y 1 azul)<\/p>\n<\/div>\n","protected":false},"excerpt":{"rendered":"<p>\ud83e\udd23\u00a1\u00a1Vive emociones intensas con la Pista Monta\u00f1a Rusa Extrema!!\ud83e\udd23<br \/>\n\ud83d\ude0dP\u00e1salo en grande con tu nueva impresionante pista favorita, te alucinar\u00e1n los loopings y vueltas que ser\u00e1s capaz de hacer,\ud83d\ude98 \u00a1giros de 360\u00ba!, seguro que te divertir\u00e1s como nunca antes lo hab\u00edas hecho en tus fant\u00e1sticos momentos de juego, \u00a1no te arrepentir\u00e1s!.\ud83e\udd20<\/p>\n<p>\ud83d\ude0eCon tan s\u00f3lo 39 piezas, conseguir\u00e1s montar la pista de una manera f\u00e1cil y sencilla, \u00a1en tan s\u00f3lo un parpadeo la tendr\u00e1s ante tus brillantes ojos repletos de ilusi\u00f3n y ganas de jugar!.\ud83d\udca5<\/p>\n<p>\ud83d\ude9a Env\u00edo GRATIS a principales ciudades y pago contra entrega disponible. \ud83d\udcb0\ud83d\ude9a<\/p>\n","protected":false},"featured_media":1617,"template":"","meta":{"_uag_custom_page_level_css":"","site-sidebar-layout":"default","site-content-layout":"","ast-site-content-layout":"default","site-content-style":"default","site-sidebar-style":"default","ast-global-header-display":"","ast-banner-title-visibility":"","ast-main-header-display":"","ast-hfb-above-header-display":"","ast-hfb-below-header-display":"","ast-hfb-mobile-header-display":"","site-post-title":"","ast-breadcrumbs-content":"","ast-featured-img":"","footer-sml-layout":"","theme-transparent-header-meta":"default","adv-header-id-meta":"","stick-header-meta":"default","header-above-stick-meta":"","header-main-stick-meta":"","header-below-stick-meta":"","astra-migrate-meta-layouts":"set","ast-page-background-enabled":"default","ast-page-background-meta":{"desktop":{"background-color":"var(--ast-global-color-4)","background-image":"","background-repeat":"repeat","background-position":"center center","background-size":"auto","background-attachment":"scroll","background-type":"","background-media":"","overlay-type":"","overlay-color":"","overlay-opacity":"","overlay-gradient":""},"tablet":{"background-color":"","background-image":"","background-repeat":"repeat","background-position":"center center","background-size":"auto","background-attachment":"scroll","background-type":"","background-media":"","overlay-type":"","overlay-color":"","overlay-opacity":"","overlay-gradient":""},"mobile":{"background-color":"","background-image":"","background-repeat":"repeat","background-position":"center center","background-size":"auto","background-attachment":"scroll","background-type":"","background-media":"","overlay-type":"","overlay-color":"","overlay-opacity":"","overlay-gradient":""}},"ast-content-background-meta":{"desktop":{"background-color":"var(--ast-global-color-5)","background-image":"","background-repeat":"repeat","background-position":"center center","background-size":"auto","background-attachment":"scroll","background-type":"","background-media":"","overlay-type":"","overlay-color":"","overlay-opacity":"","overlay-gradient":""},"tablet":{"background-color":"var(--ast-global-color-5)","background-image":"","background-repeat":"repeat","background-position":"center center","background-size":"auto","background-attachment":"scroll","background-type":"","background-media":"","overlay-type":"","overlay-color":"","overlay-opacity":"","overlay-gradient":""},"mobile":{"background-color":"var(--ast-global-color-5)","background-image":"","background-repeat":"repeat","background-position":"center center","background-size":"auto","background-attachment":"scroll","background-type":"","background-media":"","overlay-type":"","overlay-color":"","overlay-opacity":"","overlay-gradient":""}},"_joinchat":[]},"product_brand":[],"product_cat":[40,41,42,60],"product_tag":[108,109,107],"class_list":{"0":"post-1612","1":"product","2":"type-product","3":"status-publish","4":"has-post-thumbnail","6":"product_cat-ninos-con-3-5-anos","7":"product_cat-ninos-entre-los-6-y-8-anos","8":"product_cat-edades-entre-los-9-y-12","9":"product_cat-juguetes-de-ninos","10":"product_tag-montana-rusa","11":"product_tag-pista-360","12":"product_tag-pistas-de-carreras","13":"desktop-align-left","14":"tablet-align-left","15":"mobile-align-center","16":"ast-product-gallery-layout-horizontal-slider","17":"ast-product-tabs-layout-horizontal","19":"first","20":"instock","21":"sale","22":"taxable","23":"shipping-taxable","24":"purchasable","25":"product-type-simple"},"yoast_head":"<!-- This site is optimized with the Yoast SEO plugin v27.3 - https:\/\/yoast.com\/product\/yoast-seo-wordpress\/ -->\n<title>Pista de Carreras Monta\u00f1a Rusa Giros Hot 360\u00b0 -<\/title>\n<meta name=\"description\" content=\"\ud83e\udd23\u00a1\u00a1Vive emociones intensas con la\u00a0Pista Looping Extremo!!\ud83e\udd23\ud83d\ude0dP\u00e1salo en grande con tu nueva impresionante pista favorita, incluye dos carros de carreras\ud83d\ude97Pista de Carros Giros Hot 360\u00b0\" \/>\n<meta name=\"robots\" content=\"index, follow, max-snippet:-1, max-image-preview:large, max-video-preview:-1\" \/>\n<link rel=\"canonical\" href=\"https:\/\/megamercancias.com.co\/juguetes\/producto\/pista-montana-rusa\/\" \/>\n<meta property=\"og:locale\" content=\"es_ES\" \/>\n<meta property=\"og:type\" content=\"article\" \/>\n<meta property=\"og:title\" content=\"Pista de Carreras Monta\u00f1a Rusa Giros Hot 360\u00b0 -\" \/>\n<meta property=\"og:description\" content=\"\ud83e\udd23\u00a1\u00a1Vive emociones intensas con la\u00a0Pista Looping Extremo!!\ud83e\udd23\ud83d\ude0dP\u00e1salo en grande con tu nueva impresionante pista favorita, incluye dos carros de carreras\ud83d\ude97Pista de Carros Giros Hot 360\u00b0\" \/>\n<meta property=\"og:url\" content=\"https:\/\/megamercancias.com.co\/juguetes\/producto\/pista-montana-rusa\/\" \/>\n<meta property=\"article:publisher\" content=\"https:\/\/www.facebook.com\/Megamercancias.com.co\/\" \/>\n<meta property=\"article:modified_time\" content=\"2023-11-12T22:28:31+00:00\" \/>\n<meta property=\"og:image\" content=\"https:\/\/megamercancias.com.co\/juguetes\/wp-content\/uploads\/2023\/11\/rusa4.webp\" \/>\n\t<meta property=\"og:image:width\" content=\"679\" \/>\n\t<meta property=\"og:image:height\" content=\"679\" \/>\n\t<meta property=\"og:image:type\" content=\"image\/webp\" \/>\n<meta name=\"twitter:card\" content=\"summary_large_image\" \/>\n<meta name=\"twitter:label1\" content=\"Tiempo de lectura\" \/>\n\t<meta name=\"twitter:data1\" content=\"1 minuto\" \/>\n<script type=\"application\/ld+json\" class=\"yoast-schema-graph\">{\"@context\":\"https:\\\/\\\/schema.org\",\"@graph\":[{\"@type\":\"WebPage\",\"@id\":\"https:\\\/\\\/megamercancias.com.co\\\/juguetes\\\/producto\\\/pista-montana-rusa\\\/\",\"url\":\"https:\\\/\\\/megamercancias.com.co\\\/juguetes\\\/producto\\\/pista-montana-rusa\\\/\",\"name\":\"Pista de Carreras Monta\u00f1a Rusa Giros Hot 360\u00b0 -\",\"isPartOf\":{\"@id\":\"https:\\\/\\\/megamercancias.com.co\\\/juguetes\\\/#website\"},\"primaryImageOfPage\":{\"@id\":\"https:\\\/\\\/megamercancias.com.co\\\/juguetes\\\/producto\\\/pista-montana-rusa\\\/#primaryimage\"},\"image\":{\"@id\":\"https:\\\/\\\/megamercancias.com.co\\\/juguetes\\\/producto\\\/pista-montana-rusa\\\/#primaryimage\"},\"thumbnailUrl\":\"https:\\\/\\\/megamercancias.com.co\\\/juguetes\\\/wp-content\\\/uploads\\\/2023\\\/11\\\/rusa4.webp\",\"datePublished\":\"2023-11-12T00:27:16+00:00\",\"dateModified\":\"2023-11-12T22:28:31+00:00\",\"description\":\"\ud83e\udd23\u00a1\u00a1Vive emociones intensas con la\u00a0Pista Looping Extremo!!\ud83e\udd23\ud83d\ude0dP\u00e1salo en grande con tu nueva impresionante pista favorita, incluye dos carros de carreras\ud83d\ude97Pista de Carros Giros Hot 360\u00b0\",\"breadcrumb\":{\"@id\":\"https:\\\/\\\/megamercancias.com.co\\\/juguetes\\\/producto\\\/pista-montana-rusa\\\/#breadcrumb\"},\"inLanguage\":\"es\",\"potentialAction\":[{\"@type\":\"ReadAction\",\"target\":[\"https:\\\/\\\/megamercancias.com.co\\\/juguetes\\\/producto\\\/pista-montana-rusa\\\/\"]}]},{\"@type\":\"ImageObject\",\"inLanguage\":\"es\",\"@id\":\"https:\\\/\\\/megamercancias.com.co\\\/juguetes\\\/producto\\\/pista-montana-rusa\\\/#primaryimage\",\"url\":\"https:\\\/\\\/megamercancias.com.co\\\/juguetes\\\/wp-content\\\/uploads\\\/2023\\\/11\\\/rusa4.webp\",\"contentUrl\":\"https:\\\/\\\/megamercancias.com.co\\\/juguetes\\\/wp-content\\\/uploads\\\/2023\\\/11\\\/rusa4.webp\",\"width\":679,\"height\":679},{\"@type\":\"BreadcrumbList\",\"@id\":\"https:\\\/\\\/megamercancias.com.co\\\/juguetes\\\/producto\\\/pista-montana-rusa\\\/#breadcrumb\",\"itemListElement\":[{\"@type\":\"ListItem\",\"position\":1,\"name\":\"Portada\",\"item\":\"https:\\\/\\\/megamercancias.com.co\\\/juguetes\\\/\"},{\"@type\":\"ListItem\",\"position\":2,\"name\":\"Tienda\",\"item\":\"https:\\\/\\\/megamercancias.com.co\\\/juguetes\\\/shop\\\/\"},{\"@type\":\"ListItem\",\"position\":3,\"name\":\"Pista de Carreras Monta\u00f1a Rusa Giros Hot 360\u00b0\"}]},{\"@type\":\"WebSite\",\"@id\":\"https:\\\/\\\/megamercancias.com.co\\\/juguetes\\\/#website\",\"url\":\"https:\\\/\\\/megamercancias.com.co\\\/juguetes\\\/\",\"name\":\"Juguetes Felices\",\"description\":\"Jugueter\u00eda\",\"publisher\":{\"@id\":\"https:\\\/\\\/megamercancias.com.co\\\/juguetes\\\/#organization\"},\"potentialAction\":[{\"@type\":\"SearchAction\",\"target\":{\"@type\":\"EntryPoint\",\"urlTemplate\":\"https:\\\/\\\/megamercancias.com.co\\\/juguetes\\\/?s={search_term_string}\"},\"query-input\":{\"@type\":\"PropertyValueSpecification\",\"valueRequired\":true,\"valueName\":\"search_term_string\"}}],\"inLanguage\":\"es\"},{\"@type\":\"Organization\",\"@id\":\"https:\\\/\\\/megamercancias.com.co\\\/juguetes\\\/#organization\",\"name\":\"Megamercancias\",\"url\":\"https:\\\/\\\/megamercancias.com.co\\\/juguetes\\\/\",\"logo\":{\"@type\":\"ImageObject\",\"inLanguage\":\"es\",\"@id\":\"https:\\\/\\\/megamercancias.com.co\\\/juguetes\\\/#\\\/schema\\\/logo\\\/image\\\/\",\"url\":\"https:\\\/\\\/megamercancias.com.co\\\/juguetes\\\/wp-content\\\/uploads\\\/2023\\\/10\\\/Logo-Final.webp\",\"contentUrl\":\"https:\\\/\\\/megamercancias.com.co\\\/juguetes\\\/wp-content\\\/uploads\\\/2023\\\/10\\\/Logo-Final.webp\",\"width\":510,\"height\":250,\"caption\":\"Megamercancias\"},\"image\":{\"@id\":\"https:\\\/\\\/megamercancias.com.co\\\/juguetes\\\/#\\\/schema\\\/logo\\\/image\\\/\"},\"sameAs\":[\"https:\\\/\\\/www.facebook.com\\\/Megamercancias.com.co\\\/\",\"https:\\\/\\\/www.instagram.com\\\/naidu_megamercancias\\\/\"]}]}<\/script>\n<!-- \/ Yoast SEO plugin. -->","yoast_head_json":{"title":"Pista de Carreras Monta\u00f1a Rusa Giros Hot 360\u00b0 -","description":"\ud83e\udd23\u00a1\u00a1Vive emociones intensas con la\u00a0Pista Looping Extremo!!\ud83e\udd23\ud83d\ude0dP\u00e1salo en grande con tu nueva impresionante pista favorita, incluye dos carros de carreras\ud83d\ude97Pista de Carros Giros Hot 360\u00b0","robots":{"index":"index","follow":"follow","max-snippet":"max-snippet:-1","max-image-preview":"max-image-preview:large","max-video-preview":"max-video-preview:-1"},"canonical":"https:\/\/megamercancias.com.co\/juguetes\/producto\/pista-montana-rusa\/","og_locale":"es_ES","og_type":"article","og_title":"Pista de Carreras Monta\u00f1a Rusa Giros Hot 360\u00b0 -","og_description":"\ud83e\udd23\u00a1\u00a1Vive emociones intensas con la\u00a0Pista Looping Extremo!!\ud83e\udd23\ud83d\ude0dP\u00e1salo en grande con tu nueva impresionante pista favorita, incluye dos carros de carreras\ud83d\ude97Pista de Carros Giros Hot 360\u00b0","og_url":"https:\/\/megamercancias.com.co\/juguetes\/producto\/pista-montana-rusa\/","article_publisher":"https:\/\/www.facebook.com\/Megamercancias.com.co\/","article_modified_time":"2023-11-12T22:28:31+00:00","og_image":[{"width":679,"height":679,"url":"https:\/\/megamercancias.com.co\/juguetes\/wp-content\/uploads\/2023\/11\/rusa4.webp","type":"image\/webp"}],"twitter_card":"summary_large_image","twitter_misc":{"Tiempo de lectura":"1 minuto"},"schema":{"@context":"https:\/\/schema.org","@graph":[{"@type":"WebPage","@id":"https:\/\/megamercancias.com.co\/juguetes\/producto\/pista-montana-rusa\/","url":"https:\/\/megamercancias.com.co\/juguetes\/producto\/pista-montana-rusa\/","name":"Pista de Carreras Monta\u00f1a Rusa Giros Hot 360\u00b0 -","isPartOf":{"@id":"https:\/\/megamercancias.com.co\/juguetes\/#website"},"primaryImageOfPage":{"@id":"https:\/\/megamercancias.com.co\/juguetes\/producto\/pista-montana-rusa\/#primaryimage"},"image":{"@id":"https:\/\/megamercancias.com.co\/juguetes\/producto\/pista-montana-rusa\/#primaryimage"},"thumbnailUrl":"https:\/\/megamercancias.com.co\/juguetes\/wp-content\/uploads\/2023\/11\/rusa4.webp","datePublished":"2023-11-12T00:27:16+00:00","dateModified":"2023-11-12T22:28:31+00:00","description":"\ud83e\udd23\u00a1\u00a1Vive emociones intensas con la\u00a0Pista Looping Extremo!!\ud83e\udd23\ud83d\ude0dP\u00e1salo en grande con tu nueva impresionante pista favorita, incluye dos carros de carreras\ud83d\ude97Pista de Carros Giros Hot 360\u00b0","breadcrumb":{"@id":"https:\/\/megamercancias.com.co\/juguetes\/producto\/pista-montana-rusa\/#breadcrumb"},"inLanguage":"es","potentialAction":[{"@type":"ReadAction","target":["https:\/\/megamercancias.com.co\/juguetes\/producto\/pista-montana-rusa\/"]}]},{"@type":"ImageObject","inLanguage":"es","@id":"https:\/\/megamercancias.com.co\/juguetes\/producto\/pista-montana-rusa\/#primaryimage","url":"https:\/\/megamercancias.com.co\/juguetes\/wp-content\/uploads\/2023\/11\/rusa4.webp","contentUrl":"https:\/\/megamercancias.com.co\/juguetes\/wp-content\/uploads\/2023\/11\/rusa4.webp","width":679,"height":679},{"@type":"BreadcrumbList","@id":"https:\/\/megamercancias.com.co\/juguetes\/producto\/pista-montana-rusa\/#breadcrumb","itemListElement":[{"@type":"ListItem","position":1,"name":"Portada","item":"https:\/\/megamercancias.com.co\/juguetes\/"},{"@type":"ListItem","position":2,"name":"Tienda","item":"https:\/\/megamercancias.com.co\/juguetes\/shop\/"},{"@type":"ListItem","position":3,"name":"Pista de Carreras Monta\u00f1a Rusa Giros Hot 360\u00b0"}]},{"@type":"WebSite","@id":"https:\/\/megamercancias.com.co\/juguetes\/#website","url":"https:\/\/megamercancias.com.co\/juguetes\/","name":"Juguetes Felices","description":"Jugueter\u00eda","publisher":{"@id":"https:\/\/megamercancias.com.co\/juguetes\/#organization"},"potentialAction":[{"@type":"SearchAction","target":{"@type":"EntryPoint","urlTemplate":"https:\/\/megamercancias.com.co\/juguetes\/?s={search_term_string}"},"query-input":{"@type":"PropertyValueSpecification","valueRequired":true,"valueName":"search_term_string"}}],"inLanguage":"es"},{"@type":"Organization","@id":"https:\/\/megamercancias.com.co\/juguetes\/#organization","name":"Megamercancias","url":"https:\/\/megamercancias.com.co\/juguetes\/","logo":{"@type":"ImageObject","inLanguage":"es","@id":"https:\/\/megamercancias.com.co\/juguetes\/#\/schema\/logo\/image\/","url":"https:\/\/megamercancias.com.co\/juguetes\/wp-content\/uploads\/2023\/10\/Logo-Final.webp","contentUrl":"https:\/\/megamercancias.com.co\/juguetes\/wp-content\/uploads\/2023\/10\/Logo-Final.webp","width":510,"height":250,"caption":"Megamercancias"},"image":{"@id":"https:\/\/megamercancias.com.co\/juguetes\/#\/schema\/logo\/image\/"},"sameAs":["https:\/\/www.facebook.com\/Megamercancias.com.co\/","https:\/\/www.instagram.com\/naidu_megamercancias\/"]}]}},"uagb_featured_image_src":{"full":["https:\/\/megamercancias.com.co\/juguetes\/wp-content\/uploads\/2023\/11\/rusa4.webp",679,679,false],"thumbnail":["https:\/\/megamercancias.com.co\/juguetes\/wp-content\/uploads\/2023\/11\/rusa4-150x150.webp",150,150,true],"medium":["https:\/\/megamercancias.com.co\/juguetes\/wp-content\/uploads\/2023\/11\/rusa4-300x300.webp",300,300,true],"medium_large":["https:\/\/megamercancias.com.co\/juguetes\/wp-content\/uploads\/2023\/11\/rusa4.webp",679,679,false],"large":["https:\/\/megamercancias.com.co\/juguetes\/wp-content\/uploads\/2023\/11\/rusa4.webp",679,679,false],"1536x1536":["https:\/\/megamercancias.com.co\/juguetes\/wp-content\/uploads\/2023\/11\/rusa4.webp",679,679,false],"2048x2048":["https:\/\/megamercancias.com.co\/juguetes\/wp-content\/uploads\/2023\/11\/rusa4.webp",679,679,false],"widget-thumbnail":["https:\/\/megamercancias.com.co\/juguetes\/wp-content\/uploads\/2023\/11\/rusa4.webp",75,75,false],"woocommerce_thumbnail":["https:\/\/megamercancias.com.co\/juguetes\/wp-content\/uploads\/2023\/11\/rusa4-300x300.webp",300,300,true],"woocommerce_single":["https:\/\/megamercancias.com.co\/juguetes\/wp-content\/uploads\/2023\/11\/rusa4-600x600.webp",600,600,true],"woocommerce_gallery_thumbnail":["https:\/\/megamercancias.com.co\/juguetes\/wp-content\/uploads\/2023\/11\/rusa4-100x100.webp",100,100,true],"dgwt-wcas-product-suggestion":["https:\/\/megamercancias.com.co\/juguetes\/wp-content\/uploads\/2023\/11\/rusa4-64x64.webp",64,64,true]},"uagb_author_info":{"display_name":"Megamercanc\u00edas","author_link":"https:\/\/megamercancias.com.co\/juguetes\/author\/"},"uagb_comment_info":0,"uagb_excerpt":"\ud83e\udd23\u00a1\u00a1Vive emociones intensas con la Pista Monta\u00f1a Rusa Extrema!!\ud83e\udd23 \ud83d\ude0dP\u00e1salo en grande con tu nueva impresionante pista favorita, te alucinar\u00e1n los loopings y vueltas que ser\u00e1s capaz de hacer,\ud83d\ude98 \u00a1giros de 360\u00ba!, seguro que te divertir\u00e1s como nunca antes lo hab\u00edas hecho en tus fant\u00e1sticos momentos de juego, \u00a1no te arrepentir\u00e1s!.\ud83e\udd20 \ud83d\ude0eCon tan s\u00f3lo 39&hellip;","_links":{"self":[{"href":"https:\/\/megamercancias.com.co\/juguetes\/wp-json\/wp\/v2\/product\/1612","targetHints":{"allow":["GET"]}}],"collection":[{"href":"https:\/\/megamercancias.com.co\/juguetes\/wp-json\/wp\/v2\/product"}],"about":[{"href":"https:\/\/megamercancias.com.co\/juguetes\/wp-json\/wp\/v2\/types\/product"}],"wp:featuredmedia":[{"embeddable":true,"href":"https:\/\/megamercancias.com.co\/juguetes\/wp-json\/wp\/v2\/media\/1617"}],"wp:attachment":[{"href":"https:\/\/megamercancias.com.co\/juguetes\/wp-json\/wp\/v2\/media?parent=1612"}],"wp:term":[{"taxonomy":"product_brand","embeddable":true,"href":"https:\/\/megamercancias.com.co\/juguetes\/wp-json\/wp\/v2\/product_brand?post=1612"},{"taxonomy":"product_cat","embeddable":true,"href":"https:\/\/megamercancias.com.co\/juguetes\/wp-json\/wp\/v2\/product_cat?post=1612"},{"taxonomy":"product_tag","embeddable":true,"href":"https:\/\/megamercancias.com.co\/juguetes\/wp-json\/wp\/v2\/product_tag?post=1612"}],"curies":[{"name":"wp","href":"https:\/\/api.w.org\/{rel}","templated":true}]}}