{"id":1575,"date":"2023-11-10T19:10:38","date_gmt":"2023-11-11T00:10:38","guid":{"rendered":"https:\/\/megamercancias.com.co\/juguetes\/?post_type=product&#038;p=1575"},"modified":"2023-11-12T17:30:19","modified_gmt":"2023-11-12T22:30:19","slug":"carro-rayo-mcqueen","status":"publish","type":"product","link":"https:\/\/megamercancias.com.co\/juguetes\/producto\/carro-rayo-mcqueen\/","title":{"rendered":"Carro Rayo Mcqueen Cars"},"content":{"rendered":"<p>\u00a1No te pierdas la oportunidad de regalarle a tu peque\u00f1o una experiencia \u00fanica! Con nuestro servicio de pago contra entrega, puedes recibir el juguete directamente en tu puerta y pagar al momento de la entrega. \u00a1As\u00ed de f\u00e1cil y conveniente! \ud83c\udfe0\ud83d\udcb0<\/p>\n<p><strong><span style=\"color: #808080;\">Caracter\u00edsticas:<\/span><\/strong><br \/>\nMaterial : Pl\u00e1stico ABS no t\u00f3xico, inodoro e inofensivo<br \/>\nEdad Recomendada : 3 A\u00f1os en adelante.<br \/>\nDimensiones ( Alto x Largo x Ancho) : 7 cm x 26 cm x 10 cm<br \/>\nSistema: Impulso Asistido<\/p>\n","protected":false},"excerpt":{"rendered":"<div class=\"group w-full text-token-text-primary border-b border-black\/10 gizmo:border-0 dark:border-gray-900\/50 gizmo:dark:border-0 bg-gray-50 gizmo:bg-transparent dark:bg-[#444654] gizmo:dark:bg-transparent sm:AIPRM__conversation__response\" data-testid=\"conversation-turn-5\">\n<div class=\"p-4 gizmo:py-2 justify-center text-base md:gap-6 md:py-6 m-auto\">\n<div class=\"flex flex-1 gap-4 text-base mx-auto md:gap-6 gizmo:gap-3 gizmo:md:px-5 gizmo:lg:px-1 gizmo:xl:px-5 md:max-w-2xl lg:max-w-[38rem] gizmo:md:max-w-3xl gizmo:lg:max-w-[40rem] gizmo:xl:max-w-[48rem] xl:max-w-3xl }\">\n<div class=\"relative flex w-[calc(100%-50px)] flex-col gizmo:w-full lg:w-[calc(100%-115px)] agent-turn\">\n<div class=\"flex-col gap-1 md:gap-3\">\n<div class=\"flex flex-grow flex-col max-w-full gap-3 gizmo:gap-0\">\n<div class=\"min-h-[20px] text-message peer flex flex-col items-start gap-3 whitespace-pre-wrap break-words peer-[.text-message]:mt-5 overflow-x-auto\" data-message-author-role=\"assistant\" data-message-id=\"e24ac37c-77df-4ed8-9ea2-dabb1ff2018f\">\n<div class=\"markdown prose w-full break-words dark:prose-invert light AIPRM__conversation__response\">\n<p>\ud83d\ude0e\u00a1Incre\u00edble oportunidad para los fan\u00e1ticos de Cars! \ud83c\udfce\ufe0f\u2728 \u00a1Experimenta la emoci\u00f3n de la pista con nuestro juguete de carreras Rayo McQueen!<\/p>\n<p>\ud83d\udc76\u00bfTu peque\u00f1o sue\u00f1a con convertirse en el pr\u00f3ximo campe\u00f3n de carreras? \u00a1Haz que sus sue\u00f1os se hagan realidad con nuestro incre\u00edble carro de carreras de Rayo McQueen!<\/p>\n<p>Este juguete de pl\u00e1stico de alta calidad es impulsado por la imaginaci\u00f3n y la diversi\u00f3n sin l\u00edmites. \ud83c\udf08<\/p>\n<p>Caracter\u00edsticas destacadas:<\/p>\n<ul>\n<li>R\u00e9plica detallada del famoso Rayo McQueen. \ud83d\ude97\ud83d\udca8<\/li>\n<li>Construido con pl\u00e1stico duradero para horas interminables de juego. \ud83d\udee1\ufe0f<\/li>\n<li>Impulso manual para carreras emocionantes. \ud83c\udfc1<\/li>\n<li>Pago contra entrega disponible en las principales ciudades del pa\u00eds. \ud83d\udcb3\ud83d\ude9a<\/li>\n<\/ul>\n<p>\u00a1Haz que la diversi\u00f3n acelere a toda velocidad en la vida de tus peque\u00f1os! \u00a1Compra ahora y lleva a casa la emoci\u00f3n de Cars con nuestro carro de carreras Rayo McQueen! \ud83c\udf1f \u00a1No dejes pasar esta oportunidad \u00fanica! \ud83c\udf89<\/p>\n<\/div>\n<\/div>\n<\/div>\n<\/div>\n<\/div>\n<\/div>\n<\/div>\n<\/div>\n","protected":false},"featured_media":1576,"template":"","meta":{"_uag_custom_page_level_css":"","site-sidebar-layout":"default","site-content-layout":"","ast-site-content-layout":"default","site-content-style":"default","site-sidebar-style":"default","ast-global-header-display":"","ast-banner-title-visibility":"","ast-main-header-display":"","ast-hfb-above-header-display":"","ast-hfb-below-header-display":"","ast-hfb-mobile-header-display":"","site-post-title":"","ast-breadcrumbs-content":"","ast-featured-img":"","footer-sml-layout":"","theme-transparent-header-meta":"default","adv-header-id-meta":"","stick-header-meta":"default","header-above-stick-meta":"","header-main-stick-meta":"","header-below-stick-meta":"","astra-migrate-meta-layouts":"set","ast-page-background-enabled":"default","ast-page-background-meta":{"desktop":{"background-color":"var(--ast-global-color-4)","background-image":"","background-repeat":"repeat","background-position":"center center","background-size":"auto","background-attachment":"scroll","background-type":"","background-media":"","overlay-type":"","overlay-color":"","overlay-opacity":"","overlay-gradient":""},"tablet":{"background-color":"","background-image":"","background-repeat":"repeat","background-position":"center center","background-size":"auto","background-attachment":"scroll","background-type":"","background-media":"","overlay-type":"","overlay-color":"","overlay-opacity":"","overlay-gradient":""},"mobile":{"background-color":"","background-image":"","background-repeat":"repeat","background-position":"center center","background-size":"auto","background-attachment":"scroll","background-type":"","background-media":"","overlay-type":"","overlay-color":"","overlay-opacity":"","overlay-gradient":""}},"ast-content-background-meta":{"desktop":{"background-color":"var(--ast-global-color-5)","background-image":"","background-repeat":"repeat","background-position":"center center","background-size":"auto","background-attachment":"scroll","background-type":"","background-media":"","overlay-type":"","overlay-color":"","overlay-opacity":"","overlay-gradient":""},"tablet":{"background-color":"var(--ast-global-color-5)","background-image":"","background-repeat":"repeat","background-position":"center center","background-size":"auto","background-attachment":"scroll","background-type":"","background-media":"","overlay-type":"","overlay-color":"","overlay-opacity":"","overlay-gradient":""},"mobile":{"background-color":"var(--ast-global-color-5)","background-image":"","background-repeat":"repeat","background-position":"center center","background-size":"auto","background-attachment":"scroll","background-type":"","background-media":"","overlay-type":"","overlay-color":"","overlay-opacity":"","overlay-gradient":""}},"_joinchat":[]},"product_brand":[],"product_cat":[40,41,60],"product_tag":[103,99,101,100,102],"class_list":{"0":"post-1575","1":"product","2":"type-product","3":"status-publish","4":"has-post-thumbnail","6":"product_cat-ninos-con-3-5-anos","7":"product_cat-ninos-entre-los-6-y-8-anos","8":"product_cat-juguetes-de-ninos","9":"product_tag-carro-de-carreras","10":"product_tag-carro-de-juguete","11":"product_tag-cars","12":"product_tag-carts","13":"product_tag-rayo-mcqueen","14":"desktop-align-left","15":"tablet-align-left","16":"mobile-align-center","17":"ast-product-gallery-layout-horizontal-slider","18":"ast-product-tabs-layout-horizontal","20":"first","21":"instock","22":"sale","23":"taxable","24":"shipping-taxable","25":"purchasable","26":"product-type-simple"},"yoast_head":"<!-- This site is optimized with the Yoast SEO plugin v27.3 - https:\/\/yoast.com\/product\/yoast-seo-wordpress\/ -->\n<title>Carro Rayo Mcqueen Cars -<\/title>\n<meta name=\"description\" content=\"\ud83d\ude0e\u00a1Incre\u00edble oportunidad para los fan\u00e1ticos de Cars! \ud83c\udfce\ufe0f\u2728 \u00a1Experimenta la emoci\u00f3n de la pista con nuestro carro de carreras Rayo Mcqueen!\" \/>\n<meta name=\"robots\" content=\"index, follow, max-snippet:-1, max-image-preview:large, max-video-preview:-1\" \/>\n<link rel=\"canonical\" href=\"https:\/\/megamercancias.com.co\/juguetes\/producto\/carro-rayo-mcqueen\/\" \/>\n<meta property=\"og:locale\" content=\"es_ES\" \/>\n<meta property=\"og:type\" content=\"article\" \/>\n<meta property=\"og:title\" content=\"Carro Rayo Mcqueen Cars -\" \/>\n<meta property=\"og:description\" content=\"\ud83d\ude0e\u00a1Incre\u00edble oportunidad para los fan\u00e1ticos de Cars! \ud83c\udfce\ufe0f\u2728 \u00a1Experimenta la emoci\u00f3n de la pista con nuestro carro de carreras Rayo Mcqueen!\" \/>\n<meta property=\"og:url\" content=\"https:\/\/megamercancias.com.co\/juguetes\/producto\/carro-rayo-mcqueen\/\" \/>\n<meta property=\"article:publisher\" content=\"https:\/\/www.facebook.com\/Megamercancias.com.co\/\" \/>\n<meta property=\"article:modified_time\" content=\"2023-11-12T22:30:19+00:00\" \/>\n<meta property=\"og:image\" content=\"https:\/\/megamercancias.com.co\/juguetes\/wp-content\/uploads\/2023\/11\/mcqueen1.webp\" \/>\n\t<meta property=\"og:image:width\" content=\"500\" \/>\n\t<meta property=\"og:image:height\" content=\"249\" \/>\n\t<meta property=\"og:image:type\" content=\"image\/webp\" \/>\n<meta name=\"twitter:card\" content=\"summary_large_image\" \/>\n<meta name=\"twitter:label1\" content=\"Tiempo de lectura\" \/>\n\t<meta name=\"twitter:data1\" content=\"1 minuto\" \/>\n<script type=\"application\/ld+json\" class=\"yoast-schema-graph\">{\"@context\":\"https:\\\/\\\/schema.org\",\"@graph\":[{\"@type\":\"WebPage\",\"@id\":\"https:\\\/\\\/megamercancias.com.co\\\/juguetes\\\/producto\\\/carro-rayo-mcqueen\\\/\",\"url\":\"https:\\\/\\\/megamercancias.com.co\\\/juguetes\\\/producto\\\/carro-rayo-mcqueen\\\/\",\"name\":\"Carro Rayo Mcqueen Cars -\",\"isPartOf\":{\"@id\":\"https:\\\/\\\/megamercancias.com.co\\\/juguetes\\\/#website\"},\"primaryImageOfPage\":{\"@id\":\"https:\\\/\\\/megamercancias.com.co\\\/juguetes\\\/producto\\\/carro-rayo-mcqueen\\\/#primaryimage\"},\"image\":{\"@id\":\"https:\\\/\\\/megamercancias.com.co\\\/juguetes\\\/producto\\\/carro-rayo-mcqueen\\\/#primaryimage\"},\"thumbnailUrl\":\"https:\\\/\\\/megamercancias.com.co\\\/juguetes\\\/wp-content\\\/uploads\\\/2023\\\/11\\\/mcqueen1.webp\",\"datePublished\":\"2023-11-11T00:10:38+00:00\",\"dateModified\":\"2023-11-12T22:30:19+00:00\",\"description\":\"\ud83d\ude0e\u00a1Incre\u00edble oportunidad para los fan\u00e1ticos de Cars! \ud83c\udfce\ufe0f\u2728 \u00a1Experimenta la emoci\u00f3n de la pista con nuestro carro de carreras Rayo Mcqueen!\",\"breadcrumb\":{\"@id\":\"https:\\\/\\\/megamercancias.com.co\\\/juguetes\\\/producto\\\/carro-rayo-mcqueen\\\/#breadcrumb\"},\"inLanguage\":\"es\",\"potentialAction\":[{\"@type\":\"ReadAction\",\"target\":[\"https:\\\/\\\/megamercancias.com.co\\\/juguetes\\\/producto\\\/carro-rayo-mcqueen\\\/\"]}]},{\"@type\":\"ImageObject\",\"inLanguage\":\"es\",\"@id\":\"https:\\\/\\\/megamercancias.com.co\\\/juguetes\\\/producto\\\/carro-rayo-mcqueen\\\/#primaryimage\",\"url\":\"https:\\\/\\\/megamercancias.com.co\\\/juguetes\\\/wp-content\\\/uploads\\\/2023\\\/11\\\/mcqueen1.webp\",\"contentUrl\":\"https:\\\/\\\/megamercancias.com.co\\\/juguetes\\\/wp-content\\\/uploads\\\/2023\\\/11\\\/mcqueen1.webp\",\"width\":500,\"height\":249},{\"@type\":\"BreadcrumbList\",\"@id\":\"https:\\\/\\\/megamercancias.com.co\\\/juguetes\\\/producto\\\/carro-rayo-mcqueen\\\/#breadcrumb\",\"itemListElement\":[{\"@type\":\"ListItem\",\"position\":1,\"name\":\"Portada\",\"item\":\"https:\\\/\\\/megamercancias.com.co\\\/juguetes\\\/\"},{\"@type\":\"ListItem\",\"position\":2,\"name\":\"Tienda\",\"item\":\"https:\\\/\\\/megamercancias.com.co\\\/juguetes\\\/shop\\\/\"},{\"@type\":\"ListItem\",\"position\":3,\"name\":\"Carro Rayo Mcqueen Cars\"}]},{\"@type\":\"WebSite\",\"@id\":\"https:\\\/\\\/megamercancias.com.co\\\/juguetes\\\/#website\",\"url\":\"https:\\\/\\\/megamercancias.com.co\\\/juguetes\\\/\",\"name\":\"Juguetes Felices\",\"description\":\"Jugueter\u00eda\",\"publisher\":{\"@id\":\"https:\\\/\\\/megamercancias.com.co\\\/juguetes\\\/#organization\"},\"potentialAction\":[{\"@type\":\"SearchAction\",\"target\":{\"@type\":\"EntryPoint\",\"urlTemplate\":\"https:\\\/\\\/megamercancias.com.co\\\/juguetes\\\/?s={search_term_string}\"},\"query-input\":{\"@type\":\"PropertyValueSpecification\",\"valueRequired\":true,\"valueName\":\"search_term_string\"}}],\"inLanguage\":\"es\"},{\"@type\":\"Organization\",\"@id\":\"https:\\\/\\\/megamercancias.com.co\\\/juguetes\\\/#organization\",\"name\":\"Megamercancias\",\"url\":\"https:\\\/\\\/megamercancias.com.co\\\/juguetes\\\/\",\"logo\":{\"@type\":\"ImageObject\",\"inLanguage\":\"es\",\"@id\":\"https:\\\/\\\/megamercancias.com.co\\\/juguetes\\\/#\\\/schema\\\/logo\\\/image\\\/\",\"url\":\"https:\\\/\\\/megamercancias.com.co\\\/juguetes\\\/wp-content\\\/uploads\\\/2023\\\/10\\\/Logo-Final.webp\",\"contentUrl\":\"https:\\\/\\\/megamercancias.com.co\\\/juguetes\\\/wp-content\\\/uploads\\\/2023\\\/10\\\/Logo-Final.webp\",\"width\":510,\"height\":250,\"caption\":\"Megamercancias\"},\"image\":{\"@id\":\"https:\\\/\\\/megamercancias.com.co\\\/juguetes\\\/#\\\/schema\\\/logo\\\/image\\\/\"},\"sameAs\":[\"https:\\\/\\\/www.facebook.com\\\/Megamercancias.com.co\\\/\",\"https:\\\/\\\/www.instagram.com\\\/naidu_megamercancias\\\/\"]}]}<\/script>\n<!-- \/ Yoast SEO plugin. -->","yoast_head_json":{"title":"Carro Rayo Mcqueen Cars -","description":"\ud83d\ude0e\u00a1Incre\u00edble oportunidad para los fan\u00e1ticos de Cars! \ud83c\udfce\ufe0f\u2728 \u00a1Experimenta la emoci\u00f3n de la pista con nuestro carro de carreras Rayo Mcqueen!","robots":{"index":"index","follow":"follow","max-snippet":"max-snippet:-1","max-image-preview":"max-image-preview:large","max-video-preview":"max-video-preview:-1"},"canonical":"https:\/\/megamercancias.com.co\/juguetes\/producto\/carro-rayo-mcqueen\/","og_locale":"es_ES","og_type":"article","og_title":"Carro Rayo Mcqueen Cars -","og_description":"\ud83d\ude0e\u00a1Incre\u00edble oportunidad para los fan\u00e1ticos de Cars! \ud83c\udfce\ufe0f\u2728 \u00a1Experimenta la emoci\u00f3n de la pista con nuestro carro de carreras Rayo Mcqueen!","og_url":"https:\/\/megamercancias.com.co\/juguetes\/producto\/carro-rayo-mcqueen\/","article_publisher":"https:\/\/www.facebook.com\/Megamercancias.com.co\/","article_modified_time":"2023-11-12T22:30:19+00:00","og_image":[{"width":500,"height":249,"url":"https:\/\/megamercancias.com.co\/juguetes\/wp-content\/uploads\/2023\/11\/mcqueen1.webp","type":"image\/webp"}],"twitter_card":"summary_large_image","twitter_misc":{"Tiempo de lectura":"1 minuto"},"schema":{"@context":"https:\/\/schema.org","@graph":[{"@type":"WebPage","@id":"https:\/\/megamercancias.com.co\/juguetes\/producto\/carro-rayo-mcqueen\/","url":"https:\/\/megamercancias.com.co\/juguetes\/producto\/carro-rayo-mcqueen\/","name":"Carro Rayo Mcqueen Cars -","isPartOf":{"@id":"https:\/\/megamercancias.com.co\/juguetes\/#website"},"primaryImageOfPage":{"@id":"https:\/\/megamercancias.com.co\/juguetes\/producto\/carro-rayo-mcqueen\/#primaryimage"},"image":{"@id":"https:\/\/megamercancias.com.co\/juguetes\/producto\/carro-rayo-mcqueen\/#primaryimage"},"thumbnailUrl":"https:\/\/megamercancias.com.co\/juguetes\/wp-content\/uploads\/2023\/11\/mcqueen1.webp","datePublished":"2023-11-11T00:10:38+00:00","dateModified":"2023-11-12T22:30:19+00:00","description":"\ud83d\ude0e\u00a1Incre\u00edble oportunidad para los fan\u00e1ticos de Cars! \ud83c\udfce\ufe0f\u2728 \u00a1Experimenta la emoci\u00f3n de la pista con nuestro carro de carreras Rayo Mcqueen!","breadcrumb":{"@id":"https:\/\/megamercancias.com.co\/juguetes\/producto\/carro-rayo-mcqueen\/#breadcrumb"},"inLanguage":"es","potentialAction":[{"@type":"ReadAction","target":["https:\/\/megamercancias.com.co\/juguetes\/producto\/carro-rayo-mcqueen\/"]}]},{"@type":"ImageObject","inLanguage":"es","@id":"https:\/\/megamercancias.com.co\/juguetes\/producto\/carro-rayo-mcqueen\/#primaryimage","url":"https:\/\/megamercancias.com.co\/juguetes\/wp-content\/uploads\/2023\/11\/mcqueen1.webp","contentUrl":"https:\/\/megamercancias.com.co\/juguetes\/wp-content\/uploads\/2023\/11\/mcqueen1.webp","width":500,"height":249},{"@type":"BreadcrumbList","@id":"https:\/\/megamercancias.com.co\/juguetes\/producto\/carro-rayo-mcqueen\/#breadcrumb","itemListElement":[{"@type":"ListItem","position":1,"name":"Portada","item":"https:\/\/megamercancias.com.co\/juguetes\/"},{"@type":"ListItem","position":2,"name":"Tienda","item":"https:\/\/megamercancias.com.co\/juguetes\/shop\/"},{"@type":"ListItem","position":3,"name":"Carro Rayo Mcqueen Cars"}]},{"@type":"WebSite","@id":"https:\/\/megamercancias.com.co\/juguetes\/#website","url":"https:\/\/megamercancias.com.co\/juguetes\/","name":"Juguetes Felices","description":"Jugueter\u00eda","publisher":{"@id":"https:\/\/megamercancias.com.co\/juguetes\/#organization"},"potentialAction":[{"@type":"SearchAction","target":{"@type":"EntryPoint","urlTemplate":"https:\/\/megamercancias.com.co\/juguetes\/?s={search_term_string}"},"query-input":{"@type":"PropertyValueSpecification","valueRequired":true,"valueName":"search_term_string"}}],"inLanguage":"es"},{"@type":"Organization","@id":"https:\/\/megamercancias.com.co\/juguetes\/#organization","name":"Megamercancias","url":"https:\/\/megamercancias.com.co\/juguetes\/","logo":{"@type":"ImageObject","inLanguage":"es","@id":"https:\/\/megamercancias.com.co\/juguetes\/#\/schema\/logo\/image\/","url":"https:\/\/megamercancias.com.co\/juguetes\/wp-content\/uploads\/2023\/10\/Logo-Final.webp","contentUrl":"https:\/\/megamercancias.com.co\/juguetes\/wp-content\/uploads\/2023\/10\/Logo-Final.webp","width":510,"height":250,"caption":"Megamercancias"},"image":{"@id":"https:\/\/megamercancias.com.co\/juguetes\/#\/schema\/logo\/image\/"},"sameAs":["https:\/\/www.facebook.com\/Megamercancias.com.co\/","https:\/\/www.instagram.com\/naidu_megamercancias\/"]}]}},"uagb_featured_image_src":{"full":["https:\/\/megamercancias.com.co\/juguetes\/wp-content\/uploads\/2023\/11\/mcqueen1.webp",500,249,false],"thumbnail":["https:\/\/megamercancias.com.co\/juguetes\/wp-content\/uploads\/2023\/11\/mcqueen1-150x150.webp",150,150,true],"medium":["https:\/\/megamercancias.com.co\/juguetes\/wp-content\/uploads\/2023\/11\/mcqueen1-300x149.webp",300,149,true],"medium_large":["https:\/\/megamercancias.com.co\/juguetes\/wp-content\/uploads\/2023\/11\/mcqueen1.webp",500,249,false],"large":["https:\/\/megamercancias.com.co\/juguetes\/wp-content\/uploads\/2023\/11\/mcqueen1.webp",500,249,false],"1536x1536":["https:\/\/megamercancias.com.co\/juguetes\/wp-content\/uploads\/2023\/11\/mcqueen1.webp",500,249,false],"2048x2048":["https:\/\/megamercancias.com.co\/juguetes\/wp-content\/uploads\/2023\/11\/mcqueen1.webp",500,249,false],"widget-thumbnail":["https:\/\/megamercancias.com.co\/juguetes\/wp-content\/uploads\/2023\/11\/mcqueen1.webp",75,37,false],"woocommerce_thumbnail":["https:\/\/megamercancias.com.co\/juguetes\/wp-content\/uploads\/2023\/11\/mcqueen1-300x249.webp",300,249,true],"woocommerce_single":["https:\/\/megamercancias.com.co\/juguetes\/wp-content\/uploads\/2023\/11\/mcqueen1.webp",500,249,false],"woocommerce_gallery_thumbnail":["https:\/\/megamercancias.com.co\/juguetes\/wp-content\/uploads\/2023\/11\/mcqueen1-100x100.webp",100,100,true],"dgwt-wcas-product-suggestion":["https:\/\/megamercancias.com.co\/juguetes\/wp-content\/uploads\/2023\/11\/mcqueen1-64x32.webp",64,32,true]},"uagb_author_info":{"display_name":"Megamercanc\u00edas","author_link":"https:\/\/megamercancias.com.co\/juguetes\/author\/"},"uagb_comment_info":0,"uagb_excerpt":"\ud83d\ude0e\u00a1Incre\u00edble oportunidad para los fan\u00e1ticos de Cars! \ud83c\udfce\ufe0f\u2728 \u00a1Experimenta la emoci\u00f3n de la pista con nuestro juguete de carreras Rayo McQueen! \ud83d\udc76\u00bfTu peque\u00f1o sue\u00f1a con convertirse en el pr\u00f3ximo campe\u00f3n de carreras? \u00a1Haz que sus sue\u00f1os se hagan realidad con nuestro incre\u00edble carro de carreras de Rayo McQueen! Este juguete de pl\u00e1stico de alta calidad&hellip;","_links":{"self":[{"href":"https:\/\/megamercancias.com.co\/juguetes\/wp-json\/wp\/v2\/product\/1575","targetHints":{"allow":["GET"]}}],"collection":[{"href":"https:\/\/megamercancias.com.co\/juguetes\/wp-json\/wp\/v2\/product"}],"about":[{"href":"https:\/\/megamercancias.com.co\/juguetes\/wp-json\/wp\/v2\/types\/product"}],"wp:featuredmedia":[{"embeddable":true,"href":"https:\/\/megamercancias.com.co\/juguetes\/wp-json\/wp\/v2\/media\/1576"}],"wp:attachment":[{"href":"https:\/\/megamercancias.com.co\/juguetes\/wp-json\/wp\/v2\/media?parent=1575"}],"wp:term":[{"taxonomy":"product_brand","embeddable":true,"href":"https:\/\/megamercancias.com.co\/juguetes\/wp-json\/wp\/v2\/product_brand?post=1575"},{"taxonomy":"product_cat","embeddable":true,"href":"https:\/\/megamercancias.com.co\/juguetes\/wp-json\/wp\/v2\/product_cat?post=1575"},{"taxonomy":"product_tag","embeddable":true,"href":"https:\/\/megamercancias.com.co\/juguetes\/wp-json\/wp\/v2\/product_tag?post=1575"}],"curies":[{"name":"wp","href":"https:\/\/api.w.org\/{rel}","templated":true}]}}