{"id":1544,"date":"2023-11-06T21:32:17","date_gmt":"2023-11-07T02:32:17","guid":{"rendered":"https:\/\/megamercancias.com.co\/juguetes\/?post_type=product&#038;p=1544"},"modified":"2023-11-07T20:38:00","modified_gmt":"2023-11-08T01:38:00","slug":"cangrejo-caminador","status":"publish","type":"product","link":"https:\/\/megamercancias.com.co\/juguetes\/producto\/cangrejo-caminador\/","title":{"rendered":"Juguete Cangrejo Caminador"},"content":{"rendered":"<p>\u3010<span style=\"color: #808080;\"><strong>Material apto para ni\u00f1os<\/strong><\/span>\u3011 Este Juguete para ni\u00f1os est\u00e1n hechos material ABS inofensivo y color natural. El juguete cangrejo tiene bordes cuidadosamente mecanizados y suaves para proteger a su hijo lesiones.<\/p>\n<p>\u3010<strong><span style=\"color: #808080;\">Agregue inter\u00e9s<\/span><\/strong>\u3011 Los colores brillantes de este juguete pueden estimular los sentidos a los ni\u00f1os y atraer f\u00e1cilmente la atenci\u00f3n. El juguete el\u00e9ctrico puede ayudar a los ni\u00f1os a desarrollarse al estimular el movimiento y la coordinaci\u00f3n del cuerpo.<\/p>\n<p>\u3010<strong><span style=\"color: #808080;\">Desarrollo infantil<\/span><\/strong>\u3011El Cangrejo es un divertido juguete musical para ni\u00f1os y ni\u00f1as. A los ni\u00f1os les encantar\u00e1 interactuar con el Cangrejo para desarrollar sus habilidades motoras finas mientras el cangrejo se mueve con las luces y la m\u00fasica.<\/p>\n<p>\u3010<strong><span style=\"color: #808080;\">Compa\u00f1ero en crecimiento<\/span><\/strong>\u3011 Estos juguetes cangrejo que se arrastran, son perfectos para que los padres acompa\u00f1en a sus hijos a jugar. Este juguete ser\u00e1 el fiel compa\u00f1ero su hijo.<\/p>\n<p>\u3010<strong><span style=\"color: #808080;\">Regalo elegante<\/span><\/strong>\u3011 Este juguete de Cangrejo musical es el regalo perfecto para la mayor\u00eda de los ni\u00f1os, tienen un toque c\u00f3modo, una apariencia hermosa y colores brillantes. Adem\u00e1s de eso, estos juguetes para beb\u00e9s no solo sirven como juguetes divertidos, sino que tambi\u00e9n ayudan a estimular la creatividad y la imaginaci\u00f3n los ni\u00f1os.<\/p>\n","protected":false},"excerpt":{"rendered":"<p><span>\ud83c\udf1f \u00a1La diversi\u00f3n se acerca con nuestro Cangrejo M\u00f3vil Musical con Luces! \ud83e\udd80\ud83c\udfb6<\/span><\/p>\n<p><span>\ud83d\ude97 \u00a1Este adorable cangrejo se mueve y gira mientras suena la m\u00fasica! \ud83c\udfbc\ud83e\udd80<\/span><\/p>\n<p><span>\ud83d\udca1 Luces brillantes para una experiencia visual encantadora. \u2728\ud83d\udcab<\/span><\/p>\n<p><span>\ud83d\udcb0 Disponible con opci\u00f3n de pago contra entrega en principales ciudades. \ud83d\udcb3\ud83d\ude9a<\/span><\/p>\n<p><span>\u00bfListo para llenar tu hogar de alegr\u00eda y m\u00fasica? \u00a1El Cangrejo M\u00f3vil te est\u00e1 esperando!<\/span><\/p>\n<p><span>\ud83d\uded2 \u00a1Compra ahora y lleva la diversi\u00f3n del oc\u00e9ano a tu hogar!\u00a0<\/span><\/p>\n<p><span>\u00a1Inspira la imaginaci\u00f3n y la alegr\u00eda con el Cangrejo M\u00f3vil Musical! \ud83c\udf0a\ud83c\udf89\ud83c\udf1f<\/span><\/p>\n","protected":false},"featured_media":1550,"template":"","meta":{"_uag_custom_page_level_css":"","site-sidebar-layout":"default","site-content-layout":"","ast-site-content-layout":"default","site-content-style":"default","site-sidebar-style":"default","ast-global-header-display":"","ast-banner-title-visibility":"","ast-main-header-display":"","ast-hfb-above-header-display":"","ast-hfb-below-header-display":"","ast-hfb-mobile-header-display":"","site-post-title":"","ast-breadcrumbs-content":"","ast-featured-img":"","footer-sml-layout":"","theme-transparent-header-meta":"default","adv-header-id-meta":"","stick-header-meta":"default","header-above-stick-meta":"","header-main-stick-meta":"","header-below-stick-meta":"","astra-migrate-meta-layouts":"set","ast-page-background-enabled":"default","ast-page-background-meta":{"desktop":{"background-color":"var(--ast-global-color-4)","background-image":"","background-repeat":"repeat","background-position":"center center","background-size":"auto","background-attachment":"scroll","background-type":"","background-media":"","overlay-type":"","overlay-color":"","overlay-opacity":"","overlay-gradient":""},"tablet":{"background-color":"","background-image":"","background-repeat":"repeat","background-position":"center center","background-size":"auto","background-attachment":"scroll","background-type":"","background-media":"","overlay-type":"","overlay-color":"","overlay-opacity":"","overlay-gradient":""},"mobile":{"background-color":"","background-image":"","background-repeat":"repeat","background-position":"center center","background-size":"auto","background-attachment":"scroll","background-type":"","background-media":"","overlay-type":"","overlay-color":"","overlay-opacity":"","overlay-gradient":""}},"ast-content-background-meta":{"desktop":{"background-color":"var(--ast-global-color-5)","background-image":"","background-repeat":"repeat","background-position":"center center","background-size":"auto","background-attachment":"scroll","background-type":"","background-media":"","overlay-type":"","overlay-color":"","overlay-opacity":"","overlay-gradient":""},"tablet":{"background-color":"var(--ast-global-color-5)","background-image":"","background-repeat":"repeat","background-position":"center center","background-size":"auto","background-attachment":"scroll","background-type":"","background-media":"","overlay-type":"","overlay-color":"","overlay-opacity":"","overlay-gradient":""},"mobile":{"background-color":"var(--ast-global-color-5)","background-image":"","background-repeat":"repeat","background-position":"center center","background-size":"auto","background-attachment":"scroll","background-type":"","background-media":"","overlay-type":"","overlay-color":"","overlay-opacity":"","overlay-gradient":""}},"_joinchat":[]},"product_brand":[],"product_cat":[40,41,21,61,60],"product_tag":[92,90,91],"class_list":{"0":"post-1544","1":"product","2":"type-product","3":"status-publish","4":"has-post-thumbnail","6":"product_cat-ninos-con-3-5-anos","7":"product_cat-ninos-entre-los-6-y-8-anos","8":"product_cat-juguetes-de-bateria","9":"product_cat-juguetes-de-ninas","10":"product_cat-juguetes-de-ninos","11":"product_tag-cangrejo-caminante","12":"product_tag-cangrejo-musical","13":"product_tag-juguete-con-luces","14":"desktop-align-left","15":"tablet-align-left","16":"mobile-align-center","17":"ast-product-gallery-layout-horizontal-slider","18":"ast-product-tabs-layout-horizontal","20":"first","21":"instock","22":"sale","23":"taxable","24":"shipping-taxable","25":"purchasable","26":"product-type-simple"},"yoast_head":"<!-- This site is optimized with the Yoast SEO plugin v27.3 - https:\/\/yoast.com\/product\/yoast-seo-wordpress\/ -->\n<title>Juguete Cangrejo Caminador -<\/title>\n<meta name=\"description\" content=\"\ud83c\udf1f \u00a1La diversi\u00f3n se acerca con nuestro Cangrejo M\u00f3vil Musical con Luces! \ud83e\udd80\ud83c\udfb6\ud83d\ude97 \u00a1Este adorable cangrejo se mueve y gira mientras suena la m\u00fasica! \ud83c\udfbc\ud83e\udd80\ud83d\udca1\" \/>\n<meta name=\"robots\" content=\"index, follow, max-snippet:-1, max-image-preview:large, max-video-preview:-1\" \/>\n<link rel=\"canonical\" href=\"https:\/\/megamercancias.com.co\/juguetes\/producto\/cangrejo-caminador\/\" \/>\n<meta property=\"og:locale\" content=\"es_ES\" \/>\n<meta property=\"og:type\" content=\"article\" \/>\n<meta property=\"og:title\" content=\"Juguete Cangrejo Caminador -\" \/>\n<meta property=\"og:description\" content=\"\ud83c\udf1f \u00a1La diversi\u00f3n se acerca con nuestro Cangrejo M\u00f3vil Musical con Luces! \ud83e\udd80\ud83c\udfb6\ud83d\ude97 \u00a1Este adorable cangrejo se mueve y gira mientras suena la m\u00fasica! \ud83c\udfbc\ud83e\udd80\ud83d\udca1\" \/>\n<meta property=\"og:url\" content=\"https:\/\/megamercancias.com.co\/juguetes\/producto\/cangrejo-caminador\/\" \/>\n<meta property=\"article:publisher\" content=\"https:\/\/www.facebook.com\/Megamercancias.com.co\/\" \/>\n<meta property=\"article:modified_time\" content=\"2023-11-08T01:38:00+00:00\" \/>\n<meta property=\"og:image\" content=\"https:\/\/megamercancias.com.co\/juguetes\/wp-content\/uploads\/2023\/11\/Cangrejo8.webp\" \/>\n\t<meta property=\"og:image:width\" content=\"679\" \/>\n\t<meta property=\"og:image:height\" content=\"679\" \/>\n\t<meta property=\"og:image:type\" content=\"image\/webp\" \/>\n<meta name=\"twitter:card\" content=\"summary_large_image\" \/>\n<meta name=\"twitter:label1\" content=\"Tiempo de lectura\" \/>\n\t<meta name=\"twitter:data1\" content=\"1 minuto\" \/>\n<script type=\"application\/ld+json\" class=\"yoast-schema-graph\">{\"@context\":\"https:\\\/\\\/schema.org\",\"@graph\":[{\"@type\":\"WebPage\",\"@id\":\"https:\\\/\\\/megamercancias.com.co\\\/juguetes\\\/producto\\\/cangrejo-caminador\\\/\",\"url\":\"https:\\\/\\\/megamercancias.com.co\\\/juguetes\\\/producto\\\/cangrejo-caminador\\\/\",\"name\":\"Juguete Cangrejo Caminador -\",\"isPartOf\":{\"@id\":\"https:\\\/\\\/megamercancias.com.co\\\/juguetes\\\/#website\"},\"primaryImageOfPage\":{\"@id\":\"https:\\\/\\\/megamercancias.com.co\\\/juguetes\\\/producto\\\/cangrejo-caminador\\\/#primaryimage\"},\"image\":{\"@id\":\"https:\\\/\\\/megamercancias.com.co\\\/juguetes\\\/producto\\\/cangrejo-caminador\\\/#primaryimage\"},\"thumbnailUrl\":\"https:\\\/\\\/megamercancias.com.co\\\/juguetes\\\/wp-content\\\/uploads\\\/2023\\\/11\\\/Cangrejo8.webp\",\"datePublished\":\"2023-11-07T02:32:17+00:00\",\"dateModified\":\"2023-11-08T01:38:00+00:00\",\"description\":\"\ud83c\udf1f \u00a1La diversi\u00f3n se acerca con nuestro Cangrejo M\u00f3vil Musical con Luces! \ud83e\udd80\ud83c\udfb6\ud83d\ude97 \u00a1Este adorable cangrejo se mueve y gira mientras suena la m\u00fasica! \ud83c\udfbc\ud83e\udd80\ud83d\udca1\",\"breadcrumb\":{\"@id\":\"https:\\\/\\\/megamercancias.com.co\\\/juguetes\\\/producto\\\/cangrejo-caminador\\\/#breadcrumb\"},\"inLanguage\":\"es\",\"potentialAction\":[{\"@type\":\"ReadAction\",\"target\":[\"https:\\\/\\\/megamercancias.com.co\\\/juguetes\\\/producto\\\/cangrejo-caminador\\\/\"]}]},{\"@type\":\"ImageObject\",\"inLanguage\":\"es\",\"@id\":\"https:\\\/\\\/megamercancias.com.co\\\/juguetes\\\/producto\\\/cangrejo-caminador\\\/#primaryimage\",\"url\":\"https:\\\/\\\/megamercancias.com.co\\\/juguetes\\\/wp-content\\\/uploads\\\/2023\\\/11\\\/Cangrejo8.webp\",\"contentUrl\":\"https:\\\/\\\/megamercancias.com.co\\\/juguetes\\\/wp-content\\\/uploads\\\/2023\\\/11\\\/Cangrejo8.webp\",\"width\":679,\"height\":679},{\"@type\":\"BreadcrumbList\",\"@id\":\"https:\\\/\\\/megamercancias.com.co\\\/juguetes\\\/producto\\\/cangrejo-caminador\\\/#breadcrumb\",\"itemListElement\":[{\"@type\":\"ListItem\",\"position\":1,\"name\":\"Portada\",\"item\":\"https:\\\/\\\/megamercancias.com.co\\\/juguetes\\\/\"},{\"@type\":\"ListItem\",\"position\":2,\"name\":\"Tienda\",\"item\":\"https:\\\/\\\/megamercancias.com.co\\\/juguetes\\\/shop\\\/\"},{\"@type\":\"ListItem\",\"position\":3,\"name\":\"Juguete Cangrejo Caminador\"}]},{\"@type\":\"WebSite\",\"@id\":\"https:\\\/\\\/megamercancias.com.co\\\/juguetes\\\/#website\",\"url\":\"https:\\\/\\\/megamercancias.com.co\\\/juguetes\\\/\",\"name\":\"Juguetes Felices\",\"description\":\"Jugueter\u00eda\",\"publisher\":{\"@id\":\"https:\\\/\\\/megamercancias.com.co\\\/juguetes\\\/#organization\"},\"potentialAction\":[{\"@type\":\"SearchAction\",\"target\":{\"@type\":\"EntryPoint\",\"urlTemplate\":\"https:\\\/\\\/megamercancias.com.co\\\/juguetes\\\/?s={search_term_string}\"},\"query-input\":{\"@type\":\"PropertyValueSpecification\",\"valueRequired\":true,\"valueName\":\"search_term_string\"}}],\"inLanguage\":\"es\"},{\"@type\":\"Organization\",\"@id\":\"https:\\\/\\\/megamercancias.com.co\\\/juguetes\\\/#organization\",\"name\":\"Megamercancias\",\"url\":\"https:\\\/\\\/megamercancias.com.co\\\/juguetes\\\/\",\"logo\":{\"@type\":\"ImageObject\",\"inLanguage\":\"es\",\"@id\":\"https:\\\/\\\/megamercancias.com.co\\\/juguetes\\\/#\\\/schema\\\/logo\\\/image\\\/\",\"url\":\"https:\\\/\\\/megamercancias.com.co\\\/juguetes\\\/wp-content\\\/uploads\\\/2023\\\/10\\\/Logo-Final.webp\",\"contentUrl\":\"https:\\\/\\\/megamercancias.com.co\\\/juguetes\\\/wp-content\\\/uploads\\\/2023\\\/10\\\/Logo-Final.webp\",\"width\":510,\"height\":250,\"caption\":\"Megamercancias\"},\"image\":{\"@id\":\"https:\\\/\\\/megamercancias.com.co\\\/juguetes\\\/#\\\/schema\\\/logo\\\/image\\\/\"},\"sameAs\":[\"https:\\\/\\\/www.facebook.com\\\/Megamercancias.com.co\\\/\",\"https:\\\/\\\/www.instagram.com\\\/naidu_megamercancias\\\/\"]}]}<\/script>\n<!-- \/ Yoast SEO plugin. -->","yoast_head_json":{"title":"Juguete Cangrejo Caminador -","description":"\ud83c\udf1f \u00a1La diversi\u00f3n se acerca con nuestro Cangrejo M\u00f3vil Musical con Luces! \ud83e\udd80\ud83c\udfb6\ud83d\ude97 \u00a1Este adorable cangrejo se mueve y gira mientras suena la m\u00fasica! \ud83c\udfbc\ud83e\udd80\ud83d\udca1","robots":{"index":"index","follow":"follow","max-snippet":"max-snippet:-1","max-image-preview":"max-image-preview:large","max-video-preview":"max-video-preview:-1"},"canonical":"https:\/\/megamercancias.com.co\/juguetes\/producto\/cangrejo-caminador\/","og_locale":"es_ES","og_type":"article","og_title":"Juguete Cangrejo Caminador -","og_description":"\ud83c\udf1f \u00a1La diversi\u00f3n se acerca con nuestro Cangrejo M\u00f3vil Musical con Luces! \ud83e\udd80\ud83c\udfb6\ud83d\ude97 \u00a1Este adorable cangrejo se mueve y gira mientras suena la m\u00fasica! \ud83c\udfbc\ud83e\udd80\ud83d\udca1","og_url":"https:\/\/megamercancias.com.co\/juguetes\/producto\/cangrejo-caminador\/","article_publisher":"https:\/\/www.facebook.com\/Megamercancias.com.co\/","article_modified_time":"2023-11-08T01:38:00+00:00","og_image":[{"width":679,"height":679,"url":"https:\/\/megamercancias.com.co\/juguetes\/wp-content\/uploads\/2023\/11\/Cangrejo8.webp","type":"image\/webp"}],"twitter_card":"summary_large_image","twitter_misc":{"Tiempo de lectura":"1 minuto"},"schema":{"@context":"https:\/\/schema.org","@graph":[{"@type":"WebPage","@id":"https:\/\/megamercancias.com.co\/juguetes\/producto\/cangrejo-caminador\/","url":"https:\/\/megamercancias.com.co\/juguetes\/producto\/cangrejo-caminador\/","name":"Juguete Cangrejo Caminador -","isPartOf":{"@id":"https:\/\/megamercancias.com.co\/juguetes\/#website"},"primaryImageOfPage":{"@id":"https:\/\/megamercancias.com.co\/juguetes\/producto\/cangrejo-caminador\/#primaryimage"},"image":{"@id":"https:\/\/megamercancias.com.co\/juguetes\/producto\/cangrejo-caminador\/#primaryimage"},"thumbnailUrl":"https:\/\/megamercancias.com.co\/juguetes\/wp-content\/uploads\/2023\/11\/Cangrejo8.webp","datePublished":"2023-11-07T02:32:17+00:00","dateModified":"2023-11-08T01:38:00+00:00","description":"\ud83c\udf1f \u00a1La diversi\u00f3n se acerca con nuestro Cangrejo M\u00f3vil Musical con Luces! \ud83e\udd80\ud83c\udfb6\ud83d\ude97 \u00a1Este adorable cangrejo se mueve y gira mientras suena la m\u00fasica! \ud83c\udfbc\ud83e\udd80\ud83d\udca1","breadcrumb":{"@id":"https:\/\/megamercancias.com.co\/juguetes\/producto\/cangrejo-caminador\/#breadcrumb"},"inLanguage":"es","potentialAction":[{"@type":"ReadAction","target":["https:\/\/megamercancias.com.co\/juguetes\/producto\/cangrejo-caminador\/"]}]},{"@type":"ImageObject","inLanguage":"es","@id":"https:\/\/megamercancias.com.co\/juguetes\/producto\/cangrejo-caminador\/#primaryimage","url":"https:\/\/megamercancias.com.co\/juguetes\/wp-content\/uploads\/2023\/11\/Cangrejo8.webp","contentUrl":"https:\/\/megamercancias.com.co\/juguetes\/wp-content\/uploads\/2023\/11\/Cangrejo8.webp","width":679,"height":679},{"@type":"BreadcrumbList","@id":"https:\/\/megamercancias.com.co\/juguetes\/producto\/cangrejo-caminador\/#breadcrumb","itemListElement":[{"@type":"ListItem","position":1,"name":"Portada","item":"https:\/\/megamercancias.com.co\/juguetes\/"},{"@type":"ListItem","position":2,"name":"Tienda","item":"https:\/\/megamercancias.com.co\/juguetes\/shop\/"},{"@type":"ListItem","position":3,"name":"Juguete Cangrejo Caminador"}]},{"@type":"WebSite","@id":"https:\/\/megamercancias.com.co\/juguetes\/#website","url":"https:\/\/megamercancias.com.co\/juguetes\/","name":"Juguetes Felices","description":"Jugueter\u00eda","publisher":{"@id":"https:\/\/megamercancias.com.co\/juguetes\/#organization"},"potentialAction":[{"@type":"SearchAction","target":{"@type":"EntryPoint","urlTemplate":"https:\/\/megamercancias.com.co\/juguetes\/?s={search_term_string}"},"query-input":{"@type":"PropertyValueSpecification","valueRequired":true,"valueName":"search_term_string"}}],"inLanguage":"es"},{"@type":"Organization","@id":"https:\/\/megamercancias.com.co\/juguetes\/#organization","name":"Megamercancias","url":"https:\/\/megamercancias.com.co\/juguetes\/","logo":{"@type":"ImageObject","inLanguage":"es","@id":"https:\/\/megamercancias.com.co\/juguetes\/#\/schema\/logo\/image\/","url":"https:\/\/megamercancias.com.co\/juguetes\/wp-content\/uploads\/2023\/10\/Logo-Final.webp","contentUrl":"https:\/\/megamercancias.com.co\/juguetes\/wp-content\/uploads\/2023\/10\/Logo-Final.webp","width":510,"height":250,"caption":"Megamercancias"},"image":{"@id":"https:\/\/megamercancias.com.co\/juguetes\/#\/schema\/logo\/image\/"},"sameAs":["https:\/\/www.facebook.com\/Megamercancias.com.co\/","https:\/\/www.instagram.com\/naidu_megamercancias\/"]}]}},"uagb_featured_image_src":{"full":["https:\/\/megamercancias.com.co\/juguetes\/wp-content\/uploads\/2023\/11\/Cangrejo8.webp",679,679,false],"thumbnail":["https:\/\/megamercancias.com.co\/juguetes\/wp-content\/uploads\/2023\/11\/Cangrejo8-150x150.webp",150,150,true],"medium":["https:\/\/megamercancias.com.co\/juguetes\/wp-content\/uploads\/2023\/11\/Cangrejo8-300x300.webp",300,300,true],"medium_large":["https:\/\/megamercancias.com.co\/juguetes\/wp-content\/uploads\/2023\/11\/Cangrejo8.webp",679,679,false],"large":["https:\/\/megamercancias.com.co\/juguetes\/wp-content\/uploads\/2023\/11\/Cangrejo8.webp",679,679,false],"1536x1536":["https:\/\/megamercancias.com.co\/juguetes\/wp-content\/uploads\/2023\/11\/Cangrejo8.webp",679,679,false],"2048x2048":["https:\/\/megamercancias.com.co\/juguetes\/wp-content\/uploads\/2023\/11\/Cangrejo8.webp",679,679,false],"widget-thumbnail":["https:\/\/megamercancias.com.co\/juguetes\/wp-content\/uploads\/2023\/11\/Cangrejo8.webp",75,75,false],"woocommerce_thumbnail":["https:\/\/megamercancias.com.co\/juguetes\/wp-content\/uploads\/2023\/11\/Cangrejo8-300x300.webp",300,300,true],"woocommerce_single":["https:\/\/megamercancias.com.co\/juguetes\/wp-content\/uploads\/2023\/11\/Cangrejo8-600x600.webp",600,600,true],"woocommerce_gallery_thumbnail":["https:\/\/megamercancias.com.co\/juguetes\/wp-content\/uploads\/2023\/11\/Cangrejo8-100x100.webp",100,100,true],"dgwt-wcas-product-suggestion":["https:\/\/megamercancias.com.co\/juguetes\/wp-content\/uploads\/2023\/11\/Cangrejo8-64x64.webp",64,64,true]},"uagb_author_info":{"display_name":"Megamercanc\u00edas","author_link":"https:\/\/megamercancias.com.co\/juguetes\/author\/"},"uagb_comment_info":0,"uagb_excerpt":"\ud83c\udf1f \u00a1La diversi\u00f3n se acerca con nuestro Cangrejo M\u00f3vil Musical con Luces! \ud83e\udd80\ud83c\udfb6 \ud83d\ude97 \u00a1Este adorable cangrejo se mueve y gira mientras suena la m\u00fasica! \ud83c\udfbc\ud83e\udd80 \ud83d\udca1 Luces brillantes para una experiencia visual encantadora. \u2728\ud83d\udcab \ud83d\udcb0 Disponible con opci\u00f3n de pago contra entrega en principales ciudades. \ud83d\udcb3\ud83d\ude9a \u00bfListo para llenar tu hogar de alegr\u00eda y&hellip;","_links":{"self":[{"href":"https:\/\/megamercancias.com.co\/juguetes\/wp-json\/wp\/v2\/product\/1544","targetHints":{"allow":["GET"]}}],"collection":[{"href":"https:\/\/megamercancias.com.co\/juguetes\/wp-json\/wp\/v2\/product"}],"about":[{"href":"https:\/\/megamercancias.com.co\/juguetes\/wp-json\/wp\/v2\/types\/product"}],"wp:featuredmedia":[{"embeddable":true,"href":"https:\/\/megamercancias.com.co\/juguetes\/wp-json\/wp\/v2\/media\/1550"}],"wp:attachment":[{"href":"https:\/\/megamercancias.com.co\/juguetes\/wp-json\/wp\/v2\/media?parent=1544"}],"wp:term":[{"taxonomy":"product_brand","embeddable":true,"href":"https:\/\/megamercancias.com.co\/juguetes\/wp-json\/wp\/v2\/product_brand?post=1544"},{"taxonomy":"product_cat","embeddable":true,"href":"https:\/\/megamercancias.com.co\/juguetes\/wp-json\/wp\/v2\/product_cat?post=1544"},{"taxonomy":"product_tag","embeddable":true,"href":"https:\/\/megamercancias.com.co\/juguetes\/wp-json\/wp\/v2\/product_tag?post=1544"}],"curies":[{"name":"wp","href":"https:\/\/api.w.org\/{rel}","templated":true}]}}