{"id":1534,"date":"2023-11-06T20:23:18","date_gmt":"2023-11-07T01:23:18","guid":{"rendered":"https:\/\/megamercancias.com.co\/juguetes\/?post_type=product&#038;p=1534"},"modified":"2023-11-11T11:22:03","modified_gmt":"2023-11-11T16:22:03","slug":"carro-de-carreras-con-control-remoto","status":"publish","type":"product","link":"https:\/\/megamercancias.com.co\/juguetes\/producto\/carro-de-carreras-con-control-remoto\/","title":{"rendered":"Carro de Carreras con Control Remoto"},"content":{"rendered":"<p>\ud83d\ude98Este puede ser el primer auto para tu hijo, permiti\u00e9ndole que desarrolle la coordinaci\u00f3n de las manos\ud83e\udd32 y los ojos, la cognici\u00f3n y la capacidad de reconocimiento de sonidos de forma activa.\ud83d\udc42<\/p>\n<p>\u00bfEst\u00e1s listo para tomar el volante y vivir la emoci\u00f3n de las carreras? \u00a1No esperes m\u00e1s!<\/p>\n<p>\u00a1Desarrolla tus habilidades de piloto y compite en casa con este carro Racing de Control Remoto! \ud83c\udfce\ufe0f\ud83c\udfc6\ud83c\udf1f<\/p>\n<p><span style=\"color: #808080;\"><strong>ADVERTENCIA:<\/strong><\/span> \u00abEste producto puede contener piezas peque\u00f1as, por lo que pueden no ser adecuados para ni\u00f1os menores de 3 a\u00f1os por representar riesgo de asfixia.<br \/>\n<span style=\"color: #808080;\"><strong>Ficha T\u00e9cnica:<\/strong><\/span><br \/>\nDimensiones del carros : 17 cm x 10 cm x 6 cm<br \/>\nMaterial: Pl\u00e1stico ABS no toxico<br \/>\nEdad recomendada + 6 A\u00f1os<br \/>\nFuente de energ\u00eda del carro: Bater\u00edas internas que se pueden recargar al conectar el cable con el tomacorriente.<br \/>\nDimensiones del control: 9 cm x 7 cm<br \/>\nFuente de energ\u00eda: 3 Bater\u00edas AA incluidas ( recargables )<\/p>\n","protected":false},"excerpt":{"rendered":"<p>\ud83d\ude0dHermoso y divertido carro de carreras con control remoto para que tu hijo se divierta .\ud83d\udc96<\/p>\n<p>\ud83c\udfc1 \u00a1Experimenta la emoci\u00f3n de las carreras en casa con nuestro Carro Racing de Control Remoto! \ud83c\udfce\ufe0f\ud83c\udfc1<\/p>\n<p>\ud83d\udd0b Incluye pilas recargables y cargador para diversi\u00f3n sin l\u00edmites. \ud83d\udd0c\ud83d\udd0b<\/p>\n<p>\ud83c\udf08 Disponible en diferentes colores para elegir tu favorito. \ud83c\udf08\ud83c\udfa8<\/p>\n<p>\ud83d\ude9a Env\u00edo GRATIS a las principales ciudades y opci\u00f3n de pago contra entrega. \ud83d\udcb3\ud83d\ude9a<\/p>\n<p>\ud83d\uded2 \u00a1Compra ahora y lleva la emoci\u00f3n de las carreras a tu hogar! \ud83c\udfc3<\/p>\n","protected":false},"featured_media":1543,"template":"","meta":{"_uag_custom_page_level_css":"","site-sidebar-layout":"default","site-content-layout":"","ast-site-content-layout":"default","site-content-style":"default","site-sidebar-style":"default","ast-global-header-display":"","ast-banner-title-visibility":"","ast-main-header-display":"","ast-hfb-above-header-display":"","ast-hfb-below-header-display":"","ast-hfb-mobile-header-display":"","site-post-title":"","ast-breadcrumbs-content":"","ast-featured-img":"","footer-sml-layout":"","theme-transparent-header-meta":"default","adv-header-id-meta":"","stick-header-meta":"default","header-above-stick-meta":"","header-main-stick-meta":"","header-below-stick-meta":"","astra-migrate-meta-layouts":"set","ast-page-background-enabled":"default","ast-page-background-meta":{"desktop":{"background-color":"var(--ast-global-color-4)","background-image":"","background-repeat":"repeat","background-position":"center center","background-size":"auto","background-attachment":"scroll","background-type":"","background-media":"","overlay-type":"","overlay-color":"","overlay-opacity":"","overlay-gradient":""},"tablet":{"background-color":"","background-image":"","background-repeat":"repeat","background-position":"center center","background-size":"auto","background-attachment":"scroll","background-type":"","background-media":"","overlay-type":"","overlay-color":"","overlay-opacity":"","overlay-gradient":""},"mobile":{"background-color":"","background-image":"","background-repeat":"repeat","background-position":"center center","background-size":"auto","background-attachment":"scroll","background-type":"","background-media":"","overlay-type":"","overlay-color":"","overlay-opacity":"","overlay-gradient":""}},"ast-content-background-meta":{"desktop":{"background-color":"var(--ast-global-color-5)","background-image":"","background-repeat":"repeat","background-position":"center center","background-size":"auto","background-attachment":"scroll","background-type":"","background-media":"","overlay-type":"","overlay-color":"","overlay-opacity":"","overlay-gradient":""},"tablet":{"background-color":"var(--ast-global-color-5)","background-image":"","background-repeat":"repeat","background-position":"center center","background-size":"auto","background-attachment":"scroll","background-type":"","background-media":"","overlay-type":"","overlay-color":"","overlay-opacity":"","overlay-gradient":""},"mobile":{"background-color":"var(--ast-global-color-5)","background-image":"","background-repeat":"repeat","background-position":"center center","background-size":"auto","background-attachment":"scroll","background-type":"","background-media":"","overlay-type":"","overlay-color":"","overlay-opacity":"","overlay-gradient":""}},"_joinchat":[]},"product_brand":[],"product_cat":[41,42,21,60],"product_tag":[89,79,87,88],"class_list":{"0":"post-1534","1":"product","2":"type-product","3":"status-publish","4":"has-post-thumbnail","6":"product_cat-ninos-entre-los-6-y-8-anos","7":"product_cat-edades-entre-los-9-y-12","8":"product_cat-juguetes-de-bateria","9":"product_cat-juguetes-de-ninos","10":"product_tag-carro-a-control-remoto","11":"product_tag-carro-bateria","12":"product_tag-carro-carreras","13":"product_tag-racing","14":"desktop-align-left","15":"tablet-align-left","16":"mobile-align-center","17":"ast-product-gallery-layout-horizontal-slider","18":"ast-product-tabs-layout-horizontal","20":"first","21":"instock","22":"sale","23":"taxable","24":"shipping-taxable","25":"purchasable","26":"product-type-simple"},"yoast_head":"<!-- This site is optimized with the Yoast SEO plugin v27.3 - https:\/\/yoast.com\/product\/yoast-seo-wordpress\/ -->\n<title>Carro de Carreras con Control Remoto -<\/title>\n<meta name=\"description\" content=\"\ud83d\ude0dDivertido carro de carreras con control remoto para que tu hijo se divierta .\ud83d\udc96\ud83c\udfc1 \u00a1Experimenta la emoci\u00f3n de las carreras con nuestro Carro Racing remoto! \ud83c\udfce\ufe0f\ud83c\udfc1\" \/>\n<meta name=\"robots\" content=\"index, follow, max-snippet:-1, max-image-preview:large, max-video-preview:-1\" \/>\n<link rel=\"canonical\" href=\"https:\/\/megamercancias.com.co\/juguetes\/producto\/carro-de-carreras-con-control-remoto\/\" \/>\n<meta property=\"og:locale\" content=\"es_ES\" \/>\n<meta property=\"og:type\" content=\"article\" \/>\n<meta property=\"og:title\" content=\"Carro de Carreras con Control Remoto -\" \/>\n<meta property=\"og:description\" content=\"\ud83d\ude0dDivertido carro de carreras con control remoto para que tu hijo se divierta .\ud83d\udc96\ud83c\udfc1 \u00a1Experimenta la emoci\u00f3n de las carreras con nuestro Carro Racing remoto! \ud83c\udfce\ufe0f\ud83c\udfc1\" \/>\n<meta property=\"og:url\" content=\"https:\/\/megamercancias.com.co\/juguetes\/producto\/carro-de-carreras-con-control-remoto\/\" \/>\n<meta property=\"article:publisher\" content=\"https:\/\/www.facebook.com\/Megamercancias.com.co\/\" \/>\n<meta property=\"article:modified_time\" content=\"2023-11-11T16:22:03+00:00\" \/>\n<meta property=\"og:image\" content=\"https:\/\/megamercancias.com.co\/juguetes\/wp-content\/uploads\/2023\/11\/carro4.webp\" \/>\n\t<meta property=\"og:image:width\" content=\"500\" \/>\n\t<meta property=\"og:image:height\" content=\"394\" \/>\n\t<meta property=\"og:image:type\" content=\"image\/webp\" \/>\n<meta name=\"twitter:card\" content=\"summary_large_image\" \/>\n<meta name=\"twitter:label1\" content=\"Tiempo de lectura\" \/>\n\t<meta name=\"twitter:data1\" content=\"1 minuto\" \/>\n<script type=\"application\/ld+json\" class=\"yoast-schema-graph\">{\"@context\":\"https:\\\/\\\/schema.org\",\"@graph\":[{\"@type\":\"WebPage\",\"@id\":\"https:\\\/\\\/megamercancias.com.co\\\/juguetes\\\/producto\\\/carro-de-carreras-con-control-remoto\\\/\",\"url\":\"https:\\\/\\\/megamercancias.com.co\\\/juguetes\\\/producto\\\/carro-de-carreras-con-control-remoto\\\/\",\"name\":\"Carro de Carreras con Control Remoto -\",\"isPartOf\":{\"@id\":\"https:\\\/\\\/megamercancias.com.co\\\/juguetes\\\/#website\"},\"primaryImageOfPage\":{\"@id\":\"https:\\\/\\\/megamercancias.com.co\\\/juguetes\\\/producto\\\/carro-de-carreras-con-control-remoto\\\/#primaryimage\"},\"image\":{\"@id\":\"https:\\\/\\\/megamercancias.com.co\\\/juguetes\\\/producto\\\/carro-de-carreras-con-control-remoto\\\/#primaryimage\"},\"thumbnailUrl\":\"https:\\\/\\\/megamercancias.com.co\\\/juguetes\\\/wp-content\\\/uploads\\\/2023\\\/11\\\/carro4.webp\",\"datePublished\":\"2023-11-07T01:23:18+00:00\",\"dateModified\":\"2023-11-11T16:22:03+00:00\",\"description\":\"\ud83d\ude0dDivertido carro de carreras con control remoto para que tu hijo se divierta .\ud83d\udc96\ud83c\udfc1 \u00a1Experimenta la emoci\u00f3n de las carreras con nuestro Carro Racing remoto! \ud83c\udfce\ufe0f\ud83c\udfc1\",\"breadcrumb\":{\"@id\":\"https:\\\/\\\/megamercancias.com.co\\\/juguetes\\\/producto\\\/carro-de-carreras-con-control-remoto\\\/#breadcrumb\"},\"inLanguage\":\"es\",\"potentialAction\":[{\"@type\":\"ReadAction\",\"target\":[\"https:\\\/\\\/megamercancias.com.co\\\/juguetes\\\/producto\\\/carro-de-carreras-con-control-remoto\\\/\"]}]},{\"@type\":\"ImageObject\",\"inLanguage\":\"es\",\"@id\":\"https:\\\/\\\/megamercancias.com.co\\\/juguetes\\\/producto\\\/carro-de-carreras-con-control-remoto\\\/#primaryimage\",\"url\":\"https:\\\/\\\/megamercancias.com.co\\\/juguetes\\\/wp-content\\\/uploads\\\/2023\\\/11\\\/carro4.webp\",\"contentUrl\":\"https:\\\/\\\/megamercancias.com.co\\\/juguetes\\\/wp-content\\\/uploads\\\/2023\\\/11\\\/carro4.webp\",\"width\":500,\"height\":394},{\"@type\":\"BreadcrumbList\",\"@id\":\"https:\\\/\\\/megamercancias.com.co\\\/juguetes\\\/producto\\\/carro-de-carreras-con-control-remoto\\\/#breadcrumb\",\"itemListElement\":[{\"@type\":\"ListItem\",\"position\":1,\"name\":\"Portada\",\"item\":\"https:\\\/\\\/megamercancias.com.co\\\/juguetes\\\/\"},{\"@type\":\"ListItem\",\"position\":2,\"name\":\"Tienda\",\"item\":\"https:\\\/\\\/megamercancias.com.co\\\/juguetes\\\/shop\\\/\"},{\"@type\":\"ListItem\",\"position\":3,\"name\":\"Carro de Carreras con Control Remoto\"}]},{\"@type\":\"WebSite\",\"@id\":\"https:\\\/\\\/megamercancias.com.co\\\/juguetes\\\/#website\",\"url\":\"https:\\\/\\\/megamercancias.com.co\\\/juguetes\\\/\",\"name\":\"Juguetes Felices\",\"description\":\"Jugueter\u00eda\",\"publisher\":{\"@id\":\"https:\\\/\\\/megamercancias.com.co\\\/juguetes\\\/#organization\"},\"potentialAction\":[{\"@type\":\"SearchAction\",\"target\":{\"@type\":\"EntryPoint\",\"urlTemplate\":\"https:\\\/\\\/megamercancias.com.co\\\/juguetes\\\/?s={search_term_string}\"},\"query-input\":{\"@type\":\"PropertyValueSpecification\",\"valueRequired\":true,\"valueName\":\"search_term_string\"}}],\"inLanguage\":\"es\"},{\"@type\":\"Organization\",\"@id\":\"https:\\\/\\\/megamercancias.com.co\\\/juguetes\\\/#organization\",\"name\":\"Megamercancias\",\"url\":\"https:\\\/\\\/megamercancias.com.co\\\/juguetes\\\/\",\"logo\":{\"@type\":\"ImageObject\",\"inLanguage\":\"es\",\"@id\":\"https:\\\/\\\/megamercancias.com.co\\\/juguetes\\\/#\\\/schema\\\/logo\\\/image\\\/\",\"url\":\"https:\\\/\\\/megamercancias.com.co\\\/juguetes\\\/wp-content\\\/uploads\\\/2023\\\/10\\\/Logo-Final.webp\",\"contentUrl\":\"https:\\\/\\\/megamercancias.com.co\\\/juguetes\\\/wp-content\\\/uploads\\\/2023\\\/10\\\/Logo-Final.webp\",\"width\":510,\"height\":250,\"caption\":\"Megamercancias\"},\"image\":{\"@id\":\"https:\\\/\\\/megamercancias.com.co\\\/juguetes\\\/#\\\/schema\\\/logo\\\/image\\\/\"},\"sameAs\":[\"https:\\\/\\\/www.facebook.com\\\/Megamercancias.com.co\\\/\",\"https:\\\/\\\/www.instagram.com\\\/naidu_megamercancias\\\/\"]}]}<\/script>\n<!-- \/ Yoast SEO plugin. -->","yoast_head_json":{"title":"Carro de Carreras con Control Remoto -","description":"\ud83d\ude0dDivertido carro de carreras con control remoto para que tu hijo se divierta .\ud83d\udc96\ud83c\udfc1 \u00a1Experimenta la emoci\u00f3n de las carreras con nuestro Carro Racing remoto! \ud83c\udfce\ufe0f\ud83c\udfc1","robots":{"index":"index","follow":"follow","max-snippet":"max-snippet:-1","max-image-preview":"max-image-preview:large","max-video-preview":"max-video-preview:-1"},"canonical":"https:\/\/megamercancias.com.co\/juguetes\/producto\/carro-de-carreras-con-control-remoto\/","og_locale":"es_ES","og_type":"article","og_title":"Carro de Carreras con Control Remoto -","og_description":"\ud83d\ude0dDivertido carro de carreras con control remoto para que tu hijo se divierta .\ud83d\udc96\ud83c\udfc1 \u00a1Experimenta la emoci\u00f3n de las carreras con nuestro Carro Racing remoto! \ud83c\udfce\ufe0f\ud83c\udfc1","og_url":"https:\/\/megamercancias.com.co\/juguetes\/producto\/carro-de-carreras-con-control-remoto\/","article_publisher":"https:\/\/www.facebook.com\/Megamercancias.com.co\/","article_modified_time":"2023-11-11T16:22:03+00:00","og_image":[{"width":500,"height":394,"url":"https:\/\/megamercancias.com.co\/juguetes\/wp-content\/uploads\/2023\/11\/carro4.webp","type":"image\/webp"}],"twitter_card":"summary_large_image","twitter_misc":{"Tiempo de lectura":"1 minuto"},"schema":{"@context":"https:\/\/schema.org","@graph":[{"@type":"WebPage","@id":"https:\/\/megamercancias.com.co\/juguetes\/producto\/carro-de-carreras-con-control-remoto\/","url":"https:\/\/megamercancias.com.co\/juguetes\/producto\/carro-de-carreras-con-control-remoto\/","name":"Carro de Carreras con Control Remoto -","isPartOf":{"@id":"https:\/\/megamercancias.com.co\/juguetes\/#website"},"primaryImageOfPage":{"@id":"https:\/\/megamercancias.com.co\/juguetes\/producto\/carro-de-carreras-con-control-remoto\/#primaryimage"},"image":{"@id":"https:\/\/megamercancias.com.co\/juguetes\/producto\/carro-de-carreras-con-control-remoto\/#primaryimage"},"thumbnailUrl":"https:\/\/megamercancias.com.co\/juguetes\/wp-content\/uploads\/2023\/11\/carro4.webp","datePublished":"2023-11-07T01:23:18+00:00","dateModified":"2023-11-11T16:22:03+00:00","description":"\ud83d\ude0dDivertido carro de carreras con control remoto para que tu hijo se divierta .\ud83d\udc96\ud83c\udfc1 \u00a1Experimenta la emoci\u00f3n de las carreras con nuestro Carro Racing remoto! \ud83c\udfce\ufe0f\ud83c\udfc1","breadcrumb":{"@id":"https:\/\/megamercancias.com.co\/juguetes\/producto\/carro-de-carreras-con-control-remoto\/#breadcrumb"},"inLanguage":"es","potentialAction":[{"@type":"ReadAction","target":["https:\/\/megamercancias.com.co\/juguetes\/producto\/carro-de-carreras-con-control-remoto\/"]}]},{"@type":"ImageObject","inLanguage":"es","@id":"https:\/\/megamercancias.com.co\/juguetes\/producto\/carro-de-carreras-con-control-remoto\/#primaryimage","url":"https:\/\/megamercancias.com.co\/juguetes\/wp-content\/uploads\/2023\/11\/carro4.webp","contentUrl":"https:\/\/megamercancias.com.co\/juguetes\/wp-content\/uploads\/2023\/11\/carro4.webp","width":500,"height":394},{"@type":"BreadcrumbList","@id":"https:\/\/megamercancias.com.co\/juguetes\/producto\/carro-de-carreras-con-control-remoto\/#breadcrumb","itemListElement":[{"@type":"ListItem","position":1,"name":"Portada","item":"https:\/\/megamercancias.com.co\/juguetes\/"},{"@type":"ListItem","position":2,"name":"Tienda","item":"https:\/\/megamercancias.com.co\/juguetes\/shop\/"},{"@type":"ListItem","position":3,"name":"Carro de Carreras con Control Remoto"}]},{"@type":"WebSite","@id":"https:\/\/megamercancias.com.co\/juguetes\/#website","url":"https:\/\/megamercancias.com.co\/juguetes\/","name":"Juguetes Felices","description":"Jugueter\u00eda","publisher":{"@id":"https:\/\/megamercancias.com.co\/juguetes\/#organization"},"potentialAction":[{"@type":"SearchAction","target":{"@type":"EntryPoint","urlTemplate":"https:\/\/megamercancias.com.co\/juguetes\/?s={search_term_string}"},"query-input":{"@type":"PropertyValueSpecification","valueRequired":true,"valueName":"search_term_string"}}],"inLanguage":"es"},{"@type":"Organization","@id":"https:\/\/megamercancias.com.co\/juguetes\/#organization","name":"Megamercancias","url":"https:\/\/megamercancias.com.co\/juguetes\/","logo":{"@type":"ImageObject","inLanguage":"es","@id":"https:\/\/megamercancias.com.co\/juguetes\/#\/schema\/logo\/image\/","url":"https:\/\/megamercancias.com.co\/juguetes\/wp-content\/uploads\/2023\/10\/Logo-Final.webp","contentUrl":"https:\/\/megamercancias.com.co\/juguetes\/wp-content\/uploads\/2023\/10\/Logo-Final.webp","width":510,"height":250,"caption":"Megamercancias"},"image":{"@id":"https:\/\/megamercancias.com.co\/juguetes\/#\/schema\/logo\/image\/"},"sameAs":["https:\/\/www.facebook.com\/Megamercancias.com.co\/","https:\/\/www.instagram.com\/naidu_megamercancias\/"]}]}},"uagb_featured_image_src":{"full":["https:\/\/megamercancias.com.co\/juguetes\/wp-content\/uploads\/2023\/11\/carro4.webp",500,394,false],"thumbnail":["https:\/\/megamercancias.com.co\/juguetes\/wp-content\/uploads\/2023\/11\/carro4-150x150.webp",150,150,true],"medium":["https:\/\/megamercancias.com.co\/juguetes\/wp-content\/uploads\/2023\/11\/carro4-300x236.webp",300,236,true],"medium_large":["https:\/\/megamercancias.com.co\/juguetes\/wp-content\/uploads\/2023\/11\/carro4.webp",500,394,false],"large":["https:\/\/megamercancias.com.co\/juguetes\/wp-content\/uploads\/2023\/11\/carro4.webp",500,394,false],"1536x1536":["https:\/\/megamercancias.com.co\/juguetes\/wp-content\/uploads\/2023\/11\/carro4.webp",500,394,false],"2048x2048":["https:\/\/megamercancias.com.co\/juguetes\/wp-content\/uploads\/2023\/11\/carro4.webp",500,394,false],"widget-thumbnail":["https:\/\/megamercancias.com.co\/juguetes\/wp-content\/uploads\/2023\/11\/carro4.webp",75,59,false],"woocommerce_thumbnail":["https:\/\/megamercancias.com.co\/juguetes\/wp-content\/uploads\/2023\/11\/carro4-300x300.webp",300,300,true],"woocommerce_single":["https:\/\/megamercancias.com.co\/juguetes\/wp-content\/uploads\/2023\/11\/carro4.webp",500,394,false],"woocommerce_gallery_thumbnail":["https:\/\/megamercancias.com.co\/juguetes\/wp-content\/uploads\/2023\/11\/carro4-100x100.webp",100,100,true],"dgwt-wcas-product-suggestion":["https:\/\/megamercancias.com.co\/juguetes\/wp-content\/uploads\/2023\/11\/carro4-64x50.webp",64,50,true]},"uagb_author_info":{"display_name":"Megamercanc\u00edas","author_link":"https:\/\/megamercancias.com.co\/juguetes\/author\/"},"uagb_comment_info":0,"uagb_excerpt":"\ud83d\ude0dHermoso y divertido carro de carreras con control remoto para que tu hijo se divierta .\ud83d\udc96 \ud83c\udfc1 \u00a1Experimenta la emoci\u00f3n de las carreras en casa con nuestro Carro Racing de Control Remoto! \ud83c\udfce\ufe0f\ud83c\udfc1 \ud83d\udd0b Incluye pilas recargables y cargador para diversi\u00f3n sin l\u00edmites. \ud83d\udd0c\ud83d\udd0b \ud83c\udf08 Disponible en diferentes colores para elegir tu favorito. \ud83c\udf08\ud83c\udfa8 \ud83d\ude9a&hellip;","_links":{"self":[{"href":"https:\/\/megamercancias.com.co\/juguetes\/wp-json\/wp\/v2\/product\/1534","targetHints":{"allow":["GET"]}}],"collection":[{"href":"https:\/\/megamercancias.com.co\/juguetes\/wp-json\/wp\/v2\/product"}],"about":[{"href":"https:\/\/megamercancias.com.co\/juguetes\/wp-json\/wp\/v2\/types\/product"}],"wp:featuredmedia":[{"embeddable":true,"href":"https:\/\/megamercancias.com.co\/juguetes\/wp-json\/wp\/v2\/media\/1543"}],"wp:attachment":[{"href":"https:\/\/megamercancias.com.co\/juguetes\/wp-json\/wp\/v2\/media?parent=1534"}],"wp:term":[{"taxonomy":"product_brand","embeddable":true,"href":"https:\/\/megamercancias.com.co\/juguetes\/wp-json\/wp\/v2\/product_brand?post=1534"},{"taxonomy":"product_cat","embeddable":true,"href":"https:\/\/megamercancias.com.co\/juguetes\/wp-json\/wp\/v2\/product_cat?post=1534"},{"taxonomy":"product_tag","embeddable":true,"href":"https:\/\/megamercancias.com.co\/juguetes\/wp-json\/wp\/v2\/product_tag?post=1534"}],"curies":[{"name":"wp","href":"https:\/\/api.w.org\/{rel}","templated":true}]}}