{"id":1520,"date":"2023-11-06T16:24:58","date_gmt":"2023-11-06T21:24:58","guid":{"rendered":"https:\/\/megamercancias.com.co\/juguetes\/?post_type=product&#038;p=1520"},"modified":"2023-11-07T20:37:05","modified_gmt":"2023-11-08T01:37:05","slug":"muneca-doctora","status":"publish","type":"product","link":"https:\/\/megamercancias.com.co\/juguetes\/producto\/muneca-doctora\/","title":{"rendered":"Mu\u00f1eca Doctora con Accesorios"},"content":{"rendered":"<p>\u00bfListos para convertirse en m\u00e9dicos y m\u00e9dicas en casa? \u00a1La Mu\u00f1eca Doctora es la compa\u00f1era perfecta!<\/p>\n<p>\ud83d\uded2 \u00a1Compra ahora y trae la diversi\u00f3n y el aprendizaje de la medicina a tu hogar!<\/p>\n<p>\u00a1Inspira futuros m\u00e9dicos y m\u00e9dicas mientras juegan y se divierten! \ud83c\udf21\ufe0f\ud83c\udfe9\ud83c\udf1f<\/p>\n","protected":false},"excerpt":{"rendered":"<p><span>\ud83d\udc69\u200d\u2695\ufe0f \u00a1La Mu\u00f1eca Doctora que canta y brilla cuando tocas su coraz\u00f3n! \ud83d\udc96\ud83c\udfa4<\/span><\/p>\n<p><span>\ud83e\ude7a Viene con accesorios m\u00e9dicos como un estetoscopio, term\u00f3metro y m\u00e1s. \ud83c\udfe5\ud83e\ude79<\/span><\/p>\n<p><span>\ud83d\udc76 Incluye una mu\u00f1eca peque\u00f1a y un perro para tratar y cuidar. \ud83d\udc36\ud83d\udc76<\/span><\/p>\n<p><span>\ud83d\udc89 \u00a1Kit de primeros auxilios completo para salvar el d\u00eda! \ud83d\udc8a\ud83d\ude91<\/span><\/p>\n<p><span>\ud83d\udcb0 Pago contra entrega disponible y env\u00edo GRATIS a las principales ciudades. \ud83d\udcb3\ud83d\ude9a<\/span><\/p>\n","protected":false},"featured_media":1525,"template":"","meta":{"_uag_custom_page_level_css":"","site-sidebar-layout":"default","site-content-layout":"","ast-site-content-layout":"default","site-content-style":"default","site-sidebar-style":"default","ast-global-header-display":"","ast-banner-title-visibility":"","ast-main-header-display":"","ast-hfb-above-header-display":"","ast-hfb-below-header-display":"","ast-hfb-mobile-header-display":"","site-post-title":"","ast-breadcrumbs-content":"","ast-featured-img":"","footer-sml-layout":"","theme-transparent-header-meta":"default","adv-header-id-meta":"","stick-header-meta":"default","header-above-stick-meta":"","header-main-stick-meta":"","header-below-stick-meta":"","astra-migrate-meta-layouts":"set","ast-page-background-enabled":"default","ast-page-background-meta":{"desktop":{"background-color":"var(--ast-global-color-4)","background-image":"","background-repeat":"repeat","background-position":"center center","background-size":"auto","background-attachment":"scroll","background-type":"","background-media":"","overlay-type":"","overlay-color":"","overlay-opacity":"","overlay-gradient":""},"tablet":{"background-color":"","background-image":"","background-repeat":"repeat","background-position":"center center","background-size":"auto","background-attachment":"scroll","background-type":"","background-media":"","overlay-type":"","overlay-color":"","overlay-opacity":"","overlay-gradient":""},"mobile":{"background-color":"","background-image":"","background-repeat":"repeat","background-position":"center center","background-size":"auto","background-attachment":"scroll","background-type":"","background-media":"","overlay-type":"","overlay-color":"","overlay-opacity":"","overlay-gradient":""}},"ast-content-background-meta":{"desktop":{"background-color":"var(--ast-global-color-5)","background-image":"","background-repeat":"repeat","background-position":"center center","background-size":"auto","background-attachment":"scroll","background-type":"","background-media":"","overlay-type":"","overlay-color":"","overlay-opacity":"","overlay-gradient":""},"tablet":{"background-color":"var(--ast-global-color-5)","background-image":"","background-repeat":"repeat","background-position":"center center","background-size":"auto","background-attachment":"scroll","background-type":"","background-media":"","overlay-type":"","overlay-color":"","overlay-opacity":"","overlay-gradient":""},"mobile":{"background-color":"var(--ast-global-color-5)","background-image":"","background-repeat":"repeat","background-position":"center center","background-size":"auto","background-attachment":"scroll","background-type":"","background-media":"","overlay-type":"","overlay-color":"","overlay-opacity":"","overlay-gradient":""}},"_joinchat":[]},"product_brand":[],"product_cat":[40,41,21,61,44],"product_tag":[81,80,82],"class_list":{"0":"post-1520","1":"product","2":"type-product","3":"status-publish","4":"has-post-thumbnail","6":"product_cat-ninos-con-3-5-anos","7":"product_cat-ninos-entre-los-6-y-8-anos","8":"product_cat-juguetes-de-bateria","9":"product_cat-juguetes-de-ninas","10":"product_cat-munecas","11":"product_tag-doctora-musical","12":"product_tag-muneca-doctora","13":"product_tag-muneca-doctora-con-accesorios","14":"desktop-align-left","15":"tablet-align-left","16":"mobile-align-center","17":"ast-product-gallery-layout-horizontal-slider","18":"ast-product-tabs-layout-horizontal","20":"first","21":"instock","22":"sale","23":"taxable","24":"shipping-taxable","25":"purchasable","26":"product-type-simple"},"yoast_head":"<!-- This site is optimized with the Yoast SEO plugin v27.3 - https:\/\/yoast.com\/product\/yoast-seo-wordpress\/ -->\n<title>La Mu\u00f1eca Doctora que canta y brilla cuando tocas su coraz\u00f3n\ud83d\udc96<\/title>\n<meta name=\"description\" content=\"\ud83d\udc96\ud83c\udfa4\ud83e\ude7a Viene con accesorios m\u00e9dicos como un estetoscopio, term\u00f3metro y m\u00e1s. \ud83c\udfe5\ud83d\udc89 \u00a1Kit de primeros auxilios, \ud83d\udc76 Incluye una mu\u00f1eca peque\u00f1a y un perro para tratar y cuidar. \ud83d\udc36\ud83d\udc76\ud83d\udc89 \u00a1Kit de primeros auxilios completo para salvar el d\u00eda! \ud83d\udc8a\ud83d\ude91\" \/>\n<meta name=\"robots\" content=\"index, follow, max-snippet:-1, max-image-preview:large, max-video-preview:-1\" \/>\n<link rel=\"canonical\" href=\"https:\/\/megamercancias.com.co\/juguetes\/producto\/muneca-doctora\/\" \/>\n<meta property=\"og:locale\" content=\"es_ES\" \/>\n<meta property=\"og:type\" content=\"article\" \/>\n<meta property=\"og:title\" content=\"La Mu\u00f1eca Doctora que canta y brilla cuando tocas su coraz\u00f3n\ud83d\udc96\" \/>\n<meta property=\"og:description\" content=\"\ud83d\udc96\ud83c\udfa4\ud83e\ude7a Viene con accesorios m\u00e9dicos como un estetoscopio, term\u00f3metro y m\u00e1s. \ud83c\udfe5\ud83d\udc89 \u00a1Kit de primeros auxilios, \ud83d\udc76 Incluye una mu\u00f1eca peque\u00f1a y un perro para tratar y cuidar. \ud83d\udc36\ud83d\udc76\ud83d\udc89 \u00a1Kit de primeros auxilios completo para salvar el d\u00eda! \ud83d\udc8a\ud83d\ude91\" \/>\n<meta property=\"og:url\" content=\"https:\/\/megamercancias.com.co\/juguetes\/producto\/muneca-doctora\/\" \/>\n<meta property=\"article:publisher\" content=\"https:\/\/www.facebook.com\/Megamercancias.com.co\/\" \/>\n<meta property=\"article:modified_time\" content=\"2023-11-08T01:37:05+00:00\" \/>\n<meta property=\"og:image\" content=\"https:\/\/megamercancias.com.co\/juguetes\/wp-content\/uploads\/2023\/11\/Doctora5.webp\" \/>\n\t<meta property=\"og:image:width\" content=\"541\" \/>\n\t<meta property=\"og:image:height\" content=\"800\" \/>\n\t<meta property=\"og:image:type\" content=\"image\/webp\" \/>\n<meta name=\"twitter:card\" content=\"summary_large_image\" \/>\n<meta name=\"twitter:label1\" content=\"Tiempo de lectura\" \/>\n\t<meta name=\"twitter:data1\" content=\"1 minuto\" \/>\n<script type=\"application\/ld+json\" class=\"yoast-schema-graph\">{\"@context\":\"https:\\\/\\\/schema.org\",\"@graph\":[{\"@type\":\"WebPage\",\"@id\":\"https:\\\/\\\/megamercancias.com.co\\\/juguetes\\\/producto\\\/muneca-doctora\\\/\",\"url\":\"https:\\\/\\\/megamercancias.com.co\\\/juguetes\\\/producto\\\/muneca-doctora\\\/\",\"name\":\"La Mu\u00f1eca Doctora que canta y brilla cuando tocas su coraz\u00f3n\ud83d\udc96\",\"isPartOf\":{\"@id\":\"https:\\\/\\\/megamercancias.com.co\\\/juguetes\\\/#website\"},\"primaryImageOfPage\":{\"@id\":\"https:\\\/\\\/megamercancias.com.co\\\/juguetes\\\/producto\\\/muneca-doctora\\\/#primaryimage\"},\"image\":{\"@id\":\"https:\\\/\\\/megamercancias.com.co\\\/juguetes\\\/producto\\\/muneca-doctora\\\/#primaryimage\"},\"thumbnailUrl\":\"https:\\\/\\\/megamercancias.com.co\\\/juguetes\\\/wp-content\\\/uploads\\\/2023\\\/11\\\/Doctora5.webp\",\"datePublished\":\"2023-11-06T21:24:58+00:00\",\"dateModified\":\"2023-11-08T01:37:05+00:00\",\"description\":\"\ud83d\udc96\ud83c\udfa4\ud83e\ude7a Viene con accesorios m\u00e9dicos como un estetoscopio, term\u00f3metro y m\u00e1s. \ud83c\udfe5\ud83d\udc89 \u00a1Kit de primeros auxilios, \ud83d\udc76 Incluye una mu\u00f1eca peque\u00f1a y un perro para tratar y cuidar. \ud83d\udc36\ud83d\udc76\ud83d\udc89 \u00a1Kit de primeros auxilios completo para salvar el d\u00eda! \ud83d\udc8a\ud83d\ude91\",\"breadcrumb\":{\"@id\":\"https:\\\/\\\/megamercancias.com.co\\\/juguetes\\\/producto\\\/muneca-doctora\\\/#breadcrumb\"},\"inLanguage\":\"es\",\"potentialAction\":[{\"@type\":\"ReadAction\",\"target\":[\"https:\\\/\\\/megamercancias.com.co\\\/juguetes\\\/producto\\\/muneca-doctora\\\/\"]}]},{\"@type\":\"ImageObject\",\"inLanguage\":\"es\",\"@id\":\"https:\\\/\\\/megamercancias.com.co\\\/juguetes\\\/producto\\\/muneca-doctora\\\/#primaryimage\",\"url\":\"https:\\\/\\\/megamercancias.com.co\\\/juguetes\\\/wp-content\\\/uploads\\\/2023\\\/11\\\/Doctora5.webp\",\"contentUrl\":\"https:\\\/\\\/megamercancias.com.co\\\/juguetes\\\/wp-content\\\/uploads\\\/2023\\\/11\\\/Doctora5.webp\",\"width\":541,\"height\":800},{\"@type\":\"BreadcrumbList\",\"@id\":\"https:\\\/\\\/megamercancias.com.co\\\/juguetes\\\/producto\\\/muneca-doctora\\\/#breadcrumb\",\"itemListElement\":[{\"@type\":\"ListItem\",\"position\":1,\"name\":\"Portada\",\"item\":\"https:\\\/\\\/megamercancias.com.co\\\/juguetes\\\/\"},{\"@type\":\"ListItem\",\"position\":2,\"name\":\"Tienda\",\"item\":\"https:\\\/\\\/megamercancias.com.co\\\/juguetes\\\/shop\\\/\"},{\"@type\":\"ListItem\",\"position\":3,\"name\":\"Mu\u00f1eca Doctora con Accesorios\"}]},{\"@type\":\"WebSite\",\"@id\":\"https:\\\/\\\/megamercancias.com.co\\\/juguetes\\\/#website\",\"url\":\"https:\\\/\\\/megamercancias.com.co\\\/juguetes\\\/\",\"name\":\"Juguetes Felices\",\"description\":\"Jugueter\u00eda\",\"publisher\":{\"@id\":\"https:\\\/\\\/megamercancias.com.co\\\/juguetes\\\/#organization\"},\"potentialAction\":[{\"@type\":\"SearchAction\",\"target\":{\"@type\":\"EntryPoint\",\"urlTemplate\":\"https:\\\/\\\/megamercancias.com.co\\\/juguetes\\\/?s={search_term_string}\"},\"query-input\":{\"@type\":\"PropertyValueSpecification\",\"valueRequired\":true,\"valueName\":\"search_term_string\"}}],\"inLanguage\":\"es\"},{\"@type\":\"Organization\",\"@id\":\"https:\\\/\\\/megamercancias.com.co\\\/juguetes\\\/#organization\",\"name\":\"Megamercancias\",\"url\":\"https:\\\/\\\/megamercancias.com.co\\\/juguetes\\\/\",\"logo\":{\"@type\":\"ImageObject\",\"inLanguage\":\"es\",\"@id\":\"https:\\\/\\\/megamercancias.com.co\\\/juguetes\\\/#\\\/schema\\\/logo\\\/image\\\/\",\"url\":\"https:\\\/\\\/megamercancias.com.co\\\/juguetes\\\/wp-content\\\/uploads\\\/2023\\\/10\\\/Logo-Final.webp\",\"contentUrl\":\"https:\\\/\\\/megamercancias.com.co\\\/juguetes\\\/wp-content\\\/uploads\\\/2023\\\/10\\\/Logo-Final.webp\",\"width\":510,\"height\":250,\"caption\":\"Megamercancias\"},\"image\":{\"@id\":\"https:\\\/\\\/megamercancias.com.co\\\/juguetes\\\/#\\\/schema\\\/logo\\\/image\\\/\"},\"sameAs\":[\"https:\\\/\\\/www.facebook.com\\\/Megamercancias.com.co\\\/\",\"https:\\\/\\\/www.instagram.com\\\/naidu_megamercancias\\\/\"]}]}<\/script>\n<!-- \/ Yoast SEO plugin. -->","yoast_head_json":{"title":"La Mu\u00f1eca Doctora que canta y brilla cuando tocas su coraz\u00f3n\ud83d\udc96","description":"\ud83d\udc96\ud83c\udfa4\ud83e\ude7a Viene con accesorios m\u00e9dicos como un estetoscopio, term\u00f3metro y m\u00e1s. \ud83c\udfe5\ud83d\udc89 \u00a1Kit de primeros auxilios, \ud83d\udc76 Incluye una mu\u00f1eca peque\u00f1a y un perro para tratar y cuidar. \ud83d\udc36\ud83d\udc76\ud83d\udc89 \u00a1Kit de primeros auxilios completo para salvar el d\u00eda! \ud83d\udc8a\ud83d\ude91","robots":{"index":"index","follow":"follow","max-snippet":"max-snippet:-1","max-image-preview":"max-image-preview:large","max-video-preview":"max-video-preview:-1"},"canonical":"https:\/\/megamercancias.com.co\/juguetes\/producto\/muneca-doctora\/","og_locale":"es_ES","og_type":"article","og_title":"La Mu\u00f1eca Doctora que canta y brilla cuando tocas su coraz\u00f3n\ud83d\udc96","og_description":"\ud83d\udc96\ud83c\udfa4\ud83e\ude7a Viene con accesorios m\u00e9dicos como un estetoscopio, term\u00f3metro y m\u00e1s. \ud83c\udfe5\ud83d\udc89 \u00a1Kit de primeros auxilios, \ud83d\udc76 Incluye una mu\u00f1eca peque\u00f1a y un perro para tratar y cuidar. \ud83d\udc36\ud83d\udc76\ud83d\udc89 \u00a1Kit de primeros auxilios completo para salvar el d\u00eda! \ud83d\udc8a\ud83d\ude91","og_url":"https:\/\/megamercancias.com.co\/juguetes\/producto\/muneca-doctora\/","article_publisher":"https:\/\/www.facebook.com\/Megamercancias.com.co\/","article_modified_time":"2023-11-08T01:37:05+00:00","og_image":[{"width":541,"height":800,"url":"https:\/\/megamercancias.com.co\/juguetes\/wp-content\/uploads\/2023\/11\/Doctora5.webp","type":"image\/webp"}],"twitter_card":"summary_large_image","twitter_misc":{"Tiempo de lectura":"1 minuto"},"schema":{"@context":"https:\/\/schema.org","@graph":[{"@type":"WebPage","@id":"https:\/\/megamercancias.com.co\/juguetes\/producto\/muneca-doctora\/","url":"https:\/\/megamercancias.com.co\/juguetes\/producto\/muneca-doctora\/","name":"La Mu\u00f1eca Doctora que canta y brilla cuando tocas su coraz\u00f3n\ud83d\udc96","isPartOf":{"@id":"https:\/\/megamercancias.com.co\/juguetes\/#website"},"primaryImageOfPage":{"@id":"https:\/\/megamercancias.com.co\/juguetes\/producto\/muneca-doctora\/#primaryimage"},"image":{"@id":"https:\/\/megamercancias.com.co\/juguetes\/producto\/muneca-doctora\/#primaryimage"},"thumbnailUrl":"https:\/\/megamercancias.com.co\/juguetes\/wp-content\/uploads\/2023\/11\/Doctora5.webp","datePublished":"2023-11-06T21:24:58+00:00","dateModified":"2023-11-08T01:37:05+00:00","description":"\ud83d\udc96\ud83c\udfa4\ud83e\ude7a Viene con accesorios m\u00e9dicos como un estetoscopio, term\u00f3metro y m\u00e1s. \ud83c\udfe5\ud83d\udc89 \u00a1Kit de primeros auxilios, \ud83d\udc76 Incluye una mu\u00f1eca peque\u00f1a y un perro para tratar y cuidar. \ud83d\udc36\ud83d\udc76\ud83d\udc89 \u00a1Kit de primeros auxilios completo para salvar el d\u00eda! \ud83d\udc8a\ud83d\ude91","breadcrumb":{"@id":"https:\/\/megamercancias.com.co\/juguetes\/producto\/muneca-doctora\/#breadcrumb"},"inLanguage":"es","potentialAction":[{"@type":"ReadAction","target":["https:\/\/megamercancias.com.co\/juguetes\/producto\/muneca-doctora\/"]}]},{"@type":"ImageObject","inLanguage":"es","@id":"https:\/\/megamercancias.com.co\/juguetes\/producto\/muneca-doctora\/#primaryimage","url":"https:\/\/megamercancias.com.co\/juguetes\/wp-content\/uploads\/2023\/11\/Doctora5.webp","contentUrl":"https:\/\/megamercancias.com.co\/juguetes\/wp-content\/uploads\/2023\/11\/Doctora5.webp","width":541,"height":800},{"@type":"BreadcrumbList","@id":"https:\/\/megamercancias.com.co\/juguetes\/producto\/muneca-doctora\/#breadcrumb","itemListElement":[{"@type":"ListItem","position":1,"name":"Portada","item":"https:\/\/megamercancias.com.co\/juguetes\/"},{"@type":"ListItem","position":2,"name":"Tienda","item":"https:\/\/megamercancias.com.co\/juguetes\/shop\/"},{"@type":"ListItem","position":3,"name":"Mu\u00f1eca Doctora con Accesorios"}]},{"@type":"WebSite","@id":"https:\/\/megamercancias.com.co\/juguetes\/#website","url":"https:\/\/megamercancias.com.co\/juguetes\/","name":"Juguetes Felices","description":"Jugueter\u00eda","publisher":{"@id":"https:\/\/megamercancias.com.co\/juguetes\/#organization"},"potentialAction":[{"@type":"SearchAction","target":{"@type":"EntryPoint","urlTemplate":"https:\/\/megamercancias.com.co\/juguetes\/?s={search_term_string}"},"query-input":{"@type":"PropertyValueSpecification","valueRequired":true,"valueName":"search_term_string"}}],"inLanguage":"es"},{"@type":"Organization","@id":"https:\/\/megamercancias.com.co\/juguetes\/#organization","name":"Megamercancias","url":"https:\/\/megamercancias.com.co\/juguetes\/","logo":{"@type":"ImageObject","inLanguage":"es","@id":"https:\/\/megamercancias.com.co\/juguetes\/#\/schema\/logo\/image\/","url":"https:\/\/megamercancias.com.co\/juguetes\/wp-content\/uploads\/2023\/10\/Logo-Final.webp","contentUrl":"https:\/\/megamercancias.com.co\/juguetes\/wp-content\/uploads\/2023\/10\/Logo-Final.webp","width":510,"height":250,"caption":"Megamercancias"},"image":{"@id":"https:\/\/megamercancias.com.co\/juguetes\/#\/schema\/logo\/image\/"},"sameAs":["https:\/\/www.facebook.com\/Megamercancias.com.co\/","https:\/\/www.instagram.com\/naidu_megamercancias\/"]}]}},"uagb_featured_image_src":{"full":["https:\/\/megamercancias.com.co\/juguetes\/wp-content\/uploads\/2023\/11\/Doctora5.webp",541,800,false],"thumbnail":["https:\/\/megamercancias.com.co\/juguetes\/wp-content\/uploads\/2023\/11\/Doctora5-150x150.webp",150,150,true],"medium":["https:\/\/megamercancias.com.co\/juguetes\/wp-content\/uploads\/2023\/11\/Doctora5-203x300.webp",203,300,true],"medium_large":["https:\/\/megamercancias.com.co\/juguetes\/wp-content\/uploads\/2023\/11\/Doctora5.webp",541,800,false],"large":["https:\/\/megamercancias.com.co\/juguetes\/wp-content\/uploads\/2023\/11\/Doctora5.webp",541,800,false],"1536x1536":["https:\/\/megamercancias.com.co\/juguetes\/wp-content\/uploads\/2023\/11\/Doctora5.webp",541,800,false],"2048x2048":["https:\/\/megamercancias.com.co\/juguetes\/wp-content\/uploads\/2023\/11\/Doctora5.webp",541,800,false],"widget-thumbnail":["https:\/\/megamercancias.com.co\/juguetes\/wp-content\/uploads\/2023\/11\/Doctora5.webp",51,75,false],"woocommerce_thumbnail":["https:\/\/megamercancias.com.co\/juguetes\/wp-content\/uploads\/2023\/11\/Doctora5-300x300.webp",300,300,true],"woocommerce_single":["https:\/\/megamercancias.com.co\/juguetes\/wp-content\/uploads\/2023\/11\/Doctora5.webp",541,800,false],"woocommerce_gallery_thumbnail":["https:\/\/megamercancias.com.co\/juguetes\/wp-content\/uploads\/2023\/11\/Doctora5-100x100.webp",100,100,true],"dgwt-wcas-product-suggestion":["https:\/\/megamercancias.com.co\/juguetes\/wp-content\/uploads\/2023\/11\/Doctora5-64x95.webp",64,95,true]},"uagb_author_info":{"display_name":"Megamercanc\u00edas","author_link":"https:\/\/megamercancias.com.co\/juguetes\/author\/"},"uagb_comment_info":0,"uagb_excerpt":"\ud83d\udc69\u200d\u2695\ufe0f \u00a1La Mu\u00f1eca Doctora que canta y brilla cuando tocas su coraz\u00f3n! \ud83d\udc96\ud83c\udfa4 \ud83e\ude7a Viene con accesorios m\u00e9dicos como un estetoscopio, term\u00f3metro y m\u00e1s. \ud83c\udfe5\ud83e\ude79 \ud83d\udc76 Incluye una mu\u00f1eca peque\u00f1a y un perro para tratar y cuidar. \ud83d\udc36\ud83d\udc76 \ud83d\udc89 \u00a1Kit de primeros auxilios completo para salvar el d\u00eda! \ud83d\udc8a\ud83d\ude91 \ud83d\udcb0 Pago contra entrega disponible y&hellip;","_links":{"self":[{"href":"https:\/\/megamercancias.com.co\/juguetes\/wp-json\/wp\/v2\/product\/1520","targetHints":{"allow":["GET"]}}],"collection":[{"href":"https:\/\/megamercancias.com.co\/juguetes\/wp-json\/wp\/v2\/product"}],"about":[{"href":"https:\/\/megamercancias.com.co\/juguetes\/wp-json\/wp\/v2\/types\/product"}],"wp:featuredmedia":[{"embeddable":true,"href":"https:\/\/megamercancias.com.co\/juguetes\/wp-json\/wp\/v2\/media\/1525"}],"wp:attachment":[{"href":"https:\/\/megamercancias.com.co\/juguetes\/wp-json\/wp\/v2\/media?parent=1520"}],"wp:term":[{"taxonomy":"product_brand","embeddable":true,"href":"https:\/\/megamercancias.com.co\/juguetes\/wp-json\/wp\/v2\/product_brand?post=1520"},{"taxonomy":"product_cat","embeddable":true,"href":"https:\/\/megamercancias.com.co\/juguetes\/wp-json\/wp\/v2\/product_cat?post=1520"},{"taxonomy":"product_tag","embeddable":true,"href":"https:\/\/megamercancias.com.co\/juguetes\/wp-json\/wp\/v2\/product_tag?post=1520"}],"curies":[{"name":"wp","href":"https:\/\/api.w.org\/{rel}","templated":true}]}}