{"id":1155,"date":"2023-10-22T01:05:10","date_gmt":"2023-10-22T06:05:10","guid":{"rendered":"https:\/\/megamercancias.com.co\/juguetes\/?post_type=product&#038;p=1155"},"modified":"2023-11-19T08:39:05","modified_gmt":"2023-11-19T13:39:05","slug":"organeta-musical","status":"publish","type":"product","link":"https:\/\/megamercancias.com.co\/juguetes\/producto\/organeta-musical\/","title":{"rendered":"Piano Organeta Musical con tel\u00e9fono"},"content":{"rendered":"<p>\u2611\ufe0fHermoso y divertido Piano con notas musicales y efectos especiales para que tu bebe se adentre en el mundo musical a trav\u00e9s de los sonidos, los colores y las formas, adem\u00e1s de poseer un tel\u00e9fono y unas teclas num\u00e9ricas.<br \/>\n\u2611\ufe0fEl piano este fabricado con pl\u00e1stico duradero no t\u00f3xico, no BPA y sin plomo. No da\u00f1a a sus hijos, dise\u00f1ado con bordes lisos, que es seguro para que el beb\u00e9 juegue.<\/p>\n<p>\u2611\ufe0f\u00d3rgano electr\u00f3nico multifunci\u00f3n educativo para ni\u00f1os, educaci\u00f3n temprana en el semestre, tel\u00e9fono anal\u00f3gico, piano colorido, iluminaci\u00f3n suave, regalos para ni\u00f1os de 2, 3, 4, 5, 6 a\u00f1os<\/p>\n<p>\u2611\ufe0fEsto permitir\u00eda que tu bebe desarrolle la coordinaci\u00f3n de las manos y los ojos, la cognici\u00f3n y la capacidad de reconocimiento de sonidos de forma activa audici\u00f3n.<\/p>\n<p>** _Para defectos de f\u00e1brica o retractos: \\_Por favor revise el producto apenas lo reciba y antes de usarlo. No aplican ley de retracto o defectos de f\u00e1brica luego de usar el producto. Se manejan m\u00e1ximo 5 d\u00edas para reportar defectos de f\u00e1brica (por ejemplo, producto funciona mal, piezas faltantes, rotas, etc). Para hacer efectiva la devoluci\u00f3n el producto debe devolverse con el empaque original, el cual debe estar en buen estado, incluir todos los documentos y las partes completas y sin da\u00f1os.<\/p>\n","protected":false},"excerpt":{"rendered":"<p>1. \ud83e\udd73Divertidos juguetes de educaci\u00f3n temprana, los juguetes musicales fijos tienen luces y una variedad de diferentes funciones musicales\ud83c\udfb9.<\/p>\n<p>Haz clic en el bot\u00f3n de juguete musical, este juguete para beb\u00e9 puede emitir diferentes sonidos musicales y ense\u00f1a los n\u00fameros y variedad de palabras en Ingles.\ud83c\udfbc<\/p>\n<p>2. \u270d\ufe0fDesarrolla juguetes de aprendizaje: puedes utilizar este juguete musical para interactuar con los ni\u00f1os en la educaci\u00f3n y cultivar su imaginaci\u00f3n y habilidades de comunicaci\u00f3n.\ud83d\udde3\ufe0f<\/p>\n<p>3. Este juguete para tel\u00e9fono \ud83d\udcde trae palabras en ingles, lo que te permite a ti y a tu beb\u00e9 divertirse. Tambi\u00e9n hay un teclado de piano, tu hijo puede fingir ser un peque\u00f1o m\u00fasico tocando m\u00fasica.<\/p>\n<p>4. \ud83c\udf81El regalo ideal para beb\u00e9s y ni\u00f1os peque\u00f1os, este teclado para beb\u00e9 brillar\u00e1 y cantar\u00e1\ud83c\udfa4. El teclado musical proporciona horas de diversi\u00f3n y emoci\u00f3n para tu hijo. Recomendado para ni\u00f1os mayores de 2 a\u00f1os, flash LED, tonos de llamada n\u00edtidos, m\u00fasica y lleno de sorpresas para beb\u00e9s.\ud83d\udc76<\/p>\n<p>\ud83d\udce6Env\u00edos a nivel nacional<\/p>\n","protected":false},"featured_media":1345,"template":"","meta":{"_uag_custom_page_level_css":"","site-sidebar-layout":"default","site-content-layout":"","ast-site-content-layout":"default","site-content-style":"default","site-sidebar-style":"default","ast-global-header-display":"","ast-banner-title-visibility":"","ast-main-header-display":"","ast-hfb-above-header-display":"","ast-hfb-below-header-display":"","ast-hfb-mobile-header-display":"","site-post-title":"","ast-breadcrumbs-content":"","ast-featured-img":"","footer-sml-layout":"","theme-transparent-header-meta":"default","adv-header-id-meta":"","stick-header-meta":"default","header-above-stick-meta":"","header-main-stick-meta":"","header-below-stick-meta":"","astra-migrate-meta-layouts":"set","ast-page-background-enabled":"default","ast-page-background-meta":{"desktop":{"background-color":"var(--ast-global-color-4)","background-image":"","background-repeat":"repeat","background-position":"center center","background-size":"auto","background-attachment":"scroll","background-type":"","background-media":"","overlay-type":"","overlay-color":"","overlay-opacity":"","overlay-gradient":""},"tablet":{"background-color":"","background-image":"","background-repeat":"repeat","background-position":"center center","background-size":"auto","background-attachment":"scroll","background-type":"","background-media":"","overlay-type":"","overlay-color":"","overlay-opacity":"","overlay-gradient":""},"mobile":{"background-color":"","background-image":"","background-repeat":"repeat","background-position":"center center","background-size":"auto","background-attachment":"scroll","background-type":"","background-media":"","overlay-type":"","overlay-color":"","overlay-opacity":"","overlay-gradient":""}},"ast-content-background-meta":{"desktop":{"background-color":"var(--ast-global-color-5)","background-image":"","background-repeat":"repeat","background-position":"center center","background-size":"auto","background-attachment":"scroll","background-type":"","background-media":"","overlay-type":"","overlay-color":"","overlay-opacity":"","overlay-gradient":""},"tablet":{"background-color":"var(--ast-global-color-5)","background-image":"","background-repeat":"repeat","background-position":"center center","background-size":"auto","background-attachment":"scroll","background-type":"","background-media":"","overlay-type":"","overlay-color":"","overlay-opacity":"","overlay-gradient":""},"mobile":{"background-color":"var(--ast-global-color-5)","background-image":"","background-repeat":"repeat","background-position":"center center","background-size":"auto","background-attachment":"scroll","background-type":"","background-media":"","overlay-type":"","overlay-color":"","overlay-opacity":"","overlay-gradient":""}},"_joinchat":[]},"product_brand":[],"product_cat":[39,40,62,21,61,60],"product_tag":[33,32,34],"class_list":{"0":"post-1155","1":"product","2":"type-product","3":"status-publish","4":"has-post-thumbnail","6":"product_cat-juguetes-para-ninos-de-0-a-2-anos","7":"product_cat-ninos-con-3-5-anos","8":"product_cat-bebes","9":"product_cat-juguetes-de-bateria","10":"product_cat-juguetes-de-ninas","11":"product_cat-juguetes-de-ninos","12":"product_tag-musical","13":"product_tag-organeta","14":"product_tag-piano","15":"desktop-align-left","16":"tablet-align-left","17":"mobile-align-center","18":"ast-product-gallery-layout-horizontal-slider","19":"ast-product-tabs-layout-horizontal","21":"first","22":"instock","23":"sale","24":"taxable","25":"shipping-taxable","26":"purchasable","27":"product-type-simple"},"yoast_head":"<!-- This site is optimized with the Yoast SEO plugin v27.3 - https:\/\/yoast.com\/product\/yoast-seo-wordpress\/ -->\n<title>Piano Organeta Musical con tel\u00e9fono -<\/title>\n<meta name=\"description\" content=\"\ud83c\udf81El regalo ideal de ni\u00f1os y ni\u00f1as. El teclado musical proporciona horas de diversi\u00f3n \ud83e\udd73 para tu hijo, lleno de sorpresas\ud83d\udc76Ense\u00f1a palabras en Ingles \ud83c\udfb9\" \/>\n<meta name=\"robots\" content=\"index, follow, max-snippet:-1, max-image-preview:large, max-video-preview:-1\" \/>\n<link rel=\"canonical\" href=\"https:\/\/megamercancias.com.co\/juguetes\/producto\/organeta-musical\/\" \/>\n<meta property=\"og:locale\" content=\"es_ES\" \/>\n<meta property=\"og:type\" content=\"article\" \/>\n<meta property=\"og:title\" content=\"Piano Organeta Musical con tel\u00e9fono -\" \/>\n<meta property=\"og:description\" content=\"\ud83c\udf81El regalo ideal de ni\u00f1os y ni\u00f1as. El teclado musical proporciona horas de diversi\u00f3n \ud83e\udd73 para tu hijo, lleno de sorpresas\ud83d\udc76Ense\u00f1a palabras en Ingles \ud83c\udfb9\" \/>\n<meta property=\"og:url\" content=\"https:\/\/megamercancias.com.co\/juguetes\/producto\/organeta-musical\/\" \/>\n<meta property=\"article:publisher\" content=\"https:\/\/www.facebook.com\/Megamercancias.com.co\/\" \/>\n<meta property=\"article:modified_time\" content=\"2023-11-19T13:39:05+00:00\" \/>\n<meta property=\"og:image\" content=\"https:\/\/megamercancias.com.co\/juguetes\/wp-content\/uploads\/2023\/10\/piano-telefono11.jpg\" \/>\n\t<meta property=\"og:image:width\" content=\"679\" \/>\n\t<meta property=\"og:image:height\" content=\"679\" \/>\n\t<meta property=\"og:image:type\" content=\"image\/jpeg\" \/>\n<meta name=\"twitter:card\" content=\"summary_large_image\" \/>\n<meta name=\"twitter:label1\" content=\"Tiempo de lectura\" \/>\n\t<meta name=\"twitter:data1\" content=\"1 minuto\" \/>\n<script type=\"application\/ld+json\" class=\"yoast-schema-graph\">{\"@context\":\"https:\\\/\\\/schema.org\",\"@graph\":[{\"@type\":\"WebPage\",\"@id\":\"https:\\\/\\\/megamercancias.com.co\\\/juguetes\\\/producto\\\/organeta-musical\\\/\",\"url\":\"https:\\\/\\\/megamercancias.com.co\\\/juguetes\\\/producto\\\/organeta-musical\\\/\",\"name\":\"Piano Organeta Musical con tel\u00e9fono -\",\"isPartOf\":{\"@id\":\"https:\\\/\\\/megamercancias.com.co\\\/juguetes\\\/#website\"},\"primaryImageOfPage\":{\"@id\":\"https:\\\/\\\/megamercancias.com.co\\\/juguetes\\\/producto\\\/organeta-musical\\\/#primaryimage\"},\"image\":{\"@id\":\"https:\\\/\\\/megamercancias.com.co\\\/juguetes\\\/producto\\\/organeta-musical\\\/#primaryimage\"},\"thumbnailUrl\":\"https:\\\/\\\/megamercancias.com.co\\\/juguetes\\\/wp-content\\\/uploads\\\/2023\\\/10\\\/piano-telefono11.jpg\",\"datePublished\":\"2023-10-22T06:05:10+00:00\",\"dateModified\":\"2023-11-19T13:39:05+00:00\",\"description\":\"\ud83c\udf81El regalo ideal de ni\u00f1os y ni\u00f1as. El teclado musical proporciona horas de diversi\u00f3n \ud83e\udd73 para tu hijo, lleno de sorpresas\ud83d\udc76Ense\u00f1a palabras en Ingles \ud83c\udfb9\",\"breadcrumb\":{\"@id\":\"https:\\\/\\\/megamercancias.com.co\\\/juguetes\\\/producto\\\/organeta-musical\\\/#breadcrumb\"},\"inLanguage\":\"es\",\"potentialAction\":[{\"@type\":\"ReadAction\",\"target\":[\"https:\\\/\\\/megamercancias.com.co\\\/juguetes\\\/producto\\\/organeta-musical\\\/\"]}]},{\"@type\":\"ImageObject\",\"inLanguage\":\"es\",\"@id\":\"https:\\\/\\\/megamercancias.com.co\\\/juguetes\\\/producto\\\/organeta-musical\\\/#primaryimage\",\"url\":\"https:\\\/\\\/megamercancias.com.co\\\/juguetes\\\/wp-content\\\/uploads\\\/2023\\\/10\\\/piano-telefono11.jpg\",\"contentUrl\":\"https:\\\/\\\/megamercancias.com.co\\\/juguetes\\\/wp-content\\\/uploads\\\/2023\\\/10\\\/piano-telefono11.jpg\",\"width\":679,\"height\":679},{\"@type\":\"BreadcrumbList\",\"@id\":\"https:\\\/\\\/megamercancias.com.co\\\/juguetes\\\/producto\\\/organeta-musical\\\/#breadcrumb\",\"itemListElement\":[{\"@type\":\"ListItem\",\"position\":1,\"name\":\"Portada\",\"item\":\"https:\\\/\\\/megamercancias.com.co\\\/juguetes\\\/\"},{\"@type\":\"ListItem\",\"position\":2,\"name\":\"Tienda\",\"item\":\"https:\\\/\\\/megamercancias.com.co\\\/juguetes\\\/shop\\\/\"},{\"@type\":\"ListItem\",\"position\":3,\"name\":\"Piano Organeta Musical con tel\u00e9fono\"}]},{\"@type\":\"WebSite\",\"@id\":\"https:\\\/\\\/megamercancias.com.co\\\/juguetes\\\/#website\",\"url\":\"https:\\\/\\\/megamercancias.com.co\\\/juguetes\\\/\",\"name\":\"Juguetes Felices\",\"description\":\"Jugueter\u00eda\",\"publisher\":{\"@id\":\"https:\\\/\\\/megamercancias.com.co\\\/juguetes\\\/#organization\"},\"potentialAction\":[{\"@type\":\"SearchAction\",\"target\":{\"@type\":\"EntryPoint\",\"urlTemplate\":\"https:\\\/\\\/megamercancias.com.co\\\/juguetes\\\/?s={search_term_string}\"},\"query-input\":{\"@type\":\"PropertyValueSpecification\",\"valueRequired\":true,\"valueName\":\"search_term_string\"}}],\"inLanguage\":\"es\"},{\"@type\":\"Organization\",\"@id\":\"https:\\\/\\\/megamercancias.com.co\\\/juguetes\\\/#organization\",\"name\":\"Megamercancias\",\"url\":\"https:\\\/\\\/megamercancias.com.co\\\/juguetes\\\/\",\"logo\":{\"@type\":\"ImageObject\",\"inLanguage\":\"es\",\"@id\":\"https:\\\/\\\/megamercancias.com.co\\\/juguetes\\\/#\\\/schema\\\/logo\\\/image\\\/\",\"url\":\"https:\\\/\\\/megamercancias.com.co\\\/juguetes\\\/wp-content\\\/uploads\\\/2023\\\/10\\\/Logo-Final.webp\",\"contentUrl\":\"https:\\\/\\\/megamercancias.com.co\\\/juguetes\\\/wp-content\\\/uploads\\\/2023\\\/10\\\/Logo-Final.webp\",\"width\":510,\"height\":250,\"caption\":\"Megamercancias\"},\"image\":{\"@id\":\"https:\\\/\\\/megamercancias.com.co\\\/juguetes\\\/#\\\/schema\\\/logo\\\/image\\\/\"},\"sameAs\":[\"https:\\\/\\\/www.facebook.com\\\/Megamercancias.com.co\\\/\",\"https:\\\/\\\/www.instagram.com\\\/naidu_megamercancias\\\/\"]}]}<\/script>\n<!-- \/ Yoast SEO plugin. -->","yoast_head_json":{"title":"Piano Organeta Musical con tel\u00e9fono -","description":"\ud83c\udf81El regalo ideal de ni\u00f1os y ni\u00f1as. El teclado musical proporciona horas de diversi\u00f3n \ud83e\udd73 para tu hijo, lleno de sorpresas\ud83d\udc76Ense\u00f1a palabras en Ingles \ud83c\udfb9","robots":{"index":"index","follow":"follow","max-snippet":"max-snippet:-1","max-image-preview":"max-image-preview:large","max-video-preview":"max-video-preview:-1"},"canonical":"https:\/\/megamercancias.com.co\/juguetes\/producto\/organeta-musical\/","og_locale":"es_ES","og_type":"article","og_title":"Piano Organeta Musical con tel\u00e9fono -","og_description":"\ud83c\udf81El regalo ideal de ni\u00f1os y ni\u00f1as. El teclado musical proporciona horas de diversi\u00f3n \ud83e\udd73 para tu hijo, lleno de sorpresas\ud83d\udc76Ense\u00f1a palabras en Ingles \ud83c\udfb9","og_url":"https:\/\/megamercancias.com.co\/juguetes\/producto\/organeta-musical\/","article_publisher":"https:\/\/www.facebook.com\/Megamercancias.com.co\/","article_modified_time":"2023-11-19T13:39:05+00:00","og_image":[{"width":679,"height":679,"url":"https:\/\/megamercancias.com.co\/juguetes\/wp-content\/uploads\/2023\/10\/piano-telefono11.jpg","type":"image\/jpeg"}],"twitter_card":"summary_large_image","twitter_misc":{"Tiempo de lectura":"1 minuto"},"schema":{"@context":"https:\/\/schema.org","@graph":[{"@type":"WebPage","@id":"https:\/\/megamercancias.com.co\/juguetes\/producto\/organeta-musical\/","url":"https:\/\/megamercancias.com.co\/juguetes\/producto\/organeta-musical\/","name":"Piano Organeta Musical con tel\u00e9fono -","isPartOf":{"@id":"https:\/\/megamercancias.com.co\/juguetes\/#website"},"primaryImageOfPage":{"@id":"https:\/\/megamercancias.com.co\/juguetes\/producto\/organeta-musical\/#primaryimage"},"image":{"@id":"https:\/\/megamercancias.com.co\/juguetes\/producto\/organeta-musical\/#primaryimage"},"thumbnailUrl":"https:\/\/megamercancias.com.co\/juguetes\/wp-content\/uploads\/2023\/10\/piano-telefono11.jpg","datePublished":"2023-10-22T06:05:10+00:00","dateModified":"2023-11-19T13:39:05+00:00","description":"\ud83c\udf81El regalo ideal de ni\u00f1os y ni\u00f1as. El teclado musical proporciona horas de diversi\u00f3n \ud83e\udd73 para tu hijo, lleno de sorpresas\ud83d\udc76Ense\u00f1a palabras en Ingles \ud83c\udfb9","breadcrumb":{"@id":"https:\/\/megamercancias.com.co\/juguetes\/producto\/organeta-musical\/#breadcrumb"},"inLanguage":"es","potentialAction":[{"@type":"ReadAction","target":["https:\/\/megamercancias.com.co\/juguetes\/producto\/organeta-musical\/"]}]},{"@type":"ImageObject","inLanguage":"es","@id":"https:\/\/megamercancias.com.co\/juguetes\/producto\/organeta-musical\/#primaryimage","url":"https:\/\/megamercancias.com.co\/juguetes\/wp-content\/uploads\/2023\/10\/piano-telefono11.jpg","contentUrl":"https:\/\/megamercancias.com.co\/juguetes\/wp-content\/uploads\/2023\/10\/piano-telefono11.jpg","width":679,"height":679},{"@type":"BreadcrumbList","@id":"https:\/\/megamercancias.com.co\/juguetes\/producto\/organeta-musical\/#breadcrumb","itemListElement":[{"@type":"ListItem","position":1,"name":"Portada","item":"https:\/\/megamercancias.com.co\/juguetes\/"},{"@type":"ListItem","position":2,"name":"Tienda","item":"https:\/\/megamercancias.com.co\/juguetes\/shop\/"},{"@type":"ListItem","position":3,"name":"Piano Organeta Musical con tel\u00e9fono"}]},{"@type":"WebSite","@id":"https:\/\/megamercancias.com.co\/juguetes\/#website","url":"https:\/\/megamercancias.com.co\/juguetes\/","name":"Juguetes Felices","description":"Jugueter\u00eda","publisher":{"@id":"https:\/\/megamercancias.com.co\/juguetes\/#organization"},"potentialAction":[{"@type":"SearchAction","target":{"@type":"EntryPoint","urlTemplate":"https:\/\/megamercancias.com.co\/juguetes\/?s={search_term_string}"},"query-input":{"@type":"PropertyValueSpecification","valueRequired":true,"valueName":"search_term_string"}}],"inLanguage":"es"},{"@type":"Organization","@id":"https:\/\/megamercancias.com.co\/juguetes\/#organization","name":"Megamercancias","url":"https:\/\/megamercancias.com.co\/juguetes\/","logo":{"@type":"ImageObject","inLanguage":"es","@id":"https:\/\/megamercancias.com.co\/juguetes\/#\/schema\/logo\/image\/","url":"https:\/\/megamercancias.com.co\/juguetes\/wp-content\/uploads\/2023\/10\/Logo-Final.webp","contentUrl":"https:\/\/megamercancias.com.co\/juguetes\/wp-content\/uploads\/2023\/10\/Logo-Final.webp","width":510,"height":250,"caption":"Megamercancias"},"image":{"@id":"https:\/\/megamercancias.com.co\/juguetes\/#\/schema\/logo\/image\/"},"sameAs":["https:\/\/www.facebook.com\/Megamercancias.com.co\/","https:\/\/www.instagram.com\/naidu_megamercancias\/"]}]}},"uagb_featured_image_src":{"full":["https:\/\/megamercancias.com.co\/juguetes\/wp-content\/uploads\/2023\/10\/piano-telefono11.jpg",679,679,false],"thumbnail":["https:\/\/megamercancias.com.co\/juguetes\/wp-content\/uploads\/2023\/10\/piano-telefono11-150x150.jpg",150,150,true],"medium":["https:\/\/megamercancias.com.co\/juguetes\/wp-content\/uploads\/2023\/10\/piano-telefono11-300x300.jpg",300,300,true],"medium_large":["https:\/\/megamercancias.com.co\/juguetes\/wp-content\/uploads\/2023\/10\/piano-telefono11.jpg",679,679,false],"large":["https:\/\/megamercancias.com.co\/juguetes\/wp-content\/uploads\/2023\/10\/piano-telefono11.jpg",679,679,false],"1536x1536":["https:\/\/megamercancias.com.co\/juguetes\/wp-content\/uploads\/2023\/10\/piano-telefono11.jpg",679,679,false],"2048x2048":["https:\/\/megamercancias.com.co\/juguetes\/wp-content\/uploads\/2023\/10\/piano-telefono11.jpg",679,679,false],"widget-thumbnail":["https:\/\/megamercancias.com.co\/juguetes\/wp-content\/uploads\/2023\/10\/piano-telefono11.jpg",75,75,false],"woocommerce_thumbnail":["https:\/\/megamercancias.com.co\/juguetes\/wp-content\/uploads\/2023\/10\/piano-telefono11-300x300.jpg",300,300,true],"woocommerce_single":["https:\/\/megamercancias.com.co\/juguetes\/wp-content\/uploads\/2023\/10\/piano-telefono11-600x600.jpg",600,600,true],"woocommerce_gallery_thumbnail":["https:\/\/megamercancias.com.co\/juguetes\/wp-content\/uploads\/2023\/10\/piano-telefono11-100x100.jpg",100,100,true],"dgwt-wcas-product-suggestion":["https:\/\/megamercancias.com.co\/juguetes\/wp-content\/uploads\/2023\/10\/piano-telefono11-64x64.jpg",64,64,true]},"uagb_author_info":{"display_name":"Megamercanc\u00edas","author_link":"https:\/\/megamercancias.com.co\/juguetes\/author\/"},"uagb_comment_info":0,"uagb_excerpt":"1. \ud83e\udd73Divertidos juguetes de educaci\u00f3n temprana, los juguetes musicales fijos tienen luces y una variedad de diferentes funciones musicales\ud83c\udfb9. Haz clic en el bot\u00f3n de juguete musical, este juguete para beb\u00e9 puede emitir diferentes sonidos musicales y ense\u00f1a los n\u00fameros y variedad de palabras en Ingles.\ud83c\udfbc 2. \u270d\ufe0fDesarrolla juguetes de aprendizaje: puedes utilizar este juguete&hellip;","_links":{"self":[{"href":"https:\/\/megamercancias.com.co\/juguetes\/wp-json\/wp\/v2\/product\/1155","targetHints":{"allow":["GET"]}}],"collection":[{"href":"https:\/\/megamercancias.com.co\/juguetes\/wp-json\/wp\/v2\/product"}],"about":[{"href":"https:\/\/megamercancias.com.co\/juguetes\/wp-json\/wp\/v2\/types\/product"}],"wp:featuredmedia":[{"embeddable":true,"href":"https:\/\/megamercancias.com.co\/juguetes\/wp-json\/wp\/v2\/media\/1345"}],"wp:attachment":[{"href":"https:\/\/megamercancias.com.co\/juguetes\/wp-json\/wp\/v2\/media?parent=1155"}],"wp:term":[{"taxonomy":"product_brand","embeddable":true,"href":"https:\/\/megamercancias.com.co\/juguetes\/wp-json\/wp\/v2\/product_brand?post=1155"},{"taxonomy":"product_cat","embeddable":true,"href":"https:\/\/megamercancias.com.co\/juguetes\/wp-json\/wp\/v2\/product_cat?post=1155"},{"taxonomy":"product_tag","embeddable":true,"href":"https:\/\/megamercancias.com.co\/juguetes\/wp-json\/wp\/v2\/product_tag?post=1155"}],"curies":[{"name":"wp","href":"https:\/\/api.w.org\/{rel}","templated":true}]}}